{"id":14215,"date":"2018-02-02T10:03:57","date_gmt":"2018-02-02T12:03:57","guid":{"rendered":"https:\/\/www.infraestruturameioambiente.sp.gov.br\/institutoflorestal\/?page_id=14215"},"modified":"2019-05-27T10:55:06","modified_gmt":"2019-05-27T13:55:06","slug":"eventos-de-2018","status":"publish","type":"page","link":"https:\/\/www.infraestruturameioambiente.sp.gov.br\/institutoflorestal\/inicio\/eventos-de-2018\/","title":{"rendered":"Eventos de 2018"},"content":{"rendered":"<ul>\n<li><strong>Janeiro<\/strong><br \/>\n<strong>&#8212; 04 a 07:<\/strong>\u00a0Curso de Educa\u00e7\u00e3o Ambiental e Patrimonial na \u00e1rea de influ\u00eancia da Esta\u00e7\u00e3o Ecol\u00f3gica de Angatuba, SP: Implica\u00e7\u00f5es para uma alfabetiza\u00e7\u00e3o paleontol\u00f3gica &#8211; Local: Esta\u00e7\u00e3o Ecol\u00f3gica de Angatuba<br \/>\n<strong>&#8212; 31:<\/strong> Ambiente M\u00f3vel &#8211; Local: Presidente Prudente<\/li>\n<\/ul>\n<div>&#8212;&#8212;&#8212;&#8212;&#8212;&#8212;&#8212;&#8212;&#8212;&#8212;&#8212;&#8212;&#8212;&#8212;&#8212;&#8212;&#8212;&#8212;&#8212;&#8212;&#8212;&#8212;&#8212;&#8212;&#8212;&#8212;&#8212;&#8212;&#8212;&#8212;&#8212;&#8212;&#8212;&#8212;&#8212;&#8212;&#8212;&#8212;&#8212;&#8212;&#8212;&#8212;&#8212;&#8212;&#8212;&#8212;&#8212;&#8212;&#8212;&#8212;&#8211;<\/div>\n<ul>\n<li><strong>Fevereiro<\/strong><br \/>\n<strong>&#8212; 08: <\/strong>Workshop Pol\u00edtica Estadual de Fauna Silvestre: contribui\u00e7\u00f5es e consensos &#8211; Local: Secretaria do Meio Ambiente, S\u00e3o Paulo\/SP<strong><br \/>\n&#8212; 10: <\/strong>UC Conhece &#8211; Horto Florestal &#8211; Comemorativo dos 122 anos &#8211; Caminhada\u00a0hist\u00f3rica pelos principais atrativos do Parque Estadual Alberto L\u00f6fgren &#8211; Local: S\u00e3o Paulo\/SP<br \/>\n<strong>&#8212; 24:<\/strong> Di\u00e1logos sobre ciclismo &#8211; Local: Esta\u00e7\u00e3o Experimental de Tupi, Piracicaba\/SP.<a href=\"https:\/\/docs.google.com\/forms\/d\/e\/1FAIpQLSe-hvLxelIWLMO8Gt5yED5z7A0zueXnoDa7egXjhwhstwoi7g\/viewform\"><br \/>\n<\/a><strong>&#8212; 27:<\/strong> Ambiente M\u00f3vel &#8211; Local: Ara\u00e7atuba &#8211; <a href=\"https:\/\/smastr16.blob.core.windows.net\/iflorestal\/2018\/02\/sctc_informa_02_2018.jpg\">ver convite<\/a><\/li>\n<\/ul>\n<div>&#8212;&#8212;&#8212;&#8212;&#8212;&#8212;&#8212;&#8212;&#8212;&#8212;&#8212;&#8212;&#8212;&#8212;&#8212;&#8212;&#8212;&#8212;&#8212;&#8212;&#8212;&#8212;&#8212;&#8212;&#8212;&#8212;&#8212;&#8212;&#8212;&#8212;&#8212;&#8212;&#8212;&#8212;&#8212;&#8212;&#8212;&#8212;&#8212;&#8212;&#8212;&#8212;&#8212;&#8212;&#8212;&#8212;&#8212;&#8212;&#8212;&#8212;&#8211;<\/div>\n<ul>\n<li><strong>Mar\u00e7o<br \/>\n<\/strong> <strong>&#8212; 6 a 8: <\/strong>Curso de capacita\u00e7\u00e3o em educa\u00e7\u00e3o ambiental para educadores &#8211; Local: Esta\u00e7\u00e3o Ecol\u00f3gica de Angatuba<strong><br \/>\n&#8212; 10:<\/strong> Inaugura\u00e7\u00e3o do Centro de Educa\u00e7\u00e3o Ambiental da Esta\u00e7\u00e3o Ecol\u00f3gica de Angatuba &#8211; <a href=\"https:\/\/smastr16.blob.core.windows.net\/iflorestal\/2018\/03\/sctc_informa_07_2018.jpg\">ver convite<\/a><br \/>\n<strong>&#8212; 22:<\/strong>\u00a0Bacia caipira &#8211; seguindo as \u00e1guas e trazendo hist\u00f3rias &#8211; Locais: Esta\u00e7\u00e3o Experimental de Tupi (Piracicaba\/SP) e S\u00edtio Nossa Senhora Aparecida (Santa B\u00e1rbara do Oeste\/SP) &#8211; <a href=\"https:\/\/smastr16.blob.core.windows.net\/iflorestal\/2018\/03\/sctc_informa_05_2018.jpg\">ver convite<\/a><br \/>\n<strong>&#8212; 24:<\/strong>\u00a0Ciclo de oficinas de planejamento e manejo de trilhas para ciclismo &#8211; Local:Esta\u00e7\u00e3o Experimental de Tupi, Piracicaba\/SP &#8211; <a href=\"https:\/\/smastr16.blob.core.windows.net\/iflorestal\/2018\/03\/sctc_informa_04_2018.jpg\">ver convite<\/a><br \/>\n<strong>&#8212; 28:<\/strong> Ambiente M\u00f3vel &#8211; Local: guaruj\u00e1 &#8211; <a href=\"https:\/\/smastr16.blob.core.windows.net\/iflorestal\/2018\/03\/sctc_informa_08_2018-e1521728857480.jpg\">ver convite<br \/>\n<\/a><strong>&#8212; 29:<\/strong>\u00a0\u00a0Palestra &#8220;Combate ao mosquito\u00a0<em>Aedes aegypti<\/em>&#8221; &#8211; Local: audit\u00f3rio da sede do Instituto Florestal, S\u00e3o Paulo\/SP.<\/li>\n<\/ul>\n<div>&#8212;&#8212;&#8212;&#8212;&#8212;&#8212;&#8212;&#8212;&#8212;&#8212;&#8212;&#8212;&#8212;&#8212;&#8212;&#8212;&#8212;&#8212;&#8212;&#8212;&#8212;&#8212;&#8212;&#8212;&#8212;&#8212;&#8212;&#8212;&#8212;&#8212;&#8212;&#8212;&#8212;&#8212;&#8212;&#8212;&#8212;&#8212;&#8212;&#8212;&#8212;&#8212;&#8212;&#8212;&#8212;&#8212;&#8212;&#8212;&#8212;&#8212;&#8211;<\/div>\n<ul>\n<li><strong>Abril<br \/>\n&#8212; 03: <\/strong>Lan\u00e7amento do concurso &#8220;Educatrilha na escola&#8221; &#8211; Local: Esta\u00e7\u00e3o Experimental de Tupi, Piracicaba\/SP &#8211; <a href=\"https:\/\/smastr16.blob.core.windows.net\/iflorestal\/2018\/03\/sctc_informa_06_2018.jpg\">ver convite<\/a> &#8211; <a href=\"https:\/\/smastr16.blob.core.windows.net\/iflorestal\/2018\/03\/Regulamento_Educatrilha_na_escola.pdf\">ver regulamento<\/a><strong><br \/>\n&#8212; 11 a 13: <\/strong>Expo Forest 2018 &#8211; Local: Regi\u00e3o de Ribeir\u00e3o Preto\/SP &#8211; \u00a0<a href=\"https:\/\/expoforest.com.br\/pt\/\">visite o site<br \/>\n<\/a><strong>&#8212; 14 :<\/strong>\u00a0Ciclo de oficinas de planejamento e manejo de trilhas para ciclismo &#8211; Local:Esta\u00e7\u00e3o Experimental de Tupi, Piracicaba\/SP<br \/>\n<strong>&#8212; 26:<\/strong>\u00a0Ambiente M\u00f3vel &#8211; Local: Itapetininga &#8211;\u00a0<a href=\"https:\/\/smastr16.blob.core.windows.net\/iflorestal\/2018\/05\/ambientemovel_itapetininga.jpg\">ver convite<\/a><br \/>\n<strong>&#8212; 27:<\/strong> Abertura da exposi\u00e7\u00e3o itinerante &#8220;Bicho: quem te viu, quem te v\u00ea!&#8221; &#8211; Local: Pal\u00e1cio do Horto, S\u00e3o Paulo\/SP<br \/>\n<strong>&#8212; 27 e 28:<\/strong> Curso de Fotografia da Natureza &#8211; Local: Esta\u00e7\u00e3o Ecol\u00f3gica de Angatuba<\/li>\n<\/ul>\n<div>&#8212;&#8212;&#8212;&#8212;&#8212;&#8212;&#8212;&#8212;&#8212;&#8212;&#8212;&#8212;&#8212;&#8212;&#8212;&#8212;&#8212;&#8212;&#8212;&#8212;&#8212;&#8212;&#8212;&#8212;&#8212;&#8212;&#8212;&#8212;&#8212;&#8212;&#8212;&#8212;&#8212;&#8212;&#8212;&#8212;&#8212;&#8212;&#8212;&#8212;&#8212;&#8212;&#8212;&#8212;&#8212;&#8212;&#8212;&#8212;&#8212;&#8212;&#8211;<\/div>\n<ul>\n<li><strong>Maio<br \/>\n<\/strong><strong>&#8212; 04: <\/strong>Inaugura\u00e7\u00e3o das instala\u00e7\u00f5es da &#8220;Casa Caipira&#8221; &#8211; Local: Esta\u00e7\u00e3o Ecol\u00f3gica de Angatuba &#8211; <a href=\"https:\/\/smastr16.blob.core.windows.net\/iflorestal\/2018\/05\/Convite_casa_caipira.jpg\">ver convite<br \/>\n<\/a><strong>&#8212; 08:<\/strong> 6\u00ba Encontro de Tecnologia em Silvicultura &#8211; Fatec Cap\u00e3o Bonito &#8211; Local: S\u00e3o Paulo\/SP &#8211; <a href=\"https:\/\/smastr16.blob.core.windows.net\/iflorestal\/2018\/05\/sctc_informa_11_2018.jpg\">ver programa\u00e7\u00e3o<\/a><br \/>\n<strong>&#8212; 14 a 20:<\/strong> Semana de Museus &#8211; Museus Hiperconectados &#8211; Local: Museu Florestal Oct\u00e1vio Vecchi, S\u00e3o Paulo\/SP &#8211; <a href=\"https:\/\/smastr16.blob.core.windows.net\/iflorestal\/2018\/05\/SCTC_informa_10_2018.jpg\">ver convite<\/a><br \/>\n<strong>&#8212; 28:<\/strong> Ambiente M\u00f3vel &#8211; Local: Salto\/SP &#8211; \u00a0<a href=\"https:\/\/smastr16.blob.core.windows.net\/iflorestal\/2018\/05\/sctc_informa_15_2018.jpg\">ver convite e programa\u00e7\u00e3o<\/a><\/li>\n<\/ul>\n<div>&#8212;&#8212;&#8212;&#8212;&#8212;&#8212;&#8212;&#8212;&#8212;&#8212;&#8212;&#8212;&#8212;&#8212;&#8212;&#8212;&#8212;&#8212;&#8212;&#8212;&#8212;&#8212;&#8212;&#8212;&#8212;&#8212;&#8212;&#8212;&#8212;&#8212;&#8212;&#8212;&#8212;&#8212;&#8212;&#8212;&#8212;&#8212;&#8212;&#8212;&#8212;&#8212;&#8212;&#8212;&#8212;&#8212;&#8212;&#8212;&#8212;&#8212;&#8211;<\/div>\n<ul>\n<li><strong>Junho<br \/>\n<\/strong><strong>&#8212; 03:\u00a0<\/strong>Ciclo de oficinas de planejamento e manejo de trilhas para ciclismo &#8211; Local:Esta\u00e7\u00e3o Experimental de Tupi, Piracicaba\/SP &#8211; <a href=\"https:\/\/smastr16.blob.core.windows.net\/iflorestal\/2018\/05\/sctc_informa_09_2018.jpg\">ver convite<\/a> &#8211;\u00a0<strong><a style=\"font-weight: normal\" href=\"https:\/\/docs.google.com\/forms\/d\/e\/1FAIpQLSe-hvLxelIWLMO8Gt5yED5z7A0zueXnoDa7egXjhwhstwoi7g\/viewform\">inscreva-se aqui<\/a><br \/>\n&#8212; 05: <\/strong>Dia Mundial do Meio Ambientel &#8211; #horadafloresta &#8211; Atividades simult\u00e2neas em diversas \u00e1reas protegidas da Institui\u00e7\u00e3o &#8211; <a href=\"https:\/\/www.infraestruturameioambiente.sp.gov.br\/institutoflorestal\/2018\/05\/23\/no-dia-mundial-do-meio-ambiente-o-if-promovera-atividades-simultaneas-em-suas-unidades\/\">saiba mais<\/a><strong><br \/>\n&#8212; 06: <\/strong>17\u00aa Confer\u00eancia P + L e Mudan\u00e7as Clim\u00e1ticas da Cidade de S\u00e3o Paulo &#8211; Local: Jacare\u00ed\/SP &#8211; \u00a0<a href=\"https:\/\/smastr16.blob.core.windows.net\/iflorestal\/2018\/05\/sctc_informa_14_2018.jpg\">ver convite<\/a><br \/>\n<strong>&#8212; 08: <\/strong>Ambiente M\u00f3vel &#8211; Local: Mogi das Cruzes\/SP &#8211; <a href=\"https:\/\/smastr16.blob.core.windows.net\/iflorestal\/2018\/05\/sctc_informa_17_2018.jpg\">ver programa\u00e7\u00e3o<\/a><br \/>\n<strong>&#8212; 15: <\/strong>Ambiente M\u00f3vel &#8211; Local: Salto\/SP &#8211; <a href=\"https:\/\/smastr16.blob.core.windows.net\/iflorestal\/2018\/06\/Image.1528476922725.jpg\">ver programa\u00e7\u00e3o<\/a><br \/>\n<strong>&#8212; 16: <\/strong>Trilha da Sa\u00fade &#8211; Local:Piracicaba\/SP &#8211; <a href=\"https:\/\/smastr16.blob.core.windows.net\/iflorestal\/2018\/06\/Trilha.jpg\">ver convite<\/a><strong><br style=\"font-weight: normal\" \/><\/strong><strong>&#8212; 17:<\/strong>\u00a0Ciclo de oficinas de planejamento e manejo de trilhas para ciclismo &#8211; Local:Esta\u00e7\u00e3o Experimental de Tupi, Piracicaba\/SP &#8211; <a href=\"https:\/\/smastr16.blob.core.windows.net\/iflorestal\/2018\/05\/sctc_informa_09_2018.jpg\">ver convite<\/a><br \/>\n<strong>&#8212; 29 e 30:<\/strong> 11\u00ba\u00a0Col\u00f3quio sobre Engenharia Florestal \u2013 Alunos da Unesp Botucatu\u00a0\u2013 Local: Sede do Instituto Florestal, S\u00e3o Paulo\/SP &#8211; <a href=\"https:\/\/smastr16.blob.core.windows.net\/iflorestal\/2018\/06\/SCTC_informa_18_2018.jpg\">ver programa\u00e7\u00e3o<\/a><\/li>\n<\/ul>\n<p>&#8212;&#8212;&#8212;&#8212;&#8212;&#8212;&#8212;&#8212;&#8212;&#8212;&#8212;&#8212;&#8212;&#8212;&#8212;&#8212;&#8212;&#8212;&#8212;&#8212;&#8212;&#8212;&#8212;&#8212;&#8212;&#8212;&#8212;&#8212;&#8212;&#8212;&#8212;&#8212;&#8212;&#8212;&#8212;&#8212;&#8212;&#8212;&#8212;&#8212;&#8212;&#8212;&#8212;&#8212;&#8212;&#8212;&#8212;&#8212;&#8212;&#8212;&#8211;<\/p>\n<ul>\n<li><strong>Julho<br \/>\n<\/strong><strong>&#8212; 08:<\/strong> Missa Campal em louvor a S\u00e3o Jo\u00e3o Gualberto -Protetor das Florestas: Local: Parque Estadual Alberto L\u00f6fgren, S\u00e3o Paulo\/SP &#8211; <a href=\"https:\/\/smastr16.blob.core.windows.net\/iflorestal\/2018\/07\/sctc_informa_19_2018.jpg\">ver convite e programa\u00e7\u00e3o<\/a><\/li>\n<\/ul>\n<p>&#8212;&#8212;&#8212;&#8212;&#8212;&#8212;&#8212;&#8212;&#8212;&#8212;&#8212;&#8212;&#8212;&#8212;&#8212;&#8212;&#8212;&#8212;&#8212;&#8212;&#8212;&#8212;&#8212;&#8212;&#8212;&#8212;&#8212;&#8212;&#8212;&#8212;&#8212;&#8212;&#8212;&#8212;&#8212;&#8212;&#8212;&#8212;&#8212;&#8212;&#8212;&#8212;&#8212;&#8212;&#8212;&#8212;&#8212;&#8212;&#8212;&#8212;&#8211;<\/p>\n<ul>\n<li><strong>Agosto<\/strong><br \/>\n<strong>&#8212; 01 a 03:<\/strong> Semin\u00e1rio de inicia\u00e7\u00e3o cient\u00edfica do Instituto Florestal<\/li>\n<\/ul>\n<p>&#8212;&#8212;&#8212;&#8212;&#8212;&#8212;&#8212;&#8212;&#8212;&#8212;&#8212;&#8212;&#8212;&#8212;&#8212;&#8212;&#8212;&#8212;&#8212;&#8212;&#8212;&#8212;&#8212;&#8212;&#8212;&#8212;&#8212;&#8212;&#8212;&#8212;&#8212;&#8212;&#8212;&#8212;&#8212;&#8212;&#8212;&#8212;&#8212;&#8212;&#8212;&#8212;&#8212;&#8212;&#8212;&#8212;&#8212;&#8212;&#8212;&#8212;&#8211;<\/p>\n<ul>\n<li><strong>Setembro<\/strong><br \/>\n<strong>&#8212;\u00a0<\/strong><strong><br \/>\n<\/strong><\/li>\n<\/ul>\n<p>&#8212;&#8212;&#8212;&#8212;&#8212;&#8212;&#8212;&#8212;&#8212;&#8212;&#8212;&#8212;&#8212;&#8212;&#8212;&#8212;&#8212;&#8212;&#8212;&#8212;&#8212;&#8212;&#8212;&#8212;&#8212;&#8212;&#8212;&#8212;&#8212;&#8212;&#8212;&#8212;&#8212;&#8212;&#8212;&#8212;&#8212;&#8212;&#8212;&#8212;&#8212;&#8212;&#8212;&#8212;&#8212;&#8212;&#8212;&#8212;&#8212;&#8212;&#8211;<\/p>\n<ul>\n<li><strong>Outubro<br \/>\n<\/strong><strong>&#8212; 22:\u00a0<\/strong>Reuni\u00e3o Plen\u00e1ria de Posse, do Conselho de Gest\u00e3o da Reserva da Biosfera do Cintur\u00e3o Verde da Cidade de S\u00e3o Paulo (Gest\u00e3o 2018-2020) &#8211; Local: Sede do IF, S\u00e3o Paulo\/SP<strong><br \/>\n&#8212; 30:\u00a0<\/strong>Oficina de Efetividade de Gest\u00e3o do PESM &#8211; Local: Sede do IF, S\u00e3o Paulo\/SP<\/li>\n<\/ul>\n<p>&#8212;&#8212;&#8212;&#8212;&#8212;&#8212;&#8212;&#8212;&#8212;&#8212;&#8212;&#8212;&#8212;&#8212;&#8212;&#8212;&#8212;&#8212;&#8212;&#8212;&#8212;&#8212;&#8212;&#8212;&#8212;&#8212;&#8212;&#8212;&#8212;&#8212;&#8212;&#8212;&#8212;&#8212;&#8212;&#8212;&#8212;&#8212;&#8212;&#8212;&#8212;&#8212;&#8212;&#8212;&#8212;&#8212;&#8212;&#8212;&#8212;&#8212;&#8211;<\/p>\n<ul>\n<li><strong>Novembro<br \/>\n<\/strong><strong>&#8212; 06: <\/strong>Premia\u00e7\u00e3o do Educatrilha na Escola &#8211; Local:Piracicaba\/SP &#8211; <a href=\"https:\/\/smastr16.blob.core.windows.net\/iflorestal\/2018\/11\/45211736_897108870677372_3274506770394906624_o.jpg\">ver convite<\/a><strong><br \/>\n&#8212; 08: <\/strong>Semin\u00e1rio Frutos da Mata Atl\u00e2ntica &#8211; Local: Registro\/SP &#8211; <a href=\"https:\/\/smastr16.blob.core.windows.net\/iflorestal\/2018\/11\/45211736_897108870677372_3274506770394906624_o.jpg\">ver convite<\/a><strong><br \/>\n&#8212; 21 a 23: <\/strong>SOBRE 2018 &#8211; II Confer\u00eancia Brasileira de Restaura\u00e7\u00e3o Ecol\u00f3gica \/ Simp\u00f3sio Brasileiro sobre Tecnologia de Sementes Florestais &#8211; Local: Belo Horizonte\/MG &#8211; <a href=\"https:\/\/www.sobrestauracao.org\/sobre2018\">ver site<\/a><br \/>\n<strong>&#8212; 30:<\/strong> Entrega do restauro do painel &#8220;Chegada de Martin Afonso no litoral de S\u00e3o Vicente&#8221; que comp\u00f5e o tr\u00edptico de Helios Seelinger &#8211; Local: Museu Florestal Oct\u00e1vio Vecchi, S\u00e3o Paulo\/SP &#8211; <a href=\"https:\/\/smastr16.blob.core.windows.net\/home\/2018\/11\/30-11-convite_if-1.jpg\">ver convite<\/a><\/li>\n<\/ul>\n<p>&#8212;&#8212;&#8212;&#8212;&#8212;&#8212;&#8212;&#8212;&#8212;&#8212;&#8212;&#8212;&#8212;&#8212;&#8212;&#8212;&#8212;&#8212;&#8212;&#8212;&#8212;&#8212;&#8212;&#8212;&#8212;&#8212;&#8212;&#8212;&#8212;&#8212;&#8212;&#8212;&#8212;&#8212;&#8212;&#8212;&#8212;&#8212;&#8212;&#8212;&#8212;&#8212;&#8212;&#8212;&#8212;&#8212;&#8212;&#8212;&#8212;&#8212;&#8211;<\/p>\n<ul>\n<li><strong>Dezembro<br \/>\n&#8212; 02: <\/strong>#vempassarinhar Presidente Prudente &#8211; Evento de Observa\u00e7\u00e3o de Aves &#8211; Local: Presidente Prudente\/SP &#8211;<a href=\"https:\/\/smastr16.blob.core.windows.net\/iflorestal\/2018\/11\/45232416_1996971397036049_3464320242996477952_n.jpg\">ver convite<\/a><br \/>\n<strong>&#8212; 10: <\/strong>Lan\u00e7amento dos livros &#8220;Plantas Pequenas do Cerrado: Biodiversidade Neglicendiada&#8221; e <em>Ecosystem Services and human well-being in the S\u00e3o paulo City Green Belt Biosphere Reserve &#8211; Executive Summary\u00a0<\/em>&#8211; Local: S\u00e3o Paulo\/SP<br \/>\n<strong>&#8212; 19:<\/strong> Lan\u00e7amento do Livro &#8220;A complexidade da quest\u00e3o fundi\u00e1ria nos Parques e Esta\u00e7\u00f5es Ecol\u00f3gicas do estado de S\u00e3o Paulo: origens e efeitos da indisciplina da documenta\u00e7\u00e3o e do registro imobili\u00e1rio&#8221; &#8211; Local: audit\u00f3rio do Consema, S\u00e3o Paulo\/SP<br \/>\n<strong>&#8212; 27:<\/strong> Homenagem a Alberto L\u00f6fgren &#8211; Local: Sede do IF, S\u00e3o Paulo\/SP<br \/>\n<strong>&#8212; 27:<\/strong> Evento &#8220;Paz na Terra e pela Terra&#8221;\u00a0 &#8211; Local: Sede do IF, S\u00e3o Paulo\/SP &#8211;<a href=\"https:\/\/smastr16.blob.core.windows.net\/iflorestal\/2019\/05\/evento_loefgren_convite.pdf\">ver convite<\/a><\/li>\n<\/ul>\n<p>&nbsp;<\/p>\n","protected":false},"excerpt":{"rendered":"<p>Janeiro &#8212; 04 a 07:\u00a0Curso de Educa\u00e7\u00e3o Ambiental e Patrimonial na \u00e1rea de influ\u00eancia da Esta\u00e7\u00e3o Ecol\u00f3gica de Angatuba, SP: Implica\u00e7\u00f5es para uma alfabetiza\u00e7\u00e3o paleontol\u00f3gica &#8211; Local: Esta\u00e7\u00e3o Ecol\u00f3gica de Angatuba &#8212; 31: Ambiente M\u00f3vel &#8211; Local: Presidente Prudente &#8212;&#8212;&#8212;&#8212;&#8212;&#8212;&#8212;&#8212;&#8212;&#8212;&#8212;&#8212;&#8212;&#8212;&#8212;&#8212;&#8212;&#8212;&#8212;&#8212;&#8212;&#8212;&#8212;&#8212;&#8212;&#8212;&#8212;&#8212;&#8212;&#8212;&#8212;&#8212;&#8212;&#8212;&#8212;&#8212;&#8212;&#8212;&#8212;&#8212;&#8212;&#8212;&#8212;&#8212;&#8212;&#8212;&#8212;&#8212;&#8212;&#8212;&#8211; Fevereiro &#8212; 08: Workshop Pol\u00edtica Estadual de Fauna Silvestre: contribui\u00e7\u00f5es e consensos &#8211; Local: Secretaria [&hellip;]<\/p>\n","protected":false},"author":102,"featured_media":0,"parent":2236,"menu_order":0,"comment_status":"closed","ping_status":"closed","template":"","meta":[],"_links":{"self":[{"href":"https:\/\/www.infraestruturameioambiente.sp.gov.br\/institutoflorestal\/wp-json\/wp\/v2\/pages\/14215"}],"collection":[{"href":"https:\/\/www.infraestruturameioambiente.sp.gov.br\/institutoflorestal\/wp-json\/wp\/v2\/pages"}],"about":[{"href":"https:\/\/www.infraestruturameioambiente.sp.gov.br\/institutoflorestal\/wp-json\/wp\/v2\/types\/page"}],"author":[{"embeddable":true,"href":"https:\/\/www.infraestruturameioambiente.sp.gov.br\/institutoflorestal\/wp-json\/wp\/v2\/users\/102"}],"replies":[{"embeddable":true,"href":"https:\/\/www.infraestruturameioambiente.sp.gov.br\/institutoflorestal\/wp-json\/wp\/v2\/comments?post=14215"}],"version-history":[{"count":48,"href":"https:\/\/www.infraestruturameioambiente.sp.gov.br\/institutoflorestal\/wp-json\/wp\/v2\/pages\/14215\/revisions"}],"predecessor-version":[{"id":16697,"href":"https:\/\/www.infraestruturameioambiente.sp.gov.br\/institutoflorestal\/wp-json\/wp\/v2\/pages\/14215\/revisions\/16697"}],"up":[{"embeddable":true,"href":"https:\/\/www.infraestruturameioambiente.sp.gov.br\/institutoflorestal\/wp-json\/wp\/v2\/pages\/2236"}],"wp:attachment":[{"href":"https:\/\/www.infraestruturameioambiente.sp.gov.br\/institutoflorestal\/wp-json\/wp\/v2\/media?parent=14215"}],"curies":[{"name":"wp","href":"https:\/\/api.w.org\/{rel}","templated":true}]}}