{"id":14,"date":"2012-01-24T16:44:32","date_gmt":"2012-01-24T18:44:32","guid":{"rendered":"https:\/\/www.infraestruturameioambiente.sp.gov.br\/institutoflorestal\/?page_id=14"},"modified":"2019-12-02T18:22:56","modified_gmt":"2019-12-02T20:22:56","slug":"quem-somos","status":"publish","type":"page","link":"https:\/\/www.infraestruturameioambiente.sp.gov.br\/institutoflorestal\/o-instituto\/quem-somos\/","title":{"rendered":"Quem Somos"},"content":{"rendered":"<p>O Instituto Florestal (IF) \u00e9 uma entidade pioneira nas a\u00e7\u00f5es de conserva\u00e7\u00e3o da natureza detendo, atrav\u00e9s de sua filosofia de trabalho, posi\u00e7\u00e3o marcante na realidade florestal paulista e brasileira, seja como gerador de atividade sustent\u00e1vel e econ\u00f4mica, seja pela prote\u00e7\u00e3o de \u00e1reas significativas que abrigam ecossistemas primitivos.<\/p>\n<p>Vinculado \u00e0 Secretaria do Meio Ambiente desde 1986, o IF criou e gerenciou grande parte das \u00e1reas protegidas do estado de S\u00e3o Paulo, tarefa que come\u00e7ou a dividir com a Funda\u00e7\u00e3o Florestal a partir de 2007. Hoje administra 10 Esta\u00e7\u00f5es Ecol\u00f3gicas, 1 Parque Estadual, 18 Esta\u00e7\u00f5es Experimentais, 2 Viveiros Florestais, 2 Hortos Florestais e 14 Florestas Estaduais (mais de 53 mil ha), al\u00e9m de apoiar a gest\u00e3o da Reserva da Biosfera do Cintur\u00e3o Verde da Cidade de S\u00e3o Paulo (Programa MaB-UNESCO).<\/p>\n<p>Em 2019 o\u00a0<a href=\"https:\/\/www.al.sp.gov.br\/repositorio\/legislacao\/decreto\/2019\/decreto-64059-01.01.2019.html\" rel=\"noopener\">Decreto n\u00b0 64.059<\/a>\u00a0agregou as antigas secretarias de Meio Ambiente, Saneamento e Recursos H\u00eddricos e Energia e Minera\u00e7\u00e3o na nova pasta &#8211; Secretaria de Infraestrutura e Meio Ambiente.<\/p>\n<p>O Instituto Florestal \u00e9 o guardi\u00e3o da biodiversidade do Estado de S\u00e3o Paulo e sua obriga\u00e7\u00e3o \u00e9 garantir \u00e0s futuras gera\u00e7\u00f5es tal patrim\u00f4nio.<\/p>\n<p><strong>Miss\u00e3o<\/strong><\/p>\n<p>A miss\u00e3o institucional est\u00e1 alicer\u00e7ada em pesquisa, conserva\u00e7\u00e3o e produ\u00e7\u00e3o, subsidiando pol\u00edticas p\u00fablicas voltadas ao desenvolvimento s\u00f3cio-econ\u00f4mico, promovendo e executando a\u00e7\u00f5es de prote\u00e7\u00e3o do patrim\u00f4nio natural e cultural a ela associadas e ao desenvolvimento sustent\u00e1vel. De forma pioneira aplica receitas da venda de produtos resultantes das pesquisas.<\/p>\n<p><strong>Principais Atividades<\/strong><\/p>\n<p>O Instituto Florestal destaca-se quando se trata de pesquisas de melhoramento gen\u00e9tico florestal destinado ao aumento da produtividade de resinas de <em>pinus<\/em>, contando hoje com Pomares Clonais de alta produtividade com ganhos de at\u00e9 oito vezes mais que as matrizes originais, uma importante contribui\u00e7\u00e3o dirigida a este setor econ\u00f4mico brasileiro uma vez que o pa\u00eds \u00e9 hoje o segundo maior produtor mundial de resina, atr\u00e1s apenas da China.<\/p>\n<p>Na conserva\u00e7\u00e3o ex situ ressalta-se a exist\u00eancia de bancos de germoplasma de pin\u00e1ceas oriundas da Am\u00e9rica Central e Sul da \u00c1sia, onde as matas h\u00e1 muito foram dizimadas.<\/p>\n<p>O resultado \u00e9 a efetiva colabora\u00e7\u00e3o para o manejo e uso sustent\u00e1vel dos recursos, sendo in\u00fameras as disserta\u00e7\u00f5es e teses produzidas ou apoiadas pelo IF.<\/p>\n<p>Realiza o monitoramento da vegeta\u00e7\u00e3o natural e do reflorestamento em todo o Estado, com base em tecnologia de ponta (geoprocessamento em bases cartogr\u00e1ficas digitais e georreferenciadas), fornecendo inclusive subs\u00eddios aos planos de manejo.<\/p>\n<p>O Instituto Florestal \u00e9 um dos mais importantes produtores de sementes e mudas florestais de esp\u00e9cies nativas e ex\u00f3ticas para diferentes fins, colocando o mercado de sementes com expressivos ganhos gen\u00e9ticos em volume externo.<\/p>\n<p><strong>Benef\u00edcios Oferecidos a Comunidade<\/strong><\/p>\n<p>Com o trabalho gerado nesta Institui\u00e7\u00e3o a popula\u00e7\u00e3o de maneira geral \u00e9 beneficiada com a prote\u00e7\u00e3o, conserva\u00e7\u00e3o e manejo de nossos ecossistemas.<\/p>\n<p>Mant\u00e9m empregos diretos e indiretos, colabora na melhoria da qualidade do ar, manuten\u00e7\u00e3o dos fluxos h\u00eddricos, controle de eros\u00e3o, conserva\u00e7\u00e3o da flora e fauna e muitas esp\u00e9cies amea\u00e7adas de extin\u00e7\u00e3o, levantamento detalhado dos solos e vegeta\u00e7\u00e3o, ciclagem de nutrientes, bot\u00e2nica e fitossociologia, biologia e ecologia de esp\u00e9cies.<\/p>\n<p>Oferece ainda lazer em contato direto com a natureza, atividades de educa\u00e7\u00e3o ambiental, produ\u00e7\u00e3o florestal sustentada, pesquisas com diversidade biol\u00f3gica, etc.<\/p>\n","protected":false},"excerpt":{"rendered":"<p>O Instituto Florestal (IF) \u00e9 uma entidade pioneira nas a\u00e7\u00f5es de conserva\u00e7\u00e3o da natureza detendo, atrav\u00e9s de sua filosofia de trabalho, posi\u00e7\u00e3o marcante na realidade florestal paulista e brasileira, seja como gerador de atividade sustent\u00e1vel e econ\u00f4mica, seja pela prote\u00e7\u00e3o de \u00e1reas significativas que abrigam ecossistemas primitivos. Vinculado \u00e0 Secretaria do Meio Ambiente desde 1986, [&hellip;]<\/p>\n","protected":false},"author":6,"featured_media":0,"parent":3427,"menu_order":1,"comment_status":"open","ping_status":"closed","template":"","meta":[],"_links":{"self":[{"href":"https:\/\/www.infraestruturameioambiente.sp.gov.br\/institutoflorestal\/wp-json\/wp\/v2\/pages\/14"}],"collection":[{"href":"https:\/\/www.infraestruturameioambiente.sp.gov.br\/institutoflorestal\/wp-json\/wp\/v2\/pages"}],"about":[{"href":"https:\/\/www.infraestruturameioambiente.sp.gov.br\/institutoflorestal\/wp-json\/wp\/v2\/types\/page"}],"author":[{"embeddable":true,"href":"https:\/\/www.infraestruturameioambiente.sp.gov.br\/institutoflorestal\/wp-json\/wp\/v2\/users\/6"}],"replies":[{"embeddable":true,"href":"https:\/\/www.infraestruturameioambiente.sp.gov.br\/institutoflorestal\/wp-json\/wp\/v2\/comments?post=14"}],"version-history":[{"count":16,"href":"https:\/\/www.infraestruturameioambiente.sp.gov.br\/institutoflorestal\/wp-json\/wp\/v2\/pages\/14\/revisions"}],"predecessor-version":[{"id":18463,"href":"https:\/\/www.infraestruturameioambiente.sp.gov.br\/institutoflorestal\/wp-json\/wp\/v2\/pages\/14\/revisions\/18463"}],"up":[{"embeddable":true,"href":"https:\/\/www.infraestruturameioambiente.sp.gov.br\/institutoflorestal\/wp-json\/wp\/v2\/pages\/3427"}],"wp:attachment":[{"href":"https:\/\/www.infraestruturameioambiente.sp.gov.br\/institutoflorestal\/wp-json\/wp\/v2\/media?parent=14"}],"curies":[{"name":"wp","href":"https:\/\/api.w.org\/{rel}","templated":true}]}}