{"id":13480,"date":"2017-08-28T14:21:04","date_gmt":"2017-08-28T17:21:04","guid":{"rendered":"https:\/\/www.infraestruturameioambiente.sp.gov.br\/institutoflorestal\/?page_id=13480"},"modified":"2018-03-09T17:22:59","modified_gmt":"2018-03-09T20:22:59","slug":"revista-v-29-no1","status":"publish","type":"page","link":"https:\/\/www.infraestruturameioambiente.sp.gov.br\/institutoflorestal\/publicacoes-if\/revista-do-if\/revista-v-29-no1\/","title":{"rendered":"Revista v.29, n\u00ba1"},"content":{"rendered":"<p><strong>REVISTA V. 29, N. 1- Jun. 2017 &#8211; Revista Completa (<a href=\"https:\/\/www.infraestruturameioambiente.sp.gov.br\/institutoflorestal\/wp-content\/uploads\/sites\/234\/2018\/03\/RIF_29-1.pdf\">PDF<\/a>) (<a href=\"https:\/\/www.infraestruturameioambiente.sp.gov.br\/institutoflorestal\/wp-content\/uploads\/sites\/234\/2018\/03\/RIF_29-1.zip\">XML<\/a>)<\/strong><\/p>\n<p><strong>ARTIGOS CIENT\u00cdFICOS\/SCIENTIFIC ARTICLES<\/strong><\/p>\n<ul>\n<li>Regi\u00f5es com potencial clim\u00e1tico para plantio comercial do guanandi no Brasil. Regions with\u00a0climatic potential for commercial planting of guanandi in Brazil. Marcos Silveira WREGE;\u00a0Elenice FRITZSONS; Ant\u00f4nio Nassim KALIL FILHO; Ananda Virginia de AGUIAR<\/li>\n<\/ul>\n<p style=\"text-align: right\"><a href=\"https:\/\/www.infraestruturameioambiente.sp.gov.br\/institutoflorestal\/wp-content\/uploads\/sites\/234\/2017\/08\/RIF29-1_7-17.pdf\"><strong>p. 7-17<\/strong><\/a><\/p>\n<ul>\n<li>Riqueza, relev\u00e2ncia e estrat\u00e9gias para a conserva\u00e7\u00e3o de fisionomias campestres do\u00a0Cerrado no Horto Florestal de Botucatu, SP, Brasil. Richness, relevance and conservation\u00a0strategies for savanna grasslands in the Horto Florestal of Botucatu, SP, Brazil.\u00a0Natashi Aparecida Lima PILON; M\u00e1rio Guilherme de Biagi CAVA; Marco Aur\u00e9lio NALON;\u00a0L\u00e9o ZIMBACK; Giselda DURIGAN<\/li>\n<\/ul>\n<p style=\"text-align: right\"><a href=\"https:\/\/www.infraestruturameioambiente.sp.gov.br\/institutoflorestal\/wp-content\/uploads\/sites\/234\/2017\/08\/RIF29-1_19-37.pdf\"><strong>p.19-37<\/strong><\/a><\/p>\n<ul>\n<li>Estrutura populacional de 12 esp\u00e9cies arb\u00f3reas de diferentes grupos ecol\u00f3gicos.\u00a0Population structure of 12 tree species of different ecological groups. Silvana Cristina\u00a0Pereira Muniz de SOUZA; Flavio Antonio Ma\u00ebs dos SANTOS; Ricardo Ribeiro\u00a0RODRIGUES; Carlos Alfredo JOLY<\/li>\n<\/ul>\n<p style=\"text-align: right\"><a href=\"https:\/\/www.infraestruturameioambiente.sp.gov.br\/institutoflorestal\/wp-content\/uploads\/sites\/234\/2017\/08\/RIF29-1_39-55.pdf\"><strong>p<\/strong><strong>.39<\/strong><strong>-55<\/strong><\/a><\/p>\n<ul>\n<li>Influ\u00eancia da aduba\u00e7\u00e3o NPK no crescimento inicial de Tectona grandis L.f. em campo.\u00a0Influence of NPK fertilization on initial growth of Tectona grandis L.f. in field. Cristiane\u00a0Ramos VIEIRA; Oscarlina L\u00facia dos Santos WEBER; Jos\u00e9 Fernando SCARAMUZZA<\/li>\n<\/ul>\n<p style=\"text-align: right\"><a href=\"https:\/\/www.infraestruturameioambiente.sp.gov.br\/institutoflorestal\/wp-content\/uploads\/sites\/234\/2017\/08\/RIF29-1_57-69.pdf\"><strong>p. 57-69<\/strong><\/a><\/p>\n<ul>\n<li>Herpetofauna da Esta\u00e7\u00e3o Ecol\u00f3gica de Bauru, um fragmento de Mata Atl\u00e2ntica no estado de\u00a0S\u00e3o Paulo, Brasil. Herpetofauna from Esta\u00e7\u00e3o Ecol\u00f3gica de Bauru, a fragment of Atlantic\u00a0Forest in the state of S\u00e3o Paulo, Brazil. Cybele de Oliveira ARAUJO<\/li>\n<\/ul>\n<p style=\"text-align: right\"><a href=\"https:\/\/www.infraestruturameioambiente.sp.gov.br\/institutoflorestal\/wp-content\/uploads\/sites\/234\/2017\/08\/RIF29-1_71-89.pdf\"><strong>p. 71-89<\/strong><\/a><\/p>\n<ul>\n<li>Regenera\u00e7\u00e3o natural da Floresta Ombr\u00f3fila Densa ap\u00f3s oito anos de abandono de atividades\u00a0agr\u00edcolas em Miracatu, Vale do Ribeira, SP. Natural regeneration of the Ombrophylous\u00a0Dense Forest after eight years of abandonment of agricultural activities in Miracatu,\u00a0Ribeira Valley, SP. Claudio de MOURA; Waldir MANTOVANI<\/li>\n<\/ul>\n<p style=\"text-align: right\"><a href=\"https:\/\/www.infraestruturameioambiente.sp.gov.br\/institutoflorestal\/wp-content\/uploads\/sites\/234\/2017\/08\/RIF29-1_91-119.pdf\"><strong>p<\/strong><strong>.<\/strong><strong>\u00a091-119<\/strong><\/a><\/p>\n<p>&nbsp;<\/p>\n<p><strong>NOTAS CIENT\u00cdFICAS\/SCIENTIFIC NOTES<\/strong><\/p>\n<ul>\n<li>Crescimento e sobreviv\u00eancia de quatro esp\u00e9cies de Eucalyptus spp. em Canoinhas \u2013 SC\u00a0(Nota Cient\u00edfica). Growth and survival of four species of Eucalyptus spp. at Canoinhas \u2013 SC\u00a0(Scientific Note). Eraldo Antonio BONFATTI J\u00daNIOR; Elaine Cristina LENGOWSKI<\/li>\n<\/ul>\n<p style=\"text-align: right\"><a href=\"https:\/\/www.infraestruturameioambiente.sp.gov.br\/institutoflorestal\/wp-content\/uploads\/sites\/234\/2017\/08\/RIF29-1_-121-127.pdf\"><strong>p. 121-127<\/strong><\/a><\/p>\n<ul>\n<li>Birds consuming fruits of Varronia curassavica Jacq. (Boraginaceae) in southastern\u00a0Brazil (Scientific Note). Aves consumidoras dos frutos de Varronia curassavica Jacq.\u00a0(Boraginaceae) no Sudeste do Brasil (Nota Cient\u00edfica). Alexsander Zamorano ANTUNES;\u00a0Jo\u00e3o Batista BAITELLO; Mariana Lopes CAMPAGNOLI<\/li>\n<\/ul>\n<p style=\"text-align: right\"><a href=\"https:\/\/www.infraestruturameioambiente.sp.gov.br\/institutoflorestal\/wp-content\/uploads\/sites\/234\/2017\/08\/RIF29-1_129-133.pdf\"><strong>p. 129-133<\/strong><\/a><\/p>\n","protected":false},"excerpt":{"rendered":"<p>REVISTA V. 29, N. 1- Jun. 2017 &#8211; Revista Completa (PDF) (XML) ARTIGOS CIENT\u00cdFICOS\/SCIENTIFIC ARTICLES Regi\u00f5es com potencial clim\u00e1tico para plantio comercial do guanandi no Brasil. Regions with\u00a0climatic potential for commercial planting of guanandi in Brazil. Marcos Silveira WREGE;\u00a0Elenice FRITZSONS; Ant\u00f4nio Nassim KALIL FILHO; Ananda Virginia de AGUIAR p. 7-17 Riqueza, relev\u00e2ncia e estrat\u00e9gias para [&hellip;]<\/p>\n","protected":false},"author":102,"featured_media":0,"parent":2998,"menu_order":0,"comment_status":"closed","ping_status":"closed","template":"","meta":[],"_links":{"self":[{"href":"https:\/\/www.infraestruturameioambiente.sp.gov.br\/institutoflorestal\/wp-json\/wp\/v2\/pages\/13480"}],"collection":[{"href":"https:\/\/www.infraestruturameioambiente.sp.gov.br\/institutoflorestal\/wp-json\/wp\/v2\/pages"}],"about":[{"href":"https:\/\/www.infraestruturameioambiente.sp.gov.br\/institutoflorestal\/wp-json\/wp\/v2\/types\/page"}],"author":[{"embeddable":true,"href":"https:\/\/www.infraestruturameioambiente.sp.gov.br\/institutoflorestal\/wp-json\/wp\/v2\/users\/102"}],"replies":[{"embeddable":true,"href":"https:\/\/www.infraestruturameioambiente.sp.gov.br\/institutoflorestal\/wp-json\/wp\/v2\/comments?post=13480"}],"version-history":[{"count":10,"href":"https:\/\/www.infraestruturameioambiente.sp.gov.br\/institutoflorestal\/wp-json\/wp\/v2\/pages\/13480\/revisions"}],"predecessor-version":[{"id":14371,"href":"https:\/\/www.infraestruturameioambiente.sp.gov.br\/institutoflorestal\/wp-json\/wp\/v2\/pages\/13480\/revisions\/14371"}],"up":[{"embeddable":true,"href":"https:\/\/www.infraestruturameioambiente.sp.gov.br\/institutoflorestal\/wp-json\/wp\/v2\/pages\/2998"}],"wp:attachment":[{"href":"https:\/\/www.infraestruturameioambiente.sp.gov.br\/institutoflorestal\/wp-json\/wp\/v2\/media?parent=13480"}],"curies":[{"name":"wp","href":"https:\/\/api.w.org\/{rel}","templated":true}]}}