{"id":12952,"date":"2017-03-29T14:22:08","date_gmt":"2017-03-29T17:22:08","guid":{"rendered":"https:\/\/www.infraestruturameioambiente.sp.gov.br\/institutoflorestal\/?page_id=12952"},"modified":"2017-04-04T11:14:02","modified_gmt":"2017-04-04T14:14:02","slug":"5o-simposio-internacional-de-microbacias-hidrograficas","status":"publish","type":"page","link":"https:\/\/www.infraestruturameioambiente.sp.gov.br\/institutoflorestal\/5o-simposio-internacional-de-microbacias-hidrograficas\/","title":{"rendered":"5\u00ba Simp\u00f3sio Internacional de Microbacias Hidrogr\u00e1ficas"},"content":{"rendered":"<p><strong>\u201cBiomas Brasileiros: conserva\u00e7\u00e3o da biodiversidade, solo, floresta e \u00e1gua\u201d<\/strong><\/p>\n<p>O foco principal \u00e9 o desenvolvimento cient\u00edfico fomentando e incentivando estudantes, professores, t\u00e9cnicos de institutos de pesquisas, universidades e Ongs a escrever e publicar trabalhos com temas de Meio Ambiente: \u201cBiomas Brasileiros: conserva\u00e7\u00e3o da biodiversidade, solo, floresta, \u00e1gua, conserva\u00e7\u00e3o de nascentes e manejo de microbacia hidrografica<\/p>\n<p>Programa:\u00a0<a href=\"http:\/\/www.fepaf.org.br\/Cont_Default.aspx?curso=1281\">http:\/\/www.fepaf.org.br\/Cont_Default.aspx?curso=1281<\/a><\/p>\n<p>Inscri\u00e7\u00f5es:\u00a0<a href=\"http:\/\/simposio.fca.unesp.br\/index.php?evento=Mzg3\">http:\/\/simposio.fca.unesp.br\/index.php?evento=Mzg3<\/a><\/p>\n<p>Facebook: <a href=\"http:\/\/www.facebook.com\/Microbacias\">www.facebook.com\/Microbacias<\/a><\/p>\n<p>Email:\u00a0<a href=\"https:\/\/webmail.fca.unesp.br\/WorldClient.dll?Session=MW7EWQRH37RL7&amp;View=Compose&amp;New=Yes&amp;To=5simposiobaciashidrograficas%40gmail.com\">5simposiobaciashidrograficas@gmail.com<\/a><\/p>\n<p>Local: Audit\u00f3rio da Faculdade de Ci\u00eancias Agron\u00f4micas\/FCA &#8211; UNESP Botucatu &#8211; S\u00e3o Paulo \u2013 Brasil.<\/p>\n<p>Data: 6 a 9 de junho de 2017<\/p>\n","protected":false},"excerpt":{"rendered":"<p>\u201cBiomas Brasileiros: conserva\u00e7\u00e3o da biodiversidade, solo, floresta e \u00e1gua\u201d O foco principal \u00e9 o desenvolvimento cient\u00edfico fomentando e incentivando estudantes, professores, t\u00e9cnicos de institutos de pesquisas, universidades e Ongs a escrever e publicar trabalhos com temas de Meio Ambiente: \u201cBiomas Brasileiros: conserva\u00e7\u00e3o da biodiversidade, solo, floresta, \u00e1gua, conserva\u00e7\u00e3o de nascentes e manejo de microbacia hidrografica [&hellip;]<\/p>\n","protected":false},"author":102,"featured_media":0,"parent":0,"menu_order":0,"comment_status":"closed","ping_status":"closed","template":"","meta":[],"_links":{"self":[{"href":"https:\/\/www.infraestruturameioambiente.sp.gov.br\/institutoflorestal\/wp-json\/wp\/v2\/pages\/12952"}],"collection":[{"href":"https:\/\/www.infraestruturameioambiente.sp.gov.br\/institutoflorestal\/wp-json\/wp\/v2\/pages"}],"about":[{"href":"https:\/\/www.infraestruturameioambiente.sp.gov.br\/institutoflorestal\/wp-json\/wp\/v2\/types\/page"}],"author":[{"embeddable":true,"href":"https:\/\/www.infraestruturameioambiente.sp.gov.br\/institutoflorestal\/wp-json\/wp\/v2\/users\/102"}],"replies":[{"embeddable":true,"href":"https:\/\/www.infraestruturameioambiente.sp.gov.br\/institutoflorestal\/wp-json\/wp\/v2\/comments?post=12952"}],"version-history":[{"count":5,"href":"https:\/\/www.infraestruturameioambiente.sp.gov.br\/institutoflorestal\/wp-json\/wp\/v2\/pages\/12952\/revisions"}],"predecessor-version":[{"id":13011,"href":"https:\/\/www.infraestruturameioambiente.sp.gov.br\/institutoflorestal\/wp-json\/wp\/v2\/pages\/12952\/revisions\/13011"}],"wp:attachment":[{"href":"https:\/\/www.infraestruturameioambiente.sp.gov.br\/institutoflorestal\/wp-json\/wp\/v2\/media?parent=12952"}],"curies":[{"name":"wp","href":"https:\/\/api.w.org\/{rel}","templated":true}]}}