{"id":12786,"date":"2017-02-09T18:23:06","date_gmt":"2017-02-09T20:23:06","guid":{"rendered":"https:\/\/www.infraestruturameioambiente.sp.gov.br\/institutoflorestal\/?page_id=12786"},"modified":"2018-09-19T09:01:40","modified_gmt":"2018-09-19T12:01:40","slug":"avare-ii","status":"publish","type":"page","link":"https:\/\/www.infraestruturameioambiente.sp.gov.br\/institutoflorestal\/areas-protegidas\/florestas-estaduais\/avare-ii\/","title":{"rendered":"Avar\u00e9 II"},"content":{"rendered":"<ul>\n<li><strong>Nome:<\/strong>\u00a0Floresta Estadual de Avar\u00e9 II<\/li>\n<li><strong>Diploma Legal<\/strong>: Decreto n\u00ba 34.081, de 28 de novembro de 1958, Decreto n\u00ba 37.183, de 06 de setembro de 1960, Decreto n\u00ba 37.186, de 06 de setembro de 1960, Decreto n\u00ba 44.306, de 30 de dezembro de 1964.<\/li>\n<li><strong>Munic\u00edpio abrangido<\/strong>: Avar\u00e9<\/li>\n<li><strong>Divis\u00e3o<\/strong>: Divis\u00e3o de Florestas e Esta\u00e7\u00f5es Experimentais (DFEE)<\/li>\n<li><strong>Se\u00e7\u00e3o<\/strong>: Se\u00e7\u00e3o de Floresta de Avar\u00e9<\/li>\n<li><strong>Respons\u00e1vel<\/strong>: Roque Cielo Filho<\/li>\n<li><strong>Telefone<\/strong>: (14) 3732-0290<\/li>\n<li><strong>E-mail<\/strong>: roque@if.sp.gov.br<\/li>\n<li><strong>Endere\u00e7o para correspond\u00eancia<\/strong>: Rua Pernambuco, s\/n, Horto Florestal, CEP 18.701-180, Bairro Braz I, Avar\u00e9 \u2013 SP.<\/li>\n<li><strong>Via de Acesso<\/strong>: Rodovias Castelo Branco ou Raposo Tavares \u2013 Rodovia Jo\u00e3o Mel\u00e3o, km 251, acesso por estrada municipal rural.<\/li>\n<li><strong>\u00c1rea (ha)<\/strong>: 664,84<\/li>\n<li><strong>Latitude<\/strong>: 23\u00ba01\u201937\u2019\u2019 a 23\u00ba02\u201958\u2019\u2019S<\/li>\n<li><strong>Longitude<\/strong>: 48\u00ba53\u201911\u2019\u2019 a 48\u00ba55\u201945\u2019\u2019O<\/li>\n<li><strong>Altitude<\/strong>: 783 m<\/li>\n<li><strong>Clima<\/strong>: Cwa \u2013 mesot\u00e9rmico com inverno seco e ver\u00e3o quente<\/li>\n<li><strong>Temperatura<\/strong>: m\u00e9dia anual de 20,3\u00b0 C<\/li>\n<li><strong>Precipita\u00e7\u00e3o<\/strong>: m\u00e9dia anual de 1.274 mm<\/li>\n<li><strong>Relevo<\/strong>: colinas amplas<\/li>\n<li><strong>Solo<\/strong>: Latossolo Vermelho<\/li>\n<li><strong>Hidrografia<\/strong>: Ribeir\u00e3o das Cruzes, C\u00f3rrego \u00c1gua do Moacir.<\/li>\n<li><strong>Bioma<\/strong>: Mata Atl\u00e2ntica (Floresta Estacional Semidecidual)<\/li>\n<li><strong>Ecossistemas<\/strong>: Floresta, Banhado, Rio, Lago.<\/li>\n<li>Fauna: capivara \u2013 <em>Hidrochoerus hidrochaeris<\/em>, serelepe \u2013 <em>Sciurus ingrami<\/em>, cachorro-do-mato \u2013 <em>Dusicyon thous<\/em>, veado-catingueiro \u2013 <em>Mazama gouazoubira<\/em>, tatu-galinha \u2013 <em>Dasypus novemcinctus<\/em>, quati \u2013 <em>Nasua nasua<\/em>, gato-do-mato \u2013 <em>Felis tigrina<\/em>, jaguatirica \u2013 <em>Leopardus pardalis<\/em>, jac\u00fa \u2013 <em>Penelope obscura<\/em>, tucano \u2013 <em>Ramphastus toco<\/em>, tra\u00edra \u2013 <em>Hoplias malabaricus<\/em>, guar\u00fa \u2013 <em>Phalloceros harpagus<\/em>, lambari \u2013 <em>Astianax<\/em> sp., acar\u00e1 \u2013 <em>Geophagus brasiliensis<\/em>, entre outras esp\u00e9cies.<\/li>\n<li><strong>Flora<\/strong>: pinha-do-brejo \u2013 <em>Magnolia ovata<\/em>, peito-de-pomba \u2013 <em>Tapirira guianensis<\/em>, pau-jacar\u00e9 \u2013 <em>Piptadenia gonoacantha<\/em>, gorocaia \u2013 <em>Parapiptadenia rigida<\/em>, gua\u00e7atonga \u2013 <em>Casearia sylvestris<\/em>, figueira-mata-pau \u2013 <em>Ficus guaranitica<\/em>, copaiba \u2013 <em>Copaifera langsdorffii<\/em>, angico \u2013 <em>Anadenanthera colubrina<\/em>, pau-p\u00f3lvora \u2013 <em>Trema micrantha<\/em>, ju\u00e7ara \u2013 <em>Euterpe edulis<\/em>, guarant\u00e3 \u2013 <em>Esenbeckia leiocarpa<\/em>, cedro-rosa \u2013 <em>Cedrela fissilis<\/em>, canjerana \u2013 <em>Cabralea canjerana<\/em>, entre outras esp\u00e9cies.<\/li>\n<li><strong>Visita\u00e7\u00e3o p\u00fablica<\/strong>: n\u00e3o h\u00e1 infraestrutura.<\/li>\n<li><strong>Pesquisa cient\u00edfica<\/strong>: consulte normas para registro de projetos em www.iflorestal.sp.gov.br.<\/li>\n<li><strong>Hospedaria<\/strong>: n\u00e3o<\/li>\n<li><strong>Ficha com resumo da \u00e1rea protegida:\u00a0<\/strong><a href=\"https:\/\/www.infraestruturameioambiente.sp.gov.br\/institutoflorestal\/wp-content\/uploads\/sites\/234\/2018\/09\/F-Avare-II.pdf\">https:\/\/www.infraestruturameioambiente.sp.gov.br\/institutoflorestal\/wp-content\/uploads\/sites\/234\/2018\/09\/F-Avare-II.pdf<\/a><\/li>\n<\/ul>\n<p><b>O Minist\u00e9rio da Sa\u00fade recomenda a vacina da febre amarela aos visitantes que forem para a regi\u00e3o<\/b><\/p>\n","protected":false},"excerpt":{"rendered":"<p>Nome:\u00a0Floresta Estadual de Avar\u00e9 II Diploma Legal: Decreto n\u00ba 34.081, de 28 de novembro de 1958, Decreto n\u00ba 37.183, de 06 de setembro de 1960, Decreto n\u00ba 37.186, de 06 de setembro de 1960, Decreto n\u00ba 44.306, de 30 de dezembro de 1964. Munic\u00edpio abrangido: Avar\u00e9 Divis\u00e3o: Divis\u00e3o de Florestas e Esta\u00e7\u00f5es Experimentais (DFEE) Se\u00e7\u00e3o: [&hellip;]<\/p>\n","protected":false},"author":47,"featured_media":0,"parent":3920,"menu_order":0,"comment_status":"closed","ping_status":"closed","template":"","meta":[],"_links":{"self":[{"href":"https:\/\/www.infraestruturameioambiente.sp.gov.br\/institutoflorestal\/wp-json\/wp\/v2\/pages\/12786"}],"collection":[{"href":"https:\/\/www.infraestruturameioambiente.sp.gov.br\/institutoflorestal\/wp-json\/wp\/v2\/pages"}],"about":[{"href":"https:\/\/www.infraestruturameioambiente.sp.gov.br\/institutoflorestal\/wp-json\/wp\/v2\/types\/page"}],"author":[{"embeddable":true,"href":"https:\/\/www.infraestruturameioambiente.sp.gov.br\/institutoflorestal\/wp-json\/wp\/v2\/users\/47"}],"replies":[{"embeddable":true,"href":"https:\/\/www.infraestruturameioambiente.sp.gov.br\/institutoflorestal\/wp-json\/wp\/v2\/comments?post=12786"}],"version-history":[{"count":5,"href":"https:\/\/www.infraestruturameioambiente.sp.gov.br\/institutoflorestal\/wp-json\/wp\/v2\/pages\/12786\/revisions"}],"predecessor-version":[{"id":15300,"href":"https:\/\/www.infraestruturameioambiente.sp.gov.br\/institutoflorestal\/wp-json\/wp\/v2\/pages\/12786\/revisions\/15300"}],"up":[{"embeddable":true,"href":"https:\/\/www.infraestruturameioambiente.sp.gov.br\/institutoflorestal\/wp-json\/wp\/v2\/pages\/3920"}],"wp:attachment":[{"href":"https:\/\/www.infraestruturameioambiente.sp.gov.br\/institutoflorestal\/wp-json\/wp\/v2\/media?parent=12786"}],"curies":[{"name":"wp","href":"https:\/\/api.w.org\/{rel}","templated":true}]}}