{"id":12492,"date":"2017-01-12T10:24:05","date_gmt":"2017-01-12T12:24:05","guid":{"rendered":"https:\/\/www.infraestruturameioambiente.sp.gov.br\/institutoflorestal\/?page_id=12492"},"modified":"2017-05-15T10:37:20","modified_gmt":"2017-05-15T13:37:20","slug":"revista-v-28-no2","status":"publish","type":"page","link":"https:\/\/www.infraestruturameioambiente.sp.gov.br\/institutoflorestal\/publicacoes-if\/revista-do-if\/revista-v-28-no2\/","title":{"rendered":"Revista v.28, n\u00ba2"},"content":{"rendered":"<p><strong>REVISTA V. 28, N. 2- Dez. 2016 &#8211; Revista Completa (<a href=\"https:\/\/www.infraestruturameioambiente.sp.gov.br\/institutoflorestal\/wp-content\/uploads\/sites\/234\/2017\/01\/RIF_28-2.pdf\">PDF<\/a>) (<a href=\"https:\/\/www.infraestruturameioambiente.sp.gov.br\/institutoflorestal\/wp-content\/uploads\/sites\/234\/2017\/01\/RIF_28-2.zip\">XML<\/a>)<\/strong><\/p>\n<p><strong>ARTIGOS CIENT\u00cdFICOS\/SCIENTIFIC ARTICLES<\/strong><\/p>\n<ul>\n<li>Par\u00e2metros gen\u00e9ticos cuantitativos em fam\u00edlias de polinizaci\u00f3n aberta de\u00a0\u00a0<em>Eucalyptus urophylla.<\/em>\u00a0The estimation of quantitative genetic parameters in open pollinated prog\u00eanies of <em>Eucalyptus urophylla.\u00a0<\/em>Gabriel Costa ROCHA; J\u00e9ssica Bezerra BANDEIRA; Antonio Higo Moreira de SOUSA; Liliana HERNANDEZ; Fernanda Maria AB\u00cdLIO; Edwin Camacho PALOMINO; Cristiano Bueno de MORAES<\/li>\n<\/ul>\n<p style=\"text-align: right\"><a href=\"https:\/\/www.infraestruturameioambiente.sp.gov.br\/institutoflorestal\/wp-content\/uploads\/sites\/234\/2017\/01\/p.-93-101.pdf\"><strong>p. 93-101<\/strong><\/a><\/p>\n<ul>\n<li>An\u00e1lise do desenvolvimento inicial de mudas de <em>Tabebuia impetiginosa<\/em> submetidas a diferentes tipos de substratos.\u00a0Initial development of the analysis <em>Tabebuia impetiginosa <\/em>seedlings subjected to different types of substrates.\u00a0Thais Pollon ZANATTA; Edison Bisognin CANTARELLI; Daniele Fontana; Patr\u00edcia BREZOLIN; Carolina TRENTIN; Diandra Della FLORA; Carla Janaina WERNER<\/li>\n<\/ul>\n<p style=\"text-align: right\"><a href=\"https:\/\/www.infraestruturameioambiente.sp.gov.br\/institutoflorestal\/wp-content\/uploads\/sites\/234\/2017\/01\/p.-103-109.pdf\"><strong>p. 103-109<\/strong><\/a><\/p>\n<ul>\n<li>Fun\u00e7\u00f5es de densidade probabil\u00edstica para predi\u00e7\u00e3o da distribui\u00e7\u00e3o diam\u00e9trica em plantios de eucalipto em fun\u00e7\u00e3o do espa\u00e7amento.<strong>\u00a0<\/strong>Probability density functions por prediction diameter distribution in Eucalyptus plantations in spacing function.\u00a0Thomas SCHRODER;\u00a0Ana Paula Lora ZIMMERMANN; Frederico Dimas FLEIG; Victor Carlos Domingos NETO<\/li>\n<\/ul>\n<p style=\"text-align: right\"><a href=\"https:\/\/www.infraestruturameioambiente.sp.gov.br\/institutoflorestal\/wp-content\/uploads\/sites\/234\/2017\/01\/p.-111-117.pdf\"><strong>p<\/strong><strong>.111<\/strong><strong>-117<\/strong><\/a><\/p>\n<ul>\n<li>Ep\u00edfitas vasculares do Parque Estadual de Porto Ferreira, S\u00e3o Paulo, Brasil.\u00a0Vascular epiphytes from Porto Ferreira State Park, S\u00e3o Paulo, Brazil.\u00a0Gabriel Mendes MARCUSSO; Ernesto Pedro DICKFELT; Jos\u00e9 Eduardo de Arruda BERTONI; Reinaldo MONTEIRO<\/li>\n<\/ul>\n<p style=\"text-align: right\"><a href=\"https:\/\/www.infraestruturameioambiente.sp.gov.br\/institutoflorestal\/wp-content\/uploads\/sites\/234\/2017\/01\/p.-119-133.pdf\"><strong>p. 119-133<\/strong><\/a><\/p>\n<ul>\n<li>Aves registradas em 14 \u00e1reas protegidas no interior do estado de S\u00e3o Paulo, Brasil.<strong>\u00a0<\/strong>Birds recorded in 14 protected areas from state of S\u00e3o Paulo, southeastern Brazil.\u00a0Alexsander Zamorano ANTUNES;\u00a0Marina Mitsue KANASHIRO; Marilda Rapp de ESTON<\/li>\n<\/ul>\n<p style=\"text-align: right\"><a href=\"https:\/\/www.infraestruturameioambiente.sp.gov.br\/institutoflorestal\/wp-content\/uploads\/sites\/234\/2017\/01\/p.-135-157.pdf\"><strong>p. 135-157<\/strong><\/a><\/p>\n<ul>\n<li>Plantios florestais com pinus no estado do Paran\u00e1 e os novos cen\u00e1rios definidos pelas mudan\u00e7as clim\u00e1ticas globais<strong>.\u00a0<\/strong>New scenarios of the regions with the potential for forest plantations with Pinus in Paran\u00e1 state on global change.\u00a0Marcos Silveira WREGE; Paulo Henrique CARAMORI; Marilice Cordeiro GARRASTAZU; Elenice FRITZONS; Adriane PARTALA; Georgia Luize CHRISTENSEN<\/li>\n<\/ul>\n<p style=\"text-align: right\"><a href=\"https:\/\/www.infraestruturameioambiente.sp.gov.br\/institutoflorestal\/wp-content\/uploads\/sites\/234\/2017\/01\/p.-159-175.pdf\"><strong>p<\/strong><strong>.<\/strong><strong>\u00a0159-175<\/strong><\/a><\/p>\n<ul>\n<li>Sobreviv\u00eancia de\u00a0<em>Ctenanthe lanceolata<\/em>\u00a0Petersen e\u00a0<em>Goeppertia monophylla<\/em>\u00a0(Vell.) Borchs. &amp; S.Su\u00e1rez (Marantaceae) ap\u00f3s o desmatamento.<strong>\u00a0<\/strong>Survival of the<em>\u00a0Ctenanthe lanceolata\u00a0<\/em>Petersen and\u00a0<em>Goeppertia monophylla<\/em>\u00a0(Vell.) Borchs. &amp; S.Su\u00e1rez (Marantaceae) after deforestation.\u00a0Vanessa Rebou\u00e7as dos SANTOS;\u00a0V\u00edvian TAMAKI; Rog\u00e9rio Mamoru SUZUKI; Ivomar Aparecido MEDINA; Regina Tomoko SHIRASUNA<\/li>\n<\/ul>\n<p style=\"text-align: right\"><a href=\"https:\/\/www.infraestruturameioambiente.sp.gov.br\/institutoflorestal\/wp-content\/uploads\/sites\/234\/2017\/01\/p.-177-191.pdf\"><strong>p. 177-191<\/strong><\/a><\/p>\n<ul>\n<li>Wood hydraulic characteristics in two provenances of\u00a0<em>Myracrodruon urundeuva<\/em>\u00a0Allem\u00e3o (Anacardiaceae) trees.<strong>\u00a0<\/strong>Caracter\u00edsticas hidr\u00e1ulicas da madeira em \u00e1rvores de duas proced\u00eancias de\u00a0<em>Myracrodruon urundeuva<\/em>\u00a0(Anacardiaceae).\u00a0Gabriela Trindade PIRES;\u00a0Eduardo Luiz LONGUI; Guillermo ANGELES; Israel Luiz de LIMA; Sandra Monteiro Borges FLORSHEIM; Diego ROMEIRO<\/li>\n<\/ul>\n<p style=\"text-align: right\"><a href=\"https:\/\/www.infraestruturameioambiente.sp.gov.br\/institutoflorestal\/wp-content\/uploads\/sites\/234\/2017\/01\/p.-193-203.pdf\"><strong>p. 193-203<\/strong><\/a><\/p>\n<p><strong>NOTAS CIENT\u00cdFICAS\/SCIENTIFIC NOTES<\/strong><\/p>\n<ul>\n<li>Caracteriza\u00e7\u00e3o dos processos industriais de uma empresa de tratamento de\u00a0madeira.\u00a0Characterization of industrial processes of a wood treatment.\u00a0Iann Pinheiro ROCHA;\u00a0Lu\u00eds Carlos de FREITAS; Caio da Silva Mafra NETO; Matheus Lita MACEDO; Murilo Rocha CERQUEIRA<\/li>\n<\/ul>\n<p style=\"text-align: right\"><a href=\"https:\/\/www.infraestruturameioambiente.sp.gov.br\/institutoflorestal\/wp-content\/uploads\/sites\/234\/2017\/01\/p.-205-211.pdf\"><strong>p. 205-211<\/strong><\/a><\/p>\n","protected":false},"excerpt":{"rendered":"<p>REVISTA V. 28, N. 2- Dez. 2016 &#8211; Revista Completa (PDF) (XML) ARTIGOS CIENT\u00cdFICOS\/SCIENTIFIC ARTICLES Par\u00e2metros gen\u00e9ticos cuantitativos em fam\u00edlias de polinizaci\u00f3n aberta de\u00a0\u00a0Eucalyptus urophylla.\u00a0The estimation of quantitative genetic parameters in open pollinated prog\u00eanies of Eucalyptus urophylla.\u00a0Gabriel Costa ROCHA; J\u00e9ssica Bezerra BANDEIRA; Antonio Higo Moreira de SOUSA; Liliana HERNANDEZ; Fernanda Maria AB\u00cdLIO; Edwin Camacho PALOMINO; [&hellip;]<\/p>\n","protected":false},"author":102,"featured_media":0,"parent":2998,"menu_order":0,"comment_status":"closed","ping_status":"closed","template":"","meta":[],"_links":{"self":[{"href":"https:\/\/www.infraestruturameioambiente.sp.gov.br\/institutoflorestal\/wp-json\/wp\/v2\/pages\/12492"}],"collection":[{"href":"https:\/\/www.infraestruturameioambiente.sp.gov.br\/institutoflorestal\/wp-json\/wp\/v2\/pages"}],"about":[{"href":"https:\/\/www.infraestruturameioambiente.sp.gov.br\/institutoflorestal\/wp-json\/wp\/v2\/types\/page"}],"author":[{"embeddable":true,"href":"https:\/\/www.infraestruturameioambiente.sp.gov.br\/institutoflorestal\/wp-json\/wp\/v2\/users\/102"}],"replies":[{"embeddable":true,"href":"https:\/\/www.infraestruturameioambiente.sp.gov.br\/institutoflorestal\/wp-json\/wp\/v2\/comments?post=12492"}],"version-history":[{"count":6,"href":"https:\/\/www.infraestruturameioambiente.sp.gov.br\/institutoflorestal\/wp-json\/wp\/v2\/pages\/12492\/revisions"}],"predecessor-version":[{"id":13114,"href":"https:\/\/www.infraestruturameioambiente.sp.gov.br\/institutoflorestal\/wp-json\/wp\/v2\/pages\/12492\/revisions\/13114"}],"up":[{"embeddable":true,"href":"https:\/\/www.infraestruturameioambiente.sp.gov.br\/institutoflorestal\/wp-json\/wp\/v2\/pages\/2998"}],"wp:attachment":[{"href":"https:\/\/www.infraestruturameioambiente.sp.gov.br\/institutoflorestal\/wp-json\/wp\/v2\/media?parent=12492"}],"curies":[{"name":"wp","href":"https:\/\/api.w.org\/{rel}","templated":true}]}}