{"id":11699,"date":"2016-06-29T11:55:43","date_gmt":"2016-06-29T14:55:43","guid":{"rendered":"https:\/\/www.infraestruturameioambiente.sp.gov.br\/institutoflorestal\/?page_id=11699"},"modified":"2016-09-16T11:10:06","modified_gmt":"2016-09-16T14:10:06","slug":"revista-v-28-no1","status":"publish","type":"page","link":"https:\/\/www.infraestruturameioambiente.sp.gov.br\/institutoflorestal\/publicacoes-if\/revista-do-if\/revista-v-28-no1\/","title":{"rendered":"Revista v.28, n\u00ba1"},"content":{"rendered":"<p><strong>REVISTA V. 28, N. 1- Jun. 2016 &#8211; Revista Completa (<a href=\"https:\/\/www.infraestruturameioambiente.sp.gov.br\/institutoflorestal\/wp-content\/uploads\/sites\/234\/2016\/06\/RIF28-1.pdf\">PDF<\/a>) (<a href=\"https:\/\/www.infraestruturameioambiente.sp.gov.br\/institutoflorestal\/wp-content\/uploads\/sites\/234\/2016\/06\/RIF28-1.rar\">XML<\/a>)<\/strong><\/p>\n<p><strong>ARTIGOS CIENT\u00cdFICOS\/SCIENTIFIC ARTICLES<\/strong><\/p>\n<ul>\n<li>A vegeta\u00e7\u00e3o secund\u00e1ria em um fragmento florestal urbano: influ\u00eancia de ex\u00f3ticas invasoras na comunidade vegetal. Secondary vegetation in a urban forest remnant: alien species influence on plant community.\u00a0Silvana Cristina Pereira Muniz de SOUZA;\u00a0Athos Geraldo da SIVA;\u00a0Geraldo Antonio Daher C\u00f4rrea FRANCO;\u00a0Nat\u00e1lia Macedo IVANAUSKAS<br \/>\n<a href=\"http:\/\/dx.doi.org\/10.4322\/rif.2016.001\">http:\/\/dx.doi.org\/10.4322\/rif.2016.001<\/a><\/li>\n<\/ul>\n<p style=\"text-align: right\"><a href=\"https:\/\/www.infraestruturameioambiente.sp.gov.br\/institutoflorestal\/wp-content\/uploads\/sites\/234\/2016\/06\/RIF28-1_7-35.pdf\"><strong>p. 7-35<\/strong><\/a><\/p>\n<ul>\n<li>Cobertura de lianas no dossel florestal e seus efeitos sobre a regenera\u00e7\u00e3o de esp\u00e9cies arb\u00f3reas. Liana\u2019s coverture in the forest canopy and its effects on regeneration of tree species.\u00a0Marcele Almeida da SILVA; Mariane Martins RODRIGUES; Ciro Abbud RIGHI<br \/>\n<a href=\"http:\/\/dx.doi.org\/10.4322\/rif.2016.002\">http:\/\/dx.doi.org\/10.4322\/rif.2016.002<\/a><\/li>\n<\/ul>\n<p style=\"text-align: right\"><a href=\"https:\/\/www.infraestruturameioambiente.sp.gov.br\/institutoflorestal\/wp-content\/uploads\/sites\/234\/2016\/06\/RIF28-1_37-47.pdf\"><strong>p. 37-47<\/strong><\/a><\/p>\n<ul>\n<li>Varia\u00e7\u00e3o fenot\u00edpica para caracteres silviculturais em popula\u00e7\u00f5es de <em>Aspidosperma\u00a0 <\/em>spp. sem estrutura de prog\u00eanies. Genetic variation for silvicultural traits in populations of <em>Aspidosperma<\/em> spp. without progeny arrays.\u00a0Camila Regina Silva Baleroni RECCO;\u00a0Wanderley dos SANTOS;\u00a0Danilla Cristina Lemos SOUZA;\u00a0Jos\u00e9 CAMBUIM;\u00a0Marcela Aparecida de MORAES;\u00a0Alexandre Marques da SILVA;\u00a0Miguel Luiz Menezes de FREITAS;\u00a0Mario Luiz Teixeira de MORAES<br \/>\n<a href=\"http:\/\/dx.doi.org\/10.4322\/rif.2016.003\">http:\/\/dx.doi.org\/10.4322\/rif.2016.003<\/a><\/li>\n<\/ul>\n<p style=\"text-align: right\"><a href=\"https:\/\/www.infraestruturameioambiente.sp.gov.br\/institutoflorestal\/wp-content\/uploads\/sites\/234\/2016\/06\/RIF28-1_49-57.pdf\"><strong>p. 49-57<\/strong><\/a><\/p>\n<ul>\n<li>O papel das aves na dispers\u00e3o e germina\u00e7\u00e3o de sementes do pau-incenso (<em>Pittoporum undulatum<\/em> Vent.) em um remanescente de Mata Atl\u00e2ntica. Bird role in seed dispersion and germination of <em>Pittosporum undulatum<\/em> Vent., seeds in an Atlantic Forest remnant.\u00a0Mariana Lopes CAMPAGNOLI;\u00a0S\u00e9rgio Roberto Garcia dos SANTOS;\u00a0Sebastiana Dutra de Souza Revoredo da SILVA;\u00a0Alexsander Zamorano\u00a0ANTUNES<br \/>\n<a href=\"http:\/\/dx.doi.org\/10.4322\/rif.2016.004\">http:\/\/dx.doi.org\/10.4322\/rif.2016.004<\/a><\/li>\n<\/ul>\n<p style=\"text-align: right\"><a href=\"https:\/\/www.infraestruturameioambiente.sp.gov.br\/institutoflorestal\/wp-content\/uploads\/sites\/234\/2016\/06\/RIF28-1_59-67.pdf\"><strong>p. 59-67<\/strong><\/a><\/p>\n<ul>\n<li>Wood axial characterization of 32-year-old <em>Croton piptocalyx<\/em> M\u00fcll.Arg. Euphorbiaceae. Caracteriza\u00e7\u00e3o axial da madeira de\u00a0 <em>Croton piptocalyx<\/em> M\u00fcll.Arg. Euphorbiaceae com 32 anos de idade. \u00a0Amanda Aparecida VIANNA;\u00a0Eduardo Luiz LONGUI;\u00a0Sandra Monteiro Borges FLORSHEIM; Israel Luiz de LIMA;\u00a0Miguel Luiz Menezes FREITAS; Antonio Carlos Scatena ZANATTO; Marcelo ZANATA<br \/>\n<a href=\"http:\/\/dx.doi.org\/10.4322\/rif.2016.005\">http:\/\/dx.doi.org\/10.4322\/rif.2016.005<\/a><\/li>\n<\/ul>\n<p style=\"text-align: right\"><a href=\"https:\/\/www.infraestruturameioambiente.sp.gov.br\/institutoflorestal\/wp-content\/uploads\/sites\/234\/2016\/06\/RIF28-1_69-75.pdf\"><strong>p. 69-75<\/strong><\/a><\/p>\n<p style=\"text-align: left\"><strong>NOTAS CIENT\u00cdFICAS\/SCIENTIFIC NOTES<\/strong><\/p>\n<ul>\n<li>Coopera\u00e7\u00e3o cient\u00edfica para implanta\u00e7\u00e3o do Herb\u00e1rio da Figueira \u2013 FIG. Scientific cooperation for implantation of Figueira Herbarium \u2013 FIG.\u00a0Roque Cielo FILHO;\u00a0Fernando PERIOTTO; Carla Daniela C\u00c2MARA; Geraldo Antonio Daher Correa FRANCO; Jo\u00e3o Batista BAITELLO; Osny Tadeu AGUIAR; Carolina Rodrigues SOUSA<br \/>\n<a href=\"http:\/\/dx.doi.org\/10.4322\/rif.2016.006\">http:\/\/dx.doi.org\/10.4322\/rif.2016.006<\/a><\/li>\n<\/ul>\n<p style=\"text-align: right\"><a href=\"https:\/\/www.infraestruturameioambiente.sp.gov.br\/institutoflorestal\/wp-content\/uploads\/sites\/234\/2016\/06\/RIF28-1_77-81.pdf\"><strong>p. 77-81<\/strong><\/a><\/p>\n","protected":false},"excerpt":{"rendered":"<p>REVISTA V. 28, N. 1- Jun. 2016 &#8211; Revista Completa (PDF) (XML) ARTIGOS CIENT\u00cdFICOS\/SCIENTIFIC ARTICLES A vegeta\u00e7\u00e3o secund\u00e1ria em um fragmento florestal urbano: influ\u00eancia de ex\u00f3ticas invasoras na comunidade vegetal. Secondary vegetation in a urban forest remnant: alien species influence on plant community.\u00a0Silvana Cristina Pereira Muniz de SOUZA;\u00a0Athos Geraldo da SIVA;\u00a0Geraldo Antonio Daher C\u00f4rrea FRANCO;\u00a0Nat\u00e1lia [&hellip;]<\/p>\n","protected":false},"author":102,"featured_media":0,"parent":2998,"menu_order":0,"comment_status":"closed","ping_status":"closed","template":"","meta":[],"_links":{"self":[{"href":"https:\/\/www.infraestruturameioambiente.sp.gov.br\/institutoflorestal\/wp-json\/wp\/v2\/pages\/11699"}],"collection":[{"href":"https:\/\/www.infraestruturameioambiente.sp.gov.br\/institutoflorestal\/wp-json\/wp\/v2\/pages"}],"about":[{"href":"https:\/\/www.infraestruturameioambiente.sp.gov.br\/institutoflorestal\/wp-json\/wp\/v2\/types\/page"}],"author":[{"embeddable":true,"href":"https:\/\/www.infraestruturameioambiente.sp.gov.br\/institutoflorestal\/wp-json\/wp\/v2\/users\/102"}],"replies":[{"embeddable":true,"href":"https:\/\/www.infraestruturameioambiente.sp.gov.br\/institutoflorestal\/wp-json\/wp\/v2\/comments?post=11699"}],"version-history":[{"count":12,"href":"https:\/\/www.infraestruturameioambiente.sp.gov.br\/institutoflorestal\/wp-json\/wp\/v2\/pages\/11699\/revisions"}],"predecessor-version":[{"id":12046,"href":"https:\/\/www.infraestruturameioambiente.sp.gov.br\/institutoflorestal\/wp-json\/wp\/v2\/pages\/11699\/revisions\/12046"}],"up":[{"embeddable":true,"href":"https:\/\/www.infraestruturameioambiente.sp.gov.br\/institutoflorestal\/wp-json\/wp\/v2\/pages\/2998"}],"wp:attachment":[{"href":"https:\/\/www.infraestruturameioambiente.sp.gov.br\/institutoflorestal\/wp-json\/wp\/v2\/media?parent=11699"}],"curies":[{"name":"wp","href":"https:\/\/api.w.org\/{rel}","templated":true}]}}