{"id":11448,"date":"2016-05-24T17:04:13","date_gmt":"2016-05-24T20:04:13","guid":{"rendered":"https:\/\/www.infraestruturameioambiente.sp.gov.br\/institutoflorestal\/?page_id=11448"},"modified":"2016-09-16T14:36:56","modified_gmt":"2016-09-16T17:36:56","slug":"x-seminario-de-iniciacao-cientifica","status":"publish","type":"page","link":"https:\/\/www.infraestruturameioambiente.sp.gov.br\/institutoflorestal\/o-instituto\/estagios-e-bolsas\/seminario-de-iniciacao-cientifica\/x-seminario-de-iniciacao-cientifica\/","title":{"rendered":""},"content":{"rendered":"<p style=\"text-align: center\"><img decoding=\"async\" loading=\"lazy\" class=\"alignnone size-medium wp-image-11450\" src=\"https:\/\/www.infraestruturameioambiente.sp.gov.br\/institutoflorestal\/wp-content\/uploads\/sites\/234\/2016\/05\/LOGO-PIBIC-300x212.jpg\" alt=\"LOGO PIBIC\" width=\"300\" height=\"212\" srcset=\"https:\/\/www.infraestruturameioambiente.sp.gov.br\/institutoflorestal\/wp-content\/uploads\/sites\/234\/2016\/05\/LOGO-PIBIC-300x212.jpg 300w, https:\/\/www.infraestruturameioambiente.sp.gov.br\/institutoflorestal\/wp-content\/uploads\/sites\/234\/2016\/05\/LOGO-PIBIC-768x543.jpg 768w, https:\/\/www.infraestruturameioambiente.sp.gov.br\/institutoflorestal\/wp-content\/uploads\/sites\/234\/2016\/05\/LOGO-PIBIC-382x270.jpg 382w, https:\/\/www.infraestruturameioambiente.sp.gov.br\/institutoflorestal\/wp-content\/uploads\/sites\/234\/2016\/05\/LOGO-PIBIC-219x155.jpg 219w, https:\/\/www.infraestruturameioambiente.sp.gov.br\/institutoflorestal\/wp-content\/uploads\/sites\/234\/2016\/05\/LOGO-PIBIC-137x97.jpg 137w, https:\/\/www.infraestruturameioambiente.sp.gov.br\/institutoflorestal\/wp-content\/uploads\/sites\/234\/2016\/05\/LOGO-PIBIC-68x48.jpg 68w, https:\/\/www.infraestruturameioambiente.sp.gov.br\/institutoflorestal\/wp-content\/uploads\/sites\/234\/2016\/05\/LOGO-PIBIC-284x201.jpg 284w, https:\/\/www.infraestruturameioambiente.sp.gov.br\/institutoflorestal\/wp-content\/uploads\/sites\/234\/2016\/05\/LOGO-PIBIC-129x91.jpg 129w, https:\/\/www.infraestruturameioambiente.sp.gov.br\/institutoflorestal\/wp-content\/uploads\/sites\/234\/2016\/05\/LOGO-PIBIC-140x99.jpg 140w, https:\/\/www.infraestruturameioambiente.sp.gov.br\/institutoflorestal\/wp-content\/uploads\/sites\/234\/2016\/05\/LOGO-PIBIC-70x50.jpg 70w, https:\/\/www.infraestruturameioambiente.sp.gov.br\/institutoflorestal\/wp-content\/uploads\/sites\/234\/2016\/05\/LOGO-PIBIC-330x233.jpg 330w, https:\/\/www.infraestruturameioambiente.sp.gov.br\/institutoflorestal\/wp-content\/uploads\/sites\/234\/2016\/05\/LOGO-PIBIC-69x49.jpg 69w\" sizes=\"(max-width: 300px) 100vw, 300px\" \/><\/p>\n<p style=\"text-align: center\"><strong>02 a 04 de agosto de 2016<br \/>\n<\/strong><\/p>\n<p style=\"text-align: center\"><strong>Audit\u00f3rio do Instituto Florestal<br \/>\n<\/strong>Acesso pela Rua Lu\u00eds Carlos Gentile de Laet, 553<br \/>\nHorto Florestal &#8211; CEP 02378-000 &#8211; S\u00e3o Paulo &#8211; SP<\/p>\n<ul>\n<li><a href=\"https:\/\/www.infraestruturameioambiente.sp.gov.br\/institutoflorestal\/wp-content\/uploads\/sites\/234\/2016\/05\/Programacao_Seminario_IC_2016.pdf\">Programa\u00e7\u00e3o<\/a><\/li>\n<li><a style=\"text-align: center\" href=\"https:\/\/www.infraestruturameioambiente.sp.gov.br\/institutoflorestal\/institutoflorestal\/o-instituto\/estagios-e-bolsas\/seminario-de-iniciacao-cientifica\/x-seminario-de-iniciacao-cientifica\/organizacao\/\">Organiza\u00e7\u00e3o<\/a><\/li>\n<li><a style=\"text-align: center\" href=\"https:\/\/www.infraestruturameioambiente.sp.gov.br\/institutoflorestal\/institutoflorestal\/o-instituto\/estagios-e-bolsas\/seminario-de-iniciacao-cientifica\/x-seminario-de-iniciacao-cientifica\/11465-2\/\">Avaliadores<\/a><\/li>\n<li><a style=\"text-align: center\" href=\"https:\/\/www.infraestruturameioambiente.sp.gov.br\/institutoflorestal\/wp-content\/uploads\/sites\/234\/2016\/05\/Edital_SeminarioIC_2016.pdf\">Chamada para apresenta\u00e7\u00e3o de trabalhos<\/a><\/li>\n<li><a href=\"https:\/\/www.infraestruturameioambiente.sp.gov.br\/institutoflorestal\/wp-content\/uploads\/sites\/234\/2016\/05\/modelo_painelX_SEMINARIO_2016.ppt\">Modelo de Painel<\/a><\/li>\n<li><a href=\"https:\/\/www.infraestruturameioambiente.sp.gov.br\/institutoflorestal\/wp-content\/uploads\/sites\/234\/2016\/05\/projetos_aceitos_Semin\u00e1rio_IC_2016.pdf\">Rela\u00e7\u00e3o de trabalhos aceitos<\/a><\/li>\n<li><a href=\"https:\/\/www.infraestruturameioambiente.sp.gov.br\/institutoflorestal\/institutoflorestal\/o-instituto\/estagios-e-bolsas\/seminario-de-iniciacao-cientifica\/anais-do-10o-seminario-de-iniciacao-cientifica-do-instituto-florestal\/\">Anais do Semin\u00e1rio<\/a><\/li>\n<\/ul>\n<p style=\"text-align: center\">D\u00daVIDAS E INFORMA\u00c7\u00d5ES:\u00a0seminarioic@if.sp.gov.br<\/p>\n<p>&nbsp;<\/p>\n","protected":false},"excerpt":{"rendered":"<p>02 a 04 de agosto de 2016 Audit\u00f3rio do Instituto Florestal Acesso pela Rua Lu\u00eds Carlos Gentile de Laet, 553 Horto Florestal &#8211; CEP 02378-000 &#8211; S\u00e3o Paulo &#8211; SP Programa\u00e7\u00e3o Organiza\u00e7\u00e3o Avaliadores Chamada para apresenta\u00e7\u00e3o de trabalhos Modelo de Painel Rela\u00e7\u00e3o de trabalhos aceitos Anais do Semin\u00e1rio D\u00daVIDAS E INFORMA\u00c7\u00d5ES:\u00a0seminarioic@if.sp.gov.br &nbsp;<\/p>\n","protected":false},"author":47,"featured_media":0,"parent":8576,"menu_order":0,"comment_status":"closed","ping_status":"closed","template":"","meta":[],"_links":{"self":[{"href":"https:\/\/www.infraestruturameioambiente.sp.gov.br\/institutoflorestal\/wp-json\/wp\/v2\/pages\/11448"}],"collection":[{"href":"https:\/\/www.infraestruturameioambiente.sp.gov.br\/institutoflorestal\/wp-json\/wp\/v2\/pages"}],"about":[{"href":"https:\/\/www.infraestruturameioambiente.sp.gov.br\/institutoflorestal\/wp-json\/wp\/v2\/types\/page"}],"author":[{"embeddable":true,"href":"https:\/\/www.infraestruturameioambiente.sp.gov.br\/institutoflorestal\/wp-json\/wp\/v2\/users\/47"}],"replies":[{"embeddable":true,"href":"https:\/\/www.infraestruturameioambiente.sp.gov.br\/institutoflorestal\/wp-json\/wp\/v2\/comments?post=11448"}],"version-history":[{"count":33,"href":"https:\/\/www.infraestruturameioambiente.sp.gov.br\/institutoflorestal\/wp-json\/wp\/v2\/pages\/11448\/revisions"}],"predecessor-version":[{"id":11663,"href":"https:\/\/www.infraestruturameioambiente.sp.gov.br\/institutoflorestal\/wp-json\/wp\/v2\/pages\/11448\/revisions\/11663"}],"up":[{"embeddable":true,"href":"https:\/\/www.infraestruturameioambiente.sp.gov.br\/institutoflorestal\/wp-json\/wp\/v2\/pages\/8576"}],"wp:attachment":[{"href":"https:\/\/www.infraestruturameioambiente.sp.gov.br\/institutoflorestal\/wp-json\/wp\/v2\/media?parent=11448"}],"curies":[{"name":"wp","href":"https:\/\/api.w.org\/{rel}","templated":true}]}}