{"id":10984,"date":"2016-02-25T10:50:48","date_gmt":"2016-02-25T13:50:48","guid":{"rendered":"https:\/\/www.infraestruturameioambiente.sp.gov.br\/institutoflorestal\/?page_id=10984"},"modified":"2021-03-01T14:55:30","modified_gmt":"2021-03-01T17:55:30","slug":"videos-de-palestras-e-eventos-realizados-no-instituto-florestal","status":"publish","type":"page","link":"https:\/\/www.infraestruturameioambiente.sp.gov.br\/institutoflorestal\/videos-de-palestras-e-eventos-realizados-no-instituto-florestal\/","title":{"rendered":"Videos de palestras e eventos realizados no Instituto Florestal"},"content":{"rendered":"<h3>2015<\/h3>\n<ul>\n<li>22\/10\/2015 &#8211; <a href=\"https:\/\/www.infraestruturameioambiente.sp.gov.br\/institutoflorestal\/videos-do-iv-seminario-frutos-da-mata-atlantica\/\">4\u00ba Semin\u00e1rio Frutos da Mata Atl\u00e2ntica<\/a><\/li>\n<li>05\/11\/2015 &#8211;\u00a0<a href=\"https:\/\/www.infraestruturameioambiente.sp.gov.br\/institutoflorestal\/videos-de-palestras-e-eventos-realizados-no-instituto-florestal\/video-da-palestra-governanca-dos-recursos-florestais-e-hidricos-bosque-modelo-reventazon-costa-rica-territorio-indigena-nacao-haida-vancouver-red-asa-nordeste-do-brasil-ph-d\/\">Ciclo de Palestras: \u201cGovernan\u00e7a dos recursos florestais e h\u00eddricos: Bosque Modelo Reventaz\u00f3n (Costa rica), Territ\u00f3rio ind\u00edgena Na\u00e7\u00e3o Haida (Vancouver) Red ASA (Nordeste do Brasil) \u2013 Ph.D. Nathalie Gravel<\/a><\/li>\n<\/ul>\n<h3>2016<\/h3>\n<ul>\n<li>23\/02\/2016 &#8211; <a href=\"https:\/\/www.infraestruturameioambiente.sp.gov.br\/institutoflorestal\/videos-de-palestras-e-eventos-realizados-no-instituto-florestal\/ciclo-de-palestras-o-novo-marco-legal-da-ciencia-e-tecnologia-brasileira\/\">Ciclo de Palestras: O novo marco legal da ci\u00eancia e tecnologia brasileira<\/a><\/li>\n<\/ul>\n<h3><strong>2020<\/strong><\/h3>\n<ul>\n<li>30\/04\/2020 &#8211; <a href=\"https:\/\/youtu.be\/ulKQ5ZejvLY\">Videoconfer\u00eancia de lan\u00e7amento do livro &#8220;Invas\u00e3o por Pinus Ssp: ecologia, preven\u00e7\u00e3o, controle e restaura\u00e7ao&#8221;<\/a><\/li>\n<li>05\/05\/2020 &#8211; <a href=\"https:\/\/youtu.be\/CdjF4nNgQK4\">Caf\u00e9 Virtual no IF: Equil\u00edbrio emocional em tempos de isolamento social<\/a><\/li>\n<li>14\/05\/2020 &#8211; <a href=\"https:\/\/youtu.be\/tH_fRvoKXe8\">Caf\u00e9 Virtual no IF: &#8220;As belezas e peculiaridades da Floresta Estadual de Pederneiras&#8221;, com Maria Tereza Zugliani Toniato e Jos\u00e9 Arimat\u00e9ia Rebelo Machado&#8221;<\/a><\/li>\n<li>18\/05\/2020 &#8211; <a href=\"https:\/\/youtu.be\/ao2QK5OmJA8\">Dia Internacional dos Museus : Museu Florestal &#8220;Oct\u00e1vio Vecchi&#8221; realiza roda de conversa &#8220;Arte, Meio Ambiente e Hist\u00f3ria&#8221; &#8211; Prof. Janes Jorge (Unifesp), Profa. Let\u00edcia Squeff (Unifesp) e Felipe Zanusso (Unicamp)<\/a><\/li>\n<li>21\/05\/2020 &#8211; <a href=\"https:\/\/youtu.be\/-VzV8xgq6U4\">Caf\u00e9 Virtual no IF: &#8220;As rela\u00e7\u00f5es entre meio ambiente e pandemia, o novo Coronav\u00edrus e perspectivas para o Brasil e o Estado de S\u00e3o Paulo&#8221; &#8211; Paulo Saldiva (USP)<\/a><\/li>\n<li>28\/05\/2020 &#8211; <a href=\"https:\/\/youtu.be\/CH37Q9pqXCg\">Caf\u00e9 Virtual no IF &#8211; As altera\u00e7\u00f5es na Lei da Mata Atl\u00e2ntica e as consequ\u00eancias para o bioma<\/a><\/li>\n<li>02\/06\/2020 &#8211; <a href=\"https:\/\/youtu.be\/nLx_0D4dXTs\">Webinar As aves do Horto de Tupi<\/a><\/li>\n<li>04\/06\/2020 &#8211; <a href=\"https:\/\/youtu.be\/0b1jdOIdt-M\">Webinar Esta\u00e7\u00f5es Ecol\u00f3gica e Experimental de Itirapina<\/a><\/li>\n<li>04\/06\/2020 &#8211; <a href=\"https:\/\/youtu.be\/WE7uR96GvnQ\">Caf\u00e9 Virtual no IF \u2013 A origem da Festa das \u00c1rvores<\/a><\/li>\n<li>05\/06\/2020 &#8211; <a href=\"https:\/\/youtu.be\/YjBbzjXKjTI\">Lan\u00e7amento de livro \u201cO passado magn\u00edfico da ilustra\u00e7\u00e3o e da pesquisa cient\u00edfica no Servi\u00e7o Florestal do estado de S\u00e3o Paulo \u2013 1942 \u2013 1960\u201d<\/a><\/li>\n<li>10\/06\/2020 &#8211; <a href=\"https:\/\/youtu.be\/7L6sjbXgxSU\">Caf\u00e9 Virtual no IF &#8211; A\u00a0conserva\u00e7\u00e3o gen\u00e9tica de esp\u00e9cies florestais e a agro<span class=\"text_exposed_show\">floresta com esp\u00e9cies nativas de alto valor econ\u00f4mico<\/span><\/a><\/li>\n<li>18\/06\/2020 &#8211; <a href=\"https:\/\/youtu.be\/HlE-SMc_kfs\">Caf\u00e9 Virtual no IF &#8211; 26 anos da Reserva da Biosfera do Cintur\u00e3o Verde da Cidade de S\u00e3o Paulo<\/a><\/li>\n<li>25\/06\/2020 &#8211; <a href=\"https:\/\/youtu.be\/ND0ne0TgX1M\">Caf\u00e9 Virtual no IF &#8211; Atua\u00e7\u00e3o da Frente Parlamentar Ambientalista: velhos e novos desafios, com Rodrigo Agostinho<\/a><\/li>\n<li>02\/07\/2020 &#8211; <a href=\"https:\/\/youtu.be\/KON6GXisr2U\">Caf\u00e9 Virtual no IF &#8211; Meio Ambiente: A Natureza de todas as coisas na rede de rela\u00e7\u00f5es interdependentes\u201d<\/a>,\u00a0com\u00a0Monja Coen<\/li>\n<li>09\/07\/2020 &#8211; <a href=\"https:\/\/youtu.be\/0qIraJDdLsM\">Caf\u00e9 Virtual no IF &#8211; \u201cDesafios para o fortalecimento da a\u00e7\u00e3o clim\u00e1tica no p\u00f3s COVID-19\u201d<\/a><\/li>\n<li>16\/07\/2020 &#8211; <a href=\"https:\/\/youtu.be\/VJqUXn6gpzY\">Caf\u00e9 Virtual no IF &#8211; &#8220;O Poder da juventude: lideran\u00e7a e ativismo ambiental em um mundo em transforma\u00e7\u00e3o&#8221;<\/a>, com Ondalva Serrano, Marcos Sorrentino, Israel Lopes, Amanda Costa e Valentina Ruas<\/li>\n<li>23\/07\/2020 &#8211; <a href=\"https:\/\/youtu.be\/MSouaBc9EiY\">Caf\u00e9 Virtual no IF &#8211; &#8220;Lan\u00e7amento do Invent\u00e1rio Florestal 2020&#8221;<\/a><\/li>\n<li>31\/07\/2020 &#8211; <a href=\"https:\/\/youtu.be\/VAhiXhECtAI\">Caf\u00e9 Virtual no IF &#8211; &#8220;Guarda-Parques: import\u00e2ncia, hist\u00f3ria e futuro&#8221;<\/a>, com Claudio Maretti, Felipe Zanusso, Manoel Messias dos Santos e Marcos Nobre<\/li>\n<li>06\/08\/2020 &#8211; <a href=\"https:\/\/youtu.be\/mZ6Nssx4Rzg\">Caf\u00e9 Virtual no IF &#8211; &#8220;20 anos do Sistema Nacional de Unidades de Conserva\u00e7\u00e3o&#8221;<\/a><\/li>\n<li>13\/08\/2020 &#8211; <a href=\"https:\/\/youtu.be\/7_OF0SfKE0g\">Caf\u00e9 Virtual no IF &#8211; &#8220;Mulher, sim. Nuclear, sim. Meio Ambiente, tamb\u00e9m: derrubando barreiras&#8221;<\/a><\/li>\n<li>20\/08\/2020 &#8211; <a href=\"https:\/\/youtu.be\/vOr1lGbiyyU\">Caf\u00e9 Virtual no IF &#8211; &#8220;Treinamentos no Jap\u00e3o: uni\u00e3o de mundos, constru\u00e7\u00e3o de conhecimento para a vida&#8221;<\/a><\/li>\n<li>27\/08\/2020 &#8211; Caf\u00e9 Virtual no IF &#8211; <a href=\"https:\/\/youtu.be\/iimW59yUfsI\">&#8220;A import\u00e2ncia da Esta\u00e7\u00e3o Ecol\u00f3gica e da Floresta Estadual de Assis para a biodiversidade e bem-estar humano&#8221;<\/a><\/li>\n<li>03\/09\/2020 &#8211; Caf\u00e9 Virtual no IF &#8211; <a href=\"https:\/\/youtu.be\/Gb9huMKeexs\">&#8220;\u00c1reas protegidas: espa\u00e7os educadores para a constru\u00e7\u00e3o de sociedades sustent\u00e1veis&#8221;<\/a><\/li>\n<li>08\/09\/2020 &#8211; <a href=\"https:\/\/youtu.be\/0DnZrAlwDUY\">Webinar &#8220;O Cerrado e a Fazendinha: um bate-papo sobre regenera\u00e7\u00e3o, manejo e crimes ambientais&#8221;<\/a><\/li>\n<li>10\/09\/2020 &#8211; Caf\u00e9 Virtual no IF &#8211; <a href=\"https:\/\/youtu.be\/NPjtY5TWBng\">\u201cQue Conversa \u00e9 Essa? Programa de Uso P\u00fablico do Instituto Florestal\u201d<\/a><\/li>\n<li>11\/19\/2020 &#8211; <a href=\"https:\/\/youtu.be\/RVJKn8RnL5g\">Roda de conversa &#8220;A Saga do Curupira&#8221;<\/a><\/li>\n<li>15\/09\/2020 &#8211; <a href=\"https:\/\/youtu.be\/mRhEUSy_258\">Roda de conversa &#8220;A divulga\u00e7\u00e3o cient\u00edfica no Servi\u00e7o Florestal e a contribui\u00e7\u00e3o do Museu Florestal para a constitui\u00e7\u00e3o dos saberes ambientais em SP&#8221;<\/a><\/li>\n<li>17\/09\/2020 &#8211; Caf\u00e9 Virtual no IF &#8211;<a href=\"https:\/\/youtu.be\/DjnFWzNdl0g\"> &#8220;Inc\u00eandios Florestais: uma emerg\u00eancia ambiental&#8221;<\/a><\/li>\n<li>18\/19\/2020 &#8211; <a href=\"https:\/\/youtu.be\/pJnB8oyejHQ\"><strong><span style=\"font-weight: 400\">Roda de leitura de textos de Alberto L\u00f6fgren<\/span><\/strong><\/a><\/li>\n<li>21\/09\/2020 &#8211; <a href=\"https:\/\/youtu.be\/zcJ_YKWR6YE\">Dia da \u00c1rvore e lan\u00e7amento do livro \u201cIdentifica\u00e7\u00e3o Macrosc\u00f3pica de Madeiras Comerciais do Estado de S\u00e3o Paulo\u201d<\/a><\/li>\n<li>22\/09\/2020 &#8211; <a href=\"https:\/\/youtu.be\/EmE77xwSszo\">Entrevista <span style=\"font-weight: 400\">&#8220;A arte do char\u00e3o sob um olhar jornal\u00edstico cultural&#8221;<\/span><\/a><\/li>\n<li>25\/09\/2020 &#8211; <a href=\"https:\/\/youtu.be\/PlECP3QVG0U\">Roda de conversa &#8211; Relic\u00e1rio &#8211; &#8220;Mem\u00f3ria de nossas \u00e1rvores&#8221;<\/a><\/li>\n<li>01\/10\/2020 &#8211; Caf\u00e9 Virtual no IF &#8211;<a href=\"https:\/\/youtu.be\/5Ew1BLGMrWc\"> &#8220;As cidades e a biodiversidade urbana: oportunidades e desafios&#8221;<\/a><\/li>\n<li>07\/10\/2020 &#8211; <a href=\"https:\/\/youtu.be\/-CxuywKY-Us\">14\u00ba Semin\u00e1rio de Inicia\u00e7\u00e3o Cient\u00edfica do IF (dia 1)<\/a><\/li>\n<li>08\/10\/2020 &#8211; <a href=\"https:\/\/youtu.be\/cQ25UhISA54\">14\u00ba Semin\u00e1rio de Inicia\u00e7\u00e3o Cient\u00edfica do IF (dia 2)<\/a><\/li>\n<li>17\/10\/2020 &#8211; Caf\u00e9 Virtual no IF -&#8220;Usos da biodiversidade e das \u00e1reas verdes urbanas&#8221;<\/li>\n<li>22\/10\/2020 &#8211; Caf\u00e9 Virtual no IF &#8211; &#8220;Caminho mais seguro com passagens de fauna&#8221;<\/li>\n<li>29\/10\/2020 &#8211; Caf\u00e9 Virtual no IF &#8211; &#8220;Depois do fogo: os desafios da recupera\u00e7\u00e3o da vegeta\u00e7\u00e3o em S\u00e3o Paulo&#8221;<\/li>\n<\/ul>\n","protected":false},"excerpt":{"rendered":"<p>2015 22\/10\/2015 &#8211; 4\u00ba Semin\u00e1rio Frutos da Mata Atl\u00e2ntica 05\/11\/2015 &#8211;\u00a0Ciclo de Palestras: \u201cGovernan\u00e7a dos recursos florestais e h\u00eddricos: Bosque Modelo Reventaz\u00f3n (Costa rica), Territ\u00f3rio ind\u00edgena Na\u00e7\u00e3o Haida (Vancouver) Red ASA (Nordeste do Brasil) \u2013 Ph.D. Nathalie Gravel 2016 23\/02\/2016 &#8211; Ciclo de Palestras: O novo marco legal da ci\u00eancia e tecnologia brasileira 2020 30\/04\/2020 [&hellip;]<\/p>\n","protected":false},"author":102,"featured_media":0,"parent":0,"menu_order":0,"comment_status":"closed","ping_status":"open","template":"","meta":[],"_links":{"self":[{"href":"https:\/\/www.infraestruturameioambiente.sp.gov.br\/institutoflorestal\/wp-json\/wp\/v2\/pages\/10984"}],"collection":[{"href":"https:\/\/www.infraestruturameioambiente.sp.gov.br\/institutoflorestal\/wp-json\/wp\/v2\/pages"}],"about":[{"href":"https:\/\/www.infraestruturameioambiente.sp.gov.br\/institutoflorestal\/wp-json\/wp\/v2\/types\/page"}],"author":[{"embeddable":true,"href":"https:\/\/www.infraestruturameioambiente.sp.gov.br\/institutoflorestal\/wp-json\/wp\/v2\/users\/102"}],"replies":[{"embeddable":true,"href":"https:\/\/www.infraestruturameioambiente.sp.gov.br\/institutoflorestal\/wp-json\/wp\/v2\/comments?post=10984"}],"version-history":[{"count":20,"href":"https:\/\/www.infraestruturameioambiente.sp.gov.br\/institutoflorestal\/wp-json\/wp\/v2\/pages\/10984\/revisions"}],"predecessor-version":[{"id":20272,"href":"https:\/\/www.infraestruturameioambiente.sp.gov.br\/institutoflorestal\/wp-json\/wp\/v2\/pages\/10984\/revisions\/20272"}],"wp:attachment":[{"href":"https:\/\/www.infraestruturameioambiente.sp.gov.br\/institutoflorestal\/wp-json\/wp\/v2\/media?parent=10984"}],"curies":[{"name":"wp","href":"https:\/\/api.w.org\/{rel}","templated":true}]}}