{"id":10887,"date":"2016-02-12T16:47:14","date_gmt":"2016-02-12T18:47:14","guid":{"rendered":"https:\/\/www.infraestruturameioambiente.sp.gov.br\/institutoflorestal\/?page_id=10887"},"modified":"2021-01-26T12:12:54","modified_gmt":"2021-01-26T14:12:54","slug":"charao","status":"publish","type":"page","link":"https:\/\/www.infraestruturameioambiente.sp.gov.br\/institutoflorestal\/colecoes-e-acervos\/museu-florestal\/charao\/","title":{"rendered":"Char\u00e3o"},"content":{"rendered":"<p>Ao longo dos anos, o Museu passou por mudan\u00e7as diversas em sua expografia e teve acr\u00e9scimos em seu acervo, resultantes da incorpora\u00e7\u00e3o de produ\u00e7\u00f5es art\u00edsticas e cient\u00edficas desenvolvidas no Servi\u00e7o Florestal. Uma delas foi a Escola de Char\u00e3o.<\/p>\n<p>O char\u00e3o, tamb\u00e9m conhecido como Urushi, \u00e9 uma \u00e1rvore natural da \u00c1sia. Era utilizada em uma t\u00e9cnica milenar, de mesmo nome, que basicamente tinha o objetivo de envernizar objetos (especialmente em madeira) atrav\u00e9s das resinas extra\u00eddas da \u00e1rvore por cortes horizontais no tronco que fazem escorrer a seiva, utilizada na produ\u00e7\u00e3o de laca, possibilitando a armazenagem da mesma em barricas, por meio de um processo artesanal filtra-se a seiva. Esse processo \u00e9 realizado entre os meses de Junho e Novembro, que \u00e9 exposta ao Sol ou recebe luz de l\u00e2mpadas infravermelhas, s\u00f3 ent\u00e3o \u00e9 misturada sistematicamente at\u00e9 chegar ao ponto transparente, que origina todas as cores, menos o preto.<\/p>\n<div class=\"wc-gallery\"><div id='gallery-1' data-gutter-width='5' data-columns='3' class='gallery wc-gallery-captions-onhover gallery-link-file gallery-grid galleryid-10887 gallery-columns-3 gallery-size-thumbnail wc-gallery-bottomspace-default wc-gallery-gutter-5 wc-gallery-clear'><div class='gallery-item-wrapper gallery-item-position-1 gallery-item-attachment-20142 gallery-item-column-1'><div class='gallery-item'>\n\t\t\t\t<div class='gallery-item-inner'>\n\t\t\t\t\t<div class='gallery-icon landscape'>\n\t\t\t\t\t\t<a href='https:\/\/smastr16.blob.core.windows.net\/iflorestal\/sites\/234\/2021\/01\/img_8602-1024x682.jpg' title='IMG_8602' target='_self'><img width=\"150\" height=\"150\" src=\"https:\/\/smastr16.blob.core.windows.net\/iflorestal\/sites\/234\/2021\/01\/img_8602-150x150.jpg\" class=\"attachment-thumbnail size-thumbnail\" alt=\"\" decoding=\"async\" loading=\"lazy\" srcset=\"https:\/\/smastr16.blob.core.windows.net\/iflorestal\/sites\/234\/2021\/01\/img_8602-150x150.jpg 150w, https:\/\/smastr16.blob.core.windows.net\/iflorestal\/sites\/234\/2021\/01\/img_8602-48x48.jpg 48w, https:\/\/smastr16.blob.core.windows.net\/iflorestal\/sites\/234\/2021\/01\/img_8602-300x300.jpg 300w\" sizes=\"(max-width: 150px) 100vw, 150px\" \/><\/a>\n\t\t\t\t\t<\/div><\/div><\/div><\/div><div class='gallery-item-wrapper gallery-item-position-2 gallery-item-attachment-20141 gallery-item-column-2'><div class='gallery-item'>\n\t\t\t\t<div class='gallery-item-inner'>\n\t\t\t\t\t<div class='gallery-icon landscape'>\n\t\t\t\t\t\t<a href='https:\/\/smastr16.blob.core.windows.net\/iflorestal\/sites\/234\/2021\/01\/img_8532-1024x682.jpg' title='IMG_8532' target='_self'><img width=\"150\" height=\"150\" src=\"https:\/\/smastr16.blob.core.windows.net\/iflorestal\/sites\/234\/2021\/01\/img_8532-150x150.jpg\" class=\"attachment-thumbnail size-thumbnail\" alt=\"\" decoding=\"async\" loading=\"lazy\" srcset=\"https:\/\/smastr16.blob.core.windows.net\/iflorestal\/sites\/234\/2021\/01\/img_8532-150x150.jpg 150w, https:\/\/smastr16.blob.core.windows.net\/iflorestal\/sites\/234\/2021\/01\/img_8532-48x48.jpg 48w, https:\/\/smastr16.blob.core.windows.net\/iflorestal\/sites\/234\/2021\/01\/img_8532-300x300.jpg 300w\" sizes=\"(max-width: 150px) 100vw, 150px\" \/><\/a>\n\t\t\t\t\t<\/div><\/div><\/div><\/div><div class='gallery-item-wrapper gallery-item-position-3 gallery-item-attachment-20143 gallery-item-column-3 gallery-item-last-column'><div class='gallery-item'>\n\t\t\t\t<div class='gallery-item-inner'>\n\t\t\t\t\t<div class='gallery-icon landscape'>\n\t\t\t\t\t\t<a href='https:\/\/smastr16.blob.core.windows.net\/iflorestal\/sites\/234\/2021\/01\/img_8670-1024x682.jpg' title='IMG_8670' target='_self'><img width=\"150\" height=\"150\" src=\"https:\/\/smastr16.blob.core.windows.net\/iflorestal\/sites\/234\/2021\/01\/img_8670-150x150.jpg\" class=\"attachment-thumbnail size-thumbnail\" alt=\"\" decoding=\"async\" loading=\"lazy\" srcset=\"https:\/\/smastr16.blob.core.windows.net\/iflorestal\/sites\/234\/2021\/01\/img_8670-150x150.jpg 150w, https:\/\/smastr16.blob.core.windows.net\/iflorestal\/sites\/234\/2021\/01\/img_8670-48x48.jpg 48w, https:\/\/smastr16.blob.core.windows.net\/iflorestal\/sites\/234\/2021\/01\/img_8670-300x300.jpg 300w\" sizes=\"(max-width: 150px) 100vw, 150px\" \/><\/a>\n\t\t\t\t\t<\/div><\/div><\/div><\/div><\/div>\n<\/div>\n<p>Vale ressaltar que o Char\u00e3o \u00e9 classificado como \u201cToxicodendron\u201d, pois faz parte do g\u00eanero de \u00e1rvores t\u00f3xicas que assim s\u00e3o denominados na bot\u00e2nica, \u00e9 nociva \u00e0 sa\u00fade pelo contato com a pele quando ainda se encontra em solu\u00e7\u00e3o l\u00edquida, causando na maioria dos casos Dermatite.<\/p>\n<p>No Museu Florestal Oct\u00e1vio Vecchi, \u00e9 poss\u00edvel conferir em seu acervo o resultado de diversas produ\u00e7\u00f5es cient\u00edficas e art\u00edsticas desenvolvidas pelo antigo Servi\u00e7o Florestal, hoje denominado por Instituto Florestal, que sempre teve por objetivo incentivar a pesquisa e a obten\u00e7\u00e3o de novos conhecimentos da ci\u00eancia.<\/p>\n<p>Aqui no Brasil, o m\u00e9todo chegou em 1930 pelas m\u00e3os do japon\u00eas Ryoichi Nakayama que aportou em Santos trazendo sementes da esp\u00e9cie <em>toxicodendron succedanea<\/em>, da Indochina Francesa, para ser introduzida no pa\u00eds, o ent\u00e3o Servi\u00e7o Florestal financiou o plantio da esp\u00e9cie, sendo em 1938 realizada a primeira extra\u00e7\u00e3o. No mesmo per\u00edodo come\u00e7ou o curso ainda informal da t\u00e9cnica do Char\u00e3o, tendo Nakayama como professor, por\u00e9m foi apenas em 1959 que o curso foi oficializado em Escola, sendo a primeira e \u00fanica do pa\u00eds conforme registros do Museu da Imigra\u00e7\u00e3o Japonesa. Nakayama, entretanto, veio a falecer no ano da inaugura\u00e7\u00e3o da escola. Sadao Nakayama (filho do Ryoichi) e Isabel Taeko Ohtake foram as pessoas que deram continuidade \u00e0s obras da escola, que funcionou aproximadamente at\u00e9 os primeiros anos da d\u00e9cada de 1970.<\/p>\n<p><a href=\"https:\/\/smastr16.blob.core.windows.net\/iflorestal\/sites\/234\/2021\/01\/img_8728.jpg\"><img decoding=\"async\" loading=\"lazy\" class=\"aligncenter wp-image-20144 size-medium\" src=\"https:\/\/smastr16.blob.core.windows.net\/iflorestal\/sites\/234\/2021\/01\/img_8728-300x200.jpg\" alt=\"\" width=\"300\" height=\"200\" srcset=\"https:\/\/smastr16.blob.core.windows.net\/iflorestal\/sites\/234\/2021\/01\/img_8728-300x200.jpg 300w, https:\/\/smastr16.blob.core.windows.net\/iflorestal\/sites\/234\/2021\/01\/img_8728-1024x682.jpg 1024w, https:\/\/smastr16.blob.core.windows.net\/iflorestal\/sites\/234\/2021\/01\/img_8728-768x511.jpg 768w, https:\/\/smastr16.blob.core.windows.net\/iflorestal\/sites\/234\/2021\/01\/img_8728-1536x1023.jpg 1536w, https:\/\/smastr16.blob.core.windows.net\/iflorestal\/sites\/234\/2021\/01\/img_8728-2048x1364.jpg 2048w, https:\/\/smastr16.blob.core.windows.net\/iflorestal\/sites\/234\/2021\/01\/img_8728-250x166.jpg 250w, https:\/\/smastr16.blob.core.windows.net\/iflorestal\/sites\/234\/2021\/01\/img_8728-550x366.jpg 550w, https:\/\/smastr16.blob.core.windows.net\/iflorestal\/sites\/234\/2021\/01\/img_8728-800x533.jpg 800w, https:\/\/smastr16.blob.core.windows.net\/iflorestal\/sites\/234\/2021\/01\/img_8728-270x180.jpg 270w, https:\/\/smastr16.blob.core.windows.net\/iflorestal\/sites\/234\/2021\/01\/img_8728-451x300.jpg 451w, https:\/\/smastr16.blob.core.windows.net\/iflorestal\/sites\/234\/2021\/01\/img_8728-751x500.jpg 751w\" sizes=\"(max-width: 300px) 100vw, 300px\" \/><\/a>Em 1992, um pesquisador do Instituto Florestal viajou ao Jap\u00e3o e comunicou a experi\u00eancia da Escola de Char\u00e3o e da extra\u00e7\u00e3o da seiva da esp\u00e9cie <em>toxicodendron succedanea<\/em> a um especialista da Universidade de Hiroshima, que informou que esta esp\u00e9cie produz cera, mas n\u00e3o o verniz para produ\u00e7\u00e3o da laca. Deste modo, possivelmente a especie aclimatada pelo Servi\u00e7o Florestal foi a <em>toxicodendron vernicifluum<\/em>, que possui caracter\u00edsticas muito semelhantes \u00e0 outra e torna dif\u00edcil a identifica\u00e7\u00e3o para distingui-las.<\/p>\n<p>O Museu det\u00e9m atualmente um acervo de 269 pe\u00e7as de char\u00e3o, entre m\u00f3veis e objetos de arte.<\/p>\n","protected":false},"excerpt":{"rendered":"<p>Ao longo dos anos, o Museu passou por mudan\u00e7as diversas em sua expografia e teve acr\u00e9scimos em seu acervo, resultantes da incorpora\u00e7\u00e3o de produ\u00e7\u00f5es art\u00edsticas e cient\u00edficas desenvolvidas no Servi\u00e7o Florestal. Uma delas foi a Escola de Char\u00e3o. O char\u00e3o, tamb\u00e9m conhecido como Urushi, \u00e9 uma \u00e1rvore natural da \u00c1sia. Era utilizada em uma t\u00e9cnica [&hellip;]<\/p>\n","protected":false},"author":102,"featured_media":0,"parent":1818,"menu_order":0,"comment_status":"closed","ping_status":"open","template":"","meta":[],"_links":{"self":[{"href":"https:\/\/www.infraestruturameioambiente.sp.gov.br\/institutoflorestal\/wp-json\/wp\/v2\/pages\/10887"}],"collection":[{"href":"https:\/\/www.infraestruturameioambiente.sp.gov.br\/institutoflorestal\/wp-json\/wp\/v2\/pages"}],"about":[{"href":"https:\/\/www.infraestruturameioambiente.sp.gov.br\/institutoflorestal\/wp-json\/wp\/v2\/types\/page"}],"author":[{"embeddable":true,"href":"https:\/\/www.infraestruturameioambiente.sp.gov.br\/institutoflorestal\/wp-json\/wp\/v2\/users\/102"}],"replies":[{"embeddable":true,"href":"https:\/\/www.infraestruturameioambiente.sp.gov.br\/institutoflorestal\/wp-json\/wp\/v2\/comments?post=10887"}],"version-history":[{"count":8,"href":"https:\/\/www.infraestruturameioambiente.sp.gov.br\/institutoflorestal\/wp-json\/wp\/v2\/pages\/10887\/revisions"}],"predecessor-version":[{"id":20147,"href":"https:\/\/www.infraestruturameioambiente.sp.gov.br\/institutoflorestal\/wp-json\/wp\/v2\/pages\/10887\/revisions\/20147"}],"up":[{"embeddable":true,"href":"https:\/\/www.infraestruturameioambiente.sp.gov.br\/institutoflorestal\/wp-json\/wp\/v2\/pages\/1818"}],"wp:attachment":[{"href":"https:\/\/www.infraestruturameioambiente.sp.gov.br\/institutoflorestal\/wp-json\/wp\/v2\/media?parent=10887"}],"curies":[{"name":"wp","href":"https:\/\/api.w.org\/{rel}","templated":true}]}}