{"id":10797,"date":"2016-01-04T15:19:28","date_gmt":"2016-01-04T17:19:28","guid":{"rendered":"https:\/\/www.infraestruturameioambiente.sp.gov.br\/institutoflorestal\/?page_id=10797"},"modified":"2018-02-02T10:06:36","modified_gmt":"2018-02-02T12:06:36","slug":"eventos-de-2016","status":"publish","type":"page","link":"https:\/\/www.infraestruturameioambiente.sp.gov.br\/institutoflorestal\/inicio\/eventos-de-2016\/","title":{"rendered":"Eventos de 2016"},"content":{"rendered":"<h1><\/h1>\n<ul>\n<li><strong>Janeiro<\/strong><br \/>\n<strong>&#8212; At\u00e9 13\/03:\u00a0<\/strong>Exposi\u00e7\u00e3o itinerante Bicho: quem te viu, quem te v\u00ea! \u2013 Local: Museu Florestal Oct\u00e1vio Vecchi \u2013 S\u00e3o Paulo\/SP<\/li>\n<\/ul>\n<div>&#8212;&#8212;&#8212;&#8212;&#8212;&#8212;&#8212;&#8212;&#8212;&#8212;&#8212;&#8212;&#8212;&#8212;&#8212;&#8212;&#8212;&#8212;&#8212;&#8212;&#8212;&#8212;&#8212;&#8212;&#8212;&#8212;&#8212;&#8212;&#8212;&#8212;&#8212;&#8212;&#8212;&#8212;&#8212;&#8212;&#8212;&#8212;&#8212;&#8212;&#8212;&#8212;&#8212;&#8212;&#8212;&#8212;&#8212;&#8212;&#8212;&#8212;&#8211;<\/div>\n<ul>\n<li><strong>Fevereiro<\/strong><br \/>\n<strong>&#8212; At\u00e9 13\/03:\u00a0<\/strong>Exposi\u00e7\u00e3o itinerante Bicho: quem te viu, quem te v\u00ea! \u2013 Local: Museu Florestal Oct\u00e1vio Vecchi \u2013 S\u00e3o Paulo\/SP<br \/>\n<strong>&#8212; 13:<\/strong> Oficina de Compostagem \u2013\u00a0Local: Horto de Tupi \u2013\u00a0Piracicaba\/SP \u00a0&#8211; <a href=\"https:\/\/www.infraestruturameioambiente.sp.gov.br\/institutoflorestal\/wp-content\/uploads\/sites\/234\/2016\/01\/sctc_informa_43_2016.jpg\">ver convite<\/a>.<br \/>\n<strong>&#8212; 23:<\/strong> Ciclo de Palestras: O novo marco legal da ci\u00eancia e tecnologia brasileira &#8211; Local: Audit\u00f3rio do IF &#8211; S\u00e3o Paulo\/SP &#8211; <a href=\"https:\/\/www.infraestruturameioambiente.sp.gov.br\/institutoflorestal\/wp-content\/uploads\/sites\/234\/2016\/02\/sctc_informa_03_2016.jpg\">ver programa\u00e7\u00e3o<\/a>\u00a0&#8211; <a href=\"https:\/\/www.infraestruturameioambiente.sp.gov.br\/institutoflorestal\/videos-de-palestras-e-eventos-realizados-no-instituto-florestal\/ciclo-de-palestras-o-novo-marco-legal-da-ciencia-e-tecnologia-brasileira\/\">ver videos<\/a>.<\/li>\n<\/ul>\n<div>&#8212;&#8212;&#8212;&#8212;&#8212;&#8212;&#8212;&#8212;&#8212;&#8212;&#8212;&#8212;&#8212;&#8212;&#8212;&#8212;&#8212;&#8212;&#8212;&#8212;&#8212;&#8212;&#8212;&#8212;&#8212;&#8212;&#8212;&#8212;&#8212;&#8212;&#8212;&#8212;&#8212;&#8212;&#8212;&#8212;&#8212;&#8212;&#8212;&#8212;&#8212;&#8212;&#8212;&#8212;&#8212;&#8212;&#8212;&#8212;&#8212;&#8212;&#8211;<\/div>\n<ul>\n<li><strong>Mar\u00e7o<br \/>\n<\/strong> <strong>&#8212; 04: <\/strong>A\u00e7\u00f5es integradas para o controle do mosquito Aedes aegypti &#8211; Local: Audit\u00f3rio do IF, S\u00e3o Paulo\/SP &#8211; <a href=\"https:\/\/www.infraestruturameioambiente.sp.gov.br\/institutoflorestal\/wp-content\/uploads\/sites\/234\/2016\/03\/sctc_informa_03_2016.jpg\">ver programa\u00e7\u00e3o<\/a>.<strong><br \/>\n&#8212; At\u00e9 13\/03:\u00a0<\/strong>Exposi\u00e7\u00e3o itinerante Bicho: quem te viu, quem te v\u00ea! \u2013 Local: Museu Florestal Oct\u00e1vio Vecchi \u2013 S\u00e3o Paulo\/SP<br \/>\n<strong>&#8212; 28\/03 a 01\/04:\u00a0<\/strong>IV Curso de Manejo de Unidades de Conserva\u00e7\u00e3o &#8211; M\u00f3dulo I\u00a0&#8211; Local: Audit\u00f3rio do IF &#8211; S\u00e3o Paulo\/SP &#8211; <a href=\"https:\/\/www.infraestruturameioambiente.sp.gov.br\/institutoflorestal\/wp-content\/uploads\/sites\/234\/2016\/03\/sctc_informa_05_2016.jpg\">ver programa\u00e7\u00e3o<\/a>.<\/li>\n<\/ul>\n<div>&#8212;&#8212;&#8212;&#8212;&#8212;&#8212;&#8212;&#8212;&#8212;&#8212;&#8212;&#8212;&#8212;&#8212;&#8212;&#8212;&#8212;&#8212;&#8212;&#8212;&#8212;&#8212;&#8212;&#8212;&#8212;&#8212;&#8212;&#8212;&#8212;&#8212;&#8212;&#8212;&#8212;&#8212;&#8212;&#8212;&#8212;&#8212;&#8212;&#8212;&#8212;&#8212;&#8212;&#8212;&#8212;&#8212;&#8212;&#8212;&#8212;&#8212;&#8211;<\/div>\n<ul>\n<li><strong>Abril<br \/>\n&#8212; 18:\u00a0<\/strong>Constru\u00e7\u00e3o de um N\u00facleo de Forma\u00e7\u00e3o Ecoprofissional de Jovens na Esta\u00e7\u00e3o Experimental de Tupi\u00a0&#8211; Local: Anfiteatro do Departamento de Ci\u00eancias Florestais da ESALQ\u00a0\u00a0&#8211; Piracicaba\/SP<br \/>\n<strong>&#8212; 25 a 27:<\/strong> Curso de Introdu\u00e7\u00e3o \u00e0 Observa\u00e7\u00e3o de Aves &#8211; Local: Parque Estadual do Juquery &#8211;<a href=\"https:\/\/www.infraestruturameioambiente.sp.gov.br\/institutoflorestal\/wp-content\/uploads\/sites\/234\/2016\/04\/sctc_informa_12_2016.jpg\"> ver programa\u00e7\u00e3o<\/a>.<br \/>\n<strong style=\"line-height: 1.5em\">&#8212; 25 a 29:\u00a0<\/strong><span style=\"line-height: 1.5em\">IV Curso de Manejo de Unidades de Conserva\u00e7\u00e3o &#8211; M\u00f3dulo II\u00a0&#8211; Local: Audit\u00f3rio do IF &#8211; S\u00e3o Paulo\/SP &#8211;\u00a0<\/span><a style=\"line-height: 1.5em\" href=\"https:\/\/www.infraestruturameioambiente.sp.gov.br\/institutoflorestal\/wp-content\/uploads\/sites\/234\/2016\/03\/sctc_informa_06_2016.jpg\">ver programa\u00e7\u00e3o<\/a><span style=\"line-height: 1.5em\">.<\/span><\/li>\n<\/ul>\n<div>&#8212;&#8212;&#8212;&#8212;&#8212;&#8212;&#8212;&#8212;&#8212;&#8212;&#8212;&#8212;&#8212;&#8212;&#8212;&#8212;&#8212;&#8212;&#8212;&#8212;&#8212;&#8212;&#8212;&#8212;&#8212;&#8212;&#8212;&#8212;&#8212;&#8212;&#8212;&#8212;&#8212;&#8212;&#8212;&#8212;&#8212;&#8212;&#8212;&#8212;&#8212;&#8212;&#8212;&#8212;&#8212;&#8212;&#8212;&#8212;&#8212;&#8212;&#8211;<\/div>\n<ul>\n<li><strong>Maio<br \/>\n<\/strong><strong>&#8212; 16 a 20:<\/strong>\u00a0IV Curso de Manejo de Unidades de Conserva\u00e7\u00e3o &#8211; M\u00f3dulo III\u00a0&#8211; Local: Audit\u00f3rio do IF &#8211; S\u00e3o Paulo\/SP &#8211;<a href=\"https:\/\/www.infraestruturameioambiente.sp.gov.br\/institutoflorestal\/wp-content\/uploads\/sites\/234\/2016\/03\/sctc_informa_07_2016.jpg\"> ver programa\u00e7\u00e3o<\/a>.<br \/>\n<strong>&#8212; 17:<\/strong> 4\u00ba Encontro sobre tecnologia em Silvicultura \u2013 FATEC\/Cap\u00e3o Bonito. Local: Museu Florestal Oct\u00e1vio Vecchi, S\u00e3o Paulo.<br \/>\n<strong>&#8212; 17 a 22:<\/strong>\u00a0Exposi\u00e7\u00e3o Cantareira no olhar da Hist\u00f3ria &#8211; Semana Nacional de Museus -Ibram. Local: Museu Florestal Oct\u00e1vio Vecchi.<br \/>\n<strong>&#8212; 20\u00a0a 22:<\/strong> 11\u00ba Encontro Brasileiro de Observa\u00e7\u00e3o de Aves: o Avistar Brasil 2016. Local: Instituto Butantan\/SP.<br \/>\n<strong>&#8212; 31\/05 a 02\/06:<\/strong> 4\u00aa Semana da Mata Atl\u00e2ntica. Local: Praia Grande\/SP.<\/li>\n<\/ul>\n<div>&#8212;&#8212;&#8212;&#8212;&#8212;&#8212;&#8212;&#8212;&#8212;&#8212;&#8212;&#8212;&#8212;&#8212;&#8212;&#8212;&#8212;&#8212;&#8212;&#8212;&#8212;&#8212;&#8212;&#8212;&#8212;&#8212;&#8212;&#8212;&#8212;&#8212;&#8212;&#8212;&#8212;&#8212;&#8212;&#8212;&#8212;&#8212;&#8212;&#8212;&#8212;&#8212;&#8212;&#8212;&#8212;&#8212;&#8212;&#8212;&#8212;&#8212;&#8211;<\/div>\n<ul>\n<li><strong>Junho<br \/>\n<\/strong><strong>&#8212; 31\/05 a 02\/06:<\/strong>\u00a04\u00aa Semana da Mata Atl\u00e2ntica. Local: Praia Grande\/SP.<br \/>\n<strong>&#8212; 05:<\/strong>\u00a0Dia Mundial do Meio Ambiente. Local: Jardim Bot\u00e2nico de S\u00e3o Paulo\/SP. <a href=\"https:\/\/www.infraestruturameioambiente.sp.gov.br\/institutoflorestal\/2016\/05\/31\/dia-mundial-do-meio-ambiente-sera-lembrado-com-muitas-atividades\/\">Programa\u00e7\u00e3o completa.<\/a><br \/>\n<strong>&#8212; 14:<\/strong>\u00a010\u00aa Reuni\u00e3o Plen\u00e1ria do Conselho de Gest\u00e3o da Reserva da Biosfera do Cintur\u00e3o Verde da Cidade de S\u00e3o Paulo (RBCV) e Plen\u00e1ria Comemorativa dos 22 anos da Certifica\u00e7\u00e3o UNESCO de RBCV. Local: Audit\u00f3rio do IF\u00a0\/SP. Hor\u00e1rio: 09 \u00e0s 13 horas.<\/li>\n<\/ul>\n<p>&#8212;&#8212;&#8212;&#8212;&#8212;&#8212;&#8212;&#8212;&#8212;&#8212;&#8212;&#8212;&#8212;&#8212;&#8212;&#8212;&#8212;&#8212;&#8212;&#8212;&#8212;&#8212;&#8212;&#8212;&#8212;&#8212;&#8212;&#8212;&#8212;&#8212;&#8212;&#8212;&#8212;&#8212;&#8212;&#8212;&#8212;&#8212;&#8212;&#8212;&#8212;&#8212;&#8212;&#8212;&#8212;&#8212;&#8212;&#8212;&#8212;&#8212;&#8211;<\/p>\n<ul>\n<li><strong>Julho<br \/>\n<\/strong><strong>&#8212; 01:\u00a0<\/strong>9\u00ba\u00a0Col\u00f3quio sobre Engenharia Florestal. Local: Instituto Florestal\/SP.<br \/>\n<strong>&#8212; 06: <\/strong>Encontro &#8220;Di\u00e1logos de Educa\u00e7\u00e3o Ambiental &#8211;\u00a0Educa\u00e7\u00e3o Ambiental na Gest\u00e3o Socioambiental&#8221;.<strong>\u00a0<\/strong>Local: Audit\u00f3rio do Instituto Florestal\/SP. Hor\u00e1rio: 09 \u00e0s 15 horas- <a href=\"https:\/\/www.infraestruturameioambiente.sp.gov.br\/institutoflorestal\/eventos\/2016\/06\/20\/convite-060716\/\">ver convite e programa\u00e7\u00e3o<\/a>.<\/li>\n<\/ul>\n<p>&#8212;&#8212;&#8212;&#8212;&#8212;&#8212;&#8212;&#8212;&#8212;&#8212;&#8212;&#8212;&#8212;&#8212;&#8212;&#8212;&#8212;&#8212;&#8212;&#8212;&#8212;&#8212;&#8212;&#8212;&#8212;&#8212;&#8212;&#8212;&#8212;&#8212;&#8212;&#8212;&#8212;&#8212;&#8212;&#8212;&#8212;&#8212;&#8212;&#8212;&#8212;&#8212;&#8212;&#8212;&#8212;&#8212;&#8212;&#8212;&#8212;&#8212;&#8211;<\/p>\n<ul>\n<li><strong>Agosto<\/strong><br \/>\n<strong>&#8212; 0<\/strong><strong>2 a 04:\u00a0<\/strong>X Semin\u00e1rio de Inicia\u00e7\u00e3o Cient\u00edfica do IF\u00a0&#8211; Local: Audit\u00f3rio do IF &#8211; S\u00e3o Paulo\/SP &#8211; <a href=\"https:\/\/www.infraestruturameioambiente.sp.gov.br\/institutoflorestal\/o-instituto\/estagios-e-bolsas\/seminario-de-iniciacao-cientifica\/x-seminario-de-iniciacao-cientifica\/\">ver p\u00e1gina do evento<\/a>.<\/li>\n<\/ul>\n<p>&#8212;&#8212;&#8212;&#8212;&#8212;&#8212;&#8212;&#8212;&#8212;&#8212;&#8212;&#8212;&#8212;&#8212;&#8212;&#8212;&#8212;&#8212;&#8212;&#8212;&#8212;&#8212;&#8212;&#8212;&#8212;&#8212;&#8212;&#8212;&#8212;&#8212;&#8212;&#8212;&#8212;&#8212;&#8212;&#8212;&#8212;&#8212;&#8212;&#8212;&#8212;&#8212;&#8212;&#8212;&#8212;&#8212;&#8212;&#8212;&#8212;&#8212;&#8211;<\/p>\n<ul>\n<li><strong>Setembro<\/strong><br \/>\n<strong>&#8212; 01:\u00a0<\/strong>4\u00ba Encontro sobre Engenharia Industrial Madeireira. Local: Instituto Florestal, S\u00e3o Paulo\/SP &#8211; <a href=\"https:\/\/www.infraestruturameioambiente.sp.gov.br\/institutoflorestal\/wp-content\/uploads\/sites\/234\/2016\/09\/sctc_informa_21_2016.jpg\">ver programa\u00e7\u00e3o<\/a>.<br \/>\n<strong>&#8212; 15: <\/strong>Encerramento do &#8220;Educatrilha: processo de forma\u00e7\u00e3o continuada de docentes em Educa\u00e7\u00e3o Ambiental em \u00e1reas naturais: Edi\u00e7\u00e3o Lu\u00eds Ant\u00f4nio&#8221; &#8211; Luiz Ant\u00f4nio\/SP &#8211; <a href=\"https:\/\/www.infraestruturameioambiente.sp.gov.br\/institutoflorestal\/wp-content\/uploads\/sites\/234\/2016\/09\/sctc_informa_22_2016.jpg\">ver programa\u00e7\u00e3o<\/a>.<br \/>\n<strong>&#8212; 21:<\/strong> Dia da \u00c1rvore e Lan\u00e7amento do Projeto Semear &#8211; Local: Instituto Florestal, S\u00e3o Paulo\/SP &#8211; <a href=\"https:\/\/www.infraestruturameioambiente.sp.gov.br\/institutoflorestal\/wp-content\/uploads\/sites\/234\/2016\/09\/sctc_informa_23_2016.png\">ver convite<\/a>.<strong><br \/>\n<\/strong><\/li>\n<\/ul>\n<p>&#8212;&#8212;&#8212;&#8212;&#8212;&#8212;&#8212;&#8212;&#8212;&#8212;&#8212;&#8212;&#8212;&#8212;&#8212;&#8212;&#8212;&#8212;&#8212;&#8212;&#8212;&#8212;&#8212;&#8212;&#8212;&#8212;&#8212;&#8212;&#8212;&#8212;&#8212;&#8212;&#8212;&#8212;&#8212;&#8212;&#8212;&#8212;&#8212;&#8212;&#8212;&#8212;&#8212;&#8212;&#8212;&#8212;&#8212;&#8212;&#8212;&#8212;&#8211;<\/p>\n<ul>\n<li><strong>Outubro<br \/>\n&#8212; 20:<\/strong> V Semin\u00e1rio Frutos da Mata Atl\u00e2ntica: o sabor da biodiversidade\u00a0&#8211; Novo Local: Registro\/SP &#8211; <a href=\"https:\/\/www.infraestruturameioambiente.sp.gov.br\/institutoflorestal\/wp-content\/uploads\/sites\/234\/2016\/10\/V-Seminario-Frutos-da-Mata-Atlantica-verso.jpg\">ver programa\u00e7\u00e3o<\/a>.<\/li>\n<\/ul>\n<p>&#8212;&#8212;&#8212;&#8212;&#8212;&#8212;&#8212;&#8212;&#8212;&#8212;&#8212;&#8212;&#8212;&#8212;&#8212;&#8212;&#8212;&#8212;&#8212;&#8212;&#8212;&#8212;&#8212;&#8212;&#8212;&#8212;&#8212;&#8212;&#8212;&#8212;&#8212;&#8212;&#8212;&#8212;&#8212;&#8212;&#8212;&#8212;&#8212;&#8212;&#8212;&#8212;&#8212;&#8212;&#8212;&#8212;&#8212;&#8212;&#8212;&#8212;&#8211;<\/p>\n<ul>\n<li><strong>Novembro<br \/>\n<\/strong><strong>&#8212;\u00a0<\/strong><strong>08 a 11:\u00a0<\/strong>IV Congresso Brasileiro de Recursos Gen\u00e9ticos &#8211; Local: Centro de Exposi\u00e7\u00f5es Expo Unimed &#8211; Curitiba\/PR<\/li>\n<\/ul>\n<p>&#8212;&#8212;&#8212;&#8212;&#8212;&#8212;&#8212;&#8212;&#8212;&#8212;&#8212;&#8212;&#8212;&#8212;&#8212;&#8212;&#8212;&#8212;&#8212;&#8212;&#8212;&#8212;&#8212;&#8212;&#8212;&#8212;&#8212;&#8212;&#8212;&#8212;&#8212;&#8212;&#8212;&#8212;&#8212;&#8212;&#8212;&#8212;&#8212;&#8212;&#8212;&#8212;&#8212;&#8212;&#8212;&#8212;&#8212;&#8212;&#8212;&#8212;&#8211;<\/p>\n<ul>\n<li><strong>Dezembro<br \/>\n<\/strong><strong>&#8212;<\/strong>\u00a0<strong><br \/>\n<\/strong><\/li>\n<\/ul>\n","protected":false},"excerpt":{"rendered":"<p>Janeiro &#8212; At\u00e9 13\/03:\u00a0Exposi\u00e7\u00e3o itinerante Bicho: quem te viu, quem te v\u00ea! \u2013 Local: Museu Florestal Oct\u00e1vio Vecchi \u2013 S\u00e3o Paulo\/SP &#8212;&#8212;&#8212;&#8212;&#8212;&#8212;&#8212;&#8212;&#8212;&#8212;&#8212;&#8212;&#8212;&#8212;&#8212;&#8212;&#8212;&#8212;&#8212;&#8212;&#8212;&#8212;&#8212;&#8212;&#8212;&#8212;&#8212;&#8212;&#8212;&#8212;&#8212;&#8212;&#8212;&#8212;&#8212;&#8212;&#8212;&#8212;&#8212;&#8212;&#8212;&#8212;&#8212;&#8212;&#8212;&#8212;&#8212;&#8212;&#8212;&#8212;&#8211; Fevereiro &#8212; At\u00e9 13\/03:\u00a0Exposi\u00e7\u00e3o itinerante Bicho: quem te viu, quem te v\u00ea! \u2013 Local: Museu Florestal Oct\u00e1vio Vecchi \u2013 S\u00e3o Paulo\/SP &#8212; 13: Oficina de Compostagem \u2013\u00a0Local: Horto de Tupi \u2013\u00a0Piracicaba\/SP \u00a0&#8211; ver [&hellip;]<\/p>\n","protected":false},"author":102,"featured_media":0,"parent":2236,"menu_order":0,"comment_status":"closed","ping_status":"closed","template":"","meta":[],"_links":{"self":[{"href":"https:\/\/www.infraestruturameioambiente.sp.gov.br\/institutoflorestal\/wp-json\/wp\/v2\/pages\/10797"}],"collection":[{"href":"https:\/\/www.infraestruturameioambiente.sp.gov.br\/institutoflorestal\/wp-json\/wp\/v2\/pages"}],"about":[{"href":"https:\/\/www.infraestruturameioambiente.sp.gov.br\/institutoflorestal\/wp-json\/wp\/v2\/types\/page"}],"author":[{"embeddable":true,"href":"https:\/\/www.infraestruturameioambiente.sp.gov.br\/institutoflorestal\/wp-json\/wp\/v2\/users\/102"}],"replies":[{"embeddable":true,"href":"https:\/\/www.infraestruturameioambiente.sp.gov.br\/institutoflorestal\/wp-json\/wp\/v2\/comments?post=10797"}],"version-history":[{"count":36,"href":"https:\/\/www.infraestruturameioambiente.sp.gov.br\/institutoflorestal\/wp-json\/wp\/v2\/pages\/10797\/revisions"}],"predecessor-version":[{"id":11389,"href":"https:\/\/www.infraestruturameioambiente.sp.gov.br\/institutoflorestal\/wp-json\/wp\/v2\/pages\/10797\/revisions\/11389"}],"up":[{"embeddable":true,"href":"https:\/\/www.infraestruturameioambiente.sp.gov.br\/institutoflorestal\/wp-json\/wp\/v2\/pages\/2236"}],"wp:attachment":[{"href":"https:\/\/www.infraestruturameioambiente.sp.gov.br\/institutoflorestal\/wp-json\/wp\/v2\/media?parent=10797"}],"curies":[{"name":"wp","href":"https:\/\/api.w.org\/{rel}","templated":true}]}}