{"id":96,"date":"2011-11-10T14:25:24","date_gmt":"2011-11-10T14:25:24","guid":{"rendered":"https:\/\/www.infraestruturameioambiente.sp.gov.br\/institutodebotanica\/?page_id=96"},"modified":"2023-08-17T11:21:59","modified_gmt":"2023-08-17T14:21:59","slug":"mogi-guacu","status":"publish","type":"page","link":"https:\/\/www.infraestruturameioambiente.sp.gov.br\/institutodebotanica\/mogi-guacu\/","title":{"rendered":"Mogi Gua\u00e7u"},"content":{"rendered":"<p>N\u00facleo de Pesquisa Reserva Biol\u00f3gica de Mogi Gua\u00e7u<\/p>\n<div class=\"wc-gallery\"><div id='gallery-1' data-gutter-width='5' data-columns='1' class='gallery wc-gallery-captions-onhover gallery-link-file gallery-masonry galleryid-96 gallery-columns-1 gallery-size-thumbnail wc-gallery-bottomspace-default wc-gallery-clear'><div class='gallery-item gallery-item-position-1 gallery-item-attachment-17061'>\n\t\t\t\t<div class='gallery-icon landscape'>\n\t\t\t\t\t<a href='https:\/\/www.infraestruturameioambiente.sp.gov.br\/institutodebotanica\/wp-content\/uploads\/sites\/235\/2011\/11\/Mogi-Gua\u00e7u-Alojamento-da-Rebio--600x480.jpg' title='Mogi-Gua\u00e7u-Alojamento-da-Rebio' target='_self'><img width=\"150\" height=\"150\" src=\"https:\/\/www.infraestruturameioambiente.sp.gov.br\/institutodebotanica\/wp-content\/uploads\/sites\/235\/2011\/11\/Mogi-Gua\u00e7u-Alojamento-da-Rebio--150x150.jpg\" class=\"attachment-thumbnail size-thumbnail\" alt=\"\" decoding=\"async\" loading=\"lazy\" \/><\/a>\n\t\t\t\t<\/div><\/div><div class='gallery-item gallery-item-position-2 gallery-item-attachment-17062'>\n\t\t\t\t<div class='gallery-icon landscape'>\n\t\t\t\t\t<a href='https:\/\/www.infraestruturameioambiente.sp.gov.br\/institutodebotanica\/wp-content\/uploads\/sites\/235\/2011\/11\/Mogi-Gua\u00e7u-Sedeadministra\u00e7\u00e3o-da-Rebio--600x480.jpg' title='Mogi-Gua\u00e7u-Sedeadministra\u00e7\u00e3o-da-Rebio' target='_self'><img width=\"150\" height=\"150\" src=\"https:\/\/www.infraestruturameioambiente.sp.gov.br\/institutodebotanica\/wp-content\/uploads\/sites\/235\/2011\/11\/Mogi-Gua\u00e7u-Sedeadministra\u00e7\u00e3o-da-Rebio--150x150.jpg\" class=\"attachment-thumbnail size-thumbnail\" alt=\"\" decoding=\"async\" loading=\"lazy\" \/><\/a>\n\t\t\t\t<\/div><\/div><div class='gallery-item gallery-item-position-3 gallery-item-attachment-17063'>\n\t\t\t\t<div class='gallery-icon landscape'>\n\t\t\t\t\t<a href='https:\/\/www.infraestruturameioambiente.sp.gov.br\/institutodebotanica\/wp-content\/uploads\/sites\/235\/2011\/11\/Mogi-Gua\u00e7u-Trilha-da-Rebio--600x480.jpg' title='Mogi-Gua\u00e7u-Trilha-da-Rebio' target='_self'><img width=\"150\" height=\"150\" src=\"https:\/\/www.infraestruturameioambiente.sp.gov.br\/institutodebotanica\/wp-content\/uploads\/sites\/235\/2011\/11\/Mogi-Gua\u00e7u-Trilha-da-Rebio--150x150.jpg\" class=\"attachment-thumbnail size-thumbnail\" alt=\"\" decoding=\"async\" loading=\"lazy\" \/><\/a>\n\t\t\t\t<\/div><\/div><div class='gallery-item gallery-item-position-4 gallery-item-attachment-17064'>\n\t\t\t\t<div class='gallery-icon landscape'>\n\t\t\t\t\t<a href='https:\/\/www.infraestruturameioambiente.sp.gov.br\/institutodebotanica\/wp-content\/uploads\/sites\/235\/2011\/11\/Mogi-Gua\u00e7u-600x480.jpg' title='Mogi Gua\u00e7u' target='_self'><img width=\"150\" height=\"150\" src=\"https:\/\/www.infraestruturameioambiente.sp.gov.br\/institutodebotanica\/wp-content\/uploads\/sites\/235\/2011\/11\/Mogi-Gua\u00e7u-150x150.jpg\" class=\"attachment-thumbnail size-thumbnail\" alt=\"\" decoding=\"async\" loading=\"lazy\" \/><\/a>\n\t\t\t\t<\/div><\/div><div class='gallery-item gallery-item-position-5 gallery-item-attachment-17065'>\n\t\t\t\t<div class='gallery-icon landscape'>\n\t\t\t\t\t<a href='https:\/\/www.infraestruturameioambiente.sp.gov.br\/institutodebotanica\/wp-content\/uploads\/sites\/235\/2011\/11\/Mogi-Gua\u00e7uTrilha-da-Rebio--600x480.jpg' title='Mogi-Gua\u00e7uTrilha-da-Rebio' target='_self'><img width=\"150\" height=\"150\" src=\"https:\/\/www.infraestruturameioambiente.sp.gov.br\/institutodebotanica\/wp-content\/uploads\/sites\/235\/2011\/11\/Mogi-Gua\u00e7uTrilha-da-Rebio--150x150.jpg\" class=\"attachment-thumbnail size-thumbnail\" alt=\"\" decoding=\"async\" loading=\"lazy\" \/><\/a>\n\t\t\t\t<\/div><\/div><\/div>\n<\/div>\n<p style=\"text-align: justify\"><span style=\"font-family: Arial, sans-serif;font-size: 10pt;text-align: justify;line-height: 1.5em\">O N\u00facleo de Pesquisa Reserva Biol\u00f3gica de Mogi Gua\u00e7u \u00e9 um laborat\u00f3rio natural onde s\u00e3o desenvolvidas e apoiadas diversas pesquisas b\u00e1sicas e aplicadas, institucionais e interinstitucionais, nas \u00e1reas de ecologia, taxonomia, estrutura gen\u00e9tica de popula\u00e7\u00f5es, fisiologia e bioqu\u00edmica, bioprospec\u00e7\u00e3o, intera\u00e7\u00e3o solo-planta-animal, ciclagem de nutrientes, restaura\u00e7\u00e3o da vegeta\u00e7\u00e3o, levantamento da microfauna, entre muitas outras. Al\u00e9m disso, este n\u00facleo de pesquisa \u00e9 uma unidade de conserva\u00e7\u00e3o da natureza de prote\u00e7\u00e3o integral que atua na conserva\u00e7\u00e3o e gest\u00e3o de um dos poucos remanescentes de Cerrado do Estado de S\u00e3o Paulo. O Cerrado est\u00e1 entre os biomas mais amea\u00e7ados do planeta, portanto, sua conserva\u00e7\u00e3o \u00e9 priorit\u00e1ria, principalmente em \u00e1reas marginais, tal qual a Reserva de Mogi Gua\u00e7u.<\/span><\/p>\n<p class=\"MsoNormal\" style=\"text-align: justify\"><span style=\"font-size: 10.0pt;font-family: 'Arial','sans-serif'\">Com \u00e1rea de 470 ha, essa reserva \u00e9 parte da antiga Fazenda Campininha, localizada no distrito de Martinho Prado Junior, no munic\u00edpio de Mogi Gua\u00e7u (SP), nas coordenadas geogr\u00e1ficas 22\u00ba18\u2032S e 47\u00ba11\u2032W.\u00a0<\/span><\/p>\n<p style=\"text-align: justify\"><a href=\"http:\/\/maps.google.com.br\/maps?f=d&amp;source=s_d&amp;saddr=Instituto+de+Bot%C3%A2nica+da+Secretaria+do+Meio+Ambiente,+S%C3%A3o+Paulo&amp;daddr=Martinho+Prado+Jr&amp;hl=pt-BR&amp;geocode=FaRCl_4dlIY4_SGuAx2XTfo8fSl119YjIlvOlDEHxGSufC_ueg%3BFUjpq_4d7QYx_SlDM4qat0LIlDFZVAvhO3lSrw&amp;mra=ls&amp;sll=-14.179186,-50.449219&amp;sspn=88.819977,158.027344&amp;ie=UTF8&amp;ll=-23.402765,-47.559814&amp;spn=2.918695,4.938354&amp;z=8)\" target=\"_blank\" rel=\"noopener noreferrer\">Como chegar at\u00e9 a Reserva Biol\u00f3gica de Mogi Gua\u00e7u, partindo de S\u00e3o Paulo<\/a><\/p>\n<p class=\"MsoNormal\" style=\"text-align: justify\"><span style=\"font-size: 10.0pt;font-family: 'Arial','sans-serif'\">A altitude m\u00e9dia \u00e9 600 metros, com topografia relativamente plana. O clima \u00e9 mesot\u00e9rmico, com duas esta\u00e7\u00f5es bem definidas. Uma seca de inverno, nos meses de abril a setembro, e outra quente de ver\u00e3o, nos meses de outubro a mar\u00e7o. A precipita\u00e7\u00e3o m\u00e9dia anual \u00e9 1335 mm. A temperatura m\u00e9dia \u00e9 20,5 \u00baC.<\/span><\/p>\n<p class=\"MsoNormal\" style=\"text-align: justify\"><span style=\"font-size: 10.0pt;font-family: 'Arial','sans-serif'\">Sua vegeta\u00e7\u00e3o possui varia\u00e7\u00f5es do cerrad\u00e3o ao campo, incluindo as matas ciliares. Em suas fisionomias, abriga algumas esp\u00e9cies constantes de listas oficiais de esp\u00e9cies amea\u00e7adas de extin\u00e7\u00e3o como a <i>Aristololochia labiata<\/i> Willd, <i>Eriotheca pubescens<\/i> (Mart. &amp; Zucc.) Schott &amp; Endl. e as palmeiras <i>Acanthococos emensis<\/i> Toledo e <i>Euterpe edulis<\/i> Mart (Palmito Ju\u00e7ara), entre outras.<\/span><\/p>\n<p class=\"MsoNormal\" style=\"text-align: justify\"><span style=\"font-size: 10.0pt;font-family: 'Arial','sans-serif'\">Possui exuberante fauna, destacando-se a ocorr\u00eancia da on\u00e7a-parda (<i>Puma concolor<\/i>), do tamandu\u00e1-bandeira (<i>Mymercophaga tridactyla<\/i>), do lobo-guar\u00e1 (<i>Chrysocyon brachyurus<\/i>), do gavi\u00e3o belo (<i>Busarellus nigricollis<\/i>) e da perdiz (<i>Rhynchotus rufescens<\/i>), tamb\u00e9m constantes de listas oficiais de esp\u00e9cies amea\u00e7adas.<\/span><\/p>\n<p class=\"MsoNormal\" style=\"text-align: justify\"><span style=\"font-size: 10.0pt;font-family: 'Arial','sans-serif'\">A Reserva \u00e9 dividida em seis setores, tr\u00eas deles destinados \u00e0 pesquisa n\u00e3o perturbat\u00f3ria, dois \u00e0 pesquisa perturbat\u00f3ria e o \u00faltimo \u00e0s atividades de ensino <\/span><span style=\"font-size: 10.0pt;font-family: 'Arial','sans-serif';color: red\"><a href=\"https:\/\/smastr16.blob.core.windows.net\/ibot\/sites\/235\/2014\/05\/Mogi-Gua\u00e7u-Normas-da-Reserva.pdf\">(Normas de uso para pesquisa e visita\u00e7\u00e3o<\/a>\u00a0<span style=\"color: #3366ff\">)<\/span><\/span><span style=\"font-size: 10.0pt;font-family: 'Arial','sans-serif'\">. <\/span><\/p>\n<p class=\"MsoNormal\" style=\"text-align: justify\"><span style=\"font-size: 10.0pt;font-family: 'Arial','sans-serif'\">O N\u00facleo tamb\u00e9m atua no ensino e educa\u00e7\u00e3o ambiental, contribuindo com os programas de p\u00f3s-gradua\u00e7\u00e3o do Instituto e de outras universidades p\u00fablicas estaduais \u00e0 medida que \u00e9 local de realiza\u00e7\u00e3o de cursos,\u00a0 disciplinas, teses e disserta\u00e7\u00f5es.<\/span><\/p>\n<p class=\"MsoNormal\" style=\"text-align: justify\"><span style=\"font-size: 10.0pt;font-family: 'Arial','sans-serif'\">A unidade possui plano de manejo.<\/span><\/p>\n<p class=\"MsoNormal\" style=\"text-align: justify\">PDF \u2013\u00a0<a href=\"https:\/\/smastr16.blob.core.windows.net\/ibot\/sites\/235\/2011\/11\/Resolu\u00e7\u00e3o-SMA-010-2016-Processo-5285-2013-Aprova\u00e7\u00e3o-do-Plano-de-Manejo-Integrado-da-Reserva-Biol\u00f3gica-e-da-Esta\u00e7\u00e3o-Ecol\u00f3gica-de-Mogi-Gua\u00e7u.pdf\">RESOLU\u00c7\u00c3O SMA N\u00ba10, DE 22\/01\/2016 \u2013 <\/a><a href=\"http:\/\/jardimbotanico.sp.gov.br\/files\/2016\/02\/Resol-SMA-010-2016-Proc-5285-2013-Aprova-PM-Mogi-Gua%C3%A7u.pdf\" target=\"_blank\" rel=\"noopener noreferrer\">Aprova o Plano de Manejo Integrado da Reserva Biol\u00f3gica e da Esta\u00e7\u00e3o Ecol\u00f3gica de Mogi Gua\u00e7u.<\/a><\/p>\n<p>PDF \u2013\u00a0<a href=\"https:\/\/smastr16.blob.core.windows.net\/ibot\/sites\/235\/2016\/08\/plano_de_manejo_UC_MogiGuacu_vol_1-1.pdf\">Plano de Manejo UC Mogi Gua\u00e7u<\/a>\u00a0&#8211; Volume I PDF \u2013\u00a0<a href=\"https:\/\/smastr16.blob.core.windows.net\/ibot\/sites\/235\/2016\/08\/plano_de_manejo_UC_MogiGuacu_vol_2-1.pdf\">Plano de Manejo UC Mogi Gua\u00e7u<\/a>\u00a0&#8211; Volume II<\/p>\n<p class=\"MsoNormal\" style=\"text-align: justify\"><strong><span style=\"font-size: 10.0pt;font-family: 'Arial','sans-serif'\">\u00a0<\/span><span style=\"font-size: 10.0pt;font-family: 'Arial','sans-serif'\"><\/p>\n","protected":false},"excerpt":{"rendered":"<p>N\u00facleo de Pesquisa Reserva Biol\u00f3gica de Mogi Gua\u00e7u O N\u00facleo de Pesquisa Reserva Biol\u00f3gica de Mogi Gua\u00e7u \u00e9 um laborat\u00f3rio natural onde s\u00e3o desenvolvidas e apoiadas diversas pesquisas b\u00e1sicas e aplicadas, institucionais e interinstitucionais, nas \u00e1reas de ecologia, taxonomia, estrutura gen\u00e9tica de popula\u00e7\u00f5es, fisiologia e bioqu\u00edmica, bioprospec\u00e7\u00e3o, intera\u00e7\u00e3o solo-planta-animal, ciclagem de nutrientes, restaura\u00e7\u00e3o da vegeta\u00e7\u00e3o, [&hellip;]<\/p>\n","protected":false},"author":1,"featured_media":0,"parent":0,"menu_order":0,"comment_status":"open","ping_status":"open","template":"","meta":[],"_links":{"self":[{"href":"https:\/\/www.infraestruturameioambiente.sp.gov.br\/institutodebotanica\/wp-json\/wp\/v2\/pages\/96"}],"collection":[{"href":"https:\/\/www.infraestruturameioambiente.sp.gov.br\/institutodebotanica\/wp-json\/wp\/v2\/pages"}],"about":[{"href":"https:\/\/www.infraestruturameioambiente.sp.gov.br\/institutodebotanica\/wp-json\/wp\/v2\/types\/page"}],"author":[{"embeddable":true,"href":"https:\/\/www.infraestruturameioambiente.sp.gov.br\/institutodebotanica\/wp-json\/wp\/v2\/users\/1"}],"replies":[{"embeddable":true,"href":"https:\/\/www.infraestruturameioambiente.sp.gov.br\/institutodebotanica\/wp-json\/wp\/v2\/comments?post=96"}],"version-history":[{"count":25,"href":"https:\/\/www.infraestruturameioambiente.sp.gov.br\/institutodebotanica\/wp-json\/wp\/v2\/pages\/96\/revisions"}],"predecessor-version":[{"id":24081,"href":"https:\/\/www.infraestruturameioambiente.sp.gov.br\/institutodebotanica\/wp-json\/wp\/v2\/pages\/96\/revisions\/24081"}],"wp:attachment":[{"href":"https:\/\/www.infraestruturameioambiente.sp.gov.br\/institutodebotanica\/wp-json\/wp\/v2\/media?parent=96"}],"curies":[{"name":"wp","href":"https:\/\/api.w.org\/{rel}","templated":true}]}}