{"id":87,"date":"2011-11-10T14:06:19","date_gmt":"2011-11-10T14:06:19","guid":{"rendered":"https:\/\/www.infraestruturameioambiente.sp.gov.br\/institutodebotanica\/?page_id=87"},"modified":"2023-04-27T14:52:29","modified_gmt":"2023-04-27T17:52:29","slug":"historico","status":"publish","type":"page","link":"https:\/\/www.infraestruturameioambiente.sp.gov.br\/institutodebotanica\/instituto-2\/historico\/","title":{"rendered":"Hist\u00f3rico"},"content":{"rendered":"<p style=\"text-align: justify\">A hist\u00f3ria do Instituto de Bot\u00e2nica est\u00e1 ligada \u00e0 do Jardim Bot\u00e2nico de S\u00e3o Paulo que iniciou suas atividades com a vinda do naturalista Frederico Carlos Hoehne, em 1917, para desenvolver um horto bot\u00e2nico, para o estudo de plantas medicinais. Nessa data foi ent\u00e3o criada a Se\u00e7\u00e3o de Bot\u00e2nica junto ao Instituto Butant\u00e3. A Se\u00e7\u00e3o de Bot\u00e2nica teve sua denomina\u00e7\u00e3o alterada e foi transferida v\u00e1rias vezes mas sempre mantendo-se a chefia de Frederico Carlos Hoehne.<\/p>\n<p style=\"text-align: justify\">Em 1928, Hoehne deu in\u00edcio \u00e0 constru\u00e7\u00e3o do Jardim Bot\u00e2nico. Em 1938 a Se\u00e7\u00e3o de Bot\u00e2nica passou a Departamento de Bot\u00e2nica, vinculado \u00e0 Secretaria de Agricultura, Ind\u00fastria e Com\u00e9rcio e teve sua constru\u00e7\u00e3o iniciada em 1940 na pr\u00f3pria \u00e1rea do Parque do Estado, junto ao Jardim Bot\u00e2nico.<\/p>\n<p style=\"text-align: justify\">Em 09 de novembro de 1942 o Departamento de Bot\u00e2nica passou a denominar-se Instituto de Bot\u00e2nica. Em 1987 a administra\u00e7\u00e3o do Instituto foi transferida para a Secretaria do Meio Ambiente. E finalmente em dezembro de 2009, foi reestruturado, mantendo a mesma denomina\u00e7\u00e3o.<\/p>\n<div class=\"wc-gallery\"><div id='gallery-1' data-gutter-width='5' data-columns='2' class='gallery wc-gallery-captions-onhover gallery-link-file gallery-masonry galleryid-87 gallery-columns-2 gallery-size-thumbnail wc-gallery-bottomspace-default wc-gallery-clear'><div class='gallery-item gallery-item-position-1 gallery-item-attachment-89'>\n\t\t\t\t<div class='gallery-icon landscape'>\n\t\t\t\t\t<a href='https:\/\/www.infraestruturameioambiente.sp.gov.br\/institutodebotanica\/wp-content\/uploads\/sites\/235\/2011\/11\/1-Instituto-de-Bot\u00e2nica-dec.1940.jpg' title='1- Instituto de Bot\u00e2nica, dec.1940' target='_self'><img width=\"200\" height=\"109\" src=\"https:\/\/www.infraestruturameioambiente.sp.gov.br\/institutodebotanica\/wp-content\/uploads\/sites\/235\/2011\/11\/1-Instituto-de-Bot\u00e2nica-dec.1940.jpg\" class=\"attachment-thumbnail size-thumbnail\" alt=\"\" decoding=\"async\" loading=\"lazy\" \/><\/a>\n\t\t\t\t<\/div>\n\t\t\t\t\t<div class='wp-caption-text gallery-caption'>\n\t\t\t\t\t\t<p>\n\t\t\t\t\t\tCaminh\u00f5es -Labor\u00e1t\u00f3rio, d\u00e9c. 1940. Excurs\u00e3o ao litoral do Estado.  \n\t\t\t\t\t\t<\/p>\n\t\t\t\t\t<\/div><\/div><div class='gallery-item gallery-item-position-2 gallery-item-attachment-88'>\n\t\t\t\t<div class='gallery-icon landscape'>\n\t\t\t\t\t<a href='https:\/\/www.infraestruturameioambiente.sp.gov.br\/institutodebotanica\/wp-content\/uploads\/sites\/235\/2011\/11\/1-Instituto-de-Bot\u00e2nica-1951.png' title='1- Instituto de Bot\u00e2nica, 1951' target='_self'><img width=\"200\" height=\"129\" src=\"https:\/\/www.infraestruturameioambiente.sp.gov.br\/institutodebotanica\/wp-content\/uploads\/sites\/235\/2011\/11\/1-Instituto-de-Bot\u00e2nica-1951.png\" class=\"attachment-thumbnail size-thumbnail\" alt=\"\" decoding=\"async\" loading=\"lazy\" \/><\/a>\n\t\t\t\t<\/div>\n\t\t\t\t\t<div class='wp-caption-text gallery-caption'>\n\t\t\t\t\t\t<p>\n\t\t\t\t\t\tInstituto de Bot\u00e2nica, 1951.  \n\t\t\t\t\t\t<\/p>\n\t\t\t\t\t<\/div><\/div><\/div>\n<\/div>\n","protected":false},"excerpt":{"rendered":"<p>A hist\u00f3ria do Instituto de Bot\u00e2nica est\u00e1 ligada \u00e0 do Jardim Bot\u00e2nico de S\u00e3o Paulo que iniciou suas atividades com a vinda do naturalista Frederico Carlos Hoehne, em 1917, para desenvolver um horto bot\u00e2nico, para o estudo de plantas medicinais. Nessa data foi ent\u00e3o criada a Se\u00e7\u00e3o de Bot\u00e2nica junto ao Instituto Butant\u00e3. A Se\u00e7\u00e3o [&hellip;]<\/p>\n","protected":false},"author":1,"featured_media":0,"parent":2283,"menu_order":2,"comment_status":"open","ping_status":"open","template":"","meta":[],"_links":{"self":[{"href":"https:\/\/www.infraestruturameioambiente.sp.gov.br\/institutodebotanica\/wp-json\/wp\/v2\/pages\/87"}],"collection":[{"href":"https:\/\/www.infraestruturameioambiente.sp.gov.br\/institutodebotanica\/wp-json\/wp\/v2\/pages"}],"about":[{"href":"https:\/\/www.infraestruturameioambiente.sp.gov.br\/institutodebotanica\/wp-json\/wp\/v2\/types\/page"}],"author":[{"embeddable":true,"href":"https:\/\/www.infraestruturameioambiente.sp.gov.br\/institutodebotanica\/wp-json\/wp\/v2\/users\/1"}],"replies":[{"embeddable":true,"href":"https:\/\/www.infraestruturameioambiente.sp.gov.br\/institutodebotanica\/wp-json\/wp\/v2\/comments?post=87"}],"version-history":[{"count":16,"href":"https:\/\/www.infraestruturameioambiente.sp.gov.br\/institutodebotanica\/wp-json\/wp\/v2\/pages\/87\/revisions"}],"predecessor-version":[{"id":24033,"href":"https:\/\/www.infraestruturameioambiente.sp.gov.br\/institutodebotanica\/wp-json\/wp\/v2\/pages\/87\/revisions\/24033"}],"up":[{"embeddable":true,"href":"https:\/\/www.infraestruturameioambiente.sp.gov.br\/institutodebotanica\/wp-json\/wp\/v2\/pages\/2283"}],"wp:attachment":[{"href":"https:\/\/www.infraestruturameioambiente.sp.gov.br\/institutodebotanica\/wp-json\/wp\/v2\/media?parent=87"}],"curies":[{"name":"wp","href":"https:\/\/api.w.org\/{rel}","templated":true}]}}