{"id":80,"date":"2011-11-10T14:00:20","date_gmt":"2011-11-10T14:00:20","guid":{"rendered":"https:\/\/www.infraestruturameioambiente.sp.gov.br\/institutodebotanica\/?page_id=80"},"modified":"2023-04-27T14:53:18","modified_gmt":"2023-04-27T17:53:18","slug":"instituicao","status":"publish","type":"page","link":"https:\/\/www.infraestruturameioambiente.sp.gov.br\/institutodebotanica\/instituto-2\/instituicao\/","title":{"rendered":"Institui\u00e7\u00e3o"},"content":{"rendered":"<p style=\"text-align: justify\">O Instituto de Bot\u00e2nica \u00e9 institui\u00e7\u00e3o de pesquisas cient\u00edficas na \u00e1rea da bot\u00e2nica, da Secretaria de Infraestrutura e Meio Ambiente do Estado de S\u00e3o Paulo.<br \/>\nTem as suas origens no Departamento de Bot\u00e2nica do Estado criado pelo Decreto n\u00ba 9715 de 9\/11\/1938 e subordinado \u00e0 Secretaria de Agricultura e Abastecimento, pelo Decreto 12499, de 7\/01\/1942. Em 1987, sem altera\u00e7\u00f5es, foi transferido para a Secretaria de Estado do Meio Ambiente, onde se encontra at\u00e9 a presente data.<br \/>\nAl\u00e9m de sua sede, Reserva Biol\u00f3gica e Jardim Bot\u00e2nico, situados dentro do Parque Estadual das Fontes do Ipiranga, bairro da \u00c1gua Funda, na capital do Estado de S\u00e3o Paulo, o Instituto de Bot\u00e2nica possui duas outras Unidades de Conserva\u00e7\u00e3o, representando os biomas principais do Estado: Mata Atl\u00e2ntica (Reserva Biol\u00f3gica do Alto da Serra de Paranapiacaba) e Cerrado (Reserva Biol\u00f3gica e Esta\u00e7\u00e3o Experimental de Mogi Gua\u00e7u).<br \/>\nA miss\u00e3o institucional do Instituto de Bot\u00e2nica \u00e9 o desenvolvimento de pesquisas bot\u00e2nicas visando subsidiar a pol\u00edtica ambiental do Estado de S\u00e3o Paulo, objetivando:<\/p>\n<p style=\"text-align: justify\">1 &#8211; Realiza\u00e7\u00e3o de estudos bot\u00e2nicos nos aspectos de levantamento flor\u00edstico, sistem\u00e1tica, fisiologia, bioqu\u00edmica, morfologia, anatomia, ecologia e utiliza\u00e7\u00e3o, com \u00eanfase na \u00e1rea do Estado de S\u00e3o Paulo.<\/p>\n<p style=\"text-align: justify\">2 &#8211; Realiza\u00e7\u00e3o de pesquisas sobre a flora em \u00e1reas de vegeta\u00e7\u00e3o nativa, sujeitas a impactos ambientais ou degradadas, com vistas \u00e0 preserva\u00e7\u00e3o, recupera\u00e7\u00e3o e utiliza\u00e7\u00e3o racional dos recursos vegetais.<\/p>\n<p style=\"text-align: justify\">3 &#8211; Manuten\u00e7\u00e3o e desenvolvimento do Herb\u00e1rio Cient\u00edfico do Estado &#8220;Maria Eneyda P. Kauffman Fidalgo&#8221;, bem como as cole\u00e7\u00f5es vivas do Jardim Bot\u00e2nico do Estado de S\u00e3o Paulo por meio de pesquisas e atividades de Educa\u00e7\u00e3o Ambiental dirigidas ao p\u00fablico em geral, estudantes e professores.<\/p>\n<p style=\"text-align: justify\">4 &#8211; Realiza\u00e7\u00e3o de est\u00e1gios e cursos de capacita\u00e7\u00e3o, aperfei\u00e7oamento, especializa\u00e7\u00e3o e p\u00f3s-gradua\u00e7\u00e3o.<\/p>\n<p style=\"text-align: justify\">5 &#8211; Assist\u00eancia a bolsistas e pesquisadores nacionais e estrangeiros e manuten\u00e7\u00e3o de interc\u00e2mbio cient\u00edfico no pa\u00eds e no exterior.<\/p>\n<p style=\"text-align: justify\">6 &#8211; Atendimento, inserindo-se na comunidade, \u00e0s demandas externas oficiais e particulares, no seu campo de atua\u00e7\u00e3o.<\/p>\n<p style=\"text-align: justify\">7 &#8211; Colabora\u00e7\u00e3o na elabora\u00e7\u00e3o e na execu\u00e7\u00e3o da Pol\u00edtica Estadual de Meio Ambiente.<\/p>\n<p style=\"text-align: justify\">8 &#8211; Divulga\u00e7\u00e3o dos conhecimentos adquiridos \u00e0 comunidade cient\u00edfica, professores, estudantes e p\u00fablico em geral.<\/p>\n","protected":false},"excerpt":{"rendered":"<p>O Instituto de Bot\u00e2nica \u00e9 institui\u00e7\u00e3o de pesquisas cient\u00edficas na \u00e1rea da bot\u00e2nica, da Secretaria de Infraestrutura e Meio Ambiente do Estado de S\u00e3o Paulo. Tem as suas origens no Departamento de Bot\u00e2nica do Estado criado pelo Decreto n\u00ba 9715 de 9\/11\/1938 e subordinado \u00e0 Secretaria de Agricultura e Abastecimento, pelo Decreto 12499, de 7\/01\/1942. [&hellip;]<\/p>\n","protected":false},"author":1,"featured_media":0,"parent":2283,"menu_order":0,"comment_status":"open","ping_status":"open","template":"","meta":[],"_links":{"self":[{"href":"https:\/\/www.infraestruturameioambiente.sp.gov.br\/institutodebotanica\/wp-json\/wp\/v2\/pages\/80"}],"collection":[{"href":"https:\/\/www.infraestruturameioambiente.sp.gov.br\/institutodebotanica\/wp-json\/wp\/v2\/pages"}],"about":[{"href":"https:\/\/www.infraestruturameioambiente.sp.gov.br\/institutodebotanica\/wp-json\/wp\/v2\/types\/page"}],"author":[{"embeddable":true,"href":"https:\/\/www.infraestruturameioambiente.sp.gov.br\/institutodebotanica\/wp-json\/wp\/v2\/users\/1"}],"replies":[{"embeddable":true,"href":"https:\/\/www.infraestruturameioambiente.sp.gov.br\/institutodebotanica\/wp-json\/wp\/v2\/comments?post=80"}],"version-history":[{"count":11,"href":"https:\/\/www.infraestruturameioambiente.sp.gov.br\/institutodebotanica\/wp-json\/wp\/v2\/pages\/80\/revisions"}],"predecessor-version":[{"id":24034,"href":"https:\/\/www.infraestruturameioambiente.sp.gov.br\/institutodebotanica\/wp-json\/wp\/v2\/pages\/80\/revisions\/24034"}],"up":[{"embeddable":true,"href":"https:\/\/www.infraestruturameioambiente.sp.gov.br\/institutodebotanica\/wp-json\/wp\/v2\/pages\/2283"}],"wp:attachment":[{"href":"https:\/\/www.infraestruturameioambiente.sp.gov.br\/institutodebotanica\/wp-json\/wp\/v2\/media?parent=80"}],"curies":[{"name":"wp","href":"https:\/\/api.w.org\/{rel}","templated":true}]}}