{"id":76,"date":"2011-11-10T13:51:05","date_gmt":"2011-11-10T13:51:05","guid":{"rendered":"https:\/\/www.infraestruturameioambiente.sp.gov.br\/institutodebotanica\/?page_id=76"},"modified":"2013-09-27T01:45:21","modified_gmt":"2013-09-27T04:45:21","slug":"contato","status":"publish","type":"page","link":"https:\/\/www.infraestruturameioambiente.sp.gov.br\/institutodebotanica\/contato\/","title":{"rendered":"Contato"},"content":{"rendered":"\n<div class=\"wpcf7 no-js\" id=\"wpcf7-f15316-o1\" lang=\"pt-BR\" dir=\"ltr\">\n<div class=\"screen-reader-response\"><p role=\"status\" aria-live=\"polite\" aria-atomic=\"true\"><\/p> <ul><\/ul><\/div>\n<form action=\"\/institutodebotanica\/wp-json\/wp\/v2\/pages\/76#wpcf7-f15316-o1\" method=\"post\" class=\"wpcf7-form init\" aria-label=\"Formul\u00e1rios de contato\" novalidate=\"novalidate\" data-status=\"init\">\n<div style=\"display: none;\">\n<input type=\"hidden\" name=\"_wpcf7\" value=\"15316\" \/>\n<input type=\"hidden\" name=\"_wpcf7_version\" value=\"5.7.5.1\" \/>\n<input type=\"hidden\" name=\"_wpcf7_locale\" value=\"pt_BR\" \/>\n<input type=\"hidden\" name=\"_wpcf7_unit_tag\" value=\"wpcf7-f15316-o1\" \/>\n<input type=\"hidden\" name=\"_wpcf7_container_post\" value=\"0\" \/>\n<input type=\"hidden\" name=\"_wpcf7_posted_data_hash\" value=\"\" \/>\n<\/div>\n<p><label><span>Nome:<\/span> <span class=\"wpcf7-form-control-wrap\" data-name=\"nome\"><input size=\"60\" class=\"wpcf7-form-control wpcf7-text\" id=\"nome\" aria-invalid=\"false\" value=\"\" type=\"text\" name=\"nome\" \/><\/span><\/label><br \/>\n<label><span>E-mail:<\/span> <span class=\"wpcf7-form-control-wrap\" data-name=\"email\"><input size=\"60\" class=\"wpcf7-form-control wpcf7-text\" id=\"email\" aria-invalid=\"false\" value=\"\" type=\"text\" name=\"email\" \/><\/span><\/label><br \/>\n<label><span>Telefone:<\/span> <span class=\"wpcf7-form-control-wrap\" data-name=\"telefone\"><input size=\"60\" class=\"wpcf7-form-control wpcf7-text\" id=\"telefone\" aria-invalid=\"false\" value=\"\" type=\"text\" name=\"telefone\" \/><\/span><\/label><br \/>\n<label><span>Assunto:<\/span> <span class=\"wpcf7-form-control-wrap\" data-name=\"assunto\"><input size=\"60\" class=\"wpcf7-form-control wpcf7-text\" id=\"assunto\" aria-invalid=\"false\" value=\"\" type=\"text\" name=\"assunto\" \/><\/span><\/label><br \/>\n<label><span>Escreva aqui seus coment\u00e1rios, cr\u00edticas e sugest\u00f5es:<\/span><br \/>\n<span class=\"wpcf7-form-control-wrap\" data-name=\"comentario\"><textarea cols=\"52\" rows=\"5\" class=\"wpcf7-form-control wpcf7-textarea\" id=\"comentario\" aria-invalid=\"false\" name=\"comentario\"><\/textarea><\/span><\/label>\n<\/p>\n<p><input class=\"wpcf7-form-control has-spinner wpcf7-submit\" id=\"Enviar\" type=\"submit\" value=\"Enviar\" \/>\n<\/p><p style=\"display: none !important;\"><label>&#916;<textarea name=\"_wpcf7_ak_hp_textarea\" cols=\"45\" rows=\"8\" maxlength=\"100\"><\/textarea><\/label><input type=\"hidden\" id=\"ak_js_1\" name=\"_wpcf7_ak_js\" value=\"230\"\/><script>document.getElementById( \"ak_js_1\" ).setAttribute( \"value\", ( new Date() ).getTime() );<\/script><\/p><div class=\"wpcf7-response-output\" aria-hidden=\"true\"><\/div>\n<\/form>\n<\/div>\n\n<p><strong>Instituto de Bot\u00e2nica:<\/strong><br \/>\nAv. Miguel St\u00e9fano, 3687 &#8211; CEP 04301-902 &#8211; \u00c1gua Funda &#8211; S\u00e3o Paulo &#8211; SP<br \/>\n<strong>Fone:<\/strong>\u00a0(11) 5067-6000 &#8211;\u00a0<strong>FAX:<\/strong>\u00a0(11) 5073-3678<\/p>\n","protected":false},"excerpt":{"rendered":"<p>Instituto de Bot\u00e2nica: Av. Miguel St\u00e9fano, 3687 &#8211; CEP 04301-902 &#8211; \u00c1gua Funda &#8211; S\u00e3o Paulo &#8211; SP Fone:\u00a0(11) 5067-6000 &#8211;\u00a0FAX:\u00a0(11) 5073-3678<\/p>\n","protected":false},"author":1,"featured_media":0,"parent":0,"menu_order":0,"comment_status":"closed","ping_status":"closed","template":"","meta":[],"_links":{"self":[{"href":"https:\/\/www.infraestruturameioambiente.sp.gov.br\/institutodebotanica\/wp-json\/wp\/v2\/pages\/76"}],"collection":[{"href":"https:\/\/www.infraestruturameioambiente.sp.gov.br\/institutodebotanica\/wp-json\/wp\/v2\/pages"}],"about":[{"href":"https:\/\/www.infraestruturameioambiente.sp.gov.br\/institutodebotanica\/wp-json\/wp\/v2\/types\/page"}],"author":[{"embeddable":true,"href":"https:\/\/www.infraestruturameioambiente.sp.gov.br\/institutodebotanica\/wp-json\/wp\/v2\/users\/1"}],"replies":[{"embeddable":true,"href":"https:\/\/www.infraestruturameioambiente.sp.gov.br\/institutodebotanica\/wp-json\/wp\/v2\/comments?post=76"}],"version-history":[{"count":5,"href":"https:\/\/www.infraestruturameioambiente.sp.gov.br\/institutodebotanica\/wp-json\/wp\/v2\/pages\/76\/revisions"}],"predecessor-version":[{"id":15318,"href":"https:\/\/www.infraestruturameioambiente.sp.gov.br\/institutodebotanica\/wp-json\/wp\/v2\/pages\/76\/revisions\/15318"}],"wp:attachment":[{"href":"https:\/\/www.infraestruturameioambiente.sp.gov.br\/institutodebotanica\/wp-json\/wp\/v2\/media?parent=76"}],"curies":[{"name":"wp","href":"https:\/\/api.w.org\/{rel}","templated":true}]}}