{"id":560,"date":"2011-11-23T14:32:42","date_gmt":"2011-11-23T14:32:42","guid":{"rendered":"https:\/\/www.infraestruturameioambiente.sp.gov.br\/institutodebotanica\/?page_id=560"},"modified":"2023-07-10T12:49:18","modified_gmt":"2023-07-10T15:49:18","slug":"gravuras-de-margaret-mee","status":"publish","type":"page","link":"https:\/\/www.infraestruturameioambiente.sp.gov.br\/institutodebotanica\/publicacoes\/gravuras-de-margaret-mee\/","title":{"rendered":"Gravuras de Margaret Mee"},"content":{"rendered":"<table style=\"width: 100%\" cellpadding=\"20\">\n<tbody>\n<tr style=\"height: 75px;border: thin solid #a1a1a1\">\n<td style=\"height: 75px;width: 99.0303%\" colspan=\"2\">\n<h2 class=\"tl\" style=\"text-align: center\">Gravuras de Margaret Mee<\/h2>\n<\/td>\n<\/tr>\n<tr style=\"height: 248px\">\n<td style=\"height: 248px;width: 41.3333%\"><img decoding=\"async\" loading=\"lazy\" class=\"wp-image-23802 aligncenter\" src=\"https:\/\/smastr16.blob.core.windows.net\/ibot\/sites\/235\/2021\/05\/margaretmee1.jpg\" alt=\"\" width=\"268\" height=\"367\" \/><\/td>\n<td style=\"height: 248px;width: 57.697%\"><strong>Local \/ Ano:<\/strong> S\u00e3o Paulo &#8211; 2010<\/p>\n<h2 class=\"tl-sub\"><\/h2>\n<\/td>\n<\/tr>\n<tr style=\"height: 75px;border: thin solid #a1a1a1\">\n<td style=\"height: 75px;width: 99.0303%\" colspan=\"2\">\n<h2 class=\"tl-sub\" style=\"text-align: center\">APRESENTA\u00c7\u00c3O<\/h2>\n<\/td>\n<\/tr>\n<tr style=\"height: 312px\">\n<td style=\"height: 312px;width: 99.0303%\" colspan=\"2\"><div class=\"wc-gallery\"><div id='gallery-1' data-gutter-width='5' data-columns='3' class='gallery wc-gallery-captions-onhover gallery-link-file gallery-masonry galleryid-560 gallery-columns-3 gallery-size-thumbnail wc-gallery-bottomspace-default wc-gallery-clear'><div class='gallery-item gallery-item-position-1 gallery-item-attachment-562'>\n\t\t\t\t<div class='gallery-icon portrait'>\n\t\t\t\t\t<a href='https:\/\/www.infraestruturameioambiente.sp.gov.br\/institutodebotanica\/wp-content\/uploads\/sites\/235\/2011\/11\/GRAVURA1.png' title='GRAVURA1' target='_self'><img width=\"138\" height=\"200\" src=\"https:\/\/www.infraestruturameioambiente.sp.gov.br\/institutodebotanica\/wp-content\/uploads\/sites\/235\/2011\/11\/GRAVURA1.png\" class=\"attachment-thumbnail size-thumbnail\" alt=\"\" decoding=\"async\" loading=\"lazy\" \/><\/a>\n\t\t\t\t<\/div><\/div><div class='gallery-item gallery-item-position-2 gallery-item-attachment-563'>\n\t\t\t\t<div class='gallery-icon portrait'>\n\t\t\t\t\t<a href='https:\/\/www.infraestruturameioambiente.sp.gov.br\/institutodebotanica\/wp-content\/uploads\/sites\/235\/2011\/11\/GRAVURA3.png' title='GRAVURA3' target='_self'><img width=\"138\" height=\"200\" src=\"https:\/\/www.infraestruturameioambiente.sp.gov.br\/institutodebotanica\/wp-content\/uploads\/sites\/235\/2011\/11\/GRAVURA3.png\" class=\"attachment-thumbnail size-thumbnail\" alt=\"\" decoding=\"async\" loading=\"lazy\" \/><\/a>\n\t\t\t\t<\/div><\/div><div class='gallery-item gallery-item-position-3 gallery-item-attachment-564'>\n\t\t\t\t<div class='gallery-icon portrait'>\n\t\t\t\t\t<a href='https:\/\/www.infraestruturameioambiente.sp.gov.br\/institutodebotanica\/wp-content\/uploads\/sites\/235\/2011\/11\/GRAVURA4.png' title='GRAVURA4' target='_self'><img width=\"138\" height=\"200\" src=\"https:\/\/www.infraestruturameioambiente.sp.gov.br\/institutodebotanica\/wp-content\/uploads\/sites\/235\/2011\/11\/GRAVURA4.png\" class=\"attachment-thumbnail size-thumbnail\" alt=\"\" decoding=\"async\" loading=\"lazy\" \/><\/a>\n\t\t\t\t<\/div><\/div><div class='gallery-item gallery-item-position-4 gallery-item-attachment-565'>\n\t\t\t\t<div class='gallery-icon portrait'>\n\t\t\t\t\t<a href='https:\/\/www.infraestruturameioambiente.sp.gov.br\/institutodebotanica\/wp-content\/uploads\/sites\/235\/2011\/11\/GRAVURA5.png' title='GRAVURA5' target='_self'><img width=\"138\" height=\"200\" src=\"https:\/\/www.infraestruturameioambiente.sp.gov.br\/institutodebotanica\/wp-content\/uploads\/sites\/235\/2011\/11\/GRAVURA5.png\" class=\"attachment-thumbnail size-thumbnail\" alt=\"\" decoding=\"async\" loading=\"lazy\" \/><\/a>\n\t\t\t\t<\/div><\/div><div class='gallery-item gallery-item-position-5 gallery-item-attachment-566'>\n\t\t\t\t<div class='gallery-icon portrait'>\n\t\t\t\t\t<a href='https:\/\/www.infraestruturameioambiente.sp.gov.br\/institutodebotanica\/wp-content\/uploads\/sites\/235\/2011\/11\/GRAVURA6.png' title='GRAVURA6' target='_self'><img width=\"138\" height=\"200\" src=\"https:\/\/www.infraestruturameioambiente.sp.gov.br\/institutodebotanica\/wp-content\/uploads\/sites\/235\/2011\/11\/GRAVURA6.png\" class=\"attachment-thumbnail size-thumbnail\" alt=\"\" decoding=\"async\" loading=\"lazy\" \/><\/a>\n\t\t\t\t<\/div><\/div><\/div>\n<\/div><\/td>\n<\/tr>\n<\/tbody>\n<\/table>\n<h4 style=\"text-align: justify\"><strong>INSTITUTO DE PESQUISAS AMBIENTAIS\u00a0<\/strong><\/h4>\n<h5><strong>N\u00daCLEO DE PUBLICA\u00c7\u00d5ES CIENT\u00cdFICAS<br \/>\n<\/strong><\/h5>\n<p>Fone: (011) 5067-6018\/6019<br \/>\nE- mail: <strong><a href=\"mailto:ipa.npc@sp.gov.br\">ipa.npc@sp.gov.br<\/a><br \/>\n<\/strong><\/p>\n","protected":false},"excerpt":{"rendered":"<p>Gravuras de Margaret Mee Local \/ Ano: S\u00e3o Paulo &#8211; 2010 APRESENTA\u00c7\u00c3O INSTITUTO DE PESQUISAS AMBIENTAIS\u00a0 N\u00daCLEO DE PUBLICA\u00c7\u00d5ES CIENT\u00cdFICAS Fone: (011) 5067-6018\/6019 E- mail: ipa.npc@sp.gov.br<\/p>\n","protected":false},"author":1,"featured_media":0,"parent":2403,"menu_order":6,"comment_status":"open","ping_status":"open","template":"","meta":[],"_links":{"self":[{"href":"https:\/\/www.infraestruturameioambiente.sp.gov.br\/institutodebotanica\/wp-json\/wp\/v2\/pages\/560"}],"collection":[{"href":"https:\/\/www.infraestruturameioambiente.sp.gov.br\/institutodebotanica\/wp-json\/wp\/v2\/pages"}],"about":[{"href":"https:\/\/www.infraestruturameioambiente.sp.gov.br\/institutodebotanica\/wp-json\/wp\/v2\/types\/page"}],"author":[{"embeddable":true,"href":"https:\/\/www.infraestruturameioambiente.sp.gov.br\/institutodebotanica\/wp-json\/wp\/v2\/users\/1"}],"replies":[{"embeddable":true,"href":"https:\/\/www.infraestruturameioambiente.sp.gov.br\/institutodebotanica\/wp-json\/wp\/v2\/comments?post=560"}],"version-history":[{"count":16,"href":"https:\/\/www.infraestruturameioambiente.sp.gov.br\/institutodebotanica\/wp-json\/wp\/v2\/pages\/560\/revisions"}],"predecessor-version":[{"id":24072,"href":"https:\/\/www.infraestruturameioambiente.sp.gov.br\/institutodebotanica\/wp-json\/wp\/v2\/pages\/560\/revisions\/24072"}],"up":[{"embeddable":true,"href":"https:\/\/www.infraestruturameioambiente.sp.gov.br\/institutodebotanica\/wp-json\/wp\/v2\/pages\/2403"}],"wp:attachment":[{"href":"https:\/\/www.infraestruturameioambiente.sp.gov.br\/institutodebotanica\/wp-json\/wp\/v2\/media?parent=560"}],"curies":[{"name":"wp","href":"https:\/\/api.w.org\/{rel}","templated":true}]}}