{"id":550,"date":"2011-11-23T14:17:55","date_gmt":"2011-11-23T14:17:55","guid":{"rendered":"https:\/\/www.infraestruturameioambiente.sp.gov.br\/institutodebotanica\/?page_id=550"},"modified":"2019-09-27T11:11:11","modified_gmt":"2019-09-27T14:11:11","slug":"o-jardim-botanico-vai-a-escola-a-experiencia-dos-jardins-botanicos-brasileiros156-p","status":"publish","type":"page","link":"https:\/\/www.infraestruturameioambiente.sp.gov.br\/institutodebotanica\/publicacoes\/livros\/o-jardim-botanico-vai-a-escola-a-experiencia-dos-jardins-botanicos-brasileiros156-p\/","title":{"rendered":"O Jardim Bot\u00e2nico Vai \u00e0 Escola: a Experi\u00eancia dos Jardins Bot\u00e2nicos Brasileiros (156 p.)"},"content":{"rendered":"<h1 class=\"tl\">O JARDIM BOT\u00c2NICO VAI \u00c0 ESCOLA: A EXPERI\u00caNCIA DOS JARDINS BOT\u00c2NICOS BRASILEIROS (156 p.)<\/h1>\n<h1 class=\"tl\"><a style=\"font-size: 13px\" href=\"https:\/\/www.infraestruturameioambiente.sp.gov.br\/institutodebotanica\/wp-content\/uploads\/sites\/235\/2011\/11\/livro8.jpg\"><img decoding=\"async\" loading=\"lazy\" class=\"size-full wp-image-551 alignleft\" title=\"livro8\" src=\"https:\/\/www.infraestruturameioambiente.sp.gov.br\/institutodebotanica\/wp-content\/uploads\/sites\/235\/2011\/11\/livro8.jpg\" alt=\"\" width=\"163\" height=\"218\" \/><\/a><\/h1>\n<p><strong>Organizadores:<\/strong><br \/>\nTania Maria Cerati<\/p>\n<p><strong>Local \/ Ano:<\/strong> S\u00e3o Paulo &#8211; 2011<br \/>\n<strong>Pre\u00e7o:<\/strong> R$ 20,00<\/p>\n<p>&nbsp;<\/p>\n<p>&nbsp;<\/p>\n<p>&nbsp;<\/p>\n<p>&nbsp;<\/p>\n<h2 class=\"tl-sub\" style=\"text-align: justify\">APRESENTA\u00c7\u00c3O<\/h2>\n<p style=\"text-align: justify\">O Jardim Bot\u00e2nico vai \u00e0 escola: a experi\u00eancia dos jardins bot\u00e2nicos brasileiros \u00e9 uma publica\u00e7\u00e3o pioneira no campo da educa\u00e7\u00e3o em jardins bot\u00e2nicos. Organizado pela Pesquisadora Tania Maria Cerati \u00e9 fruto do projeto \u201cO Jardim Bot\u00e2nico vai \u00e0 escola\u201d, criado para fomentar os programas educativos dos jardins bot\u00e2nicos brasileiros e consolidar essas institui\u00e7\u00f5es como importantes espa\u00e7os educativos que conservam a biodiversidade. O livro mostra a experi\u00eancia de dez jardins bot\u00e2nicos que implantaram o projeto junto \u00e0s escolas p\u00fablicas do seu entorno e relata diversas pr\u00e1ticas educativas cujo tema \u00e9 a biodiversidade local. A atualiza\u00e7\u00e3o dos professores, o uso de materiais pedag\u00f3gicos produzidos exclusivamente para o projeto, o desenvolvimento de um projeto interdisciplinar na escola e a produ\u00e7\u00e3o did\u00e1tica dos alunos s\u00e3o os assuntos tratados em cada cap\u00edtulo, onde podemos observar a diversidade cultural, o conhecimento da flora regional, a criatividade das equipes e os problemas ambientais de cada regi\u00e3o. Com in\u00fameras id\u00e9ias pr\u00e1ticas para o desenvolvimento de experi\u00eancias dentro e fora da sala de aula, esta publica\u00e7\u00e3o \u00e9 um material did\u00e1tico que incentiva professores e educadores ambientais a abordar o tema biodiversidade, contribuindo para a forma\u00e7\u00e3o de uma gera\u00e7\u00e3o que valoriza e protege o meio ambiente.<br \/>\nParticipam deste livro os seguintes jardins bot\u00e2nicos: S\u00e3o Paulo, Salvador, Porto Alegre, Paul\u00ednia, Jo\u00e3o Pessoa, Museu Em\u00edlio Goeldi, Curitiba, Belo Horizonte, Agron\u00f4mico de Campinas, Rio de Janeiro.<\/p>\n<p style=\"text-align: justify\"><strong>Vera Lucia Ramos Bononi<\/strong> &#8211; <em>Diretora Geral do Instituto de Bot\u00e2nica<\/em><\/p>\n<p style=\"text-align: justify\"><strong>INSTITUTO DE BOT\u00c2NICA &#8211; SETOR DE VENDAS<\/strong><br \/>\n<strong>FONE:<\/strong> (0xx11) 5073-6300 &#8211; com F\u00e1tima Frige<br \/>\n<strong>FAX:<\/strong> (0xx11) 5073-3426<br \/>\n<strong>Contato:<\/strong> vendalivros@ibot.sp.gov.br<\/p>\n<p style=\"text-align: justify\">Algumas de nossas publica\u00e7\u00f5es tamb\u00e9m est\u00e3o \u00e0 venda no site <a href=\"http:\/\/www.seade.gov.br\/publishop\">http:\/\/www.seade.gov.br\/publishop<\/a><\/p>\n","protected":false},"excerpt":{"rendered":"<p>O JARDIM BOT\u00c2NICO VAI \u00c0 ESCOLA: A EXPERI\u00caNCIA DOS JARDINS BOT\u00c2NICOS BRASILEIROS (156 p.) Organizadores: Tania Maria Cerati Local \/ Ano: S\u00e3o Paulo &#8211; 2011 Pre\u00e7o: R$ 20,00 &nbsp; &nbsp; &nbsp; &nbsp; APRESENTA\u00c7\u00c3O O Jardim Bot\u00e2nico vai \u00e0 escola: a experi\u00eancia dos jardins bot\u00e2nicos brasileiros \u00e9 uma publica\u00e7\u00e3o pioneira no campo da educa\u00e7\u00e3o em jardins [&hellip;]<\/p>\n","protected":false},"author":1,"featured_media":0,"parent":516,"menu_order":8,"comment_status":"open","ping_status":"open","template":"","meta":[],"_links":{"self":[{"href":"https:\/\/www.infraestruturameioambiente.sp.gov.br\/institutodebotanica\/wp-json\/wp\/v2\/pages\/550"}],"collection":[{"href":"https:\/\/www.infraestruturameioambiente.sp.gov.br\/institutodebotanica\/wp-json\/wp\/v2\/pages"}],"about":[{"href":"https:\/\/www.infraestruturameioambiente.sp.gov.br\/institutodebotanica\/wp-json\/wp\/v2\/types\/page"}],"author":[{"embeddable":true,"href":"https:\/\/www.infraestruturameioambiente.sp.gov.br\/institutodebotanica\/wp-json\/wp\/v2\/users\/1"}],"replies":[{"embeddable":true,"href":"https:\/\/www.infraestruturameioambiente.sp.gov.br\/institutodebotanica\/wp-json\/wp\/v2\/comments?post=550"}],"version-history":[{"count":10,"href":"https:\/\/www.infraestruturameioambiente.sp.gov.br\/institutodebotanica\/wp-json\/wp\/v2\/pages\/550\/revisions"}],"predecessor-version":[{"id":23015,"href":"https:\/\/www.infraestruturameioambiente.sp.gov.br\/institutodebotanica\/wp-json\/wp\/v2\/pages\/550\/revisions\/23015"}],"up":[{"embeddable":true,"href":"https:\/\/www.infraestruturameioambiente.sp.gov.br\/institutodebotanica\/wp-json\/wp\/v2\/pages\/516"}],"wp:attachment":[{"href":"https:\/\/www.infraestruturameioambiente.sp.gov.br\/institutodebotanica\/wp-json\/wp\/v2\/media?parent=550"}],"curies":[{"name":"wp","href":"https:\/\/api.w.org\/{rel}","templated":true}]}}