{"id":540,"date":"2011-11-23T14:05:07","date_gmt":"2011-11-23T14:05:07","guid":{"rendered":"https:\/\/www.infraestruturameioambiente.sp.gov.br\/institutodebotanica\/?page_id=540"},"modified":"2019-09-27T11:09:38","modified_gmt":"2019-09-27T14:09:38","slug":"aguas-do-brasil-analises-estrategicas-222-paginas","status":"publish","type":"page","link":"https:\/\/www.infraestruturameioambiente.sp.gov.br\/institutodebotanica\/publicacoes\/livros\/aguas-do-brasil-analises-estrategicas-222-paginas\/","title":{"rendered":"\u00c1guas do Brasil An\u00e1lises Estrat\u00e9gicas (222 p\u00e1ginas.)"},"content":{"rendered":"<h1 class=\"tl\">\u00c1guas do Brasil An\u00e1lises Estrat\u00e9gicas (222 p\u00e1ginas.)<\/h1>\n<p><a href=\"https:\/\/www.infraestruturameioambiente.sp.gov.br\/institutodebotanica\/wp-content\/uploads\/sites\/235\/2011\/11\/livro6.jpg\"><img decoding=\"async\" loading=\"lazy\" class=\"size-full wp-image-543 alignleft\" title=\"livro6\" src=\"https:\/\/www.infraestruturameioambiente.sp.gov.br\/institutodebotanica\/wp-content\/uploads\/sites\/235\/2011\/11\/livro6.jpg\" alt=\"\" width=\"163\" height=\"216\" \/><\/a><\/p>\n<p><strong>Organizadores:<\/strong><br \/>\nCarlos E. de M. Bicudo<br \/>\nJos\u00e9 Galizia Tundisi<br \/>\nMarcos C. Barnsley Scheuenstuhl<\/p>\n<p><strong>Local \/ Ano:<\/strong> S\u00e3o Paulo &#8211; 2010<br \/>\n<strong>Pre\u00e7o:<\/strong> R$ 50,00<\/p>\n<p>&nbsp;<\/p>\n<p>&nbsp;<\/p>\n<p>&nbsp;<\/p>\n<h2 class=\"tl-sub\" style=\"text-align: justify\">APRESENTA\u00c7\u00c3O<\/h2>\n<p style=\"text-align: justify\">O livro \u201c\u00c1guas do Brasil: an\u00e1lises estrat\u00e9gicas\u201d \u00e9 um marco. Jamais foi feito algo desse n\u00edvel no pa\u00eds, j\u00e1 que a obra re\u00fane, com muita profundidade, uma s\u00e9rie de quest\u00f5es extremamente contempor\u00e2neas em rela\u00e7\u00e3o \u00e0 \u00e1gua. Foi organizado por Carlos Eduardo de Mattos Bicudo, pesquisador do Instituto de Bot\u00e2nica da SMA em parceria com Jos\u00e9 Galizia Tundisi e Marcos Cortes\u00e3o Barnsley Scheuenstuhl, os dois \u00faltimos da Academia Brasileira de Ci\u00eancias.<br \/>\n\u00c9 o primeiro produto do Grupo de Estudos sobre Recursos H\u00eddricos da Academia Brasileira de Ci\u00eancias. Para produzi-lo, foram contatados 40 especialistas brasileiros do melhor escol, todos especialistas de renome internacional em suas mat\u00e9rias. O ciclo da \u00e1gua foi abordado em 13 cap\u00edtulos, a partir de uma vis\u00e3o integrada, buscando aliar solu\u00e7\u00f5es tecnol\u00f3gicas e ecol\u00f3gicas e integrando aspectos quantitativos e qualitativos desse t\u00e3o importante bem ambiental. Mat\u00e9rias como gest\u00e3o dos recursos h\u00eddricos e agricultura irrigada, \u00e1gua e sa\u00fade, \u00e1gua e economia, conserva\u00e7\u00e3o e reuso como instrumentos de gest\u00e3o, \u00e1gua no semi-\u00e1rido brasileiro, \u00e1gua na Amaz\u00f4nia, urbaniza\u00e7\u00e3o e recursos h\u00eddricos, educa\u00e7\u00e3o para a sustentabilidade dos recursos h\u00eddricos, \u00e1gua subterr\u00e2nea, disponibilidade, polui\u00e7\u00e3o e eutrofiza\u00e7\u00e3o das \u00e1guas e ci\u00eancia, tecnologia e inova\u00e7\u00e3o s\u00e3o da maior import\u00e2ncia para o momento presente do nosso pa\u00eds e, em especial, do Estado de S\u00e3o Paulo. S\u00e3o assuntos cuja discuss\u00e3o certamente ir\u00e1 contribuir para a gest\u00e3o sustent\u00e1vel dos recursos h\u00eddricos por interm\u00e9dio do trabalho articulado dos diferentes campos da ci\u00eancia, avan\u00e7ando para uma vis\u00e3o sist\u00eamica da \u00e1gua que, enfim, permitir\u00e1 aos profissionais gestores a possibilidade de uma a\u00e7\u00e3o integrada de antevis\u00e3o dos problemas e de antecipa\u00e7\u00e3o das solu\u00e7\u00f5es.<\/p>\n<p style=\"text-align: justify\"><strong>Vera Lucia Ramos Bononi<\/strong> &#8211; <em>Diretora Geral do Instituto de Bot\u00e2nica<\/em><br \/>\n<strong>Francisco Graziano Neto<\/strong> &#8211; <em>Secret\u00e1rio do Meio Ambiente<\/em><\/p>\n<p style=\"text-align: justify\"><strong>INSTITUTO DE BOT\u00c2NICA &#8211; SETOR DE VENDAS<\/strong><br \/>\n<strong>FONE:<\/strong> (0xx11) 5073-6300 &#8211; com F\u00e1tima Frige<br \/>\n<strong>FAX:<\/strong> (0xx11) 5073-3426<br \/>\n<strong>Contato:<\/strong> vendalivros@ibot.sp.gov.br<\/p>\n<p style=\"text-align: justify\">Algumas de nossas publica\u00e7\u00f5es tamb\u00e9m est\u00e3o \u00e0 venda no site <a href=\"http:\/\/www.seade.gov.br\/publishop\">http:\/\/www.seade.gov.br\/publishop<\/a><\/p>\n","protected":false},"excerpt":{"rendered":"<p>\u00c1guas do Brasil An\u00e1lises Estrat\u00e9gicas (222 p\u00e1ginas.) Organizadores: Carlos E. de M. Bicudo Jos\u00e9 Galizia Tundisi Marcos C. Barnsley Scheuenstuhl Local \/ Ano: S\u00e3o Paulo &#8211; 2010 Pre\u00e7o: R$ 50,00 &nbsp; &nbsp; &nbsp; APRESENTA\u00c7\u00c3O O livro \u201c\u00c1guas do Brasil: an\u00e1lises estrat\u00e9gicas\u201d \u00e9 um marco. Jamais foi feito algo desse n\u00edvel no pa\u00eds, j\u00e1 que a [&hellip;]<\/p>\n","protected":false},"author":1,"featured_media":0,"parent":516,"menu_order":6,"comment_status":"open","ping_status":"open","template":"","meta":[],"_links":{"self":[{"href":"https:\/\/www.infraestruturameioambiente.sp.gov.br\/institutodebotanica\/wp-json\/wp\/v2\/pages\/540"}],"collection":[{"href":"https:\/\/www.infraestruturameioambiente.sp.gov.br\/institutodebotanica\/wp-json\/wp\/v2\/pages"}],"about":[{"href":"https:\/\/www.infraestruturameioambiente.sp.gov.br\/institutodebotanica\/wp-json\/wp\/v2\/types\/page"}],"author":[{"embeddable":true,"href":"https:\/\/www.infraestruturameioambiente.sp.gov.br\/institutodebotanica\/wp-json\/wp\/v2\/users\/1"}],"replies":[{"embeddable":true,"href":"https:\/\/www.infraestruturameioambiente.sp.gov.br\/institutodebotanica\/wp-json\/wp\/v2\/comments?post=540"}],"version-history":[{"count":8,"href":"https:\/\/www.infraestruturameioambiente.sp.gov.br\/institutodebotanica\/wp-json\/wp\/v2\/pages\/540\/revisions"}],"predecessor-version":[{"id":23013,"href":"https:\/\/www.infraestruturameioambiente.sp.gov.br\/institutodebotanica\/wp-json\/wp\/v2\/pages\/540\/revisions\/23013"}],"up":[{"embeddable":true,"href":"https:\/\/www.infraestruturameioambiente.sp.gov.br\/institutodebotanica\/wp-json\/wp\/v2\/pages\/516"}],"wp:attachment":[{"href":"https:\/\/www.infraestruturameioambiente.sp.gov.br\/institutodebotanica\/wp-json\/wp\/v2\/media?parent=540"}],"curies":[{"name":"wp","href":"https:\/\/api.w.org\/{rel}","templated":true}]}}