{"id":537,"date":"2011-11-23T14:00:19","date_gmt":"2011-11-23T14:00:19","guid":{"rendered":"https:\/\/www.infraestruturameioambiente.sp.gov.br\/institutodebotanica\/?page_id=537"},"modified":"2019-09-27T11:08:58","modified_gmt":"2019-09-27T14:08:58","slug":"iconografia-de-orchidaceas-do-brasil","status":"publish","type":"page","link":"https:\/\/www.infraestruturameioambiente.sp.gov.br\/institutodebotanica\/publicacoes\/livros\/iconografia-de-orchidaceas-do-brasil\/","title":{"rendered":"Iconografia de Orchidaceas do Brasil"},"content":{"rendered":"<h1 class=\"tl\">Iconografia de Orchidaceas do Brasil<\/h1>\n<p><a href=\"https:\/\/www.infraestruturameioambiente.sp.gov.br\/institutodebotanica\/wp-content\/uploads\/sites\/235\/2011\/11\/livro5.png\"><img decoding=\"async\" loading=\"lazy\" class=\"size-full wp-image-538 alignleft\" title=\"livro5\" src=\"https:\/\/www.infraestruturameioambiente.sp.gov.br\/institutodebotanica\/wp-content\/uploads\/sites\/235\/2011\/11\/livro5.png\" alt=\"\" width=\"158\" height=\"218\" \/><\/a><\/p>\n<p><strong>Local \/ Ano:<\/strong> S\u00e3o Paulo &#8211; 2010<br \/>\n<strong>Pre\u00e7o:<\/strong> R$ 200,00<\/p>\n<h2 class=\"tl-sub\"><\/h2>\n<h2 class=\"tl-sub\"><\/h2>\n<h2 class=\"tl-sub\"><\/h2>\n<h2 class=\"tl-sub\"><\/h2>\n<h2 class=\"tl-sub\"><\/h2>\n<h2 class=\"tl-sub\">APRESENTA\u00c7\u00c3O<\/h2>\n<p style=\"text-align: justify\">Iconografia de Orchidaceas do Brasil escrito em 1949 pelo naturalista Frederico Carlos Hoehne, foi agora reimpresso pelo Instituto de Bot\u00e2nica com o acr\u00e9scimo de apenas um novo pref\u00e1cio. O livro n\u00e3o recebeu uma atualiza\u00e7\u00e3o, do ponto de vista taxon\u00f4mico mas por outro lado manteve integralmente seu valor hist\u00f3rico. Demonstra a genialidade de seu autor e valoriza a beleza e a diversidade das orqu\u00eddeas brasileiras.<br \/>\nA obra de 640 p\u00e1ginas teve tiragem reduzida de 500 exemplares e como o anterior, \u00e9 ricamente ilustrado.<\/p>\n<p style=\"text-align: justify\"><strong>INSTITUTO DE BOT\u00c2NICA &#8211; SETOR DE VENDAS<\/strong><br \/>\n<strong>FONE:<\/strong> (0xx11) 5073-6300 &#8211; com F\u00e1tima Frige<br \/>\n<strong>FAX:<\/strong> (0xx11) 5073-3426<br \/>\n<strong>Contato:<\/strong> vendalivros@ibot.sp.gov.br<\/p>\n<p style=\"text-align: justify\">Algumas de nossas publica\u00e7\u00f5es tamb\u00e9m est\u00e3o \u00e0 venda no site <a href=\"http:\/\/www.seade.gov.br\/publishop\">http:\/\/www.seade.gov.br\/publishop<\/a><\/p>\n","protected":false},"excerpt":{"rendered":"<p>Iconografia de Orchidaceas do Brasil Local \/ Ano: S\u00e3o Paulo &#8211; 2010 Pre\u00e7o: R$ 200,00 APRESENTA\u00c7\u00c3O Iconografia de Orchidaceas do Brasil escrito em 1949 pelo naturalista Frederico Carlos Hoehne, foi agora reimpresso pelo Instituto de Bot\u00e2nica com o acr\u00e9scimo de apenas um novo pref\u00e1cio. O livro n\u00e3o recebeu uma atualiza\u00e7\u00e3o, do ponto de vista taxon\u00f4mico [&hellip;]<\/p>\n","protected":false},"author":1,"featured_media":0,"parent":516,"menu_order":5,"comment_status":"open","ping_status":"open","template":"","meta":[],"_links":{"self":[{"href":"https:\/\/www.infraestruturameioambiente.sp.gov.br\/institutodebotanica\/wp-json\/wp\/v2\/pages\/537"}],"collection":[{"href":"https:\/\/www.infraestruturameioambiente.sp.gov.br\/institutodebotanica\/wp-json\/wp\/v2\/pages"}],"about":[{"href":"https:\/\/www.infraestruturameioambiente.sp.gov.br\/institutodebotanica\/wp-json\/wp\/v2\/types\/page"}],"author":[{"embeddable":true,"href":"https:\/\/www.infraestruturameioambiente.sp.gov.br\/institutodebotanica\/wp-json\/wp\/v2\/users\/1"}],"replies":[{"embeddable":true,"href":"https:\/\/www.infraestruturameioambiente.sp.gov.br\/institutodebotanica\/wp-json\/wp\/v2\/comments?post=537"}],"version-history":[{"count":7,"href":"https:\/\/www.infraestruturameioambiente.sp.gov.br\/institutodebotanica\/wp-json\/wp\/v2\/pages\/537\/revisions"}],"predecessor-version":[{"id":23012,"href":"https:\/\/www.infraestruturameioambiente.sp.gov.br\/institutodebotanica\/wp-json\/wp\/v2\/pages\/537\/revisions\/23012"}],"up":[{"embeddable":true,"href":"https:\/\/www.infraestruturameioambiente.sp.gov.br\/institutodebotanica\/wp-json\/wp\/v2\/pages\/516"}],"wp:attachment":[{"href":"https:\/\/www.infraestruturameioambiente.sp.gov.br\/institutodebotanica\/wp-json\/wp\/v2\/media?parent=537"}],"curies":[{"name":"wp","href":"https:\/\/api.w.org\/{rel}","templated":true}]}}