{"id":531,"date":"2011-11-23T13:54:12","date_gmt":"2011-11-23T13:54:12","guid":{"rendered":"https:\/\/www.infraestruturameioambiente.sp.gov.br\/institutodebotanica\/?page_id=531"},"modified":"2019-09-27T11:07:53","modified_gmt":"2019-09-27T14:07:53","slug":"patrimonio-da-reserva-biologica-do-alto-da-serra-de-paranapiacaba-a-antiga-estacao-biologica-do-alto-da-serra-720p-il","status":"publish","type":"page","link":"https:\/\/www.infraestruturameioambiente.sp.gov.br\/institutodebotanica\/publicacoes\/livros\/patrimonio-da-reserva-biologica-do-alto-da-serra-de-paranapiacaba-a-antiga-estacao-biologica-do-alto-da-serra-720p-il\/","title":{"rendered":"Patrim\u00f4nio da Reserva Biol\u00f3gica do Alto da Serra de Paranapiacaba &#8211; A Antiga Esta\u00e7\u00e3o Biol\u00f3gica do Alto da Serra (720p.,il.)"},"content":{"rendered":"<h1 class=\"tl\">Patrim\u00f4nio da Reserva Biol\u00f3gica do Alto da Serra de Paranapiacaba &#8211; A Antiga Esta\u00e7\u00e3o Biol\u00f3gica do Alto da Serra (720p.,il.)<\/h1>\n<p><a href=\"https:\/\/www.infraestruturameioambiente.sp.gov.br\/institutodebotanica\/wp-content\/uploads\/sites\/235\/2011\/11\/livro4.png\"><img decoding=\"async\" loading=\"lazy\" class=\"size-full wp-image-532 alignleft\" title=\"livro4\" src=\"https:\/\/www.infraestruturameioambiente.sp.gov.br\/institutodebotanica\/wp-content\/uploads\/sites\/235\/2011\/11\/livro4.png\" alt=\"\" width=\"163\" height=\"218\" \/><\/a><\/p>\n<p><strong>Organizadoras \/ Editoras Respons\u00e1veis:<\/strong><br \/>\nM\u00e1rcia In\u00eas Martin Silveira Lopes<br \/>\nMizu\u00e9 Kirizawa<br \/>\nMaria Margarida da Rocha Fiuza de Melo<br \/>\n<strong>Editora Assistente:<\/strong><br \/>\nMaria Tereza Grombone Guaratini<\/p>\n<p><strong>Local \/ Ano:<\/strong> S\u00e3o Paulo &#8211; 2009<br \/>\n<strong>Pre\u00e7o:<\/strong> R$ 120,00<\/p>\n<p>&nbsp;<\/p>\n<p>&nbsp;<\/p>\n<h2 class=\"tl-sub\" style=\"text-align: justify\">APRESENTA\u00c7\u00c3O<\/h2>\n<p style=\"text-align: justify\">Completa 100 anos a Reserva Biol\u00f3gica do Alto da Serra de Paranapiacaba, \u00e1rea doada por Hermann Friedrich Albrecht von Ihering e pela S\u00e3o Paulo Railway Company em 1909 e ampliada por compra feita pela Fazenda do Estado em 1912 e 1926.<br \/>\nLocal freq\u00fcentado pelos \u00edndios Guainazes, Tupiniquins e Tamoios, seu nome significa \u201clugar de onde se avista o mar\u201d. Faz parte da hist\u00f3ria do Brasil, tendo trilhas percorridas por Dom Pedro I.<br \/>\nA Comiss\u00e3o Geogr\u00e1fica e Geol\u00f3gica entre 1886 e 1914 nela coletou dados geol\u00f3gicos, geomorfol\u00f3gicos, clim\u00e1ticos, bot\u00e2nicos e ed\u00e1ficos, considerados importantes marcos da pesquisa no Estado de S\u00e3o Paulo. A partir da\u00ed, foi foco da aten\u00e7\u00e3o de centenas de cientistas brasileiros e estrangeiros encantados com a riqueza da flora e fauna.<br \/>\nNeste s\u00e9culo de exist\u00eancia, a Reserva Biol\u00f3gica de Paranapiacaba recebeu visitantes ilustres como Washington Luis, Presidente do Estado de S\u00e3o Paulo, em 1922, em 1926 Marie Skolodowska-Curie, pr\u00eamio Nobel de F\u00edsica e Qu\u00edmica e a artista Margaret Mee em 1955.<br \/>\nFloresta exuberante da Mata Atl\u00e2ntica, a Reserva ainda possui rica biodiversidade associada a paisagens fant\u00e1sticas. Foi tombada em 1985 pelo Conselho de Defesa do Patrim\u00f4nio Hist\u00f3rico, Arqueol\u00f3gico, Art\u00edstico e Tur\u00edstico do Estado de S\u00e3o Paulo.<br \/>\nEste livro re\u00fane o conhecimento acumulado e desenvolvido na Reserva Biol\u00f3gica com estudos de 77 especialistas da Secretaria de Estado do Meio Ambiente, Universidades brasileiras e estrangeiras. Certamente seu conte\u00fado valoriza esse maravilhoso patrim\u00f4nio ambiental e hist\u00f3rico de nosso pa\u00eds.<\/p>\n<p style=\"text-align: justify\"><strong>Vera Lucia Ramos Bononi<\/strong> &#8211; <em>Diretora Geral do Instituto de Bot\u00e2nica<\/em><br \/>\n<strong>Francisco Graziano Neto<\/strong> &#8211; <em>Secret\u00e1rio do Meio Ambiente<\/em><\/p>\n<p style=\"text-align: justify\"><strong>INSTITUTO DE BOT\u00c2NICA &#8211; SETOR DE VENDAS<\/strong><br \/>\n<strong>FONE:<\/strong> (0xx11) 5073-6300 &#8211; com F\u00e1tima Frige<br \/>\n<strong>FAX:<\/strong> (0xx11) 5073-3426<br \/>\n<strong>Contato:<\/strong> vendalivros@ibot.sp.gov.br<\/p>\n<p style=\"text-align: justify\">Algumas de nossas publica\u00e7\u00f5es tamb\u00e9m est\u00e3o \u00e0 venda no site <a href=\"http:\/\/www.seade.gov.br\/publishop\">http:\/\/www.seade.gov.br\/publishop<\/a><\/p>\n","protected":false},"excerpt":{"rendered":"<p>Patrim\u00f4nio da Reserva Biol\u00f3gica do Alto da Serra de Paranapiacaba &#8211; A Antiga Esta\u00e7\u00e3o Biol\u00f3gica do Alto da Serra (720p.,il.) Organizadoras \/ Editoras Respons\u00e1veis: M\u00e1rcia In\u00eas Martin Silveira Lopes Mizu\u00e9 Kirizawa Maria Margarida da Rocha Fiuza de Melo Editora Assistente: Maria Tereza Grombone Guaratini Local \/ Ano: S\u00e3o Paulo &#8211; 2009 Pre\u00e7o: R$ 120,00 &nbsp; [&hellip;]<\/p>\n","protected":false},"author":1,"featured_media":0,"parent":516,"menu_order":4,"comment_status":"open","ping_status":"open","template":"","meta":[],"_links":{"self":[{"href":"https:\/\/www.infraestruturameioambiente.sp.gov.br\/institutodebotanica\/wp-json\/wp\/v2\/pages\/531"}],"collection":[{"href":"https:\/\/www.infraestruturameioambiente.sp.gov.br\/institutodebotanica\/wp-json\/wp\/v2\/pages"}],"about":[{"href":"https:\/\/www.infraestruturameioambiente.sp.gov.br\/institutodebotanica\/wp-json\/wp\/v2\/types\/page"}],"author":[{"embeddable":true,"href":"https:\/\/www.infraestruturameioambiente.sp.gov.br\/institutodebotanica\/wp-json\/wp\/v2\/users\/1"}],"replies":[{"embeddable":true,"href":"https:\/\/www.infraestruturameioambiente.sp.gov.br\/institutodebotanica\/wp-json\/wp\/v2\/comments?post=531"}],"version-history":[{"count":8,"href":"https:\/\/www.infraestruturameioambiente.sp.gov.br\/institutodebotanica\/wp-json\/wp\/v2\/pages\/531\/revisions"}],"predecessor-version":[{"id":23011,"href":"https:\/\/www.infraestruturameioambiente.sp.gov.br\/institutodebotanica\/wp-json\/wp\/v2\/pages\/531\/revisions\/23011"}],"up":[{"embeddable":true,"href":"https:\/\/www.infraestruturameioambiente.sp.gov.br\/institutodebotanica\/wp-json\/wp\/v2\/pages\/516"}],"wp:attachment":[{"href":"https:\/\/www.infraestruturameioambiente.sp.gov.br\/institutodebotanica\/wp-json\/wp\/v2\/media?parent=531"}],"curies":[{"name":"wp","href":"https:\/\/api.w.org\/{rel}","templated":true}]}}