{"id":527,"date":"2011-11-23T13:50:11","date_gmt":"2011-11-23T13:50:11","guid":{"rendered":"https:\/\/www.infraestruturameioambiente.sp.gov.br\/institutodebotanica\/?page_id=527"},"modified":"2021-06-10T13:01:50","modified_gmt":"2021-06-10T16:01:50","slug":"diretrizes-para-conservacao-e-restauracao-da-biodiversidade-no-estado-de-sao-paulo","status":"publish","type":"page","link":"https:\/\/www.infraestruturameioambiente.sp.gov.br\/institutodebotanica\/publicacoes\/livros\/diretrizes-para-conservacao-e-restauracao-da-biodiversidade-no-estado-de-sao-paulo\/","title":{"rendered":"Diretrizes para conserva\u00e7\u00e3o e restaura\u00e7\u00e3o da biodiversidade no Estado de S\u00e3o Paulo"},"content":{"rendered":"<h2 class=\"tl\">Diretrizes para conserva\u00e7\u00e3o e restaura\u00e7\u00e3o da<br \/>\nbiodiversidade no Estado de S\u00e3o Paulo<\/h2>\n<table style=\"width: 100%;border-collapse: collapse\" cellpadding=\"10\">\n<tbody>\n<tr>\n<td style=\"width: 22.6061%\"><img decoding=\"async\" loading=\"lazy\" class=\"alignnone size-full wp-image-23820\" src=\"https:\/\/smastr16.blob.core.windows.net\/ibot\/sites\/235\/2021\/05\/livro-diretrizes.jpg\" alt=\"\" width=\"163\" height=\"216\" srcset=\"https:\/\/smastr16.blob.core.windows.net\/ibot\/sites\/235\/2021\/05\/livro-diretrizes.jpg 163w, https:\/\/smastr16.blob.core.windows.net\/ibot\/sites\/235\/2021\/05\/livro-diretrizes-136x180.jpg 136w\" sizes=\"(max-width: 163px) 100vw, 163px\" \/><\/td>\n<td style=\"width: 77.3939%\"><strong>Editores:<\/strong><br \/>\nRicardo Ribeiro Rodrigues e Vera Lucia Ramos Bononi<br \/>\n<strong>Coordena\u00e7\u00e3o Geral:<\/strong><br \/>\nRicardo Ribeiro Rodrigues, Carlos Alfredo Joly, Maria Cec\u00edlia Wey de Brito, Adriana Paese, Jean Paul Metzger, Lilian Casatti, Marco Aur\u00e9lio Nalon, Na\u00e9rcio Menezes, Nat\u00e1lia Macedo Ivanauskas, Vanderlan Bolzani e Vera Lucia Ramos Bononi<strong>Pre\u00e7o:<\/strong> R$ 80,00<\/td>\n<\/tr>\n<\/tbody>\n<\/table>\n<h2 class=\"tl-sub\">APRESENTA\u00c7\u00c3O<\/h2>\n<p style=\"text-align: justify\">O Governo de S\u00e3o Paulo deseja aperfei\u00e7oar seu trabalho de prote\u00e7\u00e3o e fiscaliza\u00e7\u00e3o ambiental. E encontrou no Projeto BIOTA\/FAPESP, o conte\u00fado cient\u00edfico, inusitado, para embasar as decis\u00f5es a serem tomadas pela Secretaria de Meio Ambiente. Assim nasceram as &#8220;Diretrizes para a Conserva\u00e7\u00e3o e Restaura\u00e7\u00e3o da Biodiversidade no Estado de S\u00e3o Paulo&#8221;. V\u00e1rios cientistas, especialistas em flora, fauna e ecologia da paisagem, ligados \u00e0s melhores institui\u00e7\u00f5es de pesquisa e universidades do estado, contribu\u00edram decisivamente para dar fundamento a este trabalho, aqui apresentado sob a forma de mapas tem\u00e1ticos. Tais mapas permitem visualizar as \u00e1reas que concentram maior diversidade biol\u00f3gica e, portanto, aquelas que exigem forte prote\u00e7\u00e3o ambiental. A metodologia desenvolvida em conjunto entre a Secretaria do Meio Ambiente e o Projeto BIOTA\/ FAPESP permitir\u00e1 melhorar a fiscaliza\u00e7\u00e3o, tra\u00e7ando enfoque rigoroso nas \u00e1reas mais cr\u00edticas e amea\u00e7adas do territ\u00f3rio paulista. No licenciamento, normas mais rigorosas devem enquadrar os projetos a serem instalados nessas \u00e1reas fr\u00e1geis. Novas Unidades de Conserva\u00e7\u00e3o se vislumbram. Enfim, o diagn\u00f3stico de biodiversidade, nos termos cient\u00edficos aqui mostrados, vai facilitar todo o planejamento ambiental do governo paulista.<\/p>\n<p style=\"text-align: justify\"><strong>Francisco Graziano Neto<\/strong> &#8211; Secret\u00e1rio de Estado do Meio Ambiente<\/p>\n<table style=\"height: 10px;width: 100%\" cellpadding=\"10\">\n<tbody>\n<tr style=\"height: 269px\">\n<td style=\"width: 98.862%;height: 10px;background-color: #fff9a3\" colspan=\"2\">\n<h3 style=\"text-align: center\"><strong>ATEN\u00c7\u00c3O:<\/strong><\/h3>\n<p style=\"text-align: justify\">Informamos que devido a pandemia COVID-19 nossos funcion\u00e1rios est\u00e3o atuando em Home Office e atrasos no atendimento \u00e0s solicita\u00e7\u00f5es, aquisi\u00e7\u00e3o e envio de publica\u00e7\u00f5es poder\u00e3o ocorrer.<br \/>\nPreencha ao final da p\u00e1gina o <a href=\"#F1\"> Formul\u00e1rio de solicita\u00e7\u00e3o de livros e publica\u00e7\u00f5es<\/a> indicando o t\u00edtulo da obra e o quantitativo, que o nosso pessoal responder\u00e1 o mais breve poss\u00edvel.<br \/>\nAlguns t\u00edtulos, voc\u00ea pode adquirir presencialmente na Loja de Souvernirs do Jardim Bot\u00e2nico de S\u00e3o Paulo.<br \/>\nVisite o <a href=\"https:\/\/www.infraestruturameioambiente.sp.gov.br\/jardimbotanico\/\">\u00a0Jardim Bot\u00e2nico de S\u00e3o Paulo.<\/a><\/p>\n<\/td>\n<\/tr>\n<\/tbody>\n<\/table>\n<h4 style=\"text-align: justify\"><strong>INSTITUTO DE BOT\u00c2NICA\u00a0<\/strong><\/h4>\n<h5><strong>SETOR DE VENDA DE PUBLICA\u00c7\u00d5ES<br \/>\n<\/strong><\/h5>\n<p>Fone: (011) 5067-6018\/6019<br \/>\nDevido a pandemia as solicita\u00e7\u00f5es\/d\u00favidas e reclama\u00e7\u00f5es<br \/>\ndever\u00e3o ser realizadas apenas por e- mail:<br \/>\n<strong>vendalivros@ibot.sp.gov.br<br \/>\n<\/strong>ou atrav\u00e9s do formul\u00e1rio abaixo.<\/p>\n<h4><a name=\"F1\"><\/a> FORMUL\u00c1RIO DE SOLICITA\u00c7\u00c3O DE LIVROS E PUBLICA\u00c7\u00d5ES<\/h4>\n\n<div class=\"wpcf7 no-js\" id=\"wpcf7-f23720-o1\" lang=\"pt-BR\" dir=\"ltr\">\n<div class=\"screen-reader-response\"><p role=\"status\" aria-live=\"polite\" aria-atomic=\"true\"><\/p> <ul><\/ul><\/div>\n<form action=\"\/institutodebotanica\/wp-json\/wp\/v2\/pages\/527#wpcf7-f23720-o1\" method=\"post\" class=\"wpcf7-form init\" aria-label=\"Formul\u00e1rios de contato\" novalidate=\"novalidate\" data-status=\"init\">\n<div style=\"display: none;\">\n<input type=\"hidden\" name=\"_wpcf7\" value=\"23720\" \/>\n<input type=\"hidden\" name=\"_wpcf7_version\" value=\"5.7.5.1\" \/>\n<input type=\"hidden\" name=\"_wpcf7_locale\" value=\"pt_BR\" \/>\n<input type=\"hidden\" name=\"_wpcf7_unit_tag\" value=\"wpcf7-f23720-o1\" \/>\n<input type=\"hidden\" name=\"_wpcf7_container_post\" value=\"0\" \/>\n<input type=\"hidden\" name=\"_wpcf7_posted_data_hash\" value=\"\" \/>\n<\/div>\n<p><label> Nome<br \/>\n<span class=\"wpcf7-form-control-wrap\" data-name=\"your-name\"><input size=\"40\" class=\"wpcf7-form-control wpcf7-text wpcf7-validates-as-required\" aria-required=\"true\" aria-invalid=\"false\" value=\"\" type=\"text\" name=\"your-name\" \/><\/span> <\/label>\n<\/p>\n<p><label> Seu e-mail<br \/>\n<span class=\"wpcf7-form-control-wrap\" data-name=\"your-email\"><input size=\"40\" class=\"wpcf7-form-control wpcf7-text wpcf7-email wpcf7-validates-as-required wpcf7-validates-as-email\" aria-required=\"true\" aria-invalid=\"false\" value=\"\" type=\"email\" name=\"your-email\" \/><\/span> <\/label>\n<\/p>\n<p><label> Assunto<br \/>\n<span class=\"wpcf7-form-control-wrap\" data-name=\"your-subject\"><input size=\"40\" class=\"wpcf7-form-control wpcf7-text wpcf7-validates-as-required\" aria-required=\"true\" aria-invalid=\"false\" value=\"\" type=\"text\" name=\"your-subject\" \/><\/span> <\/label>\n<\/p>\n<p><label> Sua messagem (opcional)<br \/>\n<span class=\"wpcf7-form-control-wrap\" data-name=\"your-message\"><textarea cols=\"40\" rows=\"10\" class=\"wpcf7-form-control wpcf7-textarea\" aria-invalid=\"false\" name=\"your-message\"><\/textarea><\/span> <\/label>\n<\/p>\n<p><input class=\"wpcf7-form-control has-spinner wpcf7-submit\" type=\"submit\" value=\"Enviar\" \/>\n<\/p><p style=\"display: none !important;\"><label>&#916;<textarea name=\"_wpcf7_ak_hp_textarea\" cols=\"45\" rows=\"8\" maxlength=\"100\"><\/textarea><\/label><input type=\"hidden\" id=\"ak_js_1\" name=\"_wpcf7_ak_js\" value=\"37\"\/><script>document.getElementById( \"ak_js_1\" ).setAttribute( \"value\", ( new Date() ).getTime() );<\/script><\/p><div class=\"wpcf7-response-output\" aria-hidden=\"true\"><\/div>\n<\/form>\n<\/div>\n\n","protected":false},"excerpt":{"rendered":"<p>Diretrizes para conserva\u00e7\u00e3o e restaura\u00e7\u00e3o da biodiversidade no Estado de S\u00e3o Paulo Editores: Ricardo Ribeiro Rodrigues e Vera Lucia Ramos Bononi Coordena\u00e7\u00e3o Geral: Ricardo Ribeiro Rodrigues, Carlos Alfredo Joly, Maria Cec\u00edlia Wey de Brito, Adriana Paese, Jean Paul Metzger, Lilian Casatti, Marco Aur\u00e9lio Nalon, Na\u00e9rcio Menezes, Nat\u00e1lia Macedo Ivanauskas, Vanderlan Bolzani e Vera Lucia Ramos [&hellip;]<\/p>\n","protected":false},"author":1,"featured_media":0,"parent":516,"menu_order":3,"comment_status":"open","ping_status":"open","template":"","meta":[],"_links":{"self":[{"href":"https:\/\/www.infraestruturameioambiente.sp.gov.br\/institutodebotanica\/wp-json\/wp\/v2\/pages\/527"}],"collection":[{"href":"https:\/\/www.infraestruturameioambiente.sp.gov.br\/institutodebotanica\/wp-json\/wp\/v2\/pages"}],"about":[{"href":"https:\/\/www.infraestruturameioambiente.sp.gov.br\/institutodebotanica\/wp-json\/wp\/v2\/types\/page"}],"author":[{"embeddable":true,"href":"https:\/\/www.infraestruturameioambiente.sp.gov.br\/institutodebotanica\/wp-json\/wp\/v2\/users\/1"}],"replies":[{"embeddable":true,"href":"https:\/\/www.infraestruturameioambiente.sp.gov.br\/institutodebotanica\/wp-json\/wp\/v2\/comments?post=527"}],"version-history":[{"count":11,"href":"https:\/\/www.infraestruturameioambiente.sp.gov.br\/institutodebotanica\/wp-json\/wp\/v2\/pages\/527\/revisions"}],"predecessor-version":[{"id":23905,"href":"https:\/\/www.infraestruturameioambiente.sp.gov.br\/institutodebotanica\/wp-json\/wp\/v2\/pages\/527\/revisions\/23905"}],"up":[{"embeddable":true,"href":"https:\/\/www.infraestruturameioambiente.sp.gov.br\/institutodebotanica\/wp-json\/wp\/v2\/pages\/516"}],"wp:attachment":[{"href":"https:\/\/www.infraestruturameioambiente.sp.gov.br\/institutodebotanica\/wp-json\/wp\/v2\/media?parent=527"}],"curies":[{"name":"wp","href":"https:\/\/api.w.org\/{rel}","templated":true}]}}