{"id":523,"date":"2011-11-23T13:45:47","date_gmt":"2011-11-23T13:45:47","guid":{"rendered":"https:\/\/www.infraestruturameioambiente.sp.gov.br\/institutodebotanica\/?page_id=523"},"modified":"2021-06-10T11:42:31","modified_gmt":"2021-06-10T14:42:31","slug":"flora-fanerogamica-do-estado-de-sao-paulo-volume-5","status":"publish","type":"page","link":"https:\/\/www.infraestruturameioambiente.sp.gov.br\/institutodebotanica\/publicacoes\/livros\/flora-fanerogamica-do-estado-de-sao-paulo-volume-5\/","title":{"rendered":"Flora Fanerog\u00e2mica do Estado de S\u00e3o Paulo volume 5"},"content":{"rendered":"<h2 class=\"tl\">Flora Fanerog\u00e2mica do Estado de S\u00e3o Paulo &#8211; volume 5<\/h2>\n<table style=\"width: 100%;border-collapse: collapse\" cellpadding=\"10\">\n<tbody>\n<tr>\n<td style=\"width: 22.4848%\"><img decoding=\"async\" loading=\"lazy\" class=\"alignnone size-full wp-image-23816\" src=\"https:\/\/smastr16.blob.core.windows.net\/ibot\/sites\/235\/2021\/05\/livro-flora-fanerogamica.jpg\" alt=\"\" width=\"163\" height=\"216\" srcset=\"https:\/\/smastr16.blob.core.windows.net\/ibot\/sites\/235\/2021\/05\/livro-flora-fanerogamica.jpg 163w, https:\/\/smastr16.blob.core.windows.net\/ibot\/sites\/235\/2021\/05\/livro-flora-fanerogamica-136x180.jpg 136w\" sizes=\"(max-width: 163px) 100vw, 163px\" \/><\/td>\n<td style=\"width: 77.5152%\"><strong>Coordenadores:<\/strong><br \/>\nMaria das Gra\u00e7as Lapa Wanderley, George John Shepherd,<br \/>\nTherezinha Sant\u00b4Anna Melhem &amp; Ana Maria Giulietti<br \/>\n<strong>Editores:<\/strong><br \/>\nTherezinha Sant\u00b4Anna Melhem, Maria das Gra\u00e7as Lapa Wanderley, Suzana Ehlin<br \/>\nMartins, Sigrid Luiza Jung-Menda\u00e7olli, George John Shepherd, &amp; Mizu\u00e9 Kirizawa<strong>Pre\u00e7o:<\/strong> R$ 90,00<\/td>\n<\/tr>\n<\/tbody>\n<\/table>\n<h2 class=\"tl-sub\">APRESENTA\u00c7\u00c3O<\/h2>\n<p style=\"text-align: justify\">Quinto volume da cole\u00e7\u00e3o Flora Fanerog\u00e2mica do Estado de S\u00e3o Paulo \u00e9 Resultado de projeto tem\u00e1tico da FAPESP, obra descreve 535 esp\u00e9cies de 117 g\u00eaneros e 12 fam\u00edlias.<br \/>\nA s\u00e9rie \u00e9 resultado do projeto tem\u00e1tico Flora Fanerog\u00e2mica, iniciado em 1993 com apoio da FAPESP. O projeto envolve mais de 200 pesquisadores tem feito um abrangente mapeamento da vegeta\u00e7\u00e3o nativa paulista, descrevendo at\u00e9 o momento mais de 2 mil esp\u00e9cies faner\u00f3gamas &#8211; que produzem flores.<br \/>\nO projeto, que tamb\u00e9m deu origem ao programa Biota-FAPESP, \u00e9 coordenado pelos pesquisadores Maria das Gra\u00e7as Lapa Wanderley, do Instituto de Bot\u00e2nica de S\u00e3o Paulo, e George Shepherd, do Instituto de Biologia da Universidade Estadual de Campinas (Unicamp)<br \/>\nDe acordo com Maria das Gra\u00e7as, o quinto volume, mais extenso do que os anteriores, engloba ilustra\u00e7\u00f5es e informa\u00e7\u00f5es sobre brom\u00e9lias, rubi\u00e1ceas, cact\u00e1ceas e outras fam\u00edlias de plantas presentes no estado de S\u00e3o Paulo &#8211; algumas nunca estudadas. &#8220;O volume atual descreve 535 esp\u00e9cies de 117 g\u00eaneros e 12 fam\u00edlias&#8221;, disse \u00e0 Ag\u00eancia FAPESP.<br \/>\nAt\u00e9 o quarto volume, publicado em 2005, haviam sido catalogadas mais de 1,7 mil esp\u00e9cies de 475 g\u00eaneros e de 139 fam\u00edlias.&#8221;O total de esp\u00e9cies mapeadas nos cinco volumes corresponde a 32% das 7,5 mil esp\u00e9cies que estimamos existir no estado&#8221;, explicou.<br \/>\nDe acordo com os c\u00e1lculos feitos pelos bot\u00e2nicos, S\u00e3o Paulo re\u00fane uma flora equivalente a dois ter\u00e7os da existente em toda a Europa. A previs\u00e3o da equipe do projeto \u00e9 publicar os dez volumes restantes da s\u00e9rie at\u00e9 2017.<\/p>\n<table style=\"height: 45px;width: 100%\" cellpadding=\"10\">\n<tbody>\n<tr style=\"height: 269px\">\n<td style=\"width: 98.862%;height: 45px;background-color: #fff9a3\" colspan=\"2\">\n<h3 style=\"text-align: center\"><strong>ATEN\u00c7\u00c3O:<\/strong><\/h3>\n<p style=\"text-align: justify\">Informamos que devido a pandemia COVID-19 nossos funcion\u00e1rios est\u00e3o atuando em Home Office e atrasos no atendimento \u00e0s solicita\u00e7\u00f5es, aquisi\u00e7\u00e3o e envio de publica\u00e7\u00f5es poder\u00e3o ocorrer.<br \/>\nPreencha ao final da p\u00e1gina o <a href=\"#F1\"> Formul\u00e1rio de solicita\u00e7\u00e3o de livros e publica\u00e7\u00f5es<\/a> indicando o t\u00edtulo da obra e o quantitativo, que o nosso pessoal responder\u00e1 o mais breve poss\u00edvel.<br \/>\nAlguns t\u00edtulos, voc\u00ea pode adquirir presencialmente na Loja de Souvernirs do Jardim Bot\u00e2nico de S\u00e3o Paulo.<br \/>\nVisite o <a href=\"https:\/\/www.infraestruturameioambiente.sp.gov.br\/jardimbotanico\/\">\u00a0Jardim Bot\u00e2nico de S\u00e3o Paulo.<\/a><\/p>\n<\/td>\n<\/tr>\n<\/tbody>\n<\/table>\n<h4 style=\"text-align: justify\"><strong>INSTITUTO DE BOT\u00c2NICA\u00a0<\/strong><\/h4>\n<h5><strong>SETOR DE VENDA DE PUBLICA\u00c7\u00d5ES<br \/>\n<\/strong><\/h5>\n<p>Fone: (011) 5067-6018\/6019<br \/>\nDevido a pandemia as solicita\u00e7\u00f5es\/d\u00favidas e reclama\u00e7\u00f5es<br \/>\ndever\u00e3o ser realizadas apenas por e- mail:<br \/>\n<strong>vendalivros@ibot.sp.gov.br<br \/>\n<\/strong>ou atrav\u00e9s do formul\u00e1rio abaixo.<\/p>\n<h4><a name=\"F1\"><\/a> FORMUL\u00c1RIO DE SOLICITA\u00c7\u00c3O DE LIVROS E PUBLICA\u00c7\u00d5ES<\/h4>\n\n<div class=\"wpcf7 no-js\" id=\"wpcf7-f23720-o1\" lang=\"pt-BR\" dir=\"ltr\">\n<div class=\"screen-reader-response\"><p role=\"status\" aria-live=\"polite\" aria-atomic=\"true\"><\/p> <ul><\/ul><\/div>\n<form action=\"\/institutodebotanica\/wp-json\/wp\/v2\/pages\/523#wpcf7-f23720-o1\" method=\"post\" class=\"wpcf7-form init\" aria-label=\"Formul\u00e1rios de contato\" novalidate=\"novalidate\" data-status=\"init\">\n<div style=\"display: none;\">\n<input type=\"hidden\" name=\"_wpcf7\" value=\"23720\" \/>\n<input type=\"hidden\" name=\"_wpcf7_version\" value=\"5.7.5.1\" \/>\n<input type=\"hidden\" name=\"_wpcf7_locale\" value=\"pt_BR\" \/>\n<input type=\"hidden\" name=\"_wpcf7_unit_tag\" value=\"wpcf7-f23720-o1\" \/>\n<input type=\"hidden\" name=\"_wpcf7_container_post\" value=\"0\" \/>\n<input type=\"hidden\" name=\"_wpcf7_posted_data_hash\" value=\"\" \/>\n<\/div>\n<p><label> Nome<br \/>\n<span class=\"wpcf7-form-control-wrap\" data-name=\"your-name\"><input size=\"40\" class=\"wpcf7-form-control wpcf7-text wpcf7-validates-as-required\" aria-required=\"true\" aria-invalid=\"false\" value=\"\" type=\"text\" name=\"your-name\" \/><\/span> <\/label>\n<\/p>\n<p><label> Seu e-mail<br \/>\n<span class=\"wpcf7-form-control-wrap\" data-name=\"your-email\"><input size=\"40\" class=\"wpcf7-form-control wpcf7-text wpcf7-email wpcf7-validates-as-required wpcf7-validates-as-email\" aria-required=\"true\" aria-invalid=\"false\" value=\"\" type=\"email\" name=\"your-email\" \/><\/span> <\/label>\n<\/p>\n<p><label> Assunto<br \/>\n<span class=\"wpcf7-form-control-wrap\" data-name=\"your-subject\"><input size=\"40\" class=\"wpcf7-form-control wpcf7-text wpcf7-validates-as-required\" aria-required=\"true\" aria-invalid=\"false\" value=\"\" type=\"text\" name=\"your-subject\" \/><\/span> <\/label>\n<\/p>\n<p><label> Sua messagem (opcional)<br \/>\n<span class=\"wpcf7-form-control-wrap\" data-name=\"your-message\"><textarea cols=\"40\" rows=\"10\" class=\"wpcf7-form-control wpcf7-textarea\" aria-invalid=\"false\" name=\"your-message\"><\/textarea><\/span> <\/label>\n<\/p>\n<p><input class=\"wpcf7-form-control has-spinner wpcf7-submit\" type=\"submit\" value=\"Enviar\" \/>\n<\/p><p style=\"display: none !important;\"><label>&#916;<textarea name=\"_wpcf7_ak_hp_textarea\" cols=\"45\" rows=\"8\" maxlength=\"100\"><\/textarea><\/label><input type=\"hidden\" id=\"ak_js_1\" name=\"_wpcf7_ak_js\" value=\"202\"\/><script>document.getElementById( \"ak_js_1\" ).setAttribute( \"value\", ( new Date() ).getTime() );<\/script><\/p><div class=\"wpcf7-response-output\" aria-hidden=\"true\"><\/div>\n<\/form>\n<\/div>\n\n","protected":false},"excerpt":{"rendered":"<p>Flora Fanerog\u00e2mica do Estado de S\u00e3o Paulo &#8211; volume 5 Coordenadores: Maria das Gra\u00e7as Lapa Wanderley, George John Shepherd, Therezinha Sant\u00b4Anna Melhem &amp; Ana Maria Giulietti Editores: Therezinha Sant\u00b4Anna Melhem, Maria das Gra\u00e7as Lapa Wanderley, Suzana Ehlin Martins, Sigrid Luiza Jung-Menda\u00e7olli, George John Shepherd, &amp; Mizu\u00e9 KirizawaPre\u00e7o: R$ 90,00 APRESENTA\u00c7\u00c3O Quinto volume da cole\u00e7\u00e3o Flora [&hellip;]<\/p>\n","protected":false},"author":1,"featured_media":0,"parent":516,"menu_order":2,"comment_status":"open","ping_status":"open","template":"","meta":[],"_links":{"self":[{"href":"https:\/\/www.infraestruturameioambiente.sp.gov.br\/institutodebotanica\/wp-json\/wp\/v2\/pages\/523"}],"collection":[{"href":"https:\/\/www.infraestruturameioambiente.sp.gov.br\/institutodebotanica\/wp-json\/wp\/v2\/pages"}],"about":[{"href":"https:\/\/www.infraestruturameioambiente.sp.gov.br\/institutodebotanica\/wp-json\/wp\/v2\/types\/page"}],"author":[{"embeddable":true,"href":"https:\/\/www.infraestruturameioambiente.sp.gov.br\/institutodebotanica\/wp-json\/wp\/v2\/users\/1"}],"replies":[{"embeddable":true,"href":"https:\/\/www.infraestruturameioambiente.sp.gov.br\/institutodebotanica\/wp-json\/wp\/v2\/comments?post=523"}],"version-history":[{"count":11,"href":"https:\/\/www.infraestruturameioambiente.sp.gov.br\/institutodebotanica\/wp-json\/wp\/v2\/pages\/523\/revisions"}],"predecessor-version":[{"id":23901,"href":"https:\/\/www.infraestruturameioambiente.sp.gov.br\/institutodebotanica\/wp-json\/wp\/v2\/pages\/523\/revisions\/23901"}],"up":[{"embeddable":true,"href":"https:\/\/www.infraestruturameioambiente.sp.gov.br\/institutodebotanica\/wp-json\/wp\/v2\/pages\/516"}],"wp:attachment":[{"href":"https:\/\/www.infraestruturameioambiente.sp.gov.br\/institutodebotanica\/wp-json\/wp\/v2\/media?parent=523"}],"curies":[{"name":"wp","href":"https:\/\/api.w.org\/{rel}","templated":true}]}}