{"id":519,"date":"2011-11-23T13:40:11","date_gmt":"2011-11-23T13:40:11","guid":{"rendered":"https:\/\/www.infraestruturameioambiente.sp.gov.br\/institutodebotanica\/?page_id=519"},"modified":"2021-06-10T11:43:33","modified_gmt":"2021-06-10T14:43:33","slug":"pau-brasil-da-semente-a-madeira-184-p-il","status":"publish","type":"page","link":"https:\/\/www.infraestruturameioambiente.sp.gov.br\/institutodebotanica\/publicacoes\/livros\/pau-brasil-da-semente-a-madeira-184-p-il\/","title":{"rendered":"PAU &#8211; BRASIL da semente \u00e0 madeira (184 p, il.)"},"content":{"rendered":"<h2 class=\"tl\">PAU &#8211; BRASIL<br \/>\nda semente \u00e0 madeira (184 p, il.)<\/h2>\n<table style=\"width: 57.8182%;border-collapse: collapse;height: 224px\" cellpadding=\"10\">\n<tbody>\n<tr style=\"height: 224px\">\n<td style=\"width: 29.1743%;height: 224px\"><strong><img decoding=\"async\" loading=\"lazy\" class=\"alignnone size-full wp-image-23818\" src=\"https:\/\/smastr16.blob.core.windows.net\/ibot\/sites\/235\/2021\/05\/livro-pau-brasil.jpg\" alt=\"\" width=\"163\" height=\"216\" srcset=\"https:\/\/smastr16.blob.core.windows.net\/ibot\/sites\/235\/2021\/05\/livro-pau-brasil.jpg 163w, https:\/\/smastr16.blob.core.windows.net\/ibot\/sites\/235\/2021\/05\/livro-pau-brasil-136x180.jpg 136w\" sizes=\"(max-width: 163px) 100vw, 163px\" \/><\/strong><\/td>\n<td style=\"width: 44.5227%;height: 224px\"><strong>Organizadores:<\/strong><br \/>\nRita de C\u00e1ssia Leone Figueiredo Ribeiro<br \/>\nClaudio Jos\u00e9 Barbedo<br \/>\nEdenise Segala Alves<br \/>\nMarisa Domingos<br \/>\nM\u00e1rcia Regina Braga<strong>Local \/ Ano:<\/strong> S\u00e3o Paulo &#8211; 2008<br \/>\n<strong>Pre\u00e7o:<\/strong> R$ 65,00<\/td>\n<\/tr>\n<\/tbody>\n<\/table>\n<h2 class=\"tl-sub\">APRESENTA\u00c7\u00c3O<\/h2>\n<p style=\"text-align: justify\">Pau-Brasil, \u00e1rvore s\u00edmbolo do nosso Pa\u00eds, encanta com seus fabulosos cachos de flores amarelas e sua madeira avermelhada. \u00c9 a muda de esp\u00e9cie vegetal mais procurada por escolas, ONGs, empresas, principalmente no dia do meio ambiente e no dia da \u00e1rvore que marca o in\u00edcio da primavera. Este livro re\u00fane trabalhos de bot\u00e2nicos, especialistas em sementes, produ\u00e7\u00e3o de mudas, desenvolvimento e reprodu\u00e7\u00e3o vegetal e anatomia de madeira. Conta um pouco de hist\u00f3ria e costumes brasileiros relacionados ao pau-brasil. Relata os usos de sua seiva vermelha pelos ind\u00edgenas e portugueses \u00e0 \u00e9poca do descobrimento e de sua madeira, atualmente empregada na fabrica\u00e7\u00e3o de violinos. A Secretaria do Meio Ambiente e seu Instituto de Bot\u00e2nica, com esta publica\u00e7\u00e3o, contribuem para a difus\u00e3o de conhecimento e amplia\u00e7\u00e3o da cultura nacional, conscientizando sobre a import\u00e2ncia da conserva\u00e7\u00e3o dessa esp\u00e9cie, praticamente extinta em seu ecossistema natural, a Mata Atl\u00e2ntica.<\/p>\n<p style=\"text-align: justify\"><strong>Vera Lucia Ramos Bononi<\/strong> &#8211; <em>Diretora Geral do Instituto de Bot\u00e2nica<\/em><br \/>\n<strong>Francisco Graziano Neto<\/strong> &#8211; <em>Secret\u00e1rio do Meio Ambiente<\/em><\/p>\n<table style=\"height: 10px;width: 100%\" cellpadding=\"10\">\n<tbody>\n<tr style=\"height: 269px\">\n<td style=\"width: 98.862%;height: 10px;background-color: #fff9a3\" colspan=\"2\">\n<h3 style=\"text-align: center\"><strong>ATEN\u00c7\u00c3O:<\/strong><\/h3>\n<p style=\"text-align: justify\">Informamos que devido a pandemia COVID-19 nossos funcion\u00e1rios est\u00e3o atuando em Home Office e atrasos no atendimento \u00e0s solicita\u00e7\u00f5es, aquisi\u00e7\u00e3o e envio de publica\u00e7\u00f5es poder\u00e3o ocorrer.<br \/>\nPreencha ao final da p\u00e1gina o <a href=\"#F1\"> Formul\u00e1rio de solicita\u00e7\u00e3o de livros e publica\u00e7\u00f5es<\/a> indicando o t\u00edtulo da obra e o quantitativo, que o nosso pessoal responder\u00e1 o mais breve poss\u00edvel.<br \/>\nAlguns t\u00edtulos, voc\u00ea pode adquirir presencialmente na Loja de Souvernirs do Jardim Bot\u00e2nico de S\u00e3o Paulo.<br \/>\nVisite o <a href=\"https:\/\/www.infraestruturameioambiente.sp.gov.br\/jardimbotanico\/\">\u00a0Jardim Bot\u00e2nico de S\u00e3o Paulo.<\/a><\/p>\n<\/td>\n<\/tr>\n<\/tbody>\n<\/table>\n<h4 style=\"text-align: justify\"><strong>INSTITUTO DE BOT\u00c2NICA\u00a0<\/strong><\/h4>\n<h5><strong>SETOR DE VENDA DE PUBLICA\u00c7\u00d5ES<br \/>\n<\/strong><\/h5>\n<p>Fone: (011) 5067-6018\/6019<br \/>\nDevido a pandemia as solicita\u00e7\u00f5es\/d\u00favidas e reclama\u00e7\u00f5es<br \/>\ndever\u00e3o ser realizadas apenas por e- mail:<br \/>\n<strong>vendalivros@ibot.sp.gov.br<br \/>\n<\/strong>ou atrav\u00e9s do formul\u00e1rio abaixo.<\/p>\n<h4><a name=\"F1\"><\/a> FORMUL\u00c1RIO DE SOLICITA\u00c7\u00c3O DE LIVROS E PUBLICA\u00c7\u00d5ES<\/h4>\n\n<div class=\"wpcf7 no-js\" id=\"wpcf7-f23720-o1\" lang=\"pt-BR\" dir=\"ltr\">\n<div class=\"screen-reader-response\"><p role=\"status\" aria-live=\"polite\" aria-atomic=\"true\"><\/p> <ul><\/ul><\/div>\n<form action=\"\/institutodebotanica\/wp-json\/wp\/v2\/pages\/519#wpcf7-f23720-o1\" method=\"post\" class=\"wpcf7-form init\" aria-label=\"Formul\u00e1rios de contato\" novalidate=\"novalidate\" data-status=\"init\">\n<div style=\"display: none;\">\n<input type=\"hidden\" name=\"_wpcf7\" value=\"23720\" \/>\n<input type=\"hidden\" name=\"_wpcf7_version\" value=\"5.7.5.1\" \/>\n<input type=\"hidden\" name=\"_wpcf7_locale\" value=\"pt_BR\" \/>\n<input type=\"hidden\" name=\"_wpcf7_unit_tag\" value=\"wpcf7-f23720-o1\" \/>\n<input type=\"hidden\" name=\"_wpcf7_container_post\" value=\"0\" \/>\n<input type=\"hidden\" name=\"_wpcf7_posted_data_hash\" value=\"\" \/>\n<\/div>\n<p><label> Nome<br \/>\n<span class=\"wpcf7-form-control-wrap\" data-name=\"your-name\"><input size=\"40\" class=\"wpcf7-form-control wpcf7-text wpcf7-validates-as-required\" aria-required=\"true\" aria-invalid=\"false\" value=\"\" type=\"text\" name=\"your-name\" \/><\/span> <\/label>\n<\/p>\n<p><label> Seu e-mail<br \/>\n<span class=\"wpcf7-form-control-wrap\" data-name=\"your-email\"><input size=\"40\" class=\"wpcf7-form-control wpcf7-text wpcf7-email wpcf7-validates-as-required wpcf7-validates-as-email\" aria-required=\"true\" aria-invalid=\"false\" value=\"\" type=\"email\" name=\"your-email\" \/><\/span> <\/label>\n<\/p>\n<p><label> Assunto<br \/>\n<span class=\"wpcf7-form-control-wrap\" data-name=\"your-subject\"><input size=\"40\" class=\"wpcf7-form-control wpcf7-text wpcf7-validates-as-required\" aria-required=\"true\" aria-invalid=\"false\" value=\"\" type=\"text\" name=\"your-subject\" \/><\/span> <\/label>\n<\/p>\n<p><label> Sua messagem (opcional)<br \/>\n<span class=\"wpcf7-form-control-wrap\" data-name=\"your-message\"><textarea cols=\"40\" rows=\"10\" class=\"wpcf7-form-control wpcf7-textarea\" aria-invalid=\"false\" name=\"your-message\"><\/textarea><\/span> <\/label>\n<\/p>\n<p><input class=\"wpcf7-form-control has-spinner wpcf7-submit\" type=\"submit\" value=\"Enviar\" \/>\n<\/p><p style=\"display: none !important;\"><label>&#916;<textarea name=\"_wpcf7_ak_hp_textarea\" cols=\"45\" rows=\"8\" maxlength=\"100\"><\/textarea><\/label><input type=\"hidden\" id=\"ak_js_1\" name=\"_wpcf7_ak_js\" value=\"94\"\/><script>document.getElementById( \"ak_js_1\" ).setAttribute( \"value\", ( new Date() ).getTime() );<\/script><\/p><div class=\"wpcf7-response-output\" aria-hidden=\"true\"><\/div>\n<\/form>\n<\/div>\n\n","protected":false},"excerpt":{"rendered":"<p>PAU &#8211; BRASIL da semente \u00e0 madeira (184 p, il.) Organizadores: Rita de C\u00e1ssia Leone Figueiredo Ribeiro Claudio Jos\u00e9 Barbedo Edenise Segala Alves Marisa Domingos M\u00e1rcia Regina BragaLocal \/ Ano: S\u00e3o Paulo &#8211; 2008 Pre\u00e7o: R$ 65,00 APRESENTA\u00c7\u00c3O Pau-Brasil, \u00e1rvore s\u00edmbolo do nosso Pa\u00eds, encanta com seus fabulosos cachos de flores amarelas e sua madeira [&hellip;]<\/p>\n","protected":false},"author":1,"featured_media":0,"parent":516,"menu_order":1,"comment_status":"open","ping_status":"open","template":"","meta":[],"_links":{"self":[{"href":"https:\/\/www.infraestruturameioambiente.sp.gov.br\/institutodebotanica\/wp-json\/wp\/v2\/pages\/519"}],"collection":[{"href":"https:\/\/www.infraestruturameioambiente.sp.gov.br\/institutodebotanica\/wp-json\/wp\/v2\/pages"}],"about":[{"href":"https:\/\/www.infraestruturameioambiente.sp.gov.br\/institutodebotanica\/wp-json\/wp\/v2\/types\/page"}],"author":[{"embeddable":true,"href":"https:\/\/www.infraestruturameioambiente.sp.gov.br\/institutodebotanica\/wp-json\/wp\/v2\/users\/1"}],"replies":[{"embeddable":true,"href":"https:\/\/www.infraestruturameioambiente.sp.gov.br\/institutodebotanica\/wp-json\/wp\/v2\/comments?post=519"}],"version-history":[{"count":16,"href":"https:\/\/www.infraestruturameioambiente.sp.gov.br\/institutodebotanica\/wp-json\/wp\/v2\/pages\/519\/revisions"}],"predecessor-version":[{"id":23902,"href":"https:\/\/www.infraestruturameioambiente.sp.gov.br\/institutodebotanica\/wp-json\/wp\/v2\/pages\/519\/revisions\/23902"}],"up":[{"embeddable":true,"href":"https:\/\/www.infraestruturameioambiente.sp.gov.br\/institutodebotanica\/wp-json\/wp\/v2\/pages\/516"}],"wp:attachment":[{"href":"https:\/\/www.infraestruturameioambiente.sp.gov.br\/institutodebotanica\/wp-json\/wp\/v2\/media?parent=519"}],"curies":[{"name":"wp","href":"https:\/\/api.w.org\/{rel}","templated":true}]}}