{"id":510,"date":"2011-11-23T13:30:26","date_gmt":"2011-11-23T13:30:26","guid":{"rendered":"https:\/\/www.infraestruturameioambiente.sp.gov.br\/institutodebotanica\/?page_id=510"},"modified":"2023-07-10T09:03:53","modified_gmt":"2023-07-10T12:03:53","slug":"serie-folhetos","status":"publish","type":"page","link":"https:\/\/www.infraestruturameioambiente.sp.gov.br\/institutodebotanica\/publicacoes\/serie-folhetos\/","title":{"rendered":"S\u00e9rie Folhetos"},"content":{"rendered":"<table style=\"height: 436px;width: 100%\" cellpadding=\"20\">\n<tbody>\n<tr style=\"height: 75px;border: thin solid #a1a1a1\">\n<td style=\"height: 44px;width: 99.0303%\" colspan=\"2\">\n<h2 class=\"tl\" style=\"text-align: center\">S\u00e9rie Folhetos<\/h2>\n<\/td>\n<\/tr>\n<tr style=\"height: 248px\">\n<td style=\"height: 169px;width: 28.1211%\"><img decoding=\"async\" loading=\"lazy\" class=\"alignnone size-full wp-image-23796\" src=\"https:\/\/smastr16.blob.core.windows.net\/ibot\/sites\/235\/2021\/05\/folheto-jucara.jpg\" alt=\"\" width=\"186\" height=\"262\" srcset=\"https:\/\/smastr16.blob.core.windows.net\/ibot\/sites\/235\/2021\/05\/folheto-jucara.jpg 186w, https:\/\/smastr16.blob.core.windows.net\/ibot\/sites\/235\/2021\/05\/folheto-jucara-128x180.jpg 128w\" sizes=\"(max-width: 186px) 100vw, 186px\" \/><\/td>\n<td style=\"height: 169px;width: 70.9092%\"><strong>Folheto n\u00ba 26\/2002<br \/>\nProdu\u00e7\u00e3o de mudas de palmito-ju\u00e7ara<\/strong><\/p>\n<p style=\"text-align: justify\">Publica\u00e7\u00e3o que apresenta uma das formas de produ\u00e7\u00e3o de mudas da palmeira <em>Euterpe edulis<\/em> Mart., esp\u00e9cie nativa da mata atl\u00e2ntica, conhecida popularmente como palmito-ju\u00e7ara e fornecedora de palmito de excelente qualidade e sabor. A produ\u00e7\u00e3o de mudas dessa planta se aplica de forma mais econ\u00f4mica quando utilizada para fins paisag\u00edsticos e ornamentais, bem como em plantios consorciados com outras culturas.<\/p>\n<p><a href=\"https:\/\/smastr16.blob.core.windows.net\/ibot\/sites\/235\/2023\/07\/palmito-jucara.pdf\" target=\"_blank\" rel=\"noopener noreferrer\">Visualizar publica\u00e7\u00e3o digitalizada<\/a><\/td>\n<\/tr>\n<\/tbody>\n<\/table>\n<h4 style=\"text-align: justify\"><strong>INSTITUTO DE PESQUISAS AMBIENTAIS\u00a0<\/strong><\/h4>\n<h5><strong>N\u00daCLEO DE PUBLICA\u00c7\u00d5ES CIENT\u00cdFICAS<br \/>\n<\/strong><\/h5>\n<p>Fone: (011) 5067-6051<br \/>\nE- mail: <strong><a href=\"mailto:ipa.npc@sp.gov.br\">ipa.npc@sp.gov.br<\/a> e <strong><a href=\"mailto:kmsilva@sp.gov.br\">kmsilva@sp.gov.br<\/a><br \/>\n<\/strong><\/p>\n","protected":false},"excerpt":{"rendered":"<p>S\u00e9rie Folhetos Folheto n\u00ba 26\/2002 Produ\u00e7\u00e3o de mudas de palmito-ju\u00e7ara Publica\u00e7\u00e3o que apresenta uma das formas de produ\u00e7\u00e3o de mudas da palmeira Euterpe edulis Mart., esp\u00e9cie nativa da mata atl\u00e2ntica, conhecida popularmente como palmito-ju\u00e7ara e fornecedora de palmito de excelente qualidade e sabor. A produ\u00e7\u00e3o de mudas dessa planta se aplica de forma mais econ\u00f4mica [&hellip;]<\/p>\n","protected":false},"author":1,"featured_media":0,"parent":2403,"menu_order":4,"comment_status":"open","ping_status":"open","template":"","meta":[],"_links":{"self":[{"href":"https:\/\/www.infraestruturameioambiente.sp.gov.br\/institutodebotanica\/wp-json\/wp\/v2\/pages\/510"}],"collection":[{"href":"https:\/\/www.infraestruturameioambiente.sp.gov.br\/institutodebotanica\/wp-json\/wp\/v2\/pages"}],"about":[{"href":"https:\/\/www.infraestruturameioambiente.sp.gov.br\/institutodebotanica\/wp-json\/wp\/v2\/types\/page"}],"author":[{"embeddable":true,"href":"https:\/\/www.infraestruturameioambiente.sp.gov.br\/institutodebotanica\/wp-json\/wp\/v2\/users\/1"}],"replies":[{"embeddable":true,"href":"https:\/\/www.infraestruturameioambiente.sp.gov.br\/institutodebotanica\/wp-json\/wp\/v2\/comments?post=510"}],"version-history":[{"count":16,"href":"https:\/\/www.infraestruturameioambiente.sp.gov.br\/institutodebotanica\/wp-json\/wp\/v2\/pages\/510\/revisions"}],"predecessor-version":[{"id":24053,"href":"https:\/\/www.infraestruturameioambiente.sp.gov.br\/institutodebotanica\/wp-json\/wp\/v2\/pages\/510\/revisions\/24053"}],"up":[{"embeddable":true,"href":"https:\/\/www.infraestruturameioambiente.sp.gov.br\/institutodebotanica\/wp-json\/wp\/v2\/pages\/2403"}],"wp:attachment":[{"href":"https:\/\/www.infraestruturameioambiente.sp.gov.br\/institutodebotanica\/wp-json\/wp\/v2\/media?parent=510"}],"curies":[{"name":"wp","href":"https:\/\/api.w.org\/{rel}","templated":true}]}}