{"id":490,"date":"2011-11-23T13:00:25","date_gmt":"2011-11-23T15:00:25","guid":{"rendered":"https:\/\/www.infraestruturameioambiente.sp.gov.br\/institutodebotanica\/?page_id=490"},"modified":"2023-07-06T11:14:31","modified_gmt":"2023-07-06T14:14:31","slug":"serie-manuais","status":"publish","type":"page","link":"https:\/\/www.infraestruturameioambiente.sp.gov.br\/institutodebotanica\/publicacoes\/serie-manuais\/","title":{"rendered":"S\u00e9rie Manuais"},"content":{"rendered":"<table style=\"height: 1524px;width: 100%\" cellpadding=\"10\">\n<tbody>\n<tr style=\"height: 75px;border: thin solid #a1a1a1\">\n<td style=\"width: 34.7084%;height: 32px\" colspan=\"2\">\n<h2 class=\"tl\" style=\"text-align: center\">S\u00e9rie Manuais<\/h2>\n<\/td>\n<\/tr>\n<tr style=\"border-color: #000000;border: thin solid #a1a1a1\">\n<td style=\"width: 34.7084%;height: 317px\">\n<p style=\"text-align: center\"><a style=\"line-height: 19px\" href=\"https:\/\/www.infraestruturameioambiente.sp.gov.br\/institutodebotanica\/publicacoes\/serie-manuais\/serie-manuais-manual-07\/\"><img decoding=\"async\" loading=\"lazy\" class=\"alignnone size-full wp-image-23775\" src=\"https:\/\/smastr16.blob.core.windows.net\/ibot\/sites\/235\/2021\/05\/manual07a.jpg\" alt=\"\" width=\"186\" height=\"262\" srcset=\"https:\/\/smastr16.blob.core.windows.net\/ibot\/sites\/235\/2021\/05\/manual07a.jpg 186w, https:\/\/smastr16.blob.core.windows.net\/ibot\/sites\/235\/2021\/05\/manual07a-128x180.jpg 128w\" sizes=\"(max-width: 186px) 100vw, 186px\" \/><\/a><\/p>\n<\/td>\n<td style=\"width: 64.1536%;height: 317px;text-align: justify\"><strong>Manual 07 \u2013 No\u00e7\u00f5es de seguran\u00e7a e instrumental b\u00e1sico de laborat\u00f3rio<\/strong><br \/>\nDirigido aos estudantes e t\u00e9cnicos que est\u00e3o tendo um primeiro contato com atividades de laborat\u00f3rio, busca orient\u00e1-los quanto \u00e0s regras de seguran\u00e7a, \u00e0s vidrarias mais utilizadas, aos m\u00e9todos de lavagem de vidraria e de limpeza de laborat\u00f3rio, bem como \u00e0 leitura dos r\u00f3tulos e pictogramas das drogas utilizadas. Os procedimentos b\u00e1sicos apresentados visam contribuir para um treinamento adequado, propiciando no\u00e7\u00f5es de seguran\u00e7a \u00fateis \u00e0 vida profissional e aos cuidados com o meio ambiente.<\/td>\n<\/tr>\n<tr style=\"border-color: #000000;border: thin solid #a1a1a1\">\n<td style=\"width: 34.7084%;height: 333px\">\n<p style=\"text-align: center\"><a style=\"line-height: 19px\" href=\"https:\/\/www.infraestruturameioambiente.sp.gov.br\/institutodebotanica\/publicacoes\/serie-manuais\/serie-manuais-manual-08\/\"><img decoding=\"async\" loading=\"lazy\" class=\"alignnone size-full wp-image-23776\" src=\"https:\/\/smastr16.blob.core.windows.net\/ibot\/sites\/235\/2021\/05\/manual08a.jpg\" alt=\"\" width=\"186\" height=\"262\" srcset=\"https:\/\/smastr16.blob.core.windows.net\/ibot\/sites\/235\/2021\/05\/manual08a.jpg 186w, https:\/\/smastr16.blob.core.windows.net\/ibot\/sites\/235\/2021\/05\/manual08a-128x180.jpg 128w\" sizes=\"(max-width: 186px) 100vw, 186px\" \/><\/a><\/p>\n<\/td>\n<td style=\"width: 64.1536%;height: 333px;text-align: justify\"><strong>Manual 08 \u2013 Jardinagem: aspectos b\u00e1sicos e aplicados<\/strong><br \/>\nDedicado aos apreciadores da jardinagem, fornece informa\u00e7\u00f5es b\u00e1sicas que abrangem desde termos t\u00e9cnicos e ferramentas utilizadas, morfologia, fisiologia e t\u00e9cnicas de propaga\u00e7\u00e3o de plantas, solo, aduba\u00e7\u00e3o e compostagem, pragas e doen\u00e7as mais comuns, at\u00e9 implanta\u00e7\u00e3o e manuten\u00e7\u00e3o de jardins, vasos e floreiras. S\u00e3o quatorze cap\u00edtulos que destacam os aspectos pr\u00e1ticos da jardinagem de forma a permitir que o leitor adquira conhecimentos te\u00f3ricos b\u00e1sicos e indica\u00e7\u00f5es de leituras complementares.<\/td>\n<\/tr>\n<tr style=\"border-color: #000000;border: thin solid #a1a1a1\">\n<td style=\"width: 34.7084%;height: 240px\">\n<p style=\"text-align: center\"><a href=\"https:\/\/www.infraestruturameioambiente.sp.gov.br\/institutodebotanica\/publicacoes\/serie-manuais\/serie-manuais-manual-09\/\"><img decoding=\"async\" loading=\"lazy\" class=\"alignnone size-full wp-image-23778\" src=\"https:\/\/smastr16.blob.core.windows.net\/ibot\/sites\/235\/2021\/05\/manual09a.jpg\" alt=\"\" width=\"186\" height=\"262\" srcset=\"https:\/\/smastr16.blob.core.windows.net\/ibot\/sites\/235\/2021\/05\/manual09a.jpg 186w, https:\/\/smastr16.blob.core.windows.net\/ibot\/sites\/235\/2021\/05\/manual09a-128x180.jpg 128w\" sizes=\"(max-width: 186px) 100vw, 186px\" \/><\/a><\/p>\n<\/td>\n<td style=\"width: 64.1536%;height: 240px;text-align: justify\"><strong>Manual 09 \u2013 Cultivo de <em>Agaricus blazei<\/em> Murrill \u2013<br \/>\nO Cogumelo do Sol<\/strong><br \/>\nDescreve a metodologia de cultivo do cogumelo-do-sol utilizada por produtores de v\u00e1rias regi\u00f5es, dando uma vis\u00e3o dos aspectos b\u00e1sicos da produ\u00e7\u00e3o comercial. Fornece, tamb\u00e9m, informa\u00e7\u00f5es sobre a morfologia e reprodu\u00e7\u00e3o da esp\u00e9cie <em>Agaricus blazei<\/em>, os cuidados exigidos em sua comercializa\u00e7\u00e3o, bem como a forma de preparo de seu ch\u00e1, indicado para tratamento de c\u00e2ncer, diabete, estresse, dentre outras enfermidades.<\/td>\n<\/tr>\n<tr style=\"border-color: #000000;border: thin solid #a1a1a1\">\n<td style=\"width: 34.7084%;height: 333px\">\n<p style=\"text-align: center\"><a style=\"line-height: 19px\" href=\"https:\/\/www.infraestruturameioambiente.sp.gov.br\/institutodebotanica\/publicacoes\/serie-manuais\/serie-manuais-manual-10\/\"><img decoding=\"async\" loading=\"lazy\" class=\"alignnone size-full wp-image-23777\" src=\"https:\/\/smastr16.blob.core.windows.net\/ibot\/sites\/235\/2021\/05\/manual10a.jpg\" alt=\"\" width=\"186\" height=\"262\" srcset=\"https:\/\/smastr16.blob.core.windows.net\/ibot\/sites\/235\/2021\/05\/manual10a.jpg 186w, https:\/\/smastr16.blob.core.windows.net\/ibot\/sites\/235\/2021\/05\/manual10a-128x180.jpg 128w\" sizes=\"(max-width: 186px) 100vw, 186px\" \/><\/a><\/p>\n<\/td>\n<td style=\"width: 64.1536%;height: 333px;text-align: justify\"><strong>Manual 10 \u2013 Diversificando o reflorestamento no Estado de S\u00e3o Paulo: esp\u00e9cies dispon\u00edveis por regi\u00e3o e ecossistema<\/strong><br \/>\nO prop\u00f3sito deste manual \u00e9 atender de forma emergencial uma demanda crescente de informa\u00e7\u00f5es sobre quais esp\u00e9cies arb\u00f3reas devem ser indicadas para o plantio nas diferentes regi\u00f5es ecol\u00f3gicas no Estado de S\u00e3o Paulo, especialmente ap\u00f3s as recomenda\u00e7\u00f5es da Resolu\u00e7\u00e3o SMA 21\/01, tendo como premissa b\u00e1sica a ocorr\u00eancia regional e a disponibilidade de mudas para a aquisi\u00e7\u00e3o em viveiros florestais, visando a recupera\u00e7\u00e3o de \u00e1reas degradadas.<\/td>\n<\/tr>\n<\/tbody>\n<\/table>\n<h4 style=\"text-align: justify\"><strong><br \/>\nINSTITUTO DE PESQUISAS AMBIENTAIS\u00a0<\/strong><\/h4>\n<h5><strong>N\u00daCLEO DE PUBLICA\u00c7\u00d5ES CIENT\u00cdFICAS<br \/>\n<\/strong><\/h5>\n<p>Fone: (011) 5067-6051<br \/>\nE- mail: <strong><a href=\"mailto:ipa.npc@sp.gov.br\">ipa.npc@sp.gov.br<\/a> e <strong><a href=\"mailto:kmsilva@sp.gov.br\">kmsilva@sp.gov.br<\/a><br \/>\n<\/strong><\/p>\n","protected":false},"excerpt":{"rendered":"<p>S\u00e9rie Manuais Manual 07 \u2013 No\u00e7\u00f5es de seguran\u00e7a e instrumental b\u00e1sico de laborat\u00f3rio Dirigido aos estudantes e t\u00e9cnicos que est\u00e3o tendo um primeiro contato com atividades de laborat\u00f3rio, busca orient\u00e1-los quanto \u00e0s regras de seguran\u00e7a, \u00e0s vidrarias mais utilizadas, aos m\u00e9todos de lavagem de vidraria e de limpeza de laborat\u00f3rio, bem como \u00e0 leitura dos [&hellip;]<\/p>\n","protected":false},"author":6,"featured_media":0,"parent":2403,"menu_order":3,"comment_status":"open","ping_status":"closed","template":"","meta":[],"_links":{"self":[{"href":"https:\/\/www.infraestruturameioambiente.sp.gov.br\/institutodebotanica\/wp-json\/wp\/v2\/pages\/490"}],"collection":[{"href":"https:\/\/www.infraestruturameioambiente.sp.gov.br\/institutodebotanica\/wp-json\/wp\/v2\/pages"}],"about":[{"href":"https:\/\/www.infraestruturameioambiente.sp.gov.br\/institutodebotanica\/wp-json\/wp\/v2\/types\/page"}],"author":[{"embeddable":true,"href":"https:\/\/www.infraestruturameioambiente.sp.gov.br\/institutodebotanica\/wp-json\/wp\/v2\/users\/6"}],"replies":[{"embeddable":true,"href":"https:\/\/www.infraestruturameioambiente.sp.gov.br\/institutodebotanica\/wp-json\/wp\/v2\/comments?post=490"}],"version-history":[{"count":49,"href":"https:\/\/www.infraestruturameioambiente.sp.gov.br\/institutodebotanica\/wp-json\/wp\/v2\/pages\/490\/revisions"}],"predecessor-version":[{"id":24049,"href":"https:\/\/www.infraestruturameioambiente.sp.gov.br\/institutodebotanica\/wp-json\/wp\/v2\/pages\/490\/revisions\/24049"}],"up":[{"embeddable":true,"href":"https:\/\/www.infraestruturameioambiente.sp.gov.br\/institutodebotanica\/wp-json\/wp\/v2\/pages\/2403"}],"wp:attachment":[{"href":"https:\/\/www.infraestruturameioambiente.sp.gov.br\/institutodebotanica\/wp-json\/wp\/v2\/media?parent=490"}],"curies":[{"name":"wp","href":"https:\/\/api.w.org\/{rel}","templated":true}]}}