{"id":252,"date":"2011-11-11T18:51:29","date_gmt":"2011-11-11T18:51:29","guid":{"rendered":"https:\/\/www.infraestruturameioambiente.sp.gov.br\/institutodebotanica\/?page_id=252"},"modified":"2022-06-07T10:53:37","modified_gmt":"2022-06-07T13:53:37","slug":"boletim-do-instituto-de-botanica","status":"publish","type":"page","link":"https:\/\/www.infraestruturameioambiente.sp.gov.br\/institutodebotanica\/publicacoes\/boletim-do-instituto-de-botanica\/","title":{"rendered":"Boletim do Instituto de Bot\u00e2nica"},"content":{"rendered":"<table style=\"height: 933px;width: 100%\" cellpadding=\"20\">\n<tbody>\n<tr style=\"height: 75px;border: thin solid #a1a1a1\">\n<td style=\"height: 75px\" colspan=\"2\">\n<h2 class=\"tl\" style=\"text-align: center\">Boletim do Instituto de Bot\u00e2nica N\u00ba 21\/2011<\/h2>\n<\/td>\n<\/tr>\n<tr style=\"height: 248px\">\n<td style=\"height: 248px\"><a href=\"https:\/\/smastr16.blob.core.windows.net\/ibot\/sites\/235\/2013\/09\/boletin21.jpg\"><img decoding=\"async\" loading=\"lazy\" class=\"wp-image-23786 aligncenter\" src=\"https:\/\/smastr16.blob.core.windows.net\/ibot\/sites\/235\/2021\/05\/boletim-21-2011.jpg\" alt=\"\" width=\"189\" height=\"252\" srcset=\"https:\/\/smastr16.blob.core.windows.net\/ibot\/sites\/235\/2021\/05\/boletim-21-2011.jpg 305w, https:\/\/smastr16.blob.core.windows.net\/ibot\/sites\/235\/2021\/05\/boletim-21-2011-250x334.jpg 250w, https:\/\/smastr16.blob.core.windows.net\/ibot\/sites\/235\/2021\/05\/boletim-21-2011-135x180.jpg 135w, https:\/\/smastr16.blob.core.windows.net\/ibot\/sites\/235\/2021\/05\/boletim-21-2011-225x300.jpg 225w\" sizes=\"(max-width: 189px) 100vw, 189px\" \/><\/a><\/td>\n<td style=\"height: 248px\">\n<p align=\"left\"><strong>IN HONOUR OF HEPATICOLOGIST<br \/>\nS.ROBBERT GRANDSTEIN<\/strong><\/p>\n<p>OLGA YANO &amp; DENILSON FERNANDES PERALTA<\/p>\n<p>|\u00a0<a href=\"http:\/\/www.ibot.sp.gov.br\/publicacoes\/boletim\/introducao.pdf\">Instru\u00e7\u00f5es aos autores<\/a>\u00a0|\u00a0<a href=\"http:\/\/www.ibot.sp.gov.br\/publicacoes\/boletim\/instructions.pdf\">Instructions to authors<\/a>\u00a0|<\/p>\n<p><strong>Pre\u00e7o: R$ 30,00<\/strong><\/td>\n<\/tr>\n<tr style=\"height: 75px;border: thin solid #a1a1a1\">\n<td style=\"height: 75px\" colspan=\"2\">\n<h2 style=\"text-align: center\">Boletim do Instituto de Bot\u00e2nica<\/h2>\n<\/td>\n<\/tr>\n<tr style=\"height: 312px\">\n<td style=\"height: 312px\" colspan=\"2\"><div class=\"wc-gallery\"><div id='gallery-1' data-gutter-width='5' data-columns='3' class='gallery wc-gallery-captions-onhover gallery-link-file gallery-masonry galleryid-252 gallery-columns-3 gallery-size-thumbnail wc-gallery-bottomspace-default wc-gallery-clear'><div class='gallery-item gallery-item-position-1 gallery-item-attachment-15423'>\n\t\t\t\t<div class='gallery-icon portrait'>\n\t\t\t\t\t<a href='https:\/\/www.infraestruturameioambiente.sp.gov.br\/institutodebotanica\/wp-content\/uploads\/sites\/235\/2013\/09\/boletin17.jpg' title='boletin17' target='_self'><img width=\"150\" height=\"150\" src=\"https:\/\/www.infraestruturameioambiente.sp.gov.br\/institutodebotanica\/wp-content\/uploads\/sites\/235\/2013\/09\/boletin17-150x150.jpg\" class=\"attachment-thumbnail size-thumbnail\" alt=\"\" decoding=\"async\" loading=\"lazy\" \/><\/a>\n\t\t\t\t<\/div>\n\t\t\t\t\t<div class='wp-caption-text gallery-caption'>\n\t\t\t\t\t\t<p>\n\t\t\t\t\t\tBoletim N\u00ba 17\/2006\n\t\t\t\t\t\t<\/p>\n\t\t\t\t\t<\/div><\/div><div class='gallery-item gallery-item-position-2 gallery-item-attachment-15424'>\n\t\t\t\t<div class='gallery-icon portrait'>\n\t\t\t\t\t<a href='https:\/\/www.infraestruturameioambiente.sp.gov.br\/institutodebotanica\/wp-content\/uploads\/sites\/235\/2013\/09\/boletin19.jpg' title='boletin19' target='_self'><img width=\"150\" height=\"150\" src=\"https:\/\/www.infraestruturameioambiente.sp.gov.br\/institutodebotanica\/wp-content\/uploads\/sites\/235\/2013\/09\/boletin19-150x150.jpg\" class=\"attachment-thumbnail size-thumbnail\" alt=\"\" decoding=\"async\" loading=\"lazy\" \/><\/a>\n\t\t\t\t<\/div>\n\t\t\t\t\t<div class='wp-caption-text gallery-caption'>\n\t\t\t\t\t\t<p>\n\t\t\t\t\t\tBoletim N\u00ba 19\/2008\n\t\t\t\t\t\t<\/p>\n\t\t\t\t\t<\/div><\/div><div class='gallery-item gallery-item-position-3 gallery-item-attachment-253'>\n\t\t\t\t<div class='gallery-icon portrait'>\n\t\t\t\t\t<a href='https:\/\/www.infraestruturameioambiente.sp.gov.br\/institutodebotanica\/wp-content\/uploads\/sites\/235\/2011\/11\/boletin20.jpg' title='boletin20' target='_self'><img width=\"153\" height=\"200\" src=\"https:\/\/www.infraestruturameioambiente.sp.gov.br\/institutodebotanica\/wp-content\/uploads\/sites\/235\/2011\/11\/boletin20.jpg\" class=\"attachment-thumbnail size-thumbnail\" alt=\"\" decoding=\"async\" loading=\"lazy\" \/><\/a>\n\t\t\t\t<\/div>\n\t\t\t\t\t<div class='wp-caption-text gallery-caption'>\n\t\t\t\t\t\t<p>\n\t\t\t\t\t\tBoletim N\u00ba 20\/2011\n\t\t\t\t\t\t<\/p>\n\t\t\t\t\t<\/div><\/div><\/div>\n<\/div><\/td>\n<\/tr>\n<\/tbody>\n<\/table>\n<h4 style=\"text-align: justify\"><strong>INSTITUTO DE PESQUISAS AMBIENTAIS\u00a0<\/strong><\/h4>\n<h5><strong>N\u00daCLEO DE PUBLICA\u00c7\u00d5ES CIENT\u00cdFICAS<br \/>\n<\/strong><\/h5>\n<p>Fone: (011) 5067-6051<br \/>\nE- mail: <strong><a href=\"mailto:ipa.npc@sp.gov.br\">ipa.npc@sp.gov.br<\/a><br \/>\n<\/strong><\/p>\n","protected":false},"excerpt":{"rendered":"<p>Boletim do Instituto de Bot\u00e2nica N\u00ba 21\/2011 IN HONOUR OF HEPATICOLOGIST S.ROBBERT GRANDSTEIN OLGA YANO &amp; DENILSON FERNANDES PERALTA |\u00a0Instru\u00e7\u00f5es aos autores\u00a0|\u00a0Instructions to authors\u00a0| Pre\u00e7o: R$ 30,00 Boletim do Instituto de Bot\u00e2nica INSTITUTO DE PESQUISAS AMBIENTAIS\u00a0 N\u00daCLEO DE PUBLICA\u00c7\u00d5ES CIENT\u00cdFICAS Fone: (011) 5067-6051 E- mail: ipa.npc@sp.gov.br<\/p>\n","protected":false},"author":1,"featured_media":0,"parent":2403,"menu_order":2,"comment_status":"open","ping_status":"open","template":"","meta":[],"_links":{"self":[{"href":"https:\/\/www.infraestruturameioambiente.sp.gov.br\/institutodebotanica\/wp-json\/wp\/v2\/pages\/252"}],"collection":[{"href":"https:\/\/www.infraestruturameioambiente.sp.gov.br\/institutodebotanica\/wp-json\/wp\/v2\/pages"}],"about":[{"href":"https:\/\/www.infraestruturameioambiente.sp.gov.br\/institutodebotanica\/wp-json\/wp\/v2\/types\/page"}],"author":[{"embeddable":true,"href":"https:\/\/www.infraestruturameioambiente.sp.gov.br\/institutodebotanica\/wp-json\/wp\/v2\/users\/1"}],"replies":[{"embeddable":true,"href":"https:\/\/www.infraestruturameioambiente.sp.gov.br\/institutodebotanica\/wp-json\/wp\/v2\/comments?post=252"}],"version-history":[{"count":41,"href":"https:\/\/www.infraestruturameioambiente.sp.gov.br\/institutodebotanica\/wp-json\/wp\/v2\/pages\/252\/revisions"}],"predecessor-version":[{"id":24016,"href":"https:\/\/www.infraestruturameioambiente.sp.gov.br\/institutodebotanica\/wp-json\/wp\/v2\/pages\/252\/revisions\/24016"}],"up":[{"embeddable":true,"href":"https:\/\/www.infraestruturameioambiente.sp.gov.br\/institutodebotanica\/wp-json\/wp\/v2\/pages\/2403"}],"wp:attachment":[{"href":"https:\/\/www.infraestruturameioambiente.sp.gov.br\/institutodebotanica\/wp-json\/wp\/v2\/media?parent=252"}],"curies":[{"name":"wp","href":"https:\/\/api.w.org\/{rel}","templated":true}]}}