{"id":244,"date":"2011-11-11T16:52:25","date_gmt":"2011-11-11T18:52:25","guid":{"rendered":"https:\/\/www.infraestruturameioambiente.sp.gov.br\/institutodebotanica\/?page_id=244"},"modified":"2025-07-01T16:36:04","modified_gmt":"2025-07-01T19:36:04","slug":"viveiros-do-estado","status":"publish","type":"page","link":"https:\/\/www.infraestruturameioambiente.sp.gov.br\/institutodebotanica\/cerad\/viveiros-do-estado\/","title":{"rendered":"N\u00daCLEO DE RESTAURA\u00c7\u00c3O ECOL\u00d3GICA E RECUPERA\u00c7\u00c3O DE \u00c1REAS DEGRADADAS (UNIDADE JARDIM BOT\u00c2NICO)"},"content":{"rendered":"<p>[vc_row][vc_column][vc_column_text]<\/p>\n<h1 class=\"tl\">Viveiros do Estado<\/h1>\n<h2 class=\"tl-sub\">Mapa dos Viveiros de Mudas Florestais Nativas do Estado de S\u00e3o Paulo<\/h2>\n<p>Este mapa apresenta informa\u00e7\u00f5es sobre viveiros produtores de esp\u00e9cies florestais nativas, existentes no estado de S\u00e3o Paulo e cadastrados na base de dados do Instituto de Pesquisas Ambientais, at\u00e9 junho de 2025.<\/p>\n<p>Coordena\u00e7\u00e3o geral: Dr. Luiz Mauro Barbosa<br \/>\nColaboradores: Leonardo Bebiano Santos, Marcia Regina Angelo, Fernando Cirilo de Lima, Dra K\u00e1tia Mazzei, Elenice Eliana Teixeira, Luiz Alberto Bucci, Caroline Vivian Gruber, Cilmara Augusto, Renato Lorza, Claudia Mascagni Prudente, Tarc\u00edsio Ferreira Martins<br \/>\nInstituto de Pesquisas Ambientais de S\u00e3o Paulo (IPA), 2025<\/p>\n<p><strong>Acesse aqui<\/strong> &#8211; <a href=\"https:\/\/experience.arcgis.com\/experience\/9858e48603d04a009054f772911fdc10\" target=\"_blank\" rel=\"noopener\">Mapa dos Viveiros de Mudas Florestais Nativas do Estado de S\u00e3o Paulo<\/a>[\/vc_column_text][\/vc_column][\/vc_row]<\/p>\n","protected":false},"excerpt":{"rendered":"<p>[vc_row][vc_column][vc_column_text] Viveiros do Estado Mapa dos Viveiros de Mudas Florestais Nativas do Estado de S\u00e3o Paulo Este mapa apresenta informa\u00e7\u00f5es sobre viveiros produtores de esp\u00e9cies florestais nativas, existentes no estado de S\u00e3o Paulo e cadastrados na base de dados do Instituto de Pesquisas Ambientais, at\u00e9 junho de 2025. Coordena\u00e7\u00e3o geral: Dr. Luiz Mauro Barbosa Colaboradores: [&hellip;]<\/p>\n","protected":false},"author":1,"featured_media":0,"parent":15874,"menu_order":0,"comment_status":"open","ping_status":"closed","template":"","meta":[],"_links":{"self":[{"href":"https:\/\/www.infraestruturameioambiente.sp.gov.br\/institutodebotanica\/wp-json\/wp\/v2\/pages\/244"}],"collection":[{"href":"https:\/\/www.infraestruturameioambiente.sp.gov.br\/institutodebotanica\/wp-json\/wp\/v2\/pages"}],"about":[{"href":"https:\/\/www.infraestruturameioambiente.sp.gov.br\/institutodebotanica\/wp-json\/wp\/v2\/types\/page"}],"author":[{"embeddable":true,"href":"https:\/\/www.infraestruturameioambiente.sp.gov.br\/institutodebotanica\/wp-json\/wp\/v2\/users\/1"}],"replies":[{"embeddable":true,"href":"https:\/\/www.infraestruturameioambiente.sp.gov.br\/institutodebotanica\/wp-json\/wp\/v2\/comments?post=244"}],"version-history":[{"count":26,"href":"https:\/\/www.infraestruturameioambiente.sp.gov.br\/institutodebotanica\/wp-json\/wp\/v2\/pages\/244\/revisions"}],"predecessor-version":[{"id":24121,"href":"https:\/\/www.infraestruturameioambiente.sp.gov.br\/institutodebotanica\/wp-json\/wp\/v2\/pages\/244\/revisions\/24121"}],"up":[{"embeddable":true,"href":"https:\/\/www.infraestruturameioambiente.sp.gov.br\/institutodebotanica\/wp-json\/wp\/v2\/pages\/15874"}],"wp:attachment":[{"href":"https:\/\/www.infraestruturameioambiente.sp.gov.br\/institutodebotanica\/wp-json\/wp\/v2\/media?parent=244"}],"curies":[{"name":"wp","href":"https:\/\/api.w.org\/{rel}","templated":true}]}}