{"id":2388,"date":"2012-01-25T11:41:35","date_gmt":"2012-01-25T13:41:35","guid":{"rendered":"https:\/\/www.infraestruturameioambiente.sp.gov.br\/institutodebotanica\/?page_id=2388"},"modified":"2018-10-29T11:50:14","modified_gmt":"2018-10-29T13:50:14","slug":"resolucoes","status":"publish","type":"page","link":"https:\/\/www.infraestruturameioambiente.sp.gov.br\/institutodebotanica\/cerad\/resolucoes\/","title":{"rendered":"Cerad &#8211; Resolu\u00e7\u00f5es"},"content":{"rendered":"<h1 class=\"tl\">Resolu\u00e7\u00f5es<\/h1>\n<ul>\n<li><a href=\"https:\/\/www.infraestruturameioambiente.sp.gov.br\/institutodebotanica\/wp-content\/uploads\/sites\/235\/2014\/02\/agenda_21.pdf\" target=\"_blank\" rel=\"noopener\">Agenda 21<\/a><\/li>\n<li><a href=\"https:\/\/www.infraestruturameioambiente.sp.gov.br\/institutodebotanica\/wp-content\/uploads\/sites\/235\/2014\/02\/resolu\u00e7\u00e3o_-sma48.pdf\" target=\"_blank\" rel=\"noopener\">SMA 48<\/a><\/li>\n<li><a href=\"https:\/\/www.infraestruturameioambiente.sp.gov.br\/institutodebotanica\/wp-content\/uploads\/sites\/235\/2014\/02\/resolucao_SMA_68.pdf\" target=\"_blank\" rel=\"noopener\">Resolu\u00e7\u00e3o SMA 068\/2008<\/a><\/li>\n<li><a href=\"https:\/\/www.infraestruturameioambiente.sp.gov.br\/institutodebotanica\/wp-content\/uploads\/sites\/235\/2014\/02\/resolu\u00e7\u00e3o_64.pdf\" target=\"_blank\" rel=\"noopener\">Resolu\u00e7\u00e3o SMA 64\/2009<\/a><\/li>\n<\/ul>\n<p><strong>SMA 32\/2014<\/strong><\/p>\n<ul>\n<li><a href=\"https:\/\/www.infraestruturameioambiente.sp.gov.br\/institutodebotanica\/wp-content\/uploads\/sites\/235\/2014\/05\/resolu\u00e7\u00e3o-SMA-32-2014.pdf\" target=\"_blank\" rel=\"noopener\">Resolu\u00e7\u00e3o SMA 32\/2014<\/a><\/li>\n<li><a href=\"https:\/\/www.infraestruturameioambiente.sp.gov.br\/institutodebotanica\/wp-content\/uploads\/sites\/235\/2014\/02\/cerad_chave_tomada_decisao_RAD.pdf\" target=\"_blank\" rel=\"noopener\">Chave para Tomada de Decis\u00e3o<\/a><\/li>\n<li><a href=\"https:\/\/www.infraestruturameioambiente.sp.gov.br\/institutodebotanica\/wp-content\/uploads\/sites\/235\/2016\/01\/Lista_de_especies_de_SP_CERAD-IBT-SMA_2015.pdf\" target=\"_blank\" rel=\"noopener\">Lista de Esp\u00e9cies para RAD &#8211; 2015<\/a><\/li>\n<\/ul>\n","protected":false},"excerpt":{"rendered":"<p>Resolu\u00e7\u00f5es Agenda 21 SMA 48 Resolu\u00e7\u00e3o SMA 068\/2008 Resolu\u00e7\u00e3o SMA 64\/2009 SMA 32\/2014 Resolu\u00e7\u00e3o SMA 32\/2014 Chave para Tomada de Decis\u00e3o Lista de Esp\u00e9cies para RAD &#8211; 2015<\/p>\n","protected":false},"author":1,"featured_media":0,"parent":15874,"menu_order":0,"comment_status":"open","ping_status":"closed","template":"","meta":[],"_links":{"self":[{"href":"https:\/\/www.infraestruturameioambiente.sp.gov.br\/institutodebotanica\/wp-json\/wp\/v2\/pages\/2388"}],"collection":[{"href":"https:\/\/www.infraestruturameioambiente.sp.gov.br\/institutodebotanica\/wp-json\/wp\/v2\/pages"}],"about":[{"href":"https:\/\/www.infraestruturameioambiente.sp.gov.br\/institutodebotanica\/wp-json\/wp\/v2\/types\/page"}],"author":[{"embeddable":true,"href":"https:\/\/www.infraestruturameioambiente.sp.gov.br\/institutodebotanica\/wp-json\/wp\/v2\/users\/1"}],"replies":[{"embeddable":true,"href":"https:\/\/www.infraestruturameioambiente.sp.gov.br\/institutodebotanica\/wp-json\/wp\/v2\/comments?post=2388"}],"version-history":[{"count":29,"href":"https:\/\/www.infraestruturameioambiente.sp.gov.br\/institutodebotanica\/wp-json\/wp\/v2\/pages\/2388\/revisions"}],"predecessor-version":[{"id":22284,"href":"https:\/\/www.infraestruturameioambiente.sp.gov.br\/institutodebotanica\/wp-json\/wp\/v2\/pages\/2388\/revisions\/22284"}],"up":[{"embeddable":true,"href":"https:\/\/www.infraestruturameioambiente.sp.gov.br\/institutodebotanica\/wp-json\/wp\/v2\/pages\/15874"}],"wp:attachment":[{"href":"https:\/\/www.infraestruturameioambiente.sp.gov.br\/institutodebotanica\/wp-json\/wp\/v2\/media?parent=2388"}],"curies":[{"name":"wp","href":"https:\/\/api.w.org\/{rel}","templated":true}]}}