{"id":23196,"date":"2020-01-09T17:32:22","date_gmt":"2020-01-09T19:32:22","guid":{"rendered":"https:\/\/www.infraestruturameioambiente.sp.gov.br\/institutodebotanica\/?page_id=23196"},"modified":"2020-12-09T12:49:26","modified_gmt":"2020-12-09T14:49:26","slug":"editais-2020","status":"publish","type":"page","link":"https:\/\/www.infraestruturameioambiente.sp.gov.br\/institutodebotanica\/editais-2020\/","title":{"rendered":"Editais 2020"},"content":{"rendered":"<table style=\"height: 102px;width: 64%\" border=\"0\">\n<tbody>\n<tr style=\"height: 23px\">\n<th style=\"height: 10px;background-color: #f0eded;text-align: left;width: 464px\" align=\"middle\"><strong><a href=\"https:\/\/smastr16.blob.core.windows.net\/ibot\/sites\/235\/2020\/01\/edital-13-2019-01-2020.pdf\" target=\"_blank\" rel=\"noopener noreferrer\">EDITAL<\/a> &#8211; PREG\u00c3O ELETR\u00d4NICO N\u00ba 13\/2019<br \/>\n<\/strong><\/th>\n<\/tr>\n<tr style=\"height: 143px\">\n<td style=\"text-align: left;height: 10px;width: 464px\" align=\"middle\"><strong>OBJETIVANDO\u00a0 PRESTA\u00c7\u00c3O DE SERVI\u00c7OS N\u00c3O CONT\u00cdNUOS DE ADEQUA\u00c7\u00c3O E INFRAESTRUTURA DO PR\u00c9DIO DA UNIDADE DE SEMENTES E DA CASA DE DROGAS E CONFEC\u00c7\u00c3O\/INSTALA\u00c7\u00c3O DE MOBILI\u00c1RIO<\/strong><\/p>\n<p>DATA DE REALIZA\u00c7\u00c3O DA SESS\u00c3O P\u00daBLICA:<br \/>\nDia 16\/01\/2020.<\/p>\n<p>HOR\u00c1RIO: \u00e0s 09:00 horas.<\/td>\n<\/tr>\n<tr style=\"height: 23px\">\n<th style=\"height: 10px;background-color: #f0eded;text-align: left;width: 464px\" align=\"middle\"><strong><a href=\"https:\/\/smastr16.blob.core.windows.net\/ibot\/sites\/235\/2020\/06\/edital-ibt-01-2020.pdf\" target=\"_blank\" rel=\"noopener noreferrer\">EDITAL<\/a> &#8211; PREG\u00c3O ELETR\u00d4NICO N\u00ba 01\/2020<br \/>\n<\/strong><\/th>\n<\/tr>\n<tr style=\"height: 143px\">\n<td style=\"text-align: left;height: 10px;width: 464px\" align=\"middle\"><strong>OBJETIVANDO\u00a0 PRESTA\u00c7\u00c3O DE SERVI\u00c7OS DE COLETA DE\u00a0<\/strong><b>RES\u00cdDUOS<\/b><\/p>\n<p>DATA DE REALIZA\u00c7\u00c3O DA SESS\u00c3O P\u00daBLICA:<br \/>\nDia 29\/06\/2020.<\/p>\n<p>HOR\u00c1RIO: \u00e0s 09:00 horas.<\/td>\n<\/tr>\n<tr style=\"height: 23px\">\n<th style=\"height: 10px;background-color: #f0eded;text-align: left;width: 464px\" align=\"middle\"><strong><a href=\"https:\/\/smastr16.blob.core.windows.net\/ibot\/sites\/235\/2020\/09\/edital-ibt-02-2020.pdf\" target=\"_blank\" rel=\"noopener noreferrer\">EDITAL<\/a> &#8211; PREG\u00c3O ELETR\u00d4NICO N\u00ba 02\/2020<br \/>\n<\/strong><\/th>\n<\/tr>\n<tr style=\"height: 143px\">\n<td style=\"text-align: left;height: 10px;width: 464px\" align=\"middle\"><strong>OBJETIVANDO\u00a0 PRESTA\u00c7\u00c3O DE SERVI\u00c7OS DE IMPRESS\u00c3O CORPORATIVA<\/strong><\/p>\n<p>DATA DE REALIZA\u00c7\u00c3O DA SESS\u00c3O P\u00daBLICA:<br \/>\nDia 01\/10\/2020.<\/p>\n<p>HOR\u00c1RIO: \u00e0s 09:00 horas.<\/td>\n<\/tr>\n<tr style=\"height: 23px\">\n<th style=\"height: 10px;background-color: #f0eded;text-align: left;width: 464px\" align=\"middle\"><strong><a href=\"https:\/\/smastr16.blob.core.windows.net\/ibot\/sites\/235\/2020\/11\/edital-ibt-03-2020.pdf\" target=\"_blank\" rel=\"noopener noreferrer\">EDITAL<\/a> &#8211; PREG\u00c3O ELETR\u00d4NICO N\u00ba 03\/2020<br \/>\n<\/strong><\/th>\n<\/tr>\n<tr style=\"height: 143px\">\n<td style=\"text-align: left;height: 12px;width: 464px\" align=\"middle\"><strong>OBJETIVANDO\u00a0 PRESTA\u00c7\u00c3O DE SERVI\u00c7OS PARA SEGURO DE VE\u00cdCULOS <\/strong><\/p>\n<p>DATA DE REALIZA\u00c7\u00c3O DA SESS\u00c3O P\u00daBLICA:<br \/>\nDia 11\/12\/2020.<\/p>\n<p>HOR\u00c1RIO: \u00e0s 09:00 horas.<\/td>\n<\/tr>\n<tr style=\"height: 23px\">\n<th style=\"height: 10px;background-color: #f0eded;text-align: left;width: 464px\" align=\"middle\"><strong><a href=\"https:\/\/smastr16.blob.core.windows.net\/ibot\/sites\/235\/2020\/12\/edital-ibt-04-2020.pdf\" target=\"_blank\" rel=\"noopener noreferrer\">EDITAL<\/a> &#8211; PREG\u00c3O ELETR\u00d4NICO N\u00ba 04\/2020<br \/>\n<\/strong><\/th>\n<\/tr>\n<tr style=\"height: 143px\">\n<td style=\"text-align: left;height: 10px;width: 464px\" align=\"middle\"><strong>OBJETIVANDO\u00a0 AQUISI\u00c7\u00c3O DE UMA AERONAVE REMOTAMENTE PILOTADA (RPA) <\/strong><\/p>\n<p>DATA DE REALIZA\u00c7\u00c3O DA SESS\u00c3O P\u00daBLICA:<br \/>\nDia 22\/12\/2020.<\/p>\n<p>HOR\u00c1RIO: \u00e0s 09:00 horas.<\/td>\n<\/tr>\n<\/tbody>\n<\/table>\n","protected":false},"excerpt":{"rendered":"<p>EDITAL &#8211; PREG\u00c3O ELETR\u00d4NICO N\u00ba 13\/2019 OBJETIVANDO\u00a0 PRESTA\u00c7\u00c3O DE SERVI\u00c7OS N\u00c3O CONT\u00cdNUOS DE ADEQUA\u00c7\u00c3O E INFRAESTRUTURA DO PR\u00c9DIO DA UNIDADE DE SEMENTES E DA CASA DE DROGAS E CONFEC\u00c7\u00c3O\/INSTALA\u00c7\u00c3O DE MOBILI\u00c1RIO DATA DE REALIZA\u00c7\u00c3O DA SESS\u00c3O P\u00daBLICA: Dia 16\/01\/2020. HOR\u00c1RIO: \u00e0s 09:00 horas. EDITAL &#8211; PREG\u00c3O ELETR\u00d4NICO N\u00ba 01\/2020 OBJETIVANDO\u00a0 PRESTA\u00c7\u00c3O DE SERVI\u00c7OS DE COLETA [&hellip;]<\/p>\n","protected":false},"author":95,"featured_media":0,"parent":0,"menu_order":0,"comment_status":"closed","ping_status":"closed","template":"","meta":[],"_links":{"self":[{"href":"https:\/\/www.infraestruturameioambiente.sp.gov.br\/institutodebotanica\/wp-json\/wp\/v2\/pages\/23196"}],"collection":[{"href":"https:\/\/www.infraestruturameioambiente.sp.gov.br\/institutodebotanica\/wp-json\/wp\/v2\/pages"}],"about":[{"href":"https:\/\/www.infraestruturameioambiente.sp.gov.br\/institutodebotanica\/wp-json\/wp\/v2\/types\/page"}],"author":[{"embeddable":true,"href":"https:\/\/www.infraestruturameioambiente.sp.gov.br\/institutodebotanica\/wp-json\/wp\/v2\/users\/95"}],"replies":[{"embeddable":true,"href":"https:\/\/www.infraestruturameioambiente.sp.gov.br\/institutodebotanica\/wp-json\/wp\/v2\/comments?post=23196"}],"version-history":[{"count":8,"href":"https:\/\/www.infraestruturameioambiente.sp.gov.br\/institutodebotanica\/wp-json\/wp\/v2\/pages\/23196\/revisions"}],"predecessor-version":[{"id":23660,"href":"https:\/\/www.infraestruturameioambiente.sp.gov.br\/institutodebotanica\/wp-json\/wp\/v2\/pages\/23196\/revisions\/23660"}],"wp:attachment":[{"href":"https:\/\/www.infraestruturameioambiente.sp.gov.br\/institutodebotanica\/wp-json\/wp\/v2\/media?parent=23196"}],"curies":[{"name":"wp","href":"https:\/\/api.w.org\/{rel}","templated":true}]}}