{"id":2287,"date":"2012-01-24T20:34:40","date_gmt":"2012-01-24T22:34:40","guid":{"rendered":"https:\/\/www.infraestruturameioambiente.sp.gov.br\/institutodebotanica\/?page_id=2287"},"modified":"2023-08-18T09:41:31","modified_gmt":"2023-08-18T12:41:31","slug":"home","status":"publish","type":"page","link":"https:\/\/www.infraestruturameioambiente.sp.gov.br\/institutodebotanica\/","title":{"rendered":"Home"},"content":{"rendered":"<p>[vc_row][vc_column][vc_column_text]<img decoding=\"async\" loading=\"lazy\" class=\"alignnone wp-image-23978 size-wcfixedheight\" src=\"https:\/\/smastr16.blob.core.windows.net\/ibot\/sites\/235\/2022\/04\/foto-ipa-site-1358x500.jpg\" alt=\"\" width=\"1358\" height=\"500\" srcset=\"https:\/\/smastr16.blob.core.windows.net\/ibot\/sites\/235\/2022\/04\/foto-ipa-site-1358x500.jpg 1358w, https:\/\/smastr16.blob.core.windows.net\/ibot\/sites\/235\/2022\/04\/foto-ipa-site-600x221.jpg 600w, https:\/\/smastr16.blob.core.windows.net\/ibot\/sites\/235\/2022\/04\/foto-ipa-site-1024x377.jpg 1024w, https:\/\/smastr16.blob.core.windows.net\/ibot\/sites\/235\/2022\/04\/foto-ipa-site-768x283.jpg 768w, https:\/\/smastr16.blob.core.windows.net\/ibot\/sites\/235\/2022\/04\/foto-ipa-site-1536x566.jpg 1536w, https:\/\/smastr16.blob.core.windows.net\/ibot\/sites\/235\/2022\/04\/foto-ipa-site-250x92.jpg 250w, https:\/\/smastr16.blob.core.windows.net\/ibot\/sites\/235\/2022\/04\/foto-ipa-site-550x203.jpg 550w, https:\/\/smastr16.blob.core.windows.net\/ibot\/sites\/235\/2022\/04\/foto-ipa-site-800x295.jpg 800w, https:\/\/smastr16.blob.core.windows.net\/ibot\/sites\/235\/2022\/04\/foto-ipa-site-489x180.jpg 489w, https:\/\/smastr16.blob.core.windows.net\/ibot\/sites\/235\/2022\/04\/foto-ipa-site-815x300.jpg 815w, https:\/\/smastr16.blob.core.windows.net\/ibot\/sites\/235\/2022\/04\/foto-ipa-site.jpg 1765w\" sizes=\"(max-width: 1358px) 100vw, 1358px\" \/><\/p>\n<p>&nbsp;<\/p>\n<p><img decoding=\"async\" loading=\"lazy\" class=\"size-full wp-image-23980 alignleft\" src=\"https:\/\/smastr16.blob.core.windows.net\/ibot\/sites\/235\/2022\/04\/ibpt.jpg\" alt=\"\" width=\"300\" height=\"300\" srcset=\"https:\/\/smastr16.blob.core.windows.net\/ibot\/sites\/235\/2022\/04\/ibpt.jpg 300w, https:\/\/smastr16.blob.core.windows.net\/ibot\/sites\/235\/2022\/04\/ibpt-200x200.jpg 200w, https:\/\/smastr16.blob.core.windows.net\/ibot\/sites\/235\/2022\/04\/ibpt-48x48.jpg 48w, https:\/\/smastr16.blob.core.windows.net\/ibot\/sites\/235\/2022\/04\/ibpt-250x250.jpg 250w, https:\/\/smastr16.blob.core.windows.net\/ibot\/sites\/235\/2022\/04\/ibpt-180x180.jpg 180w\" sizes=\"(max-width: 300px) 100vw, 300px\" \/>O <strong>IPA &#8211; Instituto de Pesquisas Ambientais<\/strong>, criado pelo <a href=\"https:\/\/www.al.sp.gov.br\/repositorio\/legislacao\/decreto\/2021\/decreto-65796-16.06.2021.html\">decreto estadual 65.796 de 16 de junho de 2021<\/a>, \u00e9 a jun\u00e7\u00e3o de tr\u00eas institui\u00e7\u00f5es seculares, Instituto de Bot\u00e2nica, Florestal e Geol\u00f3gico, que atuaram fortemente na \u00e1rea ambiental desde a d\u00e9cada de 1980. O <strong>IPA<\/strong> tem como objetivo reunir toda a experi\u00eancia acumulada por estes institutos, para atuar de forma interdisciplinar na \u00e1rea ambiental.<\/p>\n<p>Com a cria\u00e7\u00e3o do <strong>IPA<\/strong>, os sites dos antigos institutos de Bot\u00e2nica, Florestal e Geol\u00f3gico est\u00e3o guardados desde junho de 2021 para consulta, preservando a mem\u00f3ria dessas institui\u00e7\u00f5es e suas diversas transforma\u00e7\u00f5es desde o s\u00e9culo 19 quando se originaram.<\/p>\n<p>O <strong>Instituto de Bot\u00e2nica (IBt)<\/strong> teve sua hist\u00f3ria intrinsecamente ligada \u00e0 do Jardim Bot\u00e2nico de S\u00e3o Paulo, remontando ao ano de 1917, quando, para o desenvolvimento de um horto bot\u00e2nico, dedicado ao estudo de plantas medicinais, foi criada a Se\u00e7\u00e3o de Bot\u00e2nica junto ao Instituto Butant\u00e3. Seu dirigente era o naturalista Frederico Carlos Hoehne que, em 1928, deu in\u00edcio \u00e0 constru\u00e7\u00e3o do Jardim Bot\u00e2nico em uma \u00e1rea do Parque do Estado. Em 1938, a Se\u00e7\u00e3o de Bot\u00e2nica passou a Departamento de Bot\u00e2nica e teve sua constru\u00e7\u00e3o iniciada em 1940, na mesma \u00e1rea do Jardim Bot\u00e2nico. Dois anos mais tarde, este departamento passou a denominar-se Instituto de Bot\u00e2nica. Realizou pesquisas cient\u00edficas nas \u00e1reas de micologia, ficologia, briologia, anatomia, palinologia, ecologia, fisiologia e bioqu\u00edmica, sementes, plantas ornamentais e restaura\u00e7\u00e3o de \u00e1reas degradadas; foi respons\u00e1vel pela curadoria do herb\u00e1rio; atuou na \u00e1rea de assessoria \u00e0 pol\u00edtica ambiental do Estado e em educa\u00e7\u00e3o ambiental; e promoveu a forma\u00e7\u00e3o de cientistas, por meio de sua p\u00f3s-gradua\u00e7\u00e3o.<\/p>\n<p>Em seu breve per\u00edodo de exist\u00eancia, o <strong>IPA<\/strong> j\u00e1 conta com toda a estrutura necess\u00e1ria a seu pleno funcionamento, inclusive com a forma\u00e7\u00e3o completa de seu Conselho Cient\u00edfico, Conselho Editorial, de sua Comiss\u00e3o de \u00c9tica e Biosseguran\u00e7a e Comiss\u00e3o de Ensino e Extens\u00e3o, todos com respectivos regimentos estabelecidos.[\/vc_column_text][\/vc_column][vc_column][vc_column_text]<\/p>\n<p style=\"text-align: center\"><a href=\"https:\/\/www.infraestruturameioambiente.sp.gov.br\/ipa\">ACESSE O SITE DO INSTITUTO DE PESQUISAS AMBIENTAIS<\/a><\/p>\n<p>&nbsp;<\/p>\n","protected":false},"excerpt":{"rendered":"<p>[vc_row][vc_column][vc_column_text] &nbsp; O IPA &#8211; Instituto de Pesquisas Ambientais, criado pelo decreto estadual 65.796 de 16 de junho de 2021, \u00e9 a jun\u00e7\u00e3o de tr\u00eas institui\u00e7\u00f5es seculares, Instituto de Bot\u00e2nica, Florestal e Geol\u00f3gico, que atuaram fortemente na \u00e1rea ambiental desde a d\u00e9cada de 1980. O IPA tem como objetivo reunir toda a experi\u00eancia acumulada por [&hellip;]<\/p>\n","protected":false},"author":1,"featured_media":0,"parent":0,"menu_order":0,"comment_status":"open","ping_status":"open","template":"template-home.php","meta":[],"_links":{"self":[{"href":"https:\/\/www.infraestruturameioambiente.sp.gov.br\/institutodebotanica\/wp-json\/wp\/v2\/pages\/2287"}],"collection":[{"href":"https:\/\/www.infraestruturameioambiente.sp.gov.br\/institutodebotanica\/wp-json\/wp\/v2\/pages"}],"about":[{"href":"https:\/\/www.infraestruturameioambiente.sp.gov.br\/institutodebotanica\/wp-json\/wp\/v2\/types\/page"}],"author":[{"embeddable":true,"href":"https:\/\/www.infraestruturameioambiente.sp.gov.br\/institutodebotanica\/wp-json\/wp\/v2\/users\/1"}],"replies":[{"embeddable":true,"href":"https:\/\/www.infraestruturameioambiente.sp.gov.br\/institutodebotanica\/wp-json\/wp\/v2\/comments?post=2287"}],"version-history":[{"count":45,"href":"https:\/\/www.infraestruturameioambiente.sp.gov.br\/institutodebotanica\/wp-json\/wp\/v2\/pages\/2287\/revisions"}],"predecessor-version":[{"id":24088,"href":"https:\/\/www.infraestruturameioambiente.sp.gov.br\/institutodebotanica\/wp-json\/wp\/v2\/pages\/2287\/revisions\/24088"}],"wp:attachment":[{"href":"https:\/\/www.infraestruturameioambiente.sp.gov.br\/institutodebotanica\/wp-json\/wp\/v2\/media?parent=2287"}],"curies":[{"name":"wp","href":"https:\/\/api.w.org\/{rel}","templated":true}]}}