{"id":2274,"date":"2011-11-30T12:42:35","date_gmt":"2011-11-30T12:42:35","guid":{"rendered":"https:\/\/www.infraestruturameioambiente.sp.gov.br\/institutodebotanica\/?page_id=2274"},"modified":"2014-06-30T16:33:26","modified_gmt":"2014-06-30T19:33:26","slug":"familia-marantaceae","status":"publish","type":"page","link":"https:\/\/www.infraestruturameioambiente.sp.gov.br\/institutodebotanica\/ornamentais\/familia-marantaceae\/","title":{"rendered":"Plantas Ornamentais &#8211; Fam\u00edlia Marantaceae"},"content":{"rendered":"<p style=\"text-align: justify\" align=\"center\"><strong style=\"line-height: 1.5em\">Respons\u00e1vel:\u00a0<\/strong><span style=\"line-height: 1.5em\"> Dra. Vanessa Rebou\u00e7as dos Santos<br \/>Pesquisadora do N\u00facleo de Pesquisa em Plantas Ornamentais;<\/p>\n<p style=\"text-align: justify\"><strong>INTRODU\u00c7\u00c3O<\/strong><\/p>\n<p style=\"text-align: justify\">O Instituto de Bot\u00e2nica de S\u00e3o Paulo cumprindo seu papel em programas de conserva\u00e7\u00e3o de recursos gen\u00e9ticos vegetais mant\u00e9m cole\u00e7\u00f5es de plantas vivas que s\u00e3o preservadas para estudos a longo tempo, juntamente com informa\u00e7\u00f5es sobre sua biologia, local de coleta, coletor e ambiente em que foi coletada. As cole\u00e7\u00f5es s\u00e3o de grande import\u00e2ncia, por atenderem a pesquisa cient\u00edfica, \u00e0 conserva\u00e7\u00e3o da biodiversidade e ao p\u00fablico visitante. Entre essas cole\u00e7\u00f5es h\u00e1 a de Marantaceas, uma das maiores fam\u00edlias da ordem <i>Zingiberales<\/i>, com aproximadamente 31 g\u00eaneros e 535 esp\u00e9cies.<\/p>\n<ul style=\"text-align: justify\">\n<li>N\u00famero de esp\u00e9cies: 28<\/li>\n<li>N\u00famero de acessos (esp\u00e9cimes): 98<\/li>\n<\/ul>\n<p style=\"text-align: justify\">\n","protected":false},"excerpt":{"rendered":"<p>Respons\u00e1vel:\u00a0 Dra. Vanessa Rebou\u00e7as dos SantosPesquisadora do N\u00facleo de Pesquisa em Plantas Ornamentais; INTRODU\u00c7\u00c3O O Instituto de Bot\u00e2nica de S\u00e3o Paulo cumprindo seu papel em programas de conserva\u00e7\u00e3o de recursos gen\u00e9ticos vegetais mant\u00e9m cole\u00e7\u00f5es de plantas vivas que s\u00e3o preservadas para estudos a longo tempo, juntamente com informa\u00e7\u00f5es sobre sua biologia, local de coleta, coletor [&hellip;]<\/p>\n","protected":false},"author":1,"featured_media":0,"parent":209,"menu_order":0,"comment_status":"open","ping_status":"open","template":"","meta":[],"_links":{"self":[{"href":"https:\/\/www.infraestruturameioambiente.sp.gov.br\/institutodebotanica\/wp-json\/wp\/v2\/pages\/2274"}],"collection":[{"href":"https:\/\/www.infraestruturameioambiente.sp.gov.br\/institutodebotanica\/wp-json\/wp\/v2\/pages"}],"about":[{"href":"https:\/\/www.infraestruturameioambiente.sp.gov.br\/institutodebotanica\/wp-json\/wp\/v2\/types\/page"}],"author":[{"embeddable":true,"href":"https:\/\/www.infraestruturameioambiente.sp.gov.br\/institutodebotanica\/wp-json\/wp\/v2\/users\/1"}],"replies":[{"embeddable":true,"href":"https:\/\/www.infraestruturameioambiente.sp.gov.br\/institutodebotanica\/wp-json\/wp\/v2\/comments?post=2274"}],"version-history":[{"count":10,"href":"https:\/\/www.infraestruturameioambiente.sp.gov.br\/institutodebotanica\/wp-json\/wp\/v2\/pages\/2274\/revisions"}],"predecessor-version":[{"id":17355,"href":"https:\/\/www.infraestruturameioambiente.sp.gov.br\/institutodebotanica\/wp-json\/wp\/v2\/pages\/2274\/revisions\/17355"}],"up":[{"embeddable":true,"href":"https:\/\/www.infraestruturameioambiente.sp.gov.br\/institutodebotanica\/wp-json\/wp\/v2\/pages\/209"}],"wp:attachment":[{"href":"https:\/\/www.infraestruturameioambiente.sp.gov.br\/institutodebotanica\/wp-json\/wp\/v2\/media?parent=2274"}],"curies":[{"name":"wp","href":"https:\/\/api.w.org\/{rel}","templated":true}]}}