{"id":2267,"date":"2011-11-30T12:31:48","date_gmt":"2011-11-30T12:31:48","guid":{"rendered":"https:\/\/www.infraestruturameioambiente.sp.gov.br\/institutodebotanica\/?page_id=2267"},"modified":"2014-06-30T16:32:46","modified_gmt":"2014-06-30T19:32:46","slug":"bromeliaceae","status":"publish","type":"page","link":"https:\/\/www.infraestruturameioambiente.sp.gov.br\/institutodebotanica\/ornamentais\/bromeliaceae\/","title":{"rendered":"Plantas Ornamentais &#8211; Fam\u00edlia Bromeliaceae"},"content":{"rendered":"<p style=\"text-align: justify\"><strong>Respons\u00e1vel:<\/strong> Dr Shoey Kanashiro<br \/>Pesquisador Cient\u00edfico do N\u00facleo de Pesquisa em Plantas Ornamentais<\/p>\n<p style=\"text-align: justify\">\u00a0A cole\u00e7\u00e3o de plantas vivas da fam\u00edlia Bromeliaceae \u00e9 mantida e cultivada em estufas agr\u00edcolas no campo experimental do N\u00facleo de Pesquisas em Plantas Ornamentais, Instituto de Bot\u00e2nica e representa uma amostra da\u00a0biodiversidade das brom\u00e9lias que ocorrem nos diferentes biomas brasileiros. Na cole\u00e7\u00e3o destaca-se, principalmente, as esp\u00e9cies nativas da Mata Atl\u00e2ntica e do Cerrado encontrados no Estado de S\u00e3o Paulo, sendo que as esp\u00e9cies da cole\u00e7\u00e3o \u00e9 utilizada para fins de pesquisa cient\u00edfica em taxonomia, fisiologia e cultivo como planta ornamental. Nas pesquisas de cultivo, visa principalmente os estudos em nutri\u00e7\u00e3o mineral, visando a produtividade e qualidade dos vasos cultivados.<\/p>\n<ul>\n<li style=\"text-align: justify\">N\u00famero de esp\u00e9cies: 160<\/li>\n<li style=\"text-align: justify\">N\u00famero de acessos (esp\u00e9cimes): 1.158<\/li>\n<\/ul>\n","protected":false},"excerpt":{"rendered":"<p>Respons\u00e1vel: Dr Shoey KanashiroPesquisador Cient\u00edfico do N\u00facleo de Pesquisa em Plantas Ornamentais \u00a0A cole\u00e7\u00e3o de plantas vivas da fam\u00edlia Bromeliaceae \u00e9 mantida e cultivada em estufas agr\u00edcolas no campo experimental do N\u00facleo de Pesquisas em Plantas Ornamentais, Instituto de Bot\u00e2nica e representa uma amostra da\u00a0biodiversidade das brom\u00e9lias que ocorrem nos diferentes biomas brasileiros. Na cole\u00e7\u00e3o [&hellip;]<\/p>\n","protected":false},"author":1,"featured_media":0,"parent":209,"menu_order":0,"comment_status":"open","ping_status":"open","template":"","meta":[],"_links":{"self":[{"href":"https:\/\/www.infraestruturameioambiente.sp.gov.br\/institutodebotanica\/wp-json\/wp\/v2\/pages\/2267"}],"collection":[{"href":"https:\/\/www.infraestruturameioambiente.sp.gov.br\/institutodebotanica\/wp-json\/wp\/v2\/pages"}],"about":[{"href":"https:\/\/www.infraestruturameioambiente.sp.gov.br\/institutodebotanica\/wp-json\/wp\/v2\/types\/page"}],"author":[{"embeddable":true,"href":"https:\/\/www.infraestruturameioambiente.sp.gov.br\/institutodebotanica\/wp-json\/wp\/v2\/users\/1"}],"replies":[{"embeddable":true,"href":"https:\/\/www.infraestruturameioambiente.sp.gov.br\/institutodebotanica\/wp-json\/wp\/v2\/comments?post=2267"}],"version-history":[{"count":10,"href":"https:\/\/www.infraestruturameioambiente.sp.gov.br\/institutodebotanica\/wp-json\/wp\/v2\/pages\/2267\/revisions"}],"predecessor-version":[{"id":17354,"href":"https:\/\/www.infraestruturameioambiente.sp.gov.br\/institutodebotanica\/wp-json\/wp\/v2\/pages\/2267\/revisions\/17354"}],"up":[{"embeddable":true,"href":"https:\/\/www.infraestruturameioambiente.sp.gov.br\/institutodebotanica\/wp-json\/wp\/v2\/pages\/209"}],"wp:attachment":[{"href":"https:\/\/www.infraestruturameioambiente.sp.gov.br\/institutodebotanica\/wp-json\/wp\/v2\/media?parent=2267"}],"curies":[{"name":"wp","href":"https:\/\/api.w.org\/{rel}","templated":true}]}}