{"id":22543,"date":"2019-02-07T14:29:32","date_gmt":"2019-02-07T16:29:32","guid":{"rendered":"https:\/\/www.infraestruturameioambiente.sp.gov.br\/institutodebotanica\/?page_id=22543"},"modified":"2019-02-07T16:12:31","modified_gmt":"2019-02-07T18:12:31","slug":"eaip-fapesp","status":"publish","type":"page","link":"https:\/\/www.infraestruturameioambiente.sp.gov.br\/institutodebotanica\/eaip-fapesp\/","title":{"rendered":"EAIP FAPESP"},"content":{"rendered":"<p><strong>Escrit\u00f3rio de Apoio Institucional ao Pesquisador (EAIP)<\/strong> <strong>do Instituto de Bot\u00e2nica<\/strong><\/p>\n<p style=\"text-align: justify\">O Escrit\u00f3rio de Apoio Institucional ao Pesquisador (EAIP) objetiva auxiliar o pesquisador cient\u00edfico nos procedimentos administrativos dos projetos desenvolvidos com recursos da FAPESP, desde a concess\u00e3o do aux\u00edlio a projetos de pesquisa at\u00e9 a presta\u00e7\u00e3o de contas nos moldes exigidos, possibilitando que o pesquisador possa dedicar-se mais \u00e0 atividade que est\u00e1 no cerne de sua profiss\u00e3o: a pesquisa.<\/p>\n<p style=\"text-align: justify\">O Escrit\u00f3rio de Apoio Institucional ao Pesquisador (EAIP), foi institucionalizado no Instituto de Bot\u00e2nica (IBt) atrav\u00e9s da Portaria IBt 5 de 11\/07\/2018, publicada na edi\u00e7\u00e3o de 12\/07\/2018 do Di\u00e1rio Oficial.<\/p>\n<p style=\"text-align: justify\">A equipe \u00e9 composta estrategicamente por profissionais de diferentes setores, com representantes do Centro de Comunica\u00e7\u00f5es T\u00e9cnico-Cient\u00edficas, Centro de Pesquisa em Ecologia e Fisiologia, Centro de Pesquisa em Plantas Vasculares, Centro de Pesquisa em Plantas Avasculares e Fungos e Centro de Pesquisa \u2013 Jardim Bot\u00e2nico e Reservas.<\/p>\n<p style=\"text-align: justify\">O EAIP \u00e9 agente interlocutor entre a FAPESP e institui\u00e7\u00e3o de pesquisa, possuindo canal espec\u00edfico priorit\u00e1rio, e estar\u00e1 dispon\u00edvel para o esclarecimento de eventuais d\u00favidas atrav\u00e9s do email\u00a0 <a href=\"mailto:eaip@ibot.sp.gov.br\">eaip@ibot.sp.gov.br<\/a>.<\/p>\n<p style=\"text-align: justify\"><a href=\"http:\/\/www.fapesp.br\/5835\">Manual de Presta\u00e7\u00e3o de Contas<\/a><\/p>\n","protected":false},"excerpt":{"rendered":"<p>Escrit\u00f3rio de Apoio Institucional ao Pesquisador (EAIP) do Instituto de Bot\u00e2nica O Escrit\u00f3rio de Apoio Institucional ao Pesquisador (EAIP) objetiva auxiliar o pesquisador cient\u00edfico nos procedimentos administrativos dos projetos desenvolvidos com recursos da FAPESP, desde a concess\u00e3o do aux\u00edlio a projetos de pesquisa at\u00e9 a presta\u00e7\u00e3o de contas nos moldes exigidos, possibilitando que o pesquisador [&hellip;]<\/p>\n","protected":false},"author":73,"featured_media":0,"parent":0,"menu_order":0,"comment_status":"closed","ping_status":"closed","template":"","meta":[],"_links":{"self":[{"href":"https:\/\/www.infraestruturameioambiente.sp.gov.br\/institutodebotanica\/wp-json\/wp\/v2\/pages\/22543"}],"collection":[{"href":"https:\/\/www.infraestruturameioambiente.sp.gov.br\/institutodebotanica\/wp-json\/wp\/v2\/pages"}],"about":[{"href":"https:\/\/www.infraestruturameioambiente.sp.gov.br\/institutodebotanica\/wp-json\/wp\/v2\/types\/page"}],"author":[{"embeddable":true,"href":"https:\/\/www.infraestruturameioambiente.sp.gov.br\/institutodebotanica\/wp-json\/wp\/v2\/users\/73"}],"replies":[{"embeddable":true,"href":"https:\/\/www.infraestruturameioambiente.sp.gov.br\/institutodebotanica\/wp-json\/wp\/v2\/comments?post=22543"}],"version-history":[{"count":2,"href":"https:\/\/www.infraestruturameioambiente.sp.gov.br\/institutodebotanica\/wp-json\/wp\/v2\/pages\/22543\/revisions"}],"predecessor-version":[{"id":22546,"href":"https:\/\/www.infraestruturameioambiente.sp.gov.br\/institutodebotanica\/wp-json\/wp\/v2\/pages\/22543\/revisions\/22546"}],"wp:attachment":[{"href":"https:\/\/www.infraestruturameioambiente.sp.gov.br\/institutodebotanica\/wp-json\/wp\/v2\/media?parent=22543"}],"curies":[{"name":"wp","href":"https:\/\/api.w.org\/{rel}","templated":true}]}}