{"id":22473,"date":"2018-12-04T09:44:23","date_gmt":"2018-12-04T11:44:23","guid":{"rendered":"https:\/\/www.infraestruturameioambiente.sp.gov.br\/institutodebotanica\/?page_id=22473"},"modified":"2023-01-24T12:22:04","modified_gmt":"2023-01-24T14:22:04","slug":"equipamentos-multiusuarios","status":"publish","type":"page","link":"https:\/\/www.infraestruturameioambiente.sp.gov.br\/institutodebotanica\/servicos\/equipamentos-multiusuarios\/","title":{"rendered":"Equipamentos Multiusu\u00e1rios"},"content":{"rendered":"<table style=\"height: 68px;width: 100%;border-collapse: collapse;border-color: #000000;border-style: outset\" border=\"2\">\n<tbody>\n<tr style=\"height: 90px\">\n<td style=\"width: 50%;height: 58px\">\n<h3 style=\"text-align: center\">Analisador de Fotoss\u00edntese (IRGA).<\/h3>\n<\/td>\n<td style=\"width: 50%;height: 58px\">\n<h3 style=\"text-align: center\">Cromat\u00f3grafo de \u00edons<\/h3>\n<\/td>\n<\/tr>\n<tr style=\"height: 286px\">\n<td style=\"width: 50%;height: 10px\" rowspan=\"2\">\n<h2 style=\"text-align: center\"><img decoding=\"async\" loading=\"lazy\" class=\"wp-image-22962 aligncenter\" src=\"https:\/\/smastr16.blob.core.windows.net\/ibot\/sites\/235\/2019\/09\/li-6800.jpg\" alt=\"\" width=\"377\" height=\"186\" srcset=\"https:\/\/www.infraestruturameioambiente.sp.gov.br\/institutodebotanica\/wp-content\/uploads\/sites\/235\/2019\/09\/li-6800.jpg 556w, https:\/\/www.infraestruturameioambiente.sp.gov.br\/institutodebotanica\/wp-content\/uploads\/sites\/235\/2019\/09\/li-6800-250x123.jpg 250w, https:\/\/www.infraestruturameioambiente.sp.gov.br\/institutodebotanica\/wp-content\/uploads\/sites\/235\/2019\/09\/li-6800-550x271.jpg 550w, https:\/\/www.infraestruturameioambiente.sp.gov.br\/institutodebotanica\/wp-content\/uploads\/sites\/235\/2019\/09\/li-6800-365x180.jpg 365w\" sizes=\"(max-width: 377px) 100vw, 377px\" \/><\/h2>\n<h3 style=\"text-align: center\"><a href=\"https:\/\/smastr16.blob.core.windows.net\/ibot\/sites\/235\/2018\/12\/Plano-de-Gest\u00e3o-e-Compartilhamento-e-Uso-do-Equipamento.pdf\" target=\"_blank\" rel=\"noopener noreferrer\">Plano de Gest\u00e3o <\/a><\/h3>\n<h3 style=\"text-align: center\"><a href=\"https:\/\/licor.app.boxenterprise.net\/s\/6afbbpwybdanht6xrbgwicur4yohpx1n\" target=\"_blank\" rel=\"noopener noreferrer\">Modo de opera\u00e7\u00e3o 1: <\/a><\/h3>\n<h3 style=\"text-align: center\"><a href=\"https:\/\/www.licor.com\/documents\/6byjelalcwvfr37ppwoz2lvrjup3lhev\" target=\"_blank\" rel=\"noopener noreferrer\">Modo de opera\u00e7\u00e3o 2: <\/a><\/h3>\n<h3 style=\"text-align: center\"><a href=\"https:\/\/smastr16.blob.core.windows.net\/ibot\/sites\/235\/2019\/09\/especificacoes-tecnicas-do-emu.pdf\" target=\"_blank\" rel=\"noopener noreferrer\">Especifica\u00e7\u00f5es do EMU<\/a><\/h3>\n<h3 style=\"text-align: center\"><a href=\"https:\/\/smastr16.blob.core.windows.net\/ibot\/sites\/235\/2019\/09\/anexos-i-e-ii.doc\" target=\"_blank\" rel=\"noopener noreferrer\">Solicita\u00e7\u00e3o de acesso<\/a><\/h3>\n<\/td>\n<td style=\"width: 50%;height: 10px\" rowspan=\"2\">\n<h2 style=\"text-align: center\"><img decoding=\"async\" loading=\"lazy\" class=\"wp-image-22962 aligncenter\" src=\"https:\/\/smastr16.blob.core.windows.net\/ibot\/sites\/235\/2020\/06\/cromatografo1.jpg\" alt=\"\" width=\"218\" height=\"218\" \/><\/h2>\n<h3 style=\"text-align: center\"><a href=\"https:\/\/smastr16.blob.core.windows.net\/ibot\/sites\/235\/2020\/09\/plano-de-gestao-hplc_emu-vf-08-09.pdf\" target=\"_blank\" rel=\"noopener noreferrer\">Plano de Gest\u00e3o<\/a><\/h3>\n<h3 style=\"text-align: center\"><a href=\"https:\/\/smastr16.blob.core.windows.net\/ibot\/sites\/235\/2020\/06\/cadastro-usuario-e-projeto_-cromatografo-de-ions.doc\" target=\"_blank\" rel=\"noopener noreferrer\">Cadastro de Usu\u00e1rio<\/a><\/h3>\n<h3 style=\"text-align: center\"><a href=\"https:\/\/smastr16.blob.core.windows.net\/ibot\/sites\/235\/2020\/06\/cromatografo_-guia-do-usuario.pdf\">Guia do Usu\u00e1rio<\/a><\/h3>\n<h3 style=\"text-align: center\"><\/h3>\n<p>&nbsp;<\/td>\n<\/tr>\n<\/tbody>\n<\/table>\n<h2><\/h2>\n","protected":false},"excerpt":{"rendered":"<p>Analisador de Fotoss\u00edntese (IRGA). Cromat\u00f3grafo de \u00edons Plano de Gest\u00e3o Modo de opera\u00e7\u00e3o 1: Modo de opera\u00e7\u00e3o 2: Especifica\u00e7\u00f5es do EMU Solicita\u00e7\u00e3o de acesso Plano de Gest\u00e3o Cadastro de Usu\u00e1rio Guia do Usu\u00e1rio &nbsp;<\/p>\n","protected":false},"author":95,"featured_media":0,"parent":2328,"menu_order":0,"comment_status":"closed","ping_status":"closed","template":"","meta":[],"_links":{"self":[{"href":"https:\/\/www.infraestruturameioambiente.sp.gov.br\/institutodebotanica\/wp-json\/wp\/v2\/pages\/22473"}],"collection":[{"href":"https:\/\/www.infraestruturameioambiente.sp.gov.br\/institutodebotanica\/wp-json\/wp\/v2\/pages"}],"about":[{"href":"https:\/\/www.infraestruturameioambiente.sp.gov.br\/institutodebotanica\/wp-json\/wp\/v2\/types\/page"}],"author":[{"embeddable":true,"href":"https:\/\/www.infraestruturameioambiente.sp.gov.br\/institutodebotanica\/wp-json\/wp\/v2\/users\/95"}],"replies":[{"embeddable":true,"href":"https:\/\/www.infraestruturameioambiente.sp.gov.br\/institutodebotanica\/wp-json\/wp\/v2\/comments?post=22473"}],"version-history":[{"count":24,"href":"https:\/\/www.infraestruturameioambiente.sp.gov.br\/institutodebotanica\/wp-json\/wp\/v2\/pages\/22473\/revisions"}],"predecessor-version":[{"id":24029,"href":"https:\/\/www.infraestruturameioambiente.sp.gov.br\/institutodebotanica\/wp-json\/wp\/v2\/pages\/22473\/revisions\/24029"}],"up":[{"embeddable":true,"href":"https:\/\/www.infraestruturameioambiente.sp.gov.br\/institutodebotanica\/wp-json\/wp\/v2\/pages\/2328"}],"wp:attachment":[{"href":"https:\/\/www.infraestruturameioambiente.sp.gov.br\/institutodebotanica\/wp-json\/wp\/v2\/media?parent=22473"}],"curies":[{"name":"wp","href":"https:\/\/api.w.org\/{rel}","templated":true}]}}