{"id":21964,"date":"2018-04-26T10:30:03","date_gmt":"2018-04-26T13:30:03","guid":{"rendered":"https:\/\/www.infraestruturameioambiente.sp.gov.br\/institutodebotanica\/?page_id=21964"},"modified":"2020-04-13T11:32:28","modified_gmt":"2020-04-13T14:32:28","slug":"resolucoes","status":"publish","type":"page","link":"https:\/\/www.infraestruturameioambiente.sp.gov.br\/institutodebotanica\/servicos\/resolucoes\/","title":{"rendered":"Resolu\u00e7\u00f5es e Portarias"},"content":{"rendered":"<p><strong>RESOLU\u00c7\u00c3O SMA N\u00ba 43, DE 31 DE MAIO DE 2017.<\/strong><\/p>\n<p>PUBLICADA NO DOE DE 02\/06\/2017 SE\u00c7\u00c3O I P\u00c1G. 67<\/p>\n<p>Disp\u00f5e sobre fixa\u00e7\u00e3o de pre\u00e7os de produtos e servi\u00e7os, produzidos pelo Instituto de Bot\u00e2nica \u2013 IBt.<\/p>\n<ul>\n<li><a href=\"https:\/\/www.infraestruturameioambiente.sp.gov.br\/institutodebotanica\/wp-content\/uploads\/sites\/235\/2018\/04\/RESOLU\u00c7\u00c3O-SMA-43_2017-reajuste-CCTC-2018_para-site-2.pdf\">Download<\/a><\/li>\n<\/ul>\n<p>______________________________________________________________________________________________________<\/p>\n<p><strong>PORTARIA IBT &#8211; 19, DE 29 DE OUTUBRO DE 2015.<\/strong><\/p>\n<p>PUBLICADA NO DOE DE 30\/10\/2015 SE\u00c7\u00c3O I P\u00c1G. 67<\/p>\n<p>Disp\u00f5e sobre a elei\u00e7\u00e3o de Editores das publica\u00e7\u00f5es do Instituto de Bot\u00e2nica e a indica\u00e7\u00e3o de Representantes no Conselho Editorial<\/p>\n<ul>\n<li><a href=\"https:\/\/www.infraestruturameioambiente.sp.gov.br\/institutodebotanica\/wp-content\/uploads\/sites\/235\/2018\/04\/Portaria-IBt-19-de-29_10_2015.pdf\">Download<\/a><\/li>\n<\/ul>\n<p>______________________________________________________________________________________________________<\/p>\n<p><strong>RESOLU\u00c7\u00c3O SMA N\u00ba &#8211; 68, DE 08 DE JUNHO DE 2018.<\/strong><\/p>\n<p>PUBLICADA NO DOE DE 09\/06\/2018 SE\u00c7\u00c3O I P\u00c1G. 54<\/p>\n<p>Disp\u00f5e sobre as normas para afastamento internacional<\/p>\n<ul>\n<li><a href=\"https:\/\/www.infraestruturameioambiente.sp.gov.br\/institutodebotanica\/wp-content\/uploads\/sites\/235\/2018\/06\/Resolu\u00e7\u00e3o-SMA-68-08-06-2018-Normas-para-afastasmento-internacional_18_06_18.pdf\">Download<\/a><\/li>\n<\/ul>\n","protected":false},"excerpt":{"rendered":"<p>RESOLU\u00c7\u00c3O SMA N\u00ba 43, DE 31 DE MAIO DE 2017. PUBLICADA NO DOE DE 02\/06\/2017 SE\u00c7\u00c3O I P\u00c1G. 67 Disp\u00f5e sobre fixa\u00e7\u00e3o de pre\u00e7os de produtos e servi\u00e7os, produzidos pelo Instituto de Bot\u00e2nica \u2013 IBt. Download ______________________________________________________________________________________________________ PORTARIA IBT &#8211; 19, DE 29 DE OUTUBRO DE 2015. PUBLICADA NO DOE DE 30\/10\/2015 SE\u00c7\u00c3O I P\u00c1G. [&hellip;]<\/p>\n","protected":false},"author":95,"featured_media":0,"parent":2328,"menu_order":0,"comment_status":"closed","ping_status":"closed","template":"","meta":[],"_links":{"self":[{"href":"https:\/\/www.infraestruturameioambiente.sp.gov.br\/institutodebotanica\/wp-json\/wp\/v2\/pages\/21964"}],"collection":[{"href":"https:\/\/www.infraestruturameioambiente.sp.gov.br\/institutodebotanica\/wp-json\/wp\/v2\/pages"}],"about":[{"href":"https:\/\/www.infraestruturameioambiente.sp.gov.br\/institutodebotanica\/wp-json\/wp\/v2\/types\/page"}],"author":[{"embeddable":true,"href":"https:\/\/www.infraestruturameioambiente.sp.gov.br\/institutodebotanica\/wp-json\/wp\/v2\/users\/95"}],"replies":[{"embeddable":true,"href":"https:\/\/www.infraestruturameioambiente.sp.gov.br\/institutodebotanica\/wp-json\/wp\/v2\/comments?post=21964"}],"version-history":[{"count":10,"href":"https:\/\/www.infraestruturameioambiente.sp.gov.br\/institutodebotanica\/wp-json\/wp\/v2\/pages\/21964\/revisions"}],"predecessor-version":[{"id":23345,"href":"https:\/\/www.infraestruturameioambiente.sp.gov.br\/institutodebotanica\/wp-json\/wp\/v2\/pages\/21964\/revisions\/23345"}],"up":[{"embeddable":true,"href":"https:\/\/www.infraestruturameioambiente.sp.gov.br\/institutodebotanica\/wp-json\/wp\/v2\/pages\/2328"}],"wp:attachment":[{"href":"https:\/\/www.infraestruturameioambiente.sp.gov.br\/institutodebotanica\/wp-json\/wp\/v2\/media?parent=21964"}],"curies":[{"name":"wp","href":"https:\/\/api.w.org\/{rel}","templated":true}]}}