{"id":21254,"date":"2017-11-13T11:27:14","date_gmt":"2017-11-13T13:27:14","guid":{"rendered":"https:\/\/www.infraestruturameioambiente.sp.gov.br\/institutodebotanica\/?page_id=21254"},"modified":"2017-11-13T11:28:52","modified_gmt":"2017-11-13T13:28:52","slug":"palestras-e-anais-do-vii-simposio-de-restauracao-ecologica-2017","status":"publish","type":"page","link":"https:\/\/www.infraestruturameioambiente.sp.gov.br\/institutodebotanica\/palestras-e-anais-do-vii-simposio-de-restauracao-ecologica-2017\/","title":{"rendered":"Palestras e Anais do VII Simp\u00f3sio de Restaura\u00e7\u00e3o Ecol\u00f3gica &#8211; 2017"},"content":{"rendered":"<p><strong><a href=\"https:\/\/www.infraestruturameioambiente.sp.gov.br\/institutodebotanica\/wp-content\/uploads\/sites\/235\/2017\/11\/Anais_PDF_Vers\u00e3o-31_X_2017_com-ISBN.pdf\">Anais do VII Simp\u00f3sio de Restaura\u00e7\u00e3o Ecol\u00f3gica<\/a><\/strong><\/p>\n<p><strong>MINICURSOS<\/strong><br \/>\n<strong> Dias 06 e 07 de novembro de 2017<\/strong><\/p>\n<p><span class=\"fs20 ff2 cf0\"><b>1-\u00a0Restaura\u00e7\u00e3o ecol\u00f3gica de florestas tropicais: est\u00e1gio atual<\/b><br \/>\nDr. Luiz Mauro Barbosa (IBt)<br \/>\nDr. Ricardo Ribeiro Rodrigues (ESALQ)<br \/>\nDr. S\u00e9rgius Gandolfi\u00a0<\/span><span class=\"cf1 fs20 ff2\">(ESALQ)<\/span><span class=\"cf0 fs20 ff2\"><br \/>\nDr. Andr\u00e9 Gustavo Nave<\/span><span class=\"cf1 fs20 ff2\">(<span class=\"cb5\">Bioflora Tecnologia da Restaura\u00e7\u00e3o)<\/span><\/span><\/p>\n<p><b>2-\u00a0Caracteriza\u00e7\u00e3o do sub-bosque das florestas paulistas: principais fam\u00edlias e esp\u00e9cies indicadoras.<\/b><br \/>\nMe. Sonia Aragaki (IBt)<br \/>\nDra. Renata J. de Almeida-Scabbia (UMC)<br \/>\nDr. Marcos E. L. Lima (IVT)<\/p>\n<p><b>3-\u00a0Elabora\u00e7\u00e3o de projetos de restaura\u00e7\u00e3o ecol\u00f3gica: aspectos t\u00e9cnicos e legais<\/b><br \/>\nDr. Maur\u00edcio A. Rodrigues \u00a0(FIC)<\/p>\n<p><b>4-\u00a0Produ\u00e7\u00e3o e conserva\u00e7\u00e3o de sementes florestais nativas<\/b><br \/>\nDra. Marina Crestana Guardia (IBt)<br \/>\nDra. Adriana de Oliveira Fidalgo (IBt)<br \/>\nDr. Claudio Jos\u00e9 Barbedo (IBt)<br \/>\nDr. Nelson Augusto dos Santos Jr. (IBt)<br \/>\nBiol. Carlos Nogueira Souza Jr.(Viveiro Camar\u00e1)<\/p>\n<p><b>5-\u00a0A import\u00e2ncia da fauna na manuten\u00e7\u00e3o e restaura\u00e7\u00e3o da floresta<br \/>\n<\/b>Me. Karina Cavalheiro Barbosa (DERSA)<br \/>\nGuilherme Augusto Domenichelli (DERSA)<br \/>\nAmanda S. Oehlmeyer (Acanto Cons. Ambiental)<br \/>\nDr. Aloysio de P\u00e1dua Teixeira (Vereda Viva Cons.Amb.)<\/p>\n<p><strong>PROGRAMA\u00c7\u00c3O CIENT\u00cdFICA<\/strong><\/p>\n<p><strong>Dias 08 e 11 de novembro de 2017<\/strong><\/p>\n<p><a href=\"https:\/\/www.infraestruturameioambiente.sp.gov.br\/institutodebotanica\/wp-content\/uploads\/sites\/235\/2017\/11\/Programa-oficial-completo.pdf\">Programa oficial completo<\/a><\/p>\n<p>&nbsp;<\/p>\n<p>&nbsp;<\/p>\n<p>&nbsp;<\/p>\n<p>&nbsp;<\/p>\n","protected":false},"excerpt":{"rendered":"<p>Anais do VII Simp\u00f3sio de Restaura\u00e7\u00e3o Ecol\u00f3gica MINICURSOS Dias 06 e 07 de novembro de 2017 1-\u00a0Restaura\u00e7\u00e3o ecol\u00f3gica de florestas tropicais: est\u00e1gio atual Dr. Luiz Mauro Barbosa (IBt) Dr. Ricardo Ribeiro Rodrigues (ESALQ) Dr. S\u00e9rgius Gandolfi\u00a0(ESALQ) Dr. Andr\u00e9 Gustavo Nave(Bioflora Tecnologia da Restaura\u00e7\u00e3o) 2-\u00a0Caracteriza\u00e7\u00e3o do sub-bosque das florestas paulistas: principais fam\u00edlias e esp\u00e9cies indicadoras. Me. [&hellip;]<\/p>\n","protected":false},"author":73,"featured_media":0,"parent":0,"menu_order":0,"comment_status":"closed","ping_status":"closed","template":"","meta":[],"_links":{"self":[{"href":"https:\/\/www.infraestruturameioambiente.sp.gov.br\/institutodebotanica\/wp-json\/wp\/v2\/pages\/21254"}],"collection":[{"href":"https:\/\/www.infraestruturameioambiente.sp.gov.br\/institutodebotanica\/wp-json\/wp\/v2\/pages"}],"about":[{"href":"https:\/\/www.infraestruturameioambiente.sp.gov.br\/institutodebotanica\/wp-json\/wp\/v2\/types\/page"}],"author":[{"embeddable":true,"href":"https:\/\/www.infraestruturameioambiente.sp.gov.br\/institutodebotanica\/wp-json\/wp\/v2\/users\/73"}],"replies":[{"embeddable":true,"href":"https:\/\/www.infraestruturameioambiente.sp.gov.br\/institutodebotanica\/wp-json\/wp\/v2\/comments?post=21254"}],"version-history":[{"count":2,"href":"https:\/\/www.infraestruturameioambiente.sp.gov.br\/institutodebotanica\/wp-json\/wp\/v2\/pages\/21254\/revisions"}],"predecessor-version":[{"id":21259,"href":"https:\/\/www.infraestruturameioambiente.sp.gov.br\/institutodebotanica\/wp-json\/wp\/v2\/pages\/21254\/revisions\/21259"}],"wp:attachment":[{"href":"https:\/\/www.infraestruturameioambiente.sp.gov.br\/institutodebotanica\/wp-json\/wp\/v2\/media?parent=21254"}],"curies":[{"name":"wp","href":"https:\/\/api.w.org\/{rel}","templated":true}]}}