{"id":209,"date":"2011-11-10T20:09:55","date_gmt":"2011-11-10T20:09:55","guid":{"rendered":"https:\/\/www.infraestruturameioambiente.sp.gov.br\/institutodebotanica\/?page_id=209"},"modified":"2020-06-30T11:36:25","modified_gmt":"2020-06-30T14:36:25","slug":"ornamentais","status":"publish","type":"page","link":"https:\/\/www.infraestruturameioambiente.sp.gov.br\/institutodebotanica\/ornamentais\/","title":{"rendered":"Plantas Ornamentais"},"content":{"rendered":"<p style=\"text-align: justify;\"><strong>HIST\u00d3RICO<\/strong><\/p>\n<p style=\"text-align: justify;\">Criada em 1960 com o nome de Se\u00e7\u00e3o de Introdu\u00e7\u00e3o de Plantas, na Secretaria da Agricultura, Ind\u00fastria e Com\u00e9rcio, com a finalidade de executar a introdu\u00e7\u00e3o, aclimata\u00e7\u00e3o e interc\u00e2mbio de plantas ex\u00f3ticas e de outras partes do pa\u00eds, em 1969 recebeu o nome de Se\u00e7\u00e3o de Ornamentais e em 2009 passou a ser denominada de N\u00facleo de Pesquisa em Plantas Ornamentais. Em 1974 teve in\u00edcio o desenvolvimento de pesquisas visando estudar, principalmente, plantas de valor ornamental que ainda n\u00e3o estivessem sendo utilizadas em parques e jardins. A organiza\u00e7\u00e3o de cole\u00e7\u00f5es de plantas vivas ornamentais, pelo N\u00facleo, foi uma consequ\u00eancia natural. Com a passagem do Instituto de Bot\u00e2nica para a, ent\u00e3o, Secretaria de Estado do Meio Ambiente, em 1987, as pesquisas foram direcionadas para as plantas nativas da Mata Atl\u00e2ntica e do Cerrado.<\/p>\n<p style=\"text-align: justify;\"><b>\u00a0<\/b><strong>ATUA\u00c7\u00c3O<\/strong><\/p>\n<p style=\"text-align: justify;\">O N\u00facleo de Pesquisa em Plantas Ornamentais \u00e9 uma unidade de pesquisa do Instituto de Bot\u00e2nica da Secretaria de Infraestrutura e Meio Ambiente do Governo do Estado de S\u00e3o Paulo, Brasil.<\/p>\n<p style=\"text-align: justify;\">Desenvolve pesquisas cient\u00edficas na \u00e1rea de tecnologia de produ\u00e7\u00e3o de plantas ornamentais, com \u00eanfase para as esp\u00e9cies nativas da Mata Atl\u00e2ntica e do Cerrado.<br \/>\nTem como principal objetivo gerar conhecimento cient\u00edfico e tecnol\u00f3gico sobre a biologia, propaga\u00e7\u00e3o (inclusive micro propaga\u00e7\u00e3o), aspectos do cultivo e melhoramento dessas esp\u00e9cies, criando assim novas alternativas para o setor da floricultura, de plantas ornamentais e de paisagismo.<\/p>\n<p style=\"text-align: justify;\">O N\u00facleo mant\u00e9m ainda cole\u00e7\u00f5es bot\u00e2nicas de plantas vivas com o intuito de manter banco de germoplasma, especialmente de Cactaceae (ep\u00edfitas), Bromeliaceae e Marantaceae. O N\u00facleo atende \u00e0 demanda dos produtores rurais e paisagistas na procura de novas op\u00e7\u00f5es de uso das plantas nativas; dos \u00d3rg\u00e3os Governamentais atrav\u00e9s de assessoramento e pareceres t\u00e9cnicos; das Universidades (professores e alunos) na difus\u00e3o dos conhecimentos gerados e divulga\u00e7\u00e3o da cole\u00e7\u00e3o viva; e do p\u00fablico em geral na informa\u00e7\u00e3o sobre cultivo de plantas ornamentais.<\/p>\n","protected":false},"excerpt":{"rendered":"<p>HIST\u00d3RICO Criada em 1960 com o nome de Se\u00e7\u00e3o de Introdu\u00e7\u00e3o de Plantas, na Secretaria da Agricultura, Ind\u00fastria e Com\u00e9rcio, com a finalidade de executar a introdu\u00e7\u00e3o, aclimata\u00e7\u00e3o e interc\u00e2mbio de plantas ex\u00f3ticas e de outras partes do pa\u00eds, em 1969 recebeu o nome de Se\u00e7\u00e3o de Ornamentais e em 2009 passou a ser denominada [&hellip;]<\/p>\n","protected":false},"author":1,"featured_media":0,"parent":0,"menu_order":0,"comment_status":"open","ping_status":"open","template":"","meta":[],"_links":{"self":[{"href":"https:\/\/www.infraestruturameioambiente.sp.gov.br\/institutodebotanica\/wp-json\/wp\/v2\/pages\/209"}],"collection":[{"href":"https:\/\/www.infraestruturameioambiente.sp.gov.br\/institutodebotanica\/wp-json\/wp\/v2\/pages"}],"about":[{"href":"https:\/\/www.infraestruturameioambiente.sp.gov.br\/institutodebotanica\/wp-json\/wp\/v2\/types\/page"}],"author":[{"embeddable":true,"href":"https:\/\/www.infraestruturameioambiente.sp.gov.br\/institutodebotanica\/wp-json\/wp\/v2\/users\/1"}],"replies":[{"embeddable":true,"href":"https:\/\/www.infraestruturameioambiente.sp.gov.br\/institutodebotanica\/wp-json\/wp\/v2\/comments?post=209"}],"version-history":[{"count":11,"href":"https:\/\/www.infraestruturameioambiente.sp.gov.br\/institutodebotanica\/wp-json\/wp\/v2\/pages\/209\/revisions"}],"predecessor-version":[{"id":23479,"href":"https:\/\/www.infraestruturameioambiente.sp.gov.br\/institutodebotanica\/wp-json\/wp\/v2\/pages\/209\/revisions\/23479"}],"wp:attachment":[{"href":"https:\/\/www.infraestruturameioambiente.sp.gov.br\/institutodebotanica\/wp-json\/wp\/v2\/media?parent=209"}],"curies":[{"name":"wp","href":"https:\/\/api.w.org\/{rel}","templated":true}]}}