{"id":184,"date":"2011-11-10T19:28:35","date_gmt":"2011-11-10T19:28:35","guid":{"rendered":"https:\/\/www.infraestruturameioambiente.sp.gov.br\/institutodebotanica\/?page_id=184"},"modified":"2023-08-17T12:23:07","modified_gmt":"2023-08-17T15:23:07","slug":"curadoriadoherbario","status":"publish","type":"page","link":"https:\/\/www.infraestruturameioambiente.sp.gov.br\/institutodebotanica\/curadoriadoherbario\/","title":{"rendered":"Curadoria do Herb\u00e1rio"},"content":{"rendered":"<div class=\"wc-gallery\"><div id='gallery-1' data-gutter-width='5' data-columns='1' class='gallery wc-gallery-captions-onhover gallery-link-file gallery-masonry galleryid-184 gallery-columns-1 gallery-size-thumbnail wc-gallery-bottomspace-default wc-gallery-clear'><div class='gallery-item gallery-item-position-1 gallery-item-attachment-16787'>\n\t\t\t\t<div class='gallery-icon portrait'>\n\t\t\t\t\t<a href='https:\/\/www.infraestruturameioambiente.sp.gov.br\/institutodebotanica\/wp-content\/uploads\/sites\/235\/2011\/11\/herbario_img1.jpg' title='' target='_self'><img width=\"150\" height=\"150\" src=\"https:\/\/www.infraestruturameioambiente.sp.gov.br\/institutodebotanica\/wp-content\/uploads\/sites\/235\/2011\/11\/herbario_img1-150x150.jpg\" class=\"attachment-thumbnail size-thumbnail\" alt=\"\" decoding=\"async\" loading=\"lazy\" \/><\/a>\n\t\t\t\t<\/div><\/div><div class='gallery-item gallery-item-position-2 gallery-item-attachment-16788'>\n\t\t\t\t<div class='gallery-icon portrait'>\n\t\t\t\t\t<a href='https:\/\/www.infraestruturameioambiente.sp.gov.br\/institutodebotanica\/wp-content\/uploads\/sites\/235\/2011\/11\/herbario_img2.jpg' title='' target='_self'><img width=\"150\" height=\"150\" src=\"https:\/\/www.infraestruturameioambiente.sp.gov.br\/institutodebotanica\/wp-content\/uploads\/sites\/235\/2011\/11\/herbario_img2-150x150.jpg\" class=\"attachment-thumbnail size-thumbnail\" alt=\"\" decoding=\"async\" loading=\"lazy\" \/><\/a>\n\t\t\t\t<\/div><\/div><div class='gallery-item gallery-item-position-3 gallery-item-attachment-16789'>\n\t\t\t\t<div class='gallery-icon portrait'>\n\t\t\t\t\t<a href='https:\/\/www.infraestruturameioambiente.sp.gov.br\/institutodebotanica\/wp-content\/uploads\/sites\/235\/2011\/11\/herbario_img3.jpg' title='' target='_self'><img width=\"150\" height=\"150\" src=\"https:\/\/www.infraestruturameioambiente.sp.gov.br\/institutodebotanica\/wp-content\/uploads\/sites\/235\/2011\/11\/herbario_img3-150x150.jpg\" class=\"attachment-thumbnail size-thumbnail\" alt=\"\" decoding=\"async\" loading=\"lazy\" \/><\/a>\n\t\t\t\t<\/div><\/div><\/div>\n<\/div>\n<p style=\"text-align: justify\">O N\u00facleo de Pesquisa Curadoria do Herb\u00e1rio SP (NPCHSP) desenvolve projetos em tr\u00eas linhas interligadas de investiga\u00e7\u00e3o: Sistem\u00e1tica de Plantas Vasculares, Flor\u00edstica e Estrutura e Din\u00e2mica de comunidades vegetais.<\/p>\n<p style=\"text-align: justify\">A <b>sistem\u00e1tica<\/b> \u00e9 o n\u00facleo central da ci\u00eancia da biodiversidade, seus quatro temas principais &#8211; diversidade, filogenia, biogeografia e classifica\u00e7\u00e3o &#8211; formam a base para as demais disciplinas da biologia. Dentro dessa linha, baseados em dados morfol\u00f3gicos e moleculares, no NPCHSP s\u00e3o realizados estudos de taxonomia (descri\u00e7\u00e3o, identifica\u00e7\u00e3o, nomenclatura e classifica\u00e7\u00e3o de organismos), filogenia (hist\u00f3ria evolutiva ou padr\u00e3o de descend\u00eancia) e biogeografia em v\u00e1rios grupos de plantas vasculares. No NPCHSP estudamos especialmente os grupos nos quais temos especialistas: samambaias e lic\u00f3fitas, Dioscoreaceae, Bromeliaceae, Xyridaceae, Poaceae, Loranthaceae, Santalaceae, Urticales, Euphorbiaceae, Malpighiaceae, Thymelaeceae, Convolvulaceae, Acanthaceae e Asteraceae.<\/p>\n<p style=\"text-align: justify\">Estudos <b>flor\u00edsticos<\/b> constituem-se na elabora\u00e7\u00e3o de invent\u00e1rios de esp\u00e9cies de determinada \u00e1rea. Tais listagens quando comparadas a outras permitem infer\u00eancias sobre a diversidade, detec\u00e7\u00e3o de esp\u00e9cies end\u00eamicas, raras, amea\u00e7adas etc., e estado de conserva\u00e7\u00e3o das vegeta\u00e7\u00f5es, sendo muito utilizadas para tomadas de decis\u00e3o sobre cria\u00e7\u00e3o de unidades de conserva\u00e7\u00e3o e pol\u00edticas p\u00fablicas.<\/p>\n<p style=\"text-align: justify\">Os estudos de <b>estrutura e din\u00e2mica de comunidades vegetais<\/b> visam tamb\u00e9m o conhecimento sobre funcionamento, hist\u00f3ria, distribui\u00e7\u00e3o e rela\u00e7\u00f5es ambientais de uma comunidade vegetal.<\/p>\n<p style=\"text-align: justify\">No NPCHSP os estudos de flor\u00edstica e estrutura e din\u00e2mica de comunidades vegetais s\u00e3o realizados principalmente em vegeta\u00e7\u00f5es ocorrentes no Estado de S\u00e3o Paulo, por\u00e9m nossos especialistas tamb\u00e9m colaboram com pesquisas em outros estados e pa\u00edses.<\/p>\n<p style=\"text-align: justify\">O NPCHSP ainda \u00e9 respons\u00e1vel pela <b>curadoria das cole\u00e7\u00f5es de faner\u00f3gamas e de samambaias e lic\u00f3fitas<\/b> do Herb\u00e1rio SP. A cole\u00e7\u00e3o conta atualmente com mais de 400.000 esp\u00e9cimes, \u00e9 a terceira maior do Brasil e, al\u00e9m de servir de base para os estudos desenvolvidos dentro do N\u00facleo, \u00e9 fonte de dados para pesquisadores e estudantes de todo o Brasil e do exterior, sendo que recebemos cerca de 70 visitantes anualmente. Imagens e dados de esp\u00e9cimes, especialmente tipos nomenclaturais, est\u00e3o sendo disponibilizados on-line.<\/p>\n<p style=\"text-align: justify\">\n<p style=\"text-align: justify\">Para acessar a lista de Esp\u00e9cies da flora amea\u00e7adas de extin\u00e7\u00e3o <a href=\"https:\/\/smastr16.blob.core.windows.net\/ibot\/sites\/235\/2016\/06\/Resolucao-SMA-057-05_2016.pdf\" target=\"_blank\" rel=\"noopener noreferrer\">CLIQUE AQUI<\/a><\/p>\n<p style=\"text-align: justify\">Para acessar o v\u00eddeo de Boas pr\u00e1ticas na produ\u00e7\u00e3o de imagens <a href=\"https:\/\/youtu.be\/SHof1KgRKhc\" target=\"_blank\" rel=\"noopener noreferrer\">CLIQUE AQUI<\/a><\/p>\n","protected":false},"excerpt":{"rendered":"<p>O N\u00facleo de Pesquisa Curadoria do Herb\u00e1rio SP (NPCHSP) desenvolve projetos em tr\u00eas linhas interligadas de investiga\u00e7\u00e3o: Sistem\u00e1tica de Plantas Vasculares, Flor\u00edstica e Estrutura e Din\u00e2mica de comunidades vegetais. A sistem\u00e1tica \u00e9 o n\u00facleo central da ci\u00eancia da biodiversidade, seus quatro temas principais &#8211; diversidade, filogenia, biogeografia e classifica\u00e7\u00e3o &#8211; formam a base para as [&hellip;]<\/p>\n","protected":false},"author":1,"featured_media":0,"parent":0,"menu_order":0,"comment_status":"open","ping_status":"open","template":"","meta":[],"_links":{"self":[{"href":"https:\/\/www.infraestruturameioambiente.sp.gov.br\/institutodebotanica\/wp-json\/wp\/v2\/pages\/184"}],"collection":[{"href":"https:\/\/www.infraestruturameioambiente.sp.gov.br\/institutodebotanica\/wp-json\/wp\/v2\/pages"}],"about":[{"href":"https:\/\/www.infraestruturameioambiente.sp.gov.br\/institutodebotanica\/wp-json\/wp\/v2\/types\/page"}],"author":[{"embeddable":true,"href":"https:\/\/www.infraestruturameioambiente.sp.gov.br\/institutodebotanica\/wp-json\/wp\/v2\/users\/1"}],"replies":[{"embeddable":true,"href":"https:\/\/www.infraestruturameioambiente.sp.gov.br\/institutodebotanica\/wp-json\/wp\/v2\/comments?post=184"}],"version-history":[{"count":11,"href":"https:\/\/www.infraestruturameioambiente.sp.gov.br\/institutodebotanica\/wp-json\/wp\/v2\/pages\/184\/revisions"}],"predecessor-version":[{"id":24085,"href":"https:\/\/www.infraestruturameioambiente.sp.gov.br\/institutodebotanica\/wp-json\/wp\/v2\/pages\/184\/revisions\/24085"}],"wp:attachment":[{"href":"https:\/\/www.infraestruturameioambiente.sp.gov.br\/institutodebotanica\/wp-json\/wp\/v2\/media?parent=184"}],"curies":[{"name":"wp","href":"https:\/\/api.w.org\/{rel}","templated":true}]}}