{"id":17506,"date":"2014-07-03T15:25:59","date_gmt":"2014-07-03T18:25:59","guid":{"rendered":"https:\/\/www.infraestruturameioambiente.sp.gov.br\/institutodebotanica\/?page_id=17506"},"modified":"2019-07-05T11:31:30","modified_gmt":"2019-07-05T14:31:30","slug":"paranapiacaba","status":"publish","type":"page","link":"https:\/\/www.infraestruturameioambiente.sp.gov.br\/institutodebotanica\/paranapiacaba\/","title":{"rendered":"Paranapiacaba &#8211; Hist\u00f3rico"},"content":{"rendered":"<h3 style=\"text-align: center\">Reserva Biol\u00f3gica do Alto da Serra de Paranapiacaba<\/h3>\n<p style=\"text-align: justify\">Primeira Esta\u00e7\u00e3o Biol\u00f3gica da Am\u00e9rica do Sul, criada em 26 de abril de 1909 como Esta\u00e7\u00e3o Biol\u00f3gica do Alto da Serra por Hermann Friederich Albrecht von Ihering. Em 1938 a Unidade passa para a administra\u00e7\u00e3o do Instituto de Bot\u00e2nica, hoje denominada como Reserva Biol\u00f3gica do Alto da Serra de Paranapiacaba (RBASP), regulamentada pelo Decreto Estadual 24.714, de 07\/02\/1986.<\/p>\n<p style=\"text-align: justify\">A Reserva est\u00e1 localizada nas bordas do Planalto da Serra do Mar, pr\u00f3xima a Vila de Paranapiacaba, em Santo Andr\u00e9 (SP). A palavra Paranapiacaba tem origem ind\u00edgena e significa <i>\u201clugar de onde se avista o Mar\u201d<\/i>. A Reserva possui 336 ha, com cobertura predominantemente de Mata Atl\u00e2ntica, cuja principal caracter\u00edstica \u00e9 a grande diversidade em esp\u00e9cies vegetais.<\/p>\n<p style=\"text-align: justify\">\u00a0De acordo com o Sistema Nacional de Unidades de Conserva\u00e7\u00e3o \u2013 SNUC \u00e9 uma Unidade de Prote\u00e7\u00e3o Integral que tem como objetivo a preserva\u00e7\u00e3o integral da biota e demais atributos naturais existentes em seus limites. \u00c9 destinada ao desenvolvimento de pesquisa e atividades educacionais de car\u00e1ter n\u00e3o perturbat\u00f3rio. (Lei SNUC de 18 de Julho de 2000, Cap\u00edtulo III, Art. 10).<\/p>\n<p style=\"text-align: justify\">\u00a0Os projetos s\u00e3o desenvolvidos por pesquisadores do Instituto de Bot\u00e2nica e de outras universidades, atendendo a cursos de gradua\u00e7\u00e3o e p\u00f3s-gradua\u00e7\u00e3o em estudos sobre a biodiversidade (fauna e flora), em pesquisas n\u00e3o predat\u00f3rias, com algumas \u00e1reas de conhecimento pesquisadas: algas, fungos, bri\u00f3fitas, pterid\u00f3fitas, faner\u00f3gamas, fisiologia de plantas, aranhas, opili\u00f5es, anf\u00edbios, r\u00e9pteis, aves, mam\u00edferos, peixes, entre outros.<\/p>\n<p style=\"text-align: justify\">\u00a0A compila\u00e7\u00e3o de todo o conhecimento cient\u00edfico gerado at\u00e9 o encontra-se no livro \u201cPatrim\u00f4nio da Reserva Biol\u00f3gica do Alto da Serra de Paranapiacaba\u201d editado pelo Instituto de Bot\u00e2nica.<\/p>\n","protected":false},"excerpt":{"rendered":"<p>Reserva Biol\u00f3gica do Alto da Serra de Paranapiacaba Primeira Esta\u00e7\u00e3o Biol\u00f3gica da Am\u00e9rica do Sul, criada em 26 de abril de 1909 como Esta\u00e7\u00e3o Biol\u00f3gica do Alto da Serra por Hermann Friederich Albrecht von Ihering. Em 1938 a Unidade passa para a administra\u00e7\u00e3o do Instituto de Bot\u00e2nica, hoje denominada como Reserva Biol\u00f3gica do Alto da [&hellip;]<\/p>\n","protected":false},"author":95,"featured_media":0,"parent":0,"menu_order":0,"comment_status":"closed","ping_status":"closed","template":"","meta":[],"_links":{"self":[{"href":"https:\/\/www.infraestruturameioambiente.sp.gov.br\/institutodebotanica\/wp-json\/wp\/v2\/pages\/17506"}],"collection":[{"href":"https:\/\/www.infraestruturameioambiente.sp.gov.br\/institutodebotanica\/wp-json\/wp\/v2\/pages"}],"about":[{"href":"https:\/\/www.infraestruturameioambiente.sp.gov.br\/institutodebotanica\/wp-json\/wp\/v2\/types\/page"}],"author":[{"embeddable":true,"href":"https:\/\/www.infraestruturameioambiente.sp.gov.br\/institutodebotanica\/wp-json\/wp\/v2\/users\/95"}],"replies":[{"embeddable":true,"href":"https:\/\/www.infraestruturameioambiente.sp.gov.br\/institutodebotanica\/wp-json\/wp\/v2\/comments?post=17506"}],"version-history":[{"count":10,"href":"https:\/\/www.infraestruturameioambiente.sp.gov.br\/institutodebotanica\/wp-json\/wp\/v2\/pages\/17506\/revisions"}],"predecessor-version":[{"id":22852,"href":"https:\/\/www.infraestruturameioambiente.sp.gov.br\/institutodebotanica\/wp-json\/wp\/v2\/pages\/17506\/revisions\/22852"}],"wp:attachment":[{"href":"https:\/\/www.infraestruturameioambiente.sp.gov.br\/institutodebotanica\/wp-json\/wp\/v2\/media?parent=17506"}],"curies":[{"name":"wp","href":"https:\/\/api.w.org\/{rel}","templated":true}]}}