{"id":17383,"date":"2014-07-01T11:23:13","date_gmt":"2014-07-01T14:23:13","guid":{"rendered":"https:\/\/www.infraestruturameioambiente.sp.gov.br\/institutodebotanica\/?page_id=17383"},"modified":"2020-01-16T18:10:43","modified_gmt":"2020-01-16T20:10:43","slug":"ecologia","status":"publish","type":"page","link":"https:\/\/www.infraestruturameioambiente.sp.gov.br\/institutodebotanica\/ecologia\/","title":{"rendered":"Ecologia"},"content":{"rendered":"<p style=\"text-align: justify\">O N\u00facleo de Pesquisa em Ecologia (NPE) foi criado oficialmente em 07 de fevereiro de 1986, oriundo da antiga Se\u00e7\u00e3o de Reservas Biol\u00f3gicas. Neste per\u00edodo, os pesquisadores realizavam estudos sobre ciclagem de nutrientes em ecossistemas terrestres afetados por polui\u00e7\u00e3o a\u00e9rea e sobre recupera\u00e7\u00e3o de \u00e1reas degradadas. A partir de 1990, iniciaram-se as pesquisas em biomonitoramento da polui\u00e7\u00e3o a\u00e9rea. Em 2001, incorporou-se ao N\u00facleo a \u00e1rea de pesquisa em ecologia de ambientes aqu\u00e1ticos continentais (limnologia). Para tanto, pesquisadores, pessoal de apoio e estudantes engajados nesta \u00e1rea de pesquisa, al\u00e9m da infraestrutura laboratorial, foram transferidos para o NPE (ent\u00e3o Se\u00e7\u00e3o de Ecologia).<\/p>\n<p style=\"text-align: justify\">Presentemente, o n\u00facleo possui um corpo de pesquisadores altamente qualificado constitu\u00eddo por 10 doutores, incluindo um pesquisador associado. V\u00e1rios desses colaboram em programas de p\u00f3s-gradua\u00e7\u00e3o do Instituto de Bot\u00e2nica e de universidades estaduais (USP e UNESP) e federais brasileiras (UFRJ, UFMG e UFF) como professores orientadores e\/ou respons\u00e1veis por sete disciplinas. Al\u00e9m dessas, colaboram com cursos de p\u00f3s-gradua\u00e7\u00e3o no Chile e na Col\u00f4mbia.<\/p>\n<p style=\"text-align: justify\">Os pesquisadores do NPE fazem parte de dois Grupos de Pesquisa certificados pelo CNPq: \u201cEcologia e Biodiversidade de Ecossistemas Aqu\u00e1ticos Continentais\u201d e \u201cCaracteriza\u00e7\u00e3o de Ambientes Terrestres Perturbados\u201d.<\/p>\n<p style=\"text-align: justify\">A forma\u00e7\u00e3o\/aperfei\u00e7oamento de recursos humanos \u00e9 oferecida dentro das linhas de pesquisa abaixo descritas para estudantes de gradua\u00e7\u00e3o (inicia\u00e7\u00e3o cient\u00edfica), rec\u00e9m graduados (aperfei\u00e7oamento), estudantes de p\u00f3s-gradua\u00e7\u00e3o (mestrado e doutorado) e p\u00f3s-doutorandos.<\/p>\n<p style=\"text-align: justify\">Para o desenvolvimento das atividades de pesquisa, ensino e extens\u00e3o, o NPE conta com uma rede de laborat\u00f3rios composta de 8 unidades (dois laborat\u00f3rios de an\u00e1lises f\u00edsicas e qu\u00edmicas, laborat\u00f3rio de an\u00e1lise instrumental, laborat\u00f3rio de microscopia, laborat\u00f3rio de limpeza de vidraria, casa de vegeta\u00e7\u00e3o, laborat\u00f3rio experimental e almoxarifado), um centro de computa\u00e7\u00e3o e uma sala para aulas e semin\u00e1rios.<\/p>\n<p style=\"text-align: justify\">\u00a0<b>Linhas de Pesquisa<\/b><\/p>\n<p style=\"text-align: justify\"><b>\u00a0<\/b><b>1. Ecologia de Ecossistemas Terrestres<\/b><\/p>\n<ul style=\"text-align: justify\">\n<li><i>Biomonitoramento da Polui\u00e7\u00e3o A\u00e9rea<\/i><\/li>\n<li><i>Ciclos Biogeoqu\u00edmicos em Ecossistemas Terrestres<\/i><\/li>\n<li><i>Ecologia qu\u00edmica em ambiente antropizado<\/i><\/li>\n<li><i>Efeito da domin\u00e2ncia e superabund\u00e2ncia de esp\u00e9cies nativas e invasoras na din\u00e2mica e ecologia de ecossistemas naturais<\/i><\/li>\n<li><i>Estrutura e Din\u00e2mica de florestas tropicais<\/i><\/li>\n<li><i>Respostas de Esp\u00e9cies Tropicais \u00e0 Polui\u00e7\u00e3o A\u00e9rea<\/i><\/li>\n<\/ul>\n<p style=\"text-align: justify\"><b>2. Ecologia de Ecossistemas Aqu\u00e1ticos Continentais<\/b><\/p>\n<ul style=\"text-align: justify\">\n<li><i>Biodiversidade<\/i> <i>de<\/i> <i>algas<\/i> <i>(fitopl\u00e2ncton<\/i> <i>e<\/i> <i>perif\u00edton)<\/i><\/li>\n<li><i>Bioindica\u00e7\u00e3o<\/i><\/li>\n<li><i>Limnologia<\/i> e <i>paleolimnologia de<\/i> <i>reservat\u00f3rios &#8211; <\/i><i>eutrofiza\u00e7\u00e3o, monitoramento ambiental, qualidade da \u00e1gua e modelo inferencial<\/i><\/li>\n<li><i>Respostas de Esp\u00e9cies Tropicais \u00e0 Polui\u00e7\u00e3o A\u00e9rea<\/i><\/li>\n<\/ul>\n<p>&nbsp;<\/p>\n","protected":false},"excerpt":{"rendered":"<p>O N\u00facleo de Pesquisa em Ecologia (NPE) foi criado oficialmente em 07 de fevereiro de 1986, oriundo da antiga Se\u00e7\u00e3o de Reservas Biol\u00f3gicas. Neste per\u00edodo, os pesquisadores realizavam estudos sobre ciclagem de nutrientes em ecossistemas terrestres afetados por polui\u00e7\u00e3o a\u00e9rea e sobre recupera\u00e7\u00e3o de \u00e1reas degradadas. A partir de 1990, iniciaram-se as pesquisas em biomonitoramento [&hellip;]<\/p>\n","protected":false},"author":95,"featured_media":0,"parent":0,"menu_order":0,"comment_status":"closed","ping_status":"closed","template":"","meta":[],"_links":{"self":[{"href":"https:\/\/www.infraestruturameioambiente.sp.gov.br\/institutodebotanica\/wp-json\/wp\/v2\/pages\/17383"}],"collection":[{"href":"https:\/\/www.infraestruturameioambiente.sp.gov.br\/institutodebotanica\/wp-json\/wp\/v2\/pages"}],"about":[{"href":"https:\/\/www.infraestruturameioambiente.sp.gov.br\/institutodebotanica\/wp-json\/wp\/v2\/types\/page"}],"author":[{"embeddable":true,"href":"https:\/\/www.infraestruturameioambiente.sp.gov.br\/institutodebotanica\/wp-json\/wp\/v2\/users\/95"}],"replies":[{"embeddable":true,"href":"https:\/\/www.infraestruturameioambiente.sp.gov.br\/institutodebotanica\/wp-json\/wp\/v2\/comments?post=17383"}],"version-history":[{"count":3,"href":"https:\/\/www.infraestruturameioambiente.sp.gov.br\/institutodebotanica\/wp-json\/wp\/v2\/pages\/17383\/revisions"}],"predecessor-version":[{"id":23228,"href":"https:\/\/www.infraestruturameioambiente.sp.gov.br\/institutodebotanica\/wp-json\/wp\/v2\/pages\/17383\/revisions\/23228"}],"wp:attachment":[{"href":"https:\/\/www.infraestruturameioambiente.sp.gov.br\/institutodebotanica\/wp-json\/wp\/v2\/media?parent=17383"}],"curies":[{"name":"wp","href":"https:\/\/api.w.org\/{rel}","templated":true}]}}