{"id":17321,"date":"2014-06-30T12:40:00","date_gmt":"2014-06-30T15:40:00","guid":{"rendered":"https:\/\/www.infraestruturameioambiente.sp.gov.br\/institutodebotanica\/?page_id=17321"},"modified":"2019-05-16T10:00:42","modified_gmt":"2019-05-16T13:00:42","slug":"orquidario-do-estado-laboratorio-de-taxonomia","status":"publish","type":"page","link":"https:\/\/www.infraestruturameioambiente.sp.gov.br\/institutodebotanica\/orquidario\/orquidario-do-estado-laboratorio-de-taxonomia\/","title":{"rendered":"Orquid\u00e1rio do Estado \u2013 Laborat\u00f3rio de Taxonomia"},"content":{"rendered":"<div class=\"wc-gallery\"><div id='gallery-1' data-gutter-width='5' data-columns='1' class='gallery wc-gallery-captions-onhover gallery-link-file gallery-masonry galleryid-17321 gallery-columns-1 gallery-size-thumbnail wc-gallery-bottomspace-default wc-gallery-clear'><div class='gallery-item gallery-item-position-1 gallery-item-attachment-17322'>\n\t\t\t\t<div class='gallery-icon landscape'>\n\t\t\t\t\t<a href='https:\/\/www.infraestruturameioambiente.sp.gov.br\/institutodebotanica\/wp-content\/uploads\/sites\/235\/2014\/06\/orquid\u00e1rio_taxonomia_img1.jpg' title='orquid\u00e1rio_taxonomia_img1' target='_self'><img width=\"150\" height=\"150\" src=\"https:\/\/www.infraestruturameioambiente.sp.gov.br\/institutodebotanica\/wp-content\/uploads\/sites\/235\/2014\/06\/orquid\u00e1rio_taxonomia_img1-150x150.jpg\" class=\"attachment-thumbnail size-thumbnail\" alt=\"\" decoding=\"async\" loading=\"lazy\" \/><\/a>\n\t\t\t\t<\/div><\/div><div class='gallery-item gallery-item-position-2 gallery-item-attachment-17323'>\n\t\t\t\t<div class='gallery-icon landscape'>\n\t\t\t\t\t<a href='https:\/\/www.infraestruturameioambiente.sp.gov.br\/institutodebotanica\/wp-content\/uploads\/sites\/235\/2014\/06\/orquid\u00e1rio_taxonomia_img2.jpg' title='orquid\u00e1rio_taxonomia_img2' target='_self'><img width=\"150\" height=\"150\" src=\"https:\/\/www.infraestruturameioambiente.sp.gov.br\/institutodebotanica\/wp-content\/uploads\/sites\/235\/2014\/06\/orquid\u00e1rio_taxonomia_img2-150x150.jpg\" class=\"attachment-thumbnail size-thumbnail\" alt=\"\" decoding=\"async\" loading=\"lazy\" \/><\/a>\n\t\t\t\t<\/div><\/div><div class='gallery-item gallery-item-position-3 gallery-item-attachment-17324'>\n\t\t\t\t<div class='gallery-icon landscape'>\n\t\t\t\t\t<a href='https:\/\/www.infraestruturameioambiente.sp.gov.br\/institutodebotanica\/wp-content\/uploads\/sites\/235\/2014\/06\/orquid\u00e1rio_taxonomia_img3.jpg' title='orquid\u00e1rio_taxonomia_img3' target='_self'><img width=\"150\" height=\"150\" src=\"https:\/\/www.infraestruturameioambiente.sp.gov.br\/institutodebotanica\/wp-content\/uploads\/sites\/235\/2014\/06\/orquid\u00e1rio_taxonomia_img3-150x150.jpg\" class=\"attachment-thumbnail size-thumbnail\" alt=\"\" decoding=\"async\" loading=\"lazy\" srcset=\"https:\/\/www.infraestruturameioambiente.sp.gov.br\/institutodebotanica\/wp-content\/uploads\/sites\/235\/2014\/06\/orquid\u00e1rio_taxonomia_img3-150x150.jpg 150w, https:\/\/www.infraestruturameioambiente.sp.gov.br\/institutodebotanica\/wp-content\/uploads\/sites\/235\/2014\/06\/orquid\u00e1rio_taxonomia_img3-300x300.jpg 300w, https:\/\/www.infraestruturameioambiente.sp.gov.br\/institutodebotanica\/wp-content\/uploads\/sites\/235\/2014\/06\/orquid\u00e1rio_taxonomia_img3-270x270.jpg 270w, https:\/\/www.infraestruturameioambiente.sp.gov.br\/institutodebotanica\/wp-content\/uploads\/sites\/235\/2014\/06\/orquid\u00e1rio_taxonomia_img3-155x155.jpg 155w, https:\/\/www.infraestruturameioambiente.sp.gov.br\/institutodebotanica\/wp-content\/uploads\/sites\/235\/2014\/06\/orquid\u00e1rio_taxonomia_img3-97x97.jpg 97w, https:\/\/www.infraestruturameioambiente.sp.gov.br\/institutodebotanica\/wp-content\/uploads\/sites\/235\/2014\/06\/orquid\u00e1rio_taxonomia_img3-68x68.jpg 68w, https:\/\/www.infraestruturameioambiente.sp.gov.br\/institutodebotanica\/wp-content\/uploads\/sites\/235\/2014\/06\/orquid\u00e1rio_taxonomia_img3-201x201.jpg 201w, https:\/\/www.infraestruturameioambiente.sp.gov.br\/institutodebotanica\/wp-content\/uploads\/sites\/235\/2014\/06\/orquid\u00e1rio_taxonomia_img3-129x129.jpg 129w, https:\/\/www.infraestruturameioambiente.sp.gov.br\/institutodebotanica\/wp-content\/uploads\/sites\/235\/2014\/06\/orquid\u00e1rio_taxonomia_img3-99x99.jpg 99w, https:\/\/www.infraestruturameioambiente.sp.gov.br\/institutodebotanica\/wp-content\/uploads\/sites\/235\/2014\/06\/orquid\u00e1rio_taxonomia_img3-70x70.jpg 70w, https:\/\/www.infraestruturameioambiente.sp.gov.br\/institutodebotanica\/wp-content\/uploads\/sites\/235\/2014\/06\/orquid\u00e1rio_taxonomia_img3-69x70.jpg 69w, https:\/\/www.infraestruturameioambiente.sp.gov.br\/institutodebotanica\/wp-content\/uploads\/sites\/235\/2014\/06\/orquid\u00e1rio_taxonomia_img3.jpg 824w\" sizes=\"(max-width: 150px) 100vw, 150px\" \/><\/a>\n\t\t\t\t<\/div><\/div><\/div>\n<\/div>\n<p style=\"text-align: justify\">Orchidaceae \u00e9 uma das maiores fam\u00edlias de Angiospermas, possuindo cerca de 25.000 esp\u00e9cies distribu\u00eddas em 850 g\u00eaneros. No Brasil, ocorrem 239 g\u00eaneros e 2.449 esp\u00e9cies. As principais caracter\u00edsticas das flores de Orchidaceae s\u00e3o uma p\u00e9tala diferenciada (labelo), ressupina\u00e7\u00e3o, \u00f3rg\u00e3os reprodutivos masculino e feminino (exceto o ov\u00e1rio) fundidos em uma \u00fanica estrutura (coluna), e na maior parte das esp\u00e9cies, os gr\u00e3os de p\u00f3len s\u00e3o reunidos em pares de pol\u00ednias.<\/p>\n<p style=\"text-align: justify\">Segundo a lista de esp\u00e9cies da flora amea\u00e7adas de extin\u00e7\u00e3o no Estado de S\u00e3o Paulo, as orqu\u00eddeas s\u00e3o uma das mais seriamente amea\u00e7adas, possuindo 128 esp\u00e9cies, representando 17% das cerca de 750 esp\u00e9cies existentes no Estado de S\u00e3o Paulo.<\/p>\n<p style=\"text-align: justify\">Estudos taxon\u00f4micos com a fam\u00edlia Orchidaceae s\u00e3o um dos pontos fortes do Instituto de Bot\u00e2nica de S\u00e3o Paulo, que foi fundado por um dos mais importantes pesquisadores das orqu\u00eddeas brasileiras (Dr. Frederico Carlos Hoehne) possuindo, al\u00e9m de uma excelente cole\u00e7\u00e3o de plantas desidratadas (Herb\u00e1rio SP) uma das mais importantes cole\u00e7\u00f5es vivas da fam\u00edlia nas m\u00e3os do poder p\u00fablico. Atualmente os estudos taxon\u00f4micos com a fam\u00edlia desenvolvidos no instituto j\u00e1 servem de refer\u00eancia nacional (ex: Flora do Brasil) e mesmo internacional, com a descri\u00e7\u00e3o de in\u00fameras esp\u00e9cies e g\u00eaneros desta importante fam\u00edlia bot\u00e2nica, mantendo a tradi\u00e7\u00e3o do Instituto desde sua funda\u00e7\u00e3o.<\/p>\n<p style=\"text-align: justify\">Os estudos taxon\u00f4micos e invent\u00e1rios flor\u00edsticos de orqu\u00eddeas s\u00e3o de import\u00e2ncia inestim\u00e1vel para a identifica\u00e7\u00e3o correta das esp\u00e9cies para ado\u00e7\u00e3o de pol\u00edticas p\u00fablicas de conserva\u00e7\u00e3o da biodiversidade de plantas, inscri\u00e7\u00e3o de determinadas esp\u00e9cies de orqu\u00eddeas em listas de plantas que se encontram sob algum grau de amea\u00e7a de extin\u00e7\u00e3o, assim como tamb\u00e9m, para elevar o n\u00edvel de conhecimento da biodiversidade deste importante grupo de plantas.<\/p>\n<p style=\"text-align: justify\">Neste momento, a taxonomia de orqu\u00eddeas do Instituto de Bot\u00e2nica, colabora na identifica\u00e7\u00e3o das esp\u00e9cies de orqu\u00eddeas resgatadas das \u00e1reas de supress\u00e3o da vegeta\u00e7\u00e3o para a constru\u00e7\u00e3o do trecho norte do Rodoanel M\u00e1rio Covas. Foi realizada, por exemplo, o resgate de exemplares de <i>Zygopetalum maxillare<\/i>, esp\u00e9cie categorizada como vulner\u00e1vel \u00e0 extin\u00e7\u00e3o no Estado de S\u00e3o Paulo.<\/p>\n","protected":false},"excerpt":{"rendered":"<p>Orchidaceae \u00e9 uma das maiores fam\u00edlias de Angiospermas, possuindo cerca de 25.000 esp\u00e9cies distribu\u00eddas em 850 g\u00eaneros. No Brasil, ocorrem 239 g\u00eaneros e 2.449 esp\u00e9cies. As principais caracter\u00edsticas das flores de Orchidaceae s\u00e3o uma p\u00e9tala diferenciada (labelo), ressupina\u00e7\u00e3o, \u00f3rg\u00e3os reprodutivos masculino e feminino (exceto o ov\u00e1rio) fundidos em uma \u00fanica estrutura (coluna), e na maior [&hellip;]<\/p>\n","protected":false},"author":95,"featured_media":0,"parent":17300,"menu_order":0,"comment_status":"closed","ping_status":"closed","template":"","meta":[],"_links":{"self":[{"href":"https:\/\/www.infraestruturameioambiente.sp.gov.br\/institutodebotanica\/wp-json\/wp\/v2\/pages\/17321"}],"collection":[{"href":"https:\/\/www.infraestruturameioambiente.sp.gov.br\/institutodebotanica\/wp-json\/wp\/v2\/pages"}],"about":[{"href":"https:\/\/www.infraestruturameioambiente.sp.gov.br\/institutodebotanica\/wp-json\/wp\/v2\/types\/page"}],"author":[{"embeddable":true,"href":"https:\/\/www.infraestruturameioambiente.sp.gov.br\/institutodebotanica\/wp-json\/wp\/v2\/users\/95"}],"replies":[{"embeddable":true,"href":"https:\/\/www.infraestruturameioambiente.sp.gov.br\/institutodebotanica\/wp-json\/wp\/v2\/comments?post=17321"}],"version-history":[{"count":3,"href":"https:\/\/www.infraestruturameioambiente.sp.gov.br\/institutodebotanica\/wp-json\/wp\/v2\/pages\/17321\/revisions"}],"predecessor-version":[{"id":22792,"href":"https:\/\/www.infraestruturameioambiente.sp.gov.br\/institutodebotanica\/wp-json\/wp\/v2\/pages\/17321\/revisions\/22792"}],"up":[{"embeddable":true,"href":"https:\/\/www.infraestruturameioambiente.sp.gov.br\/institutodebotanica\/wp-json\/wp\/v2\/pages\/17300"}],"wp:attachment":[{"href":"https:\/\/www.infraestruturameioambiente.sp.gov.br\/institutodebotanica\/wp-json\/wp\/v2\/media?parent=17321"}],"curies":[{"name":"wp","href":"https:\/\/api.w.org\/{rel}","templated":true}]}}