{"id":17312,"date":"2014-06-30T12:05:34","date_gmt":"2014-06-30T15:05:34","guid":{"rendered":"https:\/\/www.infraestruturameioambiente.sp.gov.br\/institutodebotanica\/?page_id=17312"},"modified":"2019-05-16T09:59:21","modified_gmt":"2019-05-16T12:59:21","slug":"orquidario-do-estado-colecao-de-plantas","status":"publish","type":"page","link":"https:\/\/www.infraestruturameioambiente.sp.gov.br\/institutodebotanica\/orquidario-do-estado-colecao-de-plantas\/","title":{"rendered":"Orquid\u00e1rio do Estado &#8211; Cole\u00e7\u00e3o de Plantas"},"content":{"rendered":"<div class=\"wc-gallery\"><div id='gallery-1' data-gutter-width='5' data-columns='1' class='gallery wc-gallery-captions-onhover gallery-link-file gallery-masonry galleryid-17312 gallery-columns-1 gallery-size-thumbnail wc-gallery-bottomspace-default wc-gallery-clear'><div class='gallery-item gallery-item-position-1 gallery-item-attachment-17313'>\n\t\t\t\t<div class='gallery-icon landscape'>\n\t\t\t\t\t<a href='https:\/\/www.infraestruturameioambiente.sp.gov.br\/institutodebotanica\/wp-content\/uploads\/sites\/235\/2014\/06\/orquid\u00e1rio_cole\u00e7\u00f5es_img1.jpg' title='orquid\u00e1rio_cole\u00e7\u00f5es_img1' target='_self'><img width=\"150\" height=\"150\" src=\"https:\/\/www.infraestruturameioambiente.sp.gov.br\/institutodebotanica\/wp-content\/uploads\/sites\/235\/2014\/06\/orquid\u00e1rio_cole\u00e7\u00f5es_img1-150x150.jpg\" class=\"attachment-thumbnail size-thumbnail\" alt=\"\" decoding=\"async\" loading=\"lazy\" \/><\/a>\n\t\t\t\t<\/div><\/div><div class='gallery-item gallery-item-position-2 gallery-item-attachment-17314'>\n\t\t\t\t<div class='gallery-icon landscape'>\n\t\t\t\t\t<a href='https:\/\/www.infraestruturameioambiente.sp.gov.br\/institutodebotanica\/wp-content\/uploads\/sites\/235\/2014\/06\/orquid\u00e1rio_cole\u00e7\u00f5es_img2.jpg' title='orquid\u00e1rio_cole\u00e7\u00f5es_img2' target='_self'><img width=\"150\" height=\"150\" src=\"https:\/\/www.infraestruturameioambiente.sp.gov.br\/institutodebotanica\/wp-content\/uploads\/sites\/235\/2014\/06\/orquid\u00e1rio_cole\u00e7\u00f5es_img2-150x150.jpg\" class=\"attachment-thumbnail size-thumbnail\" alt=\"\" decoding=\"async\" loading=\"lazy\" \/><\/a>\n\t\t\t\t<\/div><\/div><\/div>\n<\/div>\n<p>&nbsp;<\/p>\n<p style=\"text-align: justify\"><strong>Orquid\u00e1rio Frederico Carlos Hoehne (OFCH)<\/strong><\/p>\n<p style=\"text-align: justify\">\u00a0<strong>Curador:<\/strong> Dr. Eduardo Luis Martins Catharino<\/p>\n<p style=\"text-align: justify\"><strong>Explica\u00e7\u00e3o sucinta:<\/strong> trata-se da cole\u00e7\u00e3o mais antiga do JBSP, iniciado com uma cole\u00e7\u00e3o de orqu\u00eddeas. Na d\u00e9cada de 1970 as plantas foram transferidas do JBSP para o atual local, sendo que o JBSP apresenta uma pequena mostra da cole\u00e7\u00e3o cient\u00edfica, denominada cole\u00e7\u00e3o de visita\u00e7\u00e3o. \u00c9 a cole\u00e7\u00e3o mais tradicional do JBSP.<\/p>\n<p style=\"text-align: justify\"><strong>Data de cria\u00e7\u00e3o:<\/strong> 1928 (na d\u00e9cada de 1970 inicia-se o atual registro)<\/p>\n<p style=\"text-align: justify\"><strong>N\u00famero de amostras:<\/strong> cerca de 18.000 plantas, sendo o registro atual no acesso 18.750 na cole\u00e7\u00e3o cient\u00edfica. Temos cerca de 600-700 esp\u00e9cies registradas, sendo que estamos concluindo banco de dados em planilhas EXCEL. Temos cerca de 5000 plantas com registros provis\u00f3rios (registro \u00e0 parte), parte em quarentena e parte j\u00e1 sendo preparada para inclus\u00e3o.<\/p>\n<p style=\"text-align: justify\"><strong>O Orquid\u00e1rio Frederico Carlos Hoehne<\/strong>, tradicionalmente conhecido como Orquid\u00e1rio de S\u00e3o Paulo ou Orquid\u00e1rio do Estado, recebeu este nome em homenagem ao seu fundador, durante as comemora\u00e7\u00f5es dos 80 anos do Jardim Bot\u00e2nico de S\u00e3o Paulo, agregando a sua miss\u00e3o, de forma mais contundente, a conserva\u00e7\u00e3o de esp\u00e9cies raras e\/ou amea\u00e7adas de orqu\u00eddeas da flora paulista e brasileira, atendendo os acordos internacionais sobre conserva\u00e7\u00e3o de esp\u00e9cies da flora, nos quais o Brasil \u00e9 signat\u00e1rio. Assim, tornou-se fiel deposit\u00e1rio de material gen\u00e9tico pelo CENARGEN, recebendo plantas apreendidas devido o com\u00e9rcio clandestino e exporta\u00e7\u00e3o irregular. Tradicionalmente serve como base para estudos taxon\u00f4micos (nomenclatura e identifica\u00e7\u00e3o das esp\u00e9cies) e flor\u00edsticos (levantamentos de esp\u00e9cies em v\u00e1rias regi\u00f5es do estado e mesmo fora deste) sendo o material vivo um excelente aporte para estudos, uma vez que plantas secas da fam\u00edlia perdem caracter\u00edsticas morfol\u00f3gicas importantes, como detalhes da coluna e pol\u00ednias, entre outros. Atualmente, dado o avan\u00e7o de estudos moleculares, tem sido fonte de material fresco para extra\u00e7\u00e3o de DNA e desenvolvimento de v\u00e1rios estudos relacionados \u00e0 evolu\u00e7\u00e3o das esp\u00e9cies, filogenia e filogeografia, al\u00e9m de fornecer material para reprodu\u00e7\u00e3o de esp\u00e9cies raras e\/ou amea\u00e7adas, estudos anat\u00f4micos e citogen\u00e9ticos.<\/p>\n<p>&nbsp;<\/p>\n","protected":false},"excerpt":{"rendered":"<p>&nbsp; Orquid\u00e1rio Frederico Carlos Hoehne (OFCH) \u00a0Curador: Dr. Eduardo Luis Martins Catharino Explica\u00e7\u00e3o sucinta: trata-se da cole\u00e7\u00e3o mais antiga do JBSP, iniciado com uma cole\u00e7\u00e3o de orqu\u00eddeas. Na d\u00e9cada de 1970 as plantas foram transferidas do JBSP para o atual local, sendo que o JBSP apresenta uma pequena mostra da cole\u00e7\u00e3o cient\u00edfica, denominada cole\u00e7\u00e3o de [&hellip;]<\/p>\n","protected":false},"author":95,"featured_media":0,"parent":0,"menu_order":0,"comment_status":"closed","ping_status":"closed","template":"","meta":[],"_links":{"self":[{"href":"https:\/\/www.infraestruturameioambiente.sp.gov.br\/institutodebotanica\/wp-json\/wp\/v2\/pages\/17312"}],"collection":[{"href":"https:\/\/www.infraestruturameioambiente.sp.gov.br\/institutodebotanica\/wp-json\/wp\/v2\/pages"}],"about":[{"href":"https:\/\/www.infraestruturameioambiente.sp.gov.br\/institutodebotanica\/wp-json\/wp\/v2\/types\/page"}],"author":[{"embeddable":true,"href":"https:\/\/www.infraestruturameioambiente.sp.gov.br\/institutodebotanica\/wp-json\/wp\/v2\/users\/95"}],"replies":[{"embeddable":true,"href":"https:\/\/www.infraestruturameioambiente.sp.gov.br\/institutodebotanica\/wp-json\/wp\/v2\/comments?post=17312"}],"version-history":[{"count":5,"href":"https:\/\/www.infraestruturameioambiente.sp.gov.br\/institutodebotanica\/wp-json\/wp\/v2\/pages\/17312\/revisions"}],"predecessor-version":[{"id":22791,"href":"https:\/\/www.infraestruturameioambiente.sp.gov.br\/institutodebotanica\/wp-json\/wp\/v2\/pages\/17312\/revisions\/22791"}],"wp:attachment":[{"href":"https:\/\/www.infraestruturameioambiente.sp.gov.br\/institutodebotanica\/wp-json\/wp\/v2\/media?parent=17312"}],"curies":[{"name":"wp","href":"https:\/\/api.w.org\/{rel}","templated":true}]}}