{"id":17300,"date":"2014-06-30T11:26:08","date_gmt":"2014-06-30T14:26:08","guid":{"rendered":"https:\/\/www.infraestruturameioambiente.sp.gov.br\/institutodebotanica\/?page_id=17300"},"modified":"2020-01-16T18:16:23","modified_gmt":"2020-01-16T20:16:23","slug":"orquidario","status":"publish","type":"page","link":"https:\/\/www.infraestruturameioambiente.sp.gov.br\/institutodebotanica\/orquidario\/","title":{"rendered":"Orquid\u00e1rio do Estado"},"content":{"rendered":"<div class=\"wc-gallery\"><div id='gallery-1' data-gutter-width='5' data-columns='1' class='gallery wc-gallery-captions-onhover gallery-link-file gallery-masonry galleryid-17300 gallery-columns-1 gallery-size-thumbnail wc-gallery-bottomspace-default wc-gallery-clear'><div class='gallery-item gallery-item-position-1 gallery-item-attachment-17303'>\n\t\t\t\t<div class='gallery-icon landscape'>\n\t\t\t\t\t<a href='https:\/\/www.infraestruturameioambiente.sp.gov.br\/institutodebotanica\/wp-content\/uploads\/sites\/235\/2014\/06\/orquid\u00e1rio_img1.jpg' title='orquid\u00e1rio_img1' target='_self'><img width=\"150\" height=\"150\" src=\"https:\/\/www.infraestruturameioambiente.sp.gov.br\/institutodebotanica\/wp-content\/uploads\/sites\/235\/2014\/06\/orquid\u00e1rio_img1-150x150.jpg\" class=\"attachment-thumbnail size-thumbnail\" alt=\"\" decoding=\"async\" loading=\"lazy\" \/><\/a>\n\t\t\t\t<\/div><\/div><div class='gallery-item gallery-item-position-2 gallery-item-attachment-17304'>\n\t\t\t\t<div class='gallery-icon landscape'>\n\t\t\t\t\t<a href='https:\/\/www.infraestruturameioambiente.sp.gov.br\/institutodebotanica\/wp-content\/uploads\/sites\/235\/2014\/06\/orquid\u00e1rio_img2.jpg' title='orquid\u00e1rio_img2' target='_self'><img width=\"150\" height=\"150\" src=\"https:\/\/www.infraestruturameioambiente.sp.gov.br\/institutodebotanica\/wp-content\/uploads\/sites\/235\/2014\/06\/orquid\u00e1rio_img2-150x150.jpg\" class=\"attachment-thumbnail size-thumbnail\" alt=\"\" decoding=\"async\" loading=\"lazy\" \/><\/a>\n\t\t\t\t<\/div><\/div><div class='gallery-item gallery-item-position-3 gallery-item-attachment-17307'>\n\t\t\t\t<div class='gallery-icon landscape'>\n\t\t\t\t\t<a href='https:\/\/www.infraestruturameioambiente.sp.gov.br\/institutodebotanica\/wp-content\/uploads\/sites\/235\/2014\/06\/orquid\u00e1rio_img31.jpg' title='orquid\u00e1rio_img3' target='_self'><img width=\"150\" height=\"150\" src=\"https:\/\/www.infraestruturameioambiente.sp.gov.br\/institutodebotanica\/wp-content\/uploads\/sites\/235\/2014\/06\/orquid\u00e1rio_img31-150x150.jpg\" class=\"attachment-thumbnail size-thumbnail\" alt=\"\" decoding=\"async\" loading=\"lazy\" \/><\/a>\n\t\t\t\t<\/div><\/div><\/div>\n<\/div>\n<p>O N\u00facleo de Pesquisa \u2013 Orquid\u00e1rio do Estado, anteriormente Se\u00e7\u00e3o de Orquid\u00e1rio, t\u00eam sua origem comum a do Jardim Bot\u00e2nico de S\u00e3o Paulo e do Instituto de Bot\u00e2nica.<\/p>\n<p style=\"text-align: justify\">O Orquid\u00e1rio de S\u00e3o Paulo, Orquid\u00e1rio do Estado, ou como se considera hoje, o Orquid\u00e1rio \u201cFrederico Carlos Hoehne\u201d \u00e9 o marco inicial do Jardim Bot\u00e2nico de S\u00e3o Paulo, paix\u00e3o do Dr. Hoehne e instrumento principal para a conscientiza\u00e7\u00e3o da import\u00e2ncia para a conserva\u00e7\u00e3o. Este pesquisador, amante das orqu\u00eddeas e da flora brasileira, organizou a primeira cole\u00e7\u00e3o p\u00fablica de orqu\u00eddeas de S\u00e3o Paulo, em detrimento de suas cole\u00e7\u00f5es particulares mantidas desde 1917, construindo um ripado e 2 estufas no Parque da \u00c1gua Funda (atual Parque Estadual das Fontes do Ipiranga), lan\u00e7ando a semente do atual Jardim Bot\u00e2nico de S\u00e3o Paulo, em 1928. Hoehne j\u00e1 destacava que o ripado entre as estufas foi influ\u00eancia marcante na arquitetura da urbe paulistana, onde casar\u00f5es passaram a receber pequenos ripados como parte integrante dos jardins, junto com os pergolados.<\/p>\n<p style=\"text-align: justify\">A cole\u00e7\u00e3o de orqu\u00eddeas foi mantida nesta \u00e1rea at\u00e9 a d\u00e9cada de 1970, quando ganhou nova estrutura, em local restrito ao p\u00fablico, recebendo cadastramento novo e uma maior preocupa\u00e7\u00e3o com manuten\u00e7\u00e3o de registros fi\u00e9is das plantas da cole\u00e7\u00e3o, na antiga Se\u00e7\u00e3o de Orquid\u00e1rio, atualmente N\u00facleo de Pesquisas \u2013 Orquid\u00e1rio do Estado. Entre as estufas do Jardim Bot\u00e2nico mant\u00eam-se at\u00e9 hoje uma amostra permanente de plantas aos visitantes do Jardim Bot\u00e2nico de S\u00e3o Paulo, abrigando duas exposi\u00e7\u00f5es anuais de orqu\u00eddeas desde 1992. A cole\u00e7\u00e3o cient\u00edfica conta hoje com cerca de 18.000 vasos de cerca de 600-700 esp\u00e9cies, composta em sua maioria de esp\u00e9cies nativas de S\u00e3o Paulo e do Brasil, muitas destas amea\u00e7adas de extin\u00e7\u00e3o. Al\u00e9m da conserva\u00e7\u00e3o de material gen\u00e9tico, uma preocupa\u00e7\u00e3o recente, apesar de introduzida na d\u00e9cada de 1970 pelo Dr. Hamilton Dias Bicalho, a cole\u00e7\u00e3o \u00e9 ferramenta essencial a estudantes de gradua\u00e7\u00e3o e p\u00f3s-gradua\u00e7\u00e3o.<\/p>\n<p style=\"text-align: justify\">O N\u00facleo de Pesquisa &#8211; Orquid\u00e1rio do Estado realiza pesquisas sobre a morfologia, fisiologia, taxonomia, filogenia, citogen\u00e9tica, biologia molecular e biologia da conserva\u00e7\u00e3o; utiliza o cultivo \u201c<i>in vitro<\/i>\u201d para realizar estudos sobre nutri\u00e7\u00e3o, crescimento e desenvolvimento de orqu\u00eddeas, bem como a reprodu\u00e7\u00e3o de orqu\u00eddeas para conserva\u00e7\u00e3o \u201cex-situ\u201d; al\u00e9m disso, investiga a evolu\u00e7\u00e3o entre grupos de orqu\u00eddeas neotropicais; estuda os mecanismos de especia\u00e7\u00e3o de orqu\u00eddeas nativas e mant\u00e9m uma cole\u00e7\u00e3o cient\u00edfica de orqu\u00eddeas e o orquid\u00e1rio de visita\u00e7\u00e3o p\u00fablica no Jardim Bot\u00e2nico.<\/p>\n<p style=\"text-align: justify\">\u00a0<b>Linhas de Pesquisa:<\/b><\/p>\n<ul>\n<li style=\"text-align: justify\">Conserva\u00e7\u00e3o ex-situ de esp\u00e9cies amea\u00e7adas<\/li>\n<li style=\"text-align: justify\">Crescimento e desenvolvimento<\/li>\n<li style=\"text-align: justify\">Cultivo <i>in vitro<\/i><\/li>\n<li style=\"text-align: justify\">Filogeografia<\/li>\n<li style=\"text-align: justify\">Invent\u00e1rio Flor\u00edstico<\/li>\n<li style=\"text-align: justify\">Sistem\u00e1tica filogen\u00e9tica<\/li>\n<li style=\"text-align: justify\">Taxonomia<\/li>\n<li style=\"text-align: justify\">Tecnologia de produ\u00e7\u00e3o de orqu\u00eddeas nativas<\/li>\n<\/ul>\n<p>&nbsp;<\/p>\n","protected":false},"excerpt":{"rendered":"<p>O N\u00facleo de Pesquisa \u2013 Orquid\u00e1rio do Estado, anteriormente Se\u00e7\u00e3o de Orquid\u00e1rio, t\u00eam sua origem comum a do Jardim Bot\u00e2nico de S\u00e3o Paulo e do Instituto de Bot\u00e2nica. O Orquid\u00e1rio de S\u00e3o Paulo, Orquid\u00e1rio do Estado, ou como se considera hoje, o Orquid\u00e1rio \u201cFrederico Carlos Hoehne\u201d \u00e9 o marco inicial do Jardim Bot\u00e2nico de S\u00e3o [&hellip;]<\/p>\n","protected":false},"author":95,"featured_media":0,"parent":0,"menu_order":0,"comment_status":"closed","ping_status":"closed","template":"","meta":[],"_links":{"self":[{"href":"https:\/\/www.infraestruturameioambiente.sp.gov.br\/institutodebotanica\/wp-json\/wp\/v2\/pages\/17300"}],"collection":[{"href":"https:\/\/www.infraestruturameioambiente.sp.gov.br\/institutodebotanica\/wp-json\/wp\/v2\/pages"}],"about":[{"href":"https:\/\/www.infraestruturameioambiente.sp.gov.br\/institutodebotanica\/wp-json\/wp\/v2\/types\/page"}],"author":[{"embeddable":true,"href":"https:\/\/www.infraestruturameioambiente.sp.gov.br\/institutodebotanica\/wp-json\/wp\/v2\/users\/95"}],"replies":[{"embeddable":true,"href":"https:\/\/www.infraestruturameioambiente.sp.gov.br\/institutodebotanica\/wp-json\/wp\/v2\/comments?post=17300"}],"version-history":[{"count":13,"href":"https:\/\/www.infraestruturameioambiente.sp.gov.br\/institutodebotanica\/wp-json\/wp\/v2\/pages\/17300\/revisions"}],"predecessor-version":[{"id":23233,"href":"https:\/\/www.infraestruturameioambiente.sp.gov.br\/institutodebotanica\/wp-json\/wp\/v2\/pages\/17300\/revisions\/23233"}],"wp:attachment":[{"href":"https:\/\/www.infraestruturameioambiente.sp.gov.br\/institutodebotanica\/wp-json\/wp\/v2\/media?parent=17300"}],"curies":[{"name":"wp","href":"https:\/\/api.w.org\/{rel}","templated":true}]}}