{"id":16532,"date":"2014-02-21T14:43:42","date_gmt":"2014-02-21T17:43:42","guid":{"rendered":"https:\/\/www.infraestruturameioambiente.sp.gov.br\/institutodebotanica\/?page_id=16532"},"modified":"2017-09-26T16:07:51","modified_gmt":"2017-09-26T19:07:51","slug":"estagio-convenio-universidades","status":"publish","type":"page","link":"https:\/\/www.infraestruturameioambiente.sp.gov.br\/institutodebotanica\/estagio-convenio-universidades\/","title":{"rendered":"Est\u00e1gio &#8211; Conv\u00eanio Universidades"},"content":{"rendered":"<h1><\/h1>\n<p style=\"text-align: justify\">A <b>RESOLU\u00c7\u00c3O SMA N\u00ba 18, DE 04 DE MAR\u00c7O DE 2013<\/b>, publicada no DOE de,06-03-2013se\u00e7\u00e3o I p\u00e1g. 35-36, tem como objetivo<b> <\/b>atender as Universidades, institui\u00e7\u00f5es de ensino superior, institutos de pesquisa, extens\u00e3o e desenvolvimento tecnol\u00f3gico, nacionais e estrangeiros, interessadas em participar do Programa de Forma\u00e7\u00e3o e Capacita\u00e7\u00e3o de Recursos Humanos na \u00c1rea de Bot\u00e2nica e Meio Ambiente.<\/p>\n<p style=\"text-align: justify\">\u00a0Para fins de atendimento aos objetivos, est\u00e3o aprovados e disponibilizados no menu ao lado, os instrumentos-padr\u00e3o das aven\u00e7as a serem firmadas no \u00e2mbito do Programa.<\/p>\n<p>&nbsp;<\/p>\n","protected":false},"excerpt":{"rendered":"<p>A RESOLU\u00c7\u00c3O SMA N\u00ba 18, DE 04 DE MAR\u00c7O DE 2013, publicada no DOE de,06-03-2013se\u00e7\u00e3o I p\u00e1g. 35-36, tem como objetivo atender as Universidades, institui\u00e7\u00f5es de ensino superior, institutos de pesquisa, extens\u00e3o e desenvolvimento tecnol\u00f3gico, nacionais e estrangeiros, interessadas em participar do Programa de Forma\u00e7\u00e3o e Capacita\u00e7\u00e3o de Recursos Humanos na \u00c1rea de Bot\u00e2nica e [&hellip;]<\/p>\n","protected":false},"author":40,"featured_media":0,"parent":0,"menu_order":0,"comment_status":"closed","ping_status":"closed","template":"","meta":[],"_links":{"self":[{"href":"https:\/\/www.infraestruturameioambiente.sp.gov.br\/institutodebotanica\/wp-json\/wp\/v2\/pages\/16532"}],"collection":[{"href":"https:\/\/www.infraestruturameioambiente.sp.gov.br\/institutodebotanica\/wp-json\/wp\/v2\/pages"}],"about":[{"href":"https:\/\/www.infraestruturameioambiente.sp.gov.br\/institutodebotanica\/wp-json\/wp\/v2\/types\/page"}],"author":[{"embeddable":true,"href":"https:\/\/www.infraestruturameioambiente.sp.gov.br\/institutodebotanica\/wp-json\/wp\/v2\/users\/40"}],"replies":[{"embeddable":true,"href":"https:\/\/www.infraestruturameioambiente.sp.gov.br\/institutodebotanica\/wp-json\/wp\/v2\/comments?post=16532"}],"version-history":[{"count":9,"href":"https:\/\/www.infraestruturameioambiente.sp.gov.br\/institutodebotanica\/wp-json\/wp\/v2\/pages\/16532\/revisions"}],"predecessor-version":[{"id":21125,"href":"https:\/\/www.infraestruturameioambiente.sp.gov.br\/institutodebotanica\/wp-json\/wp\/v2\/pages\/16532\/revisions\/21125"}],"wp:attachment":[{"href":"https:\/\/www.infraestruturameioambiente.sp.gov.br\/institutodebotanica\/wp-json\/wp\/v2\/media?parent=16532"}],"curies":[{"name":"wp","href":"https:\/\/api.w.org\/{rel}","templated":true}]}}