{"id":160,"date":"2011-11-10T18:30:02","date_gmt":"2011-11-10T18:30:02","guid":{"rendered":"https:\/\/www.infraestruturameioambiente.sp.gov.br\/institutodebotanica\/?page_id=160"},"modified":"2021-11-12T16:11:53","modified_gmt":"2021-11-12T18:11:53","slug":"cursos-de-jardinagem","status":"publish","type":"page","link":"https:\/\/www.infraestruturameioambiente.sp.gov.br\/institutodebotanica\/instituto-2\/cursos\/cursos-de-jardinagem\/","title":{"rendered":"Cursos de Jardinagem"},"content":{"rendered":"<h1 class=\"tl\" style=\"text-align: left\">Cursos de Jardinagem<\/h1>\n<h1 class=\"tl\" style=\"text-align: left\"><span style=\"color: #339966\"><strong>2020<\/strong><\/span><\/h1>\n<p>Sinal Verde<br \/>\nCursos Ambientais<br \/>\n<strong>Fone:<\/strong> (0xx11) &#8211; 96607-9357<br \/>\ne-mail:<br \/>\n<a href=\"mailto:contato@sinalverde.com.br\">contato@sinalverde.com.br<\/a><\/p>\n<p><a href=\"http:\/\/www.sinalverde.com.br\/index.html\">www.sinalverde.com.br<\/a><\/p>\n<p>Os cursos s\u00e3o realizados no Jardim Bot\u00e2nico de S\u00e3o Paulo<br \/>\nAv. Miguel Estefno, 3031\/3687 &#8211; \u00c1gua Funda &#8211; S\u00e3o Paulo &#8211; SP<\/p>\n","protected":false},"excerpt":{"rendered":"<p>Cursos de Jardinagem 2020 Sinal Verde Cursos Ambientais Fone: (0xx11) &#8211; 96607-9357 e-mail: contato@sinalverde.com.br www.sinalverde.com.br Os cursos s\u00e3o realizados no Jardim Bot\u00e2nico de S\u00e3o Paulo Av. Miguel Estefno, 3031\/3687 &#8211; \u00c1gua Funda &#8211; S\u00e3o Paulo &#8211; SP<\/p>\n","protected":false},"author":1,"featured_media":0,"parent":2344,"menu_order":0,"comment_status":"open","ping_status":"open","template":"","meta":[],"_links":{"self":[{"href":"https:\/\/www.infraestruturameioambiente.sp.gov.br\/institutodebotanica\/wp-json\/wp\/v2\/pages\/160"}],"collection":[{"href":"https:\/\/www.infraestruturameioambiente.sp.gov.br\/institutodebotanica\/wp-json\/wp\/v2\/pages"}],"about":[{"href":"https:\/\/www.infraestruturameioambiente.sp.gov.br\/institutodebotanica\/wp-json\/wp\/v2\/types\/page"}],"author":[{"embeddable":true,"href":"https:\/\/www.infraestruturameioambiente.sp.gov.br\/institutodebotanica\/wp-json\/wp\/v2\/users\/1"}],"replies":[{"embeddable":true,"href":"https:\/\/www.infraestruturameioambiente.sp.gov.br\/institutodebotanica\/wp-json\/wp\/v2\/comments?post=160"}],"version-history":[{"count":81,"href":"https:\/\/www.infraestruturameioambiente.sp.gov.br\/institutodebotanica\/wp-json\/wp\/v2\/pages\/160\/revisions"}],"predecessor-version":[{"id":23951,"href":"https:\/\/www.infraestruturameioambiente.sp.gov.br\/institutodebotanica\/wp-json\/wp\/v2\/pages\/160\/revisions\/23951"}],"up":[{"embeddable":true,"href":"https:\/\/www.infraestruturameioambiente.sp.gov.br\/institutodebotanica\/wp-json\/wp\/v2\/pages\/2344"}],"wp:attachment":[{"href":"https:\/\/www.infraestruturameioambiente.sp.gov.br\/institutodebotanica\/wp-json\/wp\/v2\/media?parent=160"}],"curies":[{"name":"wp","href":"https:\/\/api.w.org\/{rel}","templated":true}]}}