{"id":15983,"date":"2014-02-24T16:50:39","date_gmt":"2014-02-24T19:50:39","guid":{"rendered":"https:\/\/www.infraestruturameioambiente.sp.gov.br\/institutodebotanica\/?page_id=15983"},"modified":"2019-04-26T10:36:15","modified_gmt":"2019-04-26T13:36:15","slug":"pesquisadores-nucleo-briologia","status":"publish","type":"page","link":"https:\/\/www.infraestruturameioambiente.sp.gov.br\/institutodebotanica\/pesquisadores-nucleo-briologia\/","title":{"rendered":"Pesquisadores &#8211; N\u00facleo de Pesquisa em Briologia"},"content":{"rendered":"<p><img decoding=\"async\" loading=\"lazy\" class=\"alignleft wp-image-21280\" src=\"https:\/\/www.infraestruturameioambiente.sp.gov.br\/institutodebotanica\/wp-content\/uploads\/sites\/235\/2014\/02\/Denilson-Peralta.jpg\" alt=\"\" width=\"95\" height=\"95\" srcset=\"https:\/\/www.infraestruturameioambiente.sp.gov.br\/institutodebotanica\/wp-content\/uploads\/sites\/235\/2014\/02\/Denilson-Peralta.jpg 749w, https:\/\/www.infraestruturameioambiente.sp.gov.br\/institutodebotanica\/wp-content\/uploads\/sites\/235\/2014\/02\/Denilson-Peralta-150x150.jpg 150w, https:\/\/www.infraestruturameioambiente.sp.gov.br\/institutodebotanica\/wp-content\/uploads\/sites\/235\/2014\/02\/Denilson-Peralta-300x300.jpg 300w, https:\/\/www.infraestruturameioambiente.sp.gov.br\/institutodebotanica\/wp-content\/uploads\/sites\/235\/2014\/02\/Denilson-Peralta-270x270.jpg 270w, https:\/\/www.infraestruturameioambiente.sp.gov.br\/institutodebotanica\/wp-content\/uploads\/sites\/235\/2014\/02\/Denilson-Peralta-155x155.jpg 155w, https:\/\/www.infraestruturameioambiente.sp.gov.br\/institutodebotanica\/wp-content\/uploads\/sites\/235\/2014\/02\/Denilson-Peralta-97x97.jpg 97w, https:\/\/www.infraestruturameioambiente.sp.gov.br\/institutodebotanica\/wp-content\/uploads\/sites\/235\/2014\/02\/Denilson-Peralta-68x68.jpg 68w, https:\/\/www.infraestruturameioambiente.sp.gov.br\/institutodebotanica\/wp-content\/uploads\/sites\/235\/2014\/02\/Denilson-Peralta-201x201.jpg 201w, https:\/\/www.infraestruturameioambiente.sp.gov.br\/institutodebotanica\/wp-content\/uploads\/sites\/235\/2014\/02\/Denilson-Peralta-129x129.jpg 129w, https:\/\/www.infraestruturameioambiente.sp.gov.br\/institutodebotanica\/wp-content\/uploads\/sites\/235\/2014\/02\/Denilson-Peralta-99x99.jpg 99w, https:\/\/www.infraestruturameioambiente.sp.gov.br\/institutodebotanica\/wp-content\/uploads\/sites\/235\/2014\/02\/Denilson-Peralta-70x70.jpg 70w, https:\/\/www.infraestruturameioambiente.sp.gov.br\/institutodebotanica\/wp-content\/uploads\/sites\/235\/2014\/02\/Denilson-Peralta-69x70.jpg 69w\" sizes=\"(max-width: 95px) 100vw, 95px\" \/><strong>Dr. Denilson Fernandes Peralta<\/strong><\/p>\n<p style=\"text-align: justify\">Possui gradua\u00e7\u00e3o em Licenciatura em Ci\u00eancias Biol\u00f3gicas pela Universidade Estadual Paulista J\u00falio de Mesquita Filho(2001), mestrado em Biodiversidade Vegetal e Meio Ambiente pelo Instituto de Bot\u00e2nica(2005), doutorado em Biodiversidade Vegetal e Meio Ambiente pelo Instituto de Bot\u00e2nica(2009) e curso-tecnico-profissionalizantepelo Centro Estadual de Educa\u00e7\u00e3o Tecnol\u00f3gica Paula Souza(1996). Atualmente \u00e9 Pesquisador Cient\u00edfico V do Instituto de Bot\u00e2nica, do Instituto Nacional de Pesquisas da Amaz\u00f4nia, da Universidade de Bras\u00edlia, Orientador em P\u00f3s Gradua\u00e7\u00e3o da Universidade do Estado do Rio de Janeiro e Professor Visitante da Universidade Federal do Paran\u00e1. Tem experi\u00eancia na \u00e1rea de Bot\u00e2nica, com \u00eanfase em Taxonomia Vegetal.<strong>\u00a0<span class=\"texto\">(Texto gerado automaticamente pela aplica\u00e7\u00e3o CVLattes)<\/span><\/strong><\/p>\n<ul>\n<li style=\"text-align: justify\"><strong>E-mail: <\/strong><a href=\"mailto:denilsonfperalta@gmail.com\">denilsonfperalta@gmail.com<\/a>\/<a href=\"mailto:dperalta@ibot.sp.gov.br\">dperalta@ibot.sp.gov.br<\/a><\/li>\n<li><a href=\"http:\/\/lattes.cnpq.br\/8084147980411650\" target=\"_blank\" rel=\"noopener noreferrer\">Curr\u00edculo Lattes<\/a><\/li>\n<\/ul>\n<p>&#8212;&#8212;&#8212;&#8212;&#8212;&#8212;&#8212;&#8212;&#8212;&#8212;&#8212;&#8212;&#8212;&#8212;&#8212;&#8212;&#8212;&#8212;&#8212;&#8212;&#8212;&#8212;&#8212;&#8212;&#8212;&#8212;&#8212;&#8212;&#8212;&#8212;&#8212;&#8212;&#8212;&#8212;&#8212;&#8212;&#8212;&#8212;&#8212;&#8212;&#8212;&#8212;&#8212;&#8212;&#8212;&#8212;&#8212;&#8212;&#8212;&#8212;&#8212;&#8212;&#8212;&#8212;&#8212;&#8212;&#8212;&#8212;&#8211;<\/p>\n<p style=\"text-align: justify\"><a href=\"https:\/\/www.infraestruturameioambiente.sp.gov.br\/institutodebotanica\/wp-content\/uploads\/sites\/235\/2014\/02\/Sandra-Visnadi.jpg\"><img decoding=\"async\" loading=\"lazy\" class=\"wp-image-21281 alignleft\" src=\"https:\/\/www.infraestruturameioambiente.sp.gov.br\/institutodebotanica\/wp-content\/uploads\/sites\/235\/2014\/02\/Sandra-Visnadi.jpg\" alt=\"\" width=\"95\" height=\"136\" srcset=\"https:\/\/www.infraestruturameioambiente.sp.gov.br\/institutodebotanica\/wp-content\/uploads\/sites\/235\/2014\/02\/Sandra-Visnadi.jpg 373w, https:\/\/www.infraestruturameioambiente.sp.gov.br\/institutodebotanica\/wp-content\/uploads\/sites\/235\/2014\/02\/Sandra-Visnadi-209x300.jpg 209w, https:\/\/www.infraestruturameioambiente.sp.gov.br\/institutodebotanica\/wp-content\/uploads\/sites\/235\/2014\/02\/Sandra-Visnadi-188x270.jpg 188w, https:\/\/www.infraestruturameioambiente.sp.gov.br\/institutodebotanica\/wp-content\/uploads\/sites\/235\/2014\/02\/Sandra-Visnadi-108x155.jpg 108w, https:\/\/www.infraestruturameioambiente.sp.gov.br\/institutodebotanica\/wp-content\/uploads\/sites\/235\/2014\/02\/Sandra-Visnadi-68x97.jpg 68w, https:\/\/www.infraestruturameioambiente.sp.gov.br\/institutodebotanica\/wp-content\/uploads\/sites\/235\/2014\/02\/Sandra-Visnadi-47x68.jpg 47w, https:\/\/www.infraestruturameioambiente.sp.gov.br\/institutodebotanica\/wp-content\/uploads\/sites\/235\/2014\/02\/Sandra-Visnadi-140x201.jpg 140w, https:\/\/www.infraestruturameioambiente.sp.gov.br\/institutodebotanica\/wp-content\/uploads\/sites\/235\/2014\/02\/Sandra-Visnadi-90x129.jpg 90w, https:\/\/www.infraestruturameioambiente.sp.gov.br\/institutodebotanica\/wp-content\/uploads\/sites\/235\/2014\/02\/Sandra-Visnadi-69x99.jpg 69w, https:\/\/www.infraestruturameioambiente.sp.gov.br\/institutodebotanica\/wp-content\/uploads\/sites\/235\/2014\/02\/Sandra-Visnadi-49x70.jpg 49w\" sizes=\"(max-width: 95px) 100vw, 95px\" \/><\/a><\/p>\n<p style=\"text-align: justify\"><strong>Dra.\u00a0Sandra Regina Visnadi<\/strong><\/p>\n<p style=\"text-align: justify\">Possui gradua\u00e7\u00e3o em Bacharelado em Ci\u00eancias Biol\u00f3gicas (1987), Mestrado (1993) e Doutorado (1999) em Ci\u00eancias Biol\u00f3gicas (Biologia Vegetal) pela Universidade Estadual Paulista J\u00falio de Mesquita Filho. \u00c9 Pesquisador Cient\u00edfico, n\u00edvel V, do Instituto de Bot\u00e2nica, onde trabalha (desde 1992) na \u00e1rea de Taxonomia Vegetal. Realizou pesquisas com bri\u00f3fitas de ecossistemas costeiros e do cerrado paulistas. Estuda a brioflora de parques do munic\u00edpio de S\u00e3o Paulo (desde 2015), coordena o Programa Jardim Escola (desde 2008), que visa a capacita\u00e7\u00e3o profissional em jardinagem e horticultura de cidad\u00e3os de baixa renda e desempregados e colabora (desde 2012) na revitaliza\u00e7\u00e3o de locais da \u00e1rea de visita\u00e7\u00e3o p\u00fablica (Jardim Bot\u00e2nico) do Instituto de Bot\u00e2nica de S\u00e3o Paulo.<span class=\"texto\">\u00a0<strong>(Texto informado pelo autor)<\/strong><\/span><\/p>\n<ul>\n<li style=\"text-align: justify\"><strong>E-mail: <\/strong><a href=\"mailto:svisnadi@uol.com.br\">svisnadi@uol.com.br<\/a><\/li>\n<li style=\"text-align: justify\"><a href=\"http:\/\/lattes.cnpq.br\/2567787670451168\" target=\"_blank\" rel=\"noopener noreferrer\">Curr\u00edculo Lattes<\/a><\/li>\n<\/ul>\n<p>&#8212;&#8212;&#8212;&#8212;&#8212;&#8212;&#8212;&#8212;&#8212;&#8212;&#8212;&#8212;&#8212;&#8212;&#8212;&#8212;&#8212;&#8212;&#8212;&#8212;&#8212;&#8212;&#8212;&#8212;&#8212;&#8212;&#8212;&#8212;&#8212;&#8212;&#8212;&#8212;&#8212;&#8212;&#8212;&#8212;&#8212;&#8212;&#8212;&#8212;&#8212;&#8212;&#8212;&#8212;&#8212;&#8212;&#8212;&#8212;&#8212;&#8212;&#8211;<\/p>\n","protected":false},"excerpt":{"rendered":"<p>Dr. Denilson Fernandes Peralta Possui gradua\u00e7\u00e3o em Licenciatura em Ci\u00eancias Biol\u00f3gicas pela Universidade Estadual Paulista J\u00falio de Mesquita Filho(2001), mestrado em Biodiversidade Vegetal e Meio Ambiente pelo Instituto de Bot\u00e2nica(2005), doutorado em Biodiversidade Vegetal e Meio Ambiente pelo Instituto de Bot\u00e2nica(2009) e curso-tecnico-profissionalizantepelo Centro Estadual de Educa\u00e7\u00e3o Tecnol\u00f3gica Paula Souza(1996). Atualmente \u00e9 Pesquisador Cient\u00edfico V [&hellip;]<\/p>\n","protected":false},"author":95,"featured_media":0,"parent":0,"menu_order":0,"comment_status":"closed","ping_status":"closed","template":"","meta":[],"_links":{"self":[{"href":"https:\/\/www.infraestruturameioambiente.sp.gov.br\/institutodebotanica\/wp-json\/wp\/v2\/pages\/15983"}],"collection":[{"href":"https:\/\/www.infraestruturameioambiente.sp.gov.br\/institutodebotanica\/wp-json\/wp\/v2\/pages"}],"about":[{"href":"https:\/\/www.infraestruturameioambiente.sp.gov.br\/institutodebotanica\/wp-json\/wp\/v2\/types\/page"}],"author":[{"embeddable":true,"href":"https:\/\/www.infraestruturameioambiente.sp.gov.br\/institutodebotanica\/wp-json\/wp\/v2\/users\/95"}],"replies":[{"embeddable":true,"href":"https:\/\/www.infraestruturameioambiente.sp.gov.br\/institutodebotanica\/wp-json\/wp\/v2\/comments?post=15983"}],"version-history":[{"count":20,"href":"https:\/\/www.infraestruturameioambiente.sp.gov.br\/institutodebotanica\/wp-json\/wp\/v2\/pages\/15983\/revisions"}],"predecessor-version":[{"id":22715,"href":"https:\/\/www.infraestruturameioambiente.sp.gov.br\/institutodebotanica\/wp-json\/wp\/v2\/pages\/15983\/revisions\/22715"}],"wp:attachment":[{"href":"https:\/\/www.infraestruturameioambiente.sp.gov.br\/institutodebotanica\/wp-json\/wp\/v2\/media?parent=15983"}],"curies":[{"name":"wp","href":"https:\/\/api.w.org\/{rel}","templated":true}]}}