{"id":15971,"date":"2014-02-24T16:52:48","date_gmt":"2014-02-24T19:52:48","guid":{"rendered":"https:\/\/www.infraestruturameioambiente.sp.gov.br\/institutodebotanica\/?page_id=15971"},"modified":"2018-03-28T16:10:17","modified_gmt":"2018-03-28T19:10:17","slug":"pesquisadores-nucleo-de-pesquisa-em-ficologia","status":"publish","type":"page","link":"https:\/\/www.infraestruturameioambiente.sp.gov.br\/institutodebotanica\/pesquisadores-nucleo-de-pesquisa-em-ficologia\/","title":{"rendered":"Pesquisadores &#8211; N\u00facleo de Pesquisa em Ficologia"},"content":{"rendered":"<p>&nbsp;<\/p>\n<p><strong><img decoding=\"async\" loading=\"lazy\" class=\"wp-image-21308 alignleft\" src=\"https:\/\/www.infraestruturameioambiente.sp.gov.br\/institutodebotanica\/wp-content\/uploads\/sites\/235\/2014\/02\/Andr\u00e9a-Tucci.jpg\" alt=\"\" width=\"95\" height=\"144\" srcset=\"https:\/\/www.infraestruturameioambiente.sp.gov.br\/institutodebotanica\/wp-content\/uploads\/sites\/235\/2014\/02\/Andr\u00e9a-Tucci.jpg 175w, https:\/\/www.infraestruturameioambiente.sp.gov.br\/institutodebotanica\/wp-content\/uploads\/sites\/235\/2014\/02\/Andr\u00e9a-Tucci-102x155.jpg 102w, https:\/\/www.infraestruturameioambiente.sp.gov.br\/institutodebotanica\/wp-content\/uploads\/sites\/235\/2014\/02\/Andr\u00e9a-Tucci-64x97.jpg 64w, https:\/\/www.infraestruturameioambiente.sp.gov.br\/institutodebotanica\/wp-content\/uploads\/sites\/235\/2014\/02\/Andr\u00e9a-Tucci-45x68.jpg 45w, https:\/\/www.infraestruturameioambiente.sp.gov.br\/institutodebotanica\/wp-content\/uploads\/sites\/235\/2014\/02\/Andr\u00e9a-Tucci-132x201.jpg 132w, https:\/\/www.infraestruturameioambiente.sp.gov.br\/institutodebotanica\/wp-content\/uploads\/sites\/235\/2014\/02\/Andr\u00e9a-Tucci-85x129.jpg 85w, https:\/\/www.infraestruturameioambiente.sp.gov.br\/institutodebotanica\/wp-content\/uploads\/sites\/235\/2014\/02\/Andr\u00e9a-Tucci-65x99.jpg 65w, https:\/\/www.infraestruturameioambiente.sp.gov.br\/institutodebotanica\/wp-content\/uploads\/sites\/235\/2014\/02\/Andr\u00e9a-Tucci-46x70.jpg 46w\" sizes=\"(max-width: 95px) 100vw, 95px\" \/>Dra. Andrea Tucci<\/strong><\/p>\n<p style=\"text-align: justify\">Possui gradua\u00e7\u00e3o em Ci\u00eancias Biol\u00f3gicas pela Pontif\u00edcia Universidade Cat\u00f3lica de Campinas Licenciatura (1990) e Bacharelado (1991), Mestrado em Ci\u00eancias Biol\u00f3gicas (\u00e1rea de Biologia Vegetal) pela Universidade Estadual Paulista J\u00falio de Mesquita Filho (1998) e Doutorado em Ci\u00eancias Biol\u00f3gicas (\u00e1rea de Biologia Vegetal) pela Universidade Estadual Paulista J\u00falio de Mesquita Filho (2002). Atualmente \u00e9 Pesquisador Cient\u00edfico do Instituto de Bot\u00e2nica, colaborador em Projetos de Pesquisa coordenados por pesquisadores de diferentes institui\u00e7\u00f5es de pesquisa e universidades. Tem experi\u00eancia na \u00e1rea de Taxonomia de Microalgas de \u00c1guas Continentais, Ecologia de Ecossistemas Aqu\u00e1ticos, com \u00eanfase em Ecologia do Fitopl\u00e2ncton, especialmente estrutura da comunidade fitoplanct\u00f4nica de reservat\u00f3rios de abastecimento, tanques de aquicultura e ambientes eutrofizados. Credenciada como Docente do Programa de P\u00f3s-gradua\u00e7\u00e3o em Biodiversidade Vegetal e Meio Ambiente do Instituto de Bot\u00e2nica. Orienta alunos de Doutorado, Mestrado e Inicia\u00e7\u00e3o Cient\u00edfica.<span class=\"texto\">\u00a0<strong>(Texto informado pelo autor)<\/strong><\/span><\/p>\n<ul>\n<li style=\"text-align: justify\"><strong>E-mail: <\/strong><a href=\"mailto:atuccic@gmail.com\" target=\"_blank\" rel=\"noopener\">atuccic@gmail.com<\/a><\/li>\n<li><a href=\"http:\/\/lattes.cnpq.br\/3042923736125076\" target=\"_blank\" rel=\"noopener\">Curr\u00edculo Lattes<\/a><\/li>\n<\/ul>\n<p>&#8212;&#8212;&#8212;&#8212;&#8212;&#8212;&#8212;&#8212;&#8212;&#8212;&#8212;&#8212;&#8212;&#8212;&#8212;&#8212;&#8212;&#8212;&#8212;&#8212;&#8212;&#8212;&#8212;&#8212;&#8212;&#8212;&#8212;&#8212;&#8212;&#8212;&#8212;&#8212;&#8212;&#8212;&#8212;&#8212;&#8212;&#8212;&#8212;&#8212;&#8212;&#8212;&#8212;&#8212;&#8212;&#8212;&#8212;&#8212;&#8212;&#8212;&#8211;<\/p>\n<p style=\"text-align: justify\"><strong><img decoding=\"async\" loading=\"lazy\" class=\"alignleft wp-image-15908 size-full\" src=\"https:\/\/www.infraestruturameioambiente.sp.gov.br\/institutodebotanica\/wp-content\/uploads\/sites\/235\/2013\/10\/semfoto.jpg\" alt=\"\" width=\"95\" height=\"99\" srcset=\"https:\/\/www.infraestruturameioambiente.sp.gov.br\/institutodebotanica\/wp-content\/uploads\/sites\/235\/2013\/10\/semfoto.jpg 95w, https:\/\/www.infraestruturameioambiente.sp.gov.br\/institutodebotanica\/wp-content\/uploads\/sites\/235\/2013\/10\/semfoto-93x97.jpg 93w, https:\/\/www.infraestruturameioambiente.sp.gov.br\/institutodebotanica\/wp-content\/uploads\/sites\/235\/2013\/10\/semfoto-65x68.jpg 65w, https:\/\/www.infraestruturameioambiente.sp.gov.br\/institutodebotanica\/wp-content\/uploads\/sites\/235\/2013\/10\/semfoto-67x70.jpg 67w\" sizes=\"(max-width: 95px) 100vw, 95px\" \/>Dra.\u00a0C\u00e9lia Leite Sant`Anna<\/strong><\/p>\n<p style=\"text-align: justify\">Possui gradua\u00e7\u00e3o em Ci\u00eancias Biol\u00f3gicas pela Universidade de S\u00e3o Paulo (1971), doutorado em Ci\u00eancias Biol\u00f3gicas (Bot\u00e2nica) pela Universidade de S\u00e3o Paulo (1980) e p\u00f3s doutorado no Museu de Historia Natural de Paris, Fran\u00e7a (1980-1981). Atualmente \u00e9 pesquisador cientifico VI do Instituto de Bot\u00e2nica. \u00cb especialista em taxonomia, filogenia e ecologia de microalgas e cianobact\u00e9rias, atuando principalmente nos seguintes temas: biodiversidade de microalgas e cianobact\u00e9rias de \u00e1guas continentais, produ\u00e7\u00e3o de cianotoxinas, represas de abastecimento, monitoramento. Foi Presidente da Sociedade Brasileira de Ficologia (2007-2010), Curadora do Herb\u00e1rio de Algas do Instituto de Bot\u00e2nica (1994-2013), Coordenadora do Programa de P\u00f3s-Gradua\u00e7\u00e3o do Instituto de Bot\u00e2nica (2013-2017) e atualmente \u00e9 docente do Programa de P\u00f3s-Gradua\u00e7\u00e3o em &#8220;Biodiversidade Vegetal e Meio Ambiente&#8221;, desta Institui\u00e7\u00e3o.<span class=\"texto\">\u00a0<strong>(Texto informado pelo autor)<\/strong><\/span><\/p>\n<ul>\n<li><strong>E-mail: <\/strong><a href=\"mailto:celialsant@gmail.com\" target=\"_blank\" rel=\"noopener\">celialsant@gmail.com<\/a><\/li>\n<li style=\"text-align: justify\"><a href=\"http:\/\/lattes.cnpq.br\/3883417358448884\" target=\"_blank\" rel=\"noopener\">Curr\u00edculo Lattes<\/a><\/li>\n<\/ul>\n<p>&#8212;&#8212;&#8212;&#8212;&#8212;&#8212;&#8212;&#8212;&#8212;&#8212;&#8212;&#8212;&#8212;&#8212;&#8212;&#8212;&#8212;&#8212;&#8212;&#8212;&#8212;&#8212;&#8212;&#8212;&#8212;&#8212;&#8212;&#8212;&#8212;&#8212;&#8212;&#8212;&#8212;&#8212;&#8212;&#8212;&#8212;&#8212;&#8212;&#8212;&#8212;&#8212;&#8212;&#8212;&#8212;&#8212;&#8212;&#8212;&#8212;&#8212;&#8211;<\/p>\n<p style=\"text-align: justify\"><strong><img decoding=\"async\" loading=\"lazy\" class=\"alignleft wp-image-15908 size-full\" src=\"https:\/\/www.infraestruturameioambiente.sp.gov.br\/institutodebotanica\/wp-content\/uploads\/sites\/235\/2013\/10\/semfoto.jpg\" alt=\"\" width=\"95\" height=\"99\" srcset=\"https:\/\/www.infraestruturameioambiente.sp.gov.br\/institutodebotanica\/wp-content\/uploads\/sites\/235\/2013\/10\/semfoto.jpg 95w, https:\/\/www.infraestruturameioambiente.sp.gov.br\/institutodebotanica\/wp-content\/uploads\/sites\/235\/2013\/10\/semfoto-93x97.jpg 93w, https:\/\/www.infraestruturameioambiente.sp.gov.br\/institutodebotanica\/wp-content\/uploads\/sites\/235\/2013\/10\/semfoto-65x68.jpg 65w, https:\/\/www.infraestruturameioambiente.sp.gov.br\/institutodebotanica\/wp-content\/uploads\/sites\/235\/2013\/10\/semfoto-67x70.jpg 67w\" sizes=\"(max-width: 95px) 100vw, 95px\" \/><\/strong><\/p>\n<p style=\"text-align: justify\"><strong>Dra.\u00a0Mutue Toyota Fujii<\/strong><\/p>\n<p style=\"text-align: justify\">Possui gradua\u00e7\u00e3o em Ci\u00eancias Biol\u00f3gicas &#8211; Fac Filos Ci\u00eanc Letras Farias Brito (1976), mestrado em Ci\u00eancias Biol\u00f3gicas (Biologia Vegetal) pela Universidade Estadual Paulista J\u00falio de Mesquita Filho (1990), doutorado em Ci\u00eancias Biol\u00f3gicas (Biologia Vegetal) pela Universidade Estadual Paulista J\u00falio de Mesquita Filho (1998) e realizou est\u00e2ncia P\u00f3s-doutoral nos EUA, na University of Louisiana at Lafayette (2001). Atualmente \u00e9 Pesquisadora Cient\u00edfica no Instituto de Bot\u00e2nica e credenciada no Programa de P\u00f3s-gradua\u00e7\u00e3o do Instituto de Bot\u00e2nica e do Departamento de Oceanografia (DOCEAN), da Universidade Federal de Pernambuco . Tem experi\u00eancia na \u00e1rea de Bot\u00e2nica, com \u00eanfase em Taxonomia de Cript\u00f3gamos, atuando principalmente nos seguintes temas: algas marinhas bent\u00f4nicas, sistem\u00e1tica e filogenia molecular.<span class=\"texto\">\u00a0(Texto informado pelo autor)<\/span><\/p>\n<ul>\n<li><strong>E-mail: <\/strong><a href=\"mailto:mutue.fujii@gmail.com\">mutue.fujii@gmail.com<\/a><\/li>\n<li style=\"text-align: justify\"><a href=\"http:\/\/lattes.cnpq.br\/7031182853583219\" target=\"_blank\" rel=\"noopener\">Curr\u00edculo Lattes<\/a><\/li>\n<\/ul>\n<p>&#8212;&#8212;&#8212;&#8212;&#8212;&#8212;&#8212;&#8212;&#8212;&#8212;&#8212;&#8212;&#8212;&#8212;&#8212;&#8212;&#8212;&#8212;&#8212;&#8212;&#8212;&#8212;&#8212;&#8212;&#8212;&#8212;&#8212;&#8212;&#8212;&#8212;&#8212;&#8212;&#8212;&#8212;&#8212;&#8212;&#8212;&#8212;&#8212;&#8212;&#8212;&#8212;&#8212;&#8212;&#8212;&#8212;&#8212;&#8212;&#8212;&#8212;&#8211;<br \/>\n<strong><img decoding=\"async\" loading=\"lazy\" class=\"alignleft wp-image-15908 size-full\" src=\"https:\/\/www.infraestruturameioambiente.sp.gov.br\/institutodebotanica\/wp-content\/uploads\/sites\/235\/2013\/10\/semfoto.jpg\" alt=\"\" width=\"95\" height=\"99\" srcset=\"https:\/\/www.infraestruturameioambiente.sp.gov.br\/institutodebotanica\/wp-content\/uploads\/sites\/235\/2013\/10\/semfoto.jpg 95w, https:\/\/www.infraestruturameioambiente.sp.gov.br\/institutodebotanica\/wp-content\/uploads\/sites\/235\/2013\/10\/semfoto-93x97.jpg 93w, https:\/\/www.infraestruturameioambiente.sp.gov.br\/institutodebotanica\/wp-content\/uploads\/sites\/235\/2013\/10\/semfoto-65x68.jpg 65w, https:\/\/www.infraestruturameioambiente.sp.gov.br\/institutodebotanica\/wp-content\/uploads\/sites\/235\/2013\/10\/semfoto-67x70.jpg 67w\" sizes=\"(max-width: 95px) 100vw, 95px\" \/>Dra.\u00a0Nair Sumie Yokoya<\/strong><\/p>\n<p style=\"text-align: justify\">Possui gradua\u00e7\u00e3o em Ci\u00eancias Biol\u00f3gicas (USP-SP), mestrado em Bot\u00e2nica (1989) e doutorado em Ci\u00eancias (1996) pela USP-SP, e p\u00f3s-doutorado no Shikoku National Industrial Research Institute, Jap\u00e3o (1997-1998). \u00c9 pesquisadora cient\u00edfica do Instituto de Bot\u00e2nica (S\u00e3o Paulo) e docente do Programa de P\u00f3s-Gradua\u00e7\u00e3o em Biodiversidade Vegetal e Meio Ambiente. Foi presidente da RedeAlgas (Rede Nacional em Biotecnologia de Macroalgas Marinhas) de julho\/2009 a maio\/2014. Membro do corpo editorial do Journal of Applied Phycology desde 2004, e atuou como editor assistente no per\u00edodo de 2015 a 2016. Tem experi\u00eancia na \u00e1rea de Bot\u00e2nica, atuando principalmente nos seguintes temas: fisiologia, cultivo e biotecnologia das macroalgas marinhas do litoral brasileiro e das regi\u00f5es ant\u00e1rticas e subant\u00e1rticas.<span class=\"texto\">\u00a0<strong>(Texto informado pelo autor)<\/strong><\/span><\/p>\n<ul>\n<li style=\"text-align: justify\"><strong>E-mail: <\/strong><a href=\"mailto:nyokoya@hotmail.com\">nyokoya@hotmail.com<\/a><\/li>\n<li><a href=\"http:\/\/lattes.cnpq.br\/4867627743145895\" target=\"_blank\" rel=\"noopener\">Curr\u00edculo Lattes<\/a><\/li>\n<\/ul>\n<p>&#8212;&#8212;&#8212;&#8212;&#8212;&#8212;&#8212;&#8212;&#8212;&#8212;&#8212;&#8212;&#8212;&#8212;&#8212;&#8212;&#8212;&#8212;&#8212;&#8212;&#8212;&#8212;&#8212;&#8212;&#8212;&#8212;&#8212;&#8212;&#8212;&#8212;&#8212;&#8212;&#8212;&#8212;&#8212;&#8212;&#8212;&#8212;&#8212;&#8212;&#8212;&#8212;&#8212;&#8212;&#8212;&#8212;&#8212;&#8212;&#8212;&#8212;&#8211;<\/p>\n","protected":false},"excerpt":{"rendered":"<p>&nbsp; Dra. Andrea Tucci Possui gradua\u00e7\u00e3o em Ci\u00eancias Biol\u00f3gicas pela Pontif\u00edcia Universidade Cat\u00f3lica de Campinas Licenciatura (1990) e Bacharelado (1991), Mestrado em Ci\u00eancias Biol\u00f3gicas (\u00e1rea de Biologia Vegetal) pela Universidade Estadual Paulista J\u00falio de Mesquita Filho (1998) e Doutorado em Ci\u00eancias Biol\u00f3gicas (\u00e1rea de Biologia Vegetal) pela Universidade Estadual Paulista J\u00falio de Mesquita Filho (2002). [&hellip;]<\/p>\n","protected":false},"author":59,"featured_media":0,"parent":0,"menu_order":0,"comment_status":"closed","ping_status":"closed","template":"","meta":[],"_links":{"self":[{"href":"https:\/\/www.infraestruturameioambiente.sp.gov.br\/institutodebotanica\/wp-json\/wp\/v2\/pages\/15971"}],"collection":[{"href":"https:\/\/www.infraestruturameioambiente.sp.gov.br\/institutodebotanica\/wp-json\/wp\/v2\/pages"}],"about":[{"href":"https:\/\/www.infraestruturameioambiente.sp.gov.br\/institutodebotanica\/wp-json\/wp\/v2\/types\/page"}],"author":[{"embeddable":true,"href":"https:\/\/www.infraestruturameioambiente.sp.gov.br\/institutodebotanica\/wp-json\/wp\/v2\/users\/59"}],"replies":[{"embeddable":true,"href":"https:\/\/www.infraestruturameioambiente.sp.gov.br\/institutodebotanica\/wp-json\/wp\/v2\/comments?post=15971"}],"version-history":[{"count":19,"href":"https:\/\/www.infraestruturameioambiente.sp.gov.br\/institutodebotanica\/wp-json\/wp\/v2\/pages\/15971\/revisions"}],"predecessor-version":[{"id":21908,"href":"https:\/\/www.infraestruturameioambiente.sp.gov.br\/institutodebotanica\/wp-json\/wp\/v2\/pages\/15971\/revisions\/21908"}],"wp:attachment":[{"href":"https:\/\/www.infraestruturameioambiente.sp.gov.br\/institutodebotanica\/wp-json\/wp\/v2\/media?parent=15971"}],"curies":[{"name":"wp","href":"https:\/\/api.w.org\/{rel}","templated":true}]}}