{"id":15893,"date":"2013-10-02T14:33:55","date_gmt":"2013-10-02T17:33:55","guid":{"rendered":"https:\/\/www.infraestruturameioambiente.sp.gov.br\/institutodebotanica\/?page_id=15893"},"modified":"2014-02-20T16:47:55","modified_gmt":"2014-02-20T19:47:55","slug":"cerad-ferramentas-para-restauracao","status":"publish","type":"page","link":"https:\/\/www.infraestruturameioambiente.sp.gov.br\/institutodebotanica\/cerad\/cerad-ferramentas-para-restauracao\/","title":{"rendered":"CERAD &#8211; Ferramentas para Restaura\u00e7\u00e3o"},"content":{"rendered":"<div class=\"wc-gallery\"><div id='gallery-1' data-gutter-width='5' data-columns='1' class='gallery wc-gallery-captions-onhover gallery-link-file gallery-masonry galleryid-15893 gallery-columns-1 gallery-size-thumbnail wc-gallery-bottomspace-default wc-gallery-clear'><div class='gallery-item gallery-item-position-1 gallery-item-attachment-16307'>\n\t\t\t\t<div class='gallery-icon landscape'>\n\t\t\t\t\t<a href='https:\/\/www.infraestruturameioambiente.sp.gov.br\/institutodebotanica\/wp-content\/uploads\/sites\/235\/2013\/12\/13Foto_Cerad-11-600x600.jpg' title='' target='_self'><img width=\"150\" height=\"150\" src=\"https:\/\/www.infraestruturameioambiente.sp.gov.br\/institutodebotanica\/wp-content\/uploads\/sites\/235\/2013\/12\/13Foto_Cerad-11-150x150.jpg\" class=\"attachment-thumbnail size-thumbnail\" alt=\"\" decoding=\"async\" loading=\"lazy\" srcset=\"https:\/\/www.infraestruturameioambiente.sp.gov.br\/institutodebotanica\/wp-content\/uploads\/sites\/235\/2013\/12\/13Foto_Cerad-11-150x150.jpg 150w, https:\/\/www.infraestruturameioambiente.sp.gov.br\/institutodebotanica\/wp-content\/uploads\/sites\/235\/2013\/12\/13Foto_Cerad-11-600x600.jpg 600w\" sizes=\"(max-width: 150px) 100vw, 150px\" \/><\/a>\n\t\t\t\t<\/div><\/div><div class='gallery-item gallery-item-position-2 gallery-item-attachment-16309'>\n\t\t\t\t<div class='gallery-icon landscape'>\n\t\t\t\t\t<a href='https:\/\/www.infraestruturameioambiente.sp.gov.br\/institutodebotanica\/wp-content\/uploads\/sites\/235\/2013\/12\/15Foto_Cerad-12-600x600.jpg' title='' target='_self'><img width=\"150\" height=\"150\" src=\"https:\/\/www.infraestruturameioambiente.sp.gov.br\/institutodebotanica\/wp-content\/uploads\/sites\/235\/2013\/12\/15Foto_Cerad-12-150x150.jpg\" class=\"attachment-thumbnail size-thumbnail\" alt=\"\" decoding=\"async\" loading=\"lazy\" srcset=\"https:\/\/www.infraestruturameioambiente.sp.gov.br\/institutodebotanica\/wp-content\/uploads\/sites\/235\/2013\/12\/15Foto_Cerad-12-150x150.jpg 150w, https:\/\/www.infraestruturameioambiente.sp.gov.br\/institutodebotanica\/wp-content\/uploads\/sites\/235\/2013\/12\/15Foto_Cerad-12-600x600.jpg 600w\" sizes=\"(max-width: 150px) 100vw, 150px\" \/><\/a>\n\t\t\t\t<\/div><\/div><div class='gallery-item gallery-item-position-3 gallery-item-attachment-16310'>\n\t\t\t\t<div class='gallery-icon portrait'>\n\t\t\t\t\t<a href='https:\/\/www.infraestruturameioambiente.sp.gov.br\/institutodebotanica\/wp-content\/uploads\/sites\/235\/2013\/12\/16Foto_Cerad-13.jpg' title='' target='_self'><img width=\"150\" height=\"150\" src=\"https:\/\/www.infraestruturameioambiente.sp.gov.br\/institutodebotanica\/wp-content\/uploads\/sites\/235\/2013\/12\/16Foto_Cerad-13-150x150.jpg\" class=\"attachment-thumbnail size-thumbnail\" alt=\"\" decoding=\"async\" loading=\"lazy\" \/><\/a>\n\t\t\t\t<\/div><\/div><\/div>\n<\/div>\n<p style=\"text-align: justify\">Por ser uma institui\u00e7\u00e3o p\u00fablica, o Instituto de Bot\u00e2nica possui como miss\u00e3o, entre outros aspectos, a gera\u00e7\u00e3o e disponibiliza\u00e7\u00e3o de informa\u00e7\u00f5es (ferramentas) em seu site (www.ibot.sp.gov.br), que possam auxiliar nos processos de restaura\u00e7\u00e3o ecol\u00f3gica de \u00e1reas degradadas, desde o diagn\u00f3stico e a concep\u00e7\u00e3o de projetos, at\u00e9 seu efetivo estabelecimento.<\/p>\n<p style=\"text-align: justify\">Como exemplo de algumas ferramentas, podemos citar:<\/p>\n<p style=\"text-align: justify\">1. Chave de tomada de decis\u00f5es;<\/p>\n<p style=\"text-align: justify\">2. Lista de esp\u00e9cies arb\u00f3reas nativas com informa\u00e7\u00f5es sobre ocorr\u00eancia regional, classe sucessional, s\u00edndromes de dispers\u00e3o e outros;<\/p>\n<p style=\"text-align: justify\">3. Lista georreferenciada de viveiros de produ\u00e7\u00e3o de mudas do Estado de S\u00e3o Paulo;<\/p>\n<p style=\"text-align: justify\">4. Cursos de capacita\u00e7\u00e3o.<\/p>\n","protected":false},"excerpt":{"rendered":"<p>Por ser uma institui\u00e7\u00e3o p\u00fablica, o Instituto de Bot\u00e2nica possui como miss\u00e3o, entre outros aspectos, a gera\u00e7\u00e3o e disponibiliza\u00e7\u00e3o de informa\u00e7\u00f5es (ferramentas) em seu site (www.ibot.sp.gov.br), que possam auxiliar nos processos de restaura\u00e7\u00e3o ecol\u00f3gica de \u00e1reas degradadas, desde o diagn\u00f3stico e a concep\u00e7\u00e3o de projetos, at\u00e9 seu efetivo estabelecimento. Como exemplo de algumas ferramentas, podemos [&hellip;]<\/p>\n","protected":false},"author":39,"featured_media":0,"parent":15874,"menu_order":4,"comment_status":"closed","ping_status":"closed","template":"","meta":[],"_links":{"self":[{"href":"https:\/\/www.infraestruturameioambiente.sp.gov.br\/institutodebotanica\/wp-json\/wp\/v2\/pages\/15893"}],"collection":[{"href":"https:\/\/www.infraestruturameioambiente.sp.gov.br\/institutodebotanica\/wp-json\/wp\/v2\/pages"}],"about":[{"href":"https:\/\/www.infraestruturameioambiente.sp.gov.br\/institutodebotanica\/wp-json\/wp\/v2\/types\/page"}],"author":[{"embeddable":true,"href":"https:\/\/www.infraestruturameioambiente.sp.gov.br\/institutodebotanica\/wp-json\/wp\/v2\/users\/39"}],"replies":[{"embeddable":true,"href":"https:\/\/www.infraestruturameioambiente.sp.gov.br\/institutodebotanica\/wp-json\/wp\/v2\/comments?post=15893"}],"version-history":[{"count":4,"href":"https:\/\/www.infraestruturameioambiente.sp.gov.br\/institutodebotanica\/wp-json\/wp\/v2\/pages\/15893\/revisions"}],"predecessor-version":[{"id":16528,"href":"https:\/\/www.infraestruturameioambiente.sp.gov.br\/institutodebotanica\/wp-json\/wp\/v2\/pages\/15893\/revisions\/16528"}],"up":[{"embeddable":true,"href":"https:\/\/www.infraestruturameioambiente.sp.gov.br\/institutodebotanica\/wp-json\/wp\/v2\/pages\/15874"}],"wp:attachment":[{"href":"https:\/\/www.infraestruturameioambiente.sp.gov.br\/institutodebotanica\/wp-json\/wp\/v2\/media?parent=15893"}],"curies":[{"name":"wp","href":"https:\/\/api.w.org\/{rel}","templated":true}]}}