{"id":15890,"date":"2013-10-02T14:31:35","date_gmt":"2013-10-02T17:31:35","guid":{"rendered":"https:\/\/www.infraestruturameioambiente.sp.gov.br\/institutodebotanica\/?page_id=15890"},"modified":"2019-11-12T12:35:40","modified_gmt":"2019-11-12T14:35:40","slug":"cerad-eventos-cientificos","status":"publish","type":"page","link":"https:\/\/www.infraestruturameioambiente.sp.gov.br\/institutodebotanica\/cerad\/cerad-eventos-cientificos\/","title":{"rendered":"CERAD &#8211; Eventos Cient\u00edficos"},"content":{"rendered":"<p><strong>&#8211; VIII Simp\u00f3sio de Restaura\u00e7\u00e3o Ecol\u00f3gica de 2019<\/strong><\/p>\n<div class=\"wc-gallery\"><div class='gallery wc-gallery-captions-onhover gallery-link-file wcowlautowidth wcowlcarousel wc-gallery-bottomspace-default wc-gallery-clear'><div id='gallery-1' class='owl-carousel' data-gutter-width='5' data-columns='1' data-hide-controls='false'><div class='gallery-item item gallery-item-position-1 gallery-item-attachment-23106' style='width:200px'><div class='gallery-icon landscape'><a href=\"https:\/\/www.infraestruturameioambiente.sp.gov.br\/institutodebotanica\/wp-content\/uploads\/sites\/235\/2019\/11\/img-20191106-wa0011.jpg\" target=\"_self\"><img src='https:\/\/www.infraestruturameioambiente.sp.gov.br\/institutodebotanica\/wp-content\/uploads\/sites\/235\/2019\/11\/img-20191106-wa0011-200x200.jpg' width='200' height='200' alt='' \/><\/a><\/div><\/div><div class='gallery-item item gallery-item-position-2 gallery-item-attachment-23095' style='width:200px'><div class='gallery-icon landscape'><a href=\"https:\/\/www.infraestruturameioambiente.sp.gov.br\/institutodebotanica\/wp-content\/uploads\/sites\/235\/2019\/11\/img-20191106-wa0059-e1573490646460.jpg\" target=\"_self\"><img src='https:\/\/www.infraestruturameioambiente.sp.gov.br\/institutodebotanica\/wp-content\/uploads\/sites\/235\/2019\/11\/img-20191106-wa0059-200x200.jpg' width='200' height='200' alt='' \/><\/a><\/div><\/div><div class='gallery-item item gallery-item-position-3 gallery-item-attachment-23093' style='width:200px'><div class='gallery-icon landscape'><a href=\"https:\/\/www.infraestruturameioambiente.sp.gov.br\/institutodebotanica\/wp-content\/uploads\/sites\/235\/2019\/11\/img-20191106-wa0041-e1573492246578.jpg\" target=\"_self\"><img src='https:\/\/www.infraestruturameioambiente.sp.gov.br\/institutodebotanica\/wp-content\/uploads\/sites\/235\/2019\/11\/img-20191106-wa0041-200x200.jpg' width='200' height='200' alt='' \/><\/a><\/div><\/div><div class='gallery-item item gallery-item-position-4 gallery-item-attachment-23087' style='width:200px'><div class='gallery-icon landscape'><a href=\"https:\/\/www.infraestruturameioambiente.sp.gov.br\/institutodebotanica\/wp-content\/uploads\/sites\/235\/2019\/11\/img-20191106-wa0029-e1573498730412.jpg\" target=\"_self\"><img src='https:\/\/www.infraestruturameioambiente.sp.gov.br\/institutodebotanica\/wp-content\/uploads\/sites\/235\/2019\/11\/img-20191106-wa0029-200x200.jpg' width='200' height='200' alt='' \/><\/a><\/div><\/div><div class='gallery-item item gallery-item-position-5 gallery-item-attachment-23078' style='width:200px'><div class='gallery-icon landscape'><a href=\"https:\/\/www.infraestruturameioambiente.sp.gov.br\/institutodebotanica\/wp-content\/uploads\/sites\/235\/2019\/11\/img-20191106-wa0019-e1573498857488.jpg\" target=\"_self\"><img src='https:\/\/www.infraestruturameioambiente.sp.gov.br\/institutodebotanica\/wp-content\/uploads\/sites\/235\/2019\/11\/img-20191106-wa0019-200x200.jpg' width='200' height='200' alt='' \/><\/a><\/div><\/div><div class='gallery-item item gallery-item-position-6 gallery-item-attachment-23076' style='width:200px'><div class='gallery-icon landscape'><a href=\"https:\/\/www.infraestruturameioambiente.sp.gov.br\/institutodebotanica\/wp-content\/uploads\/sites\/235\/2019\/11\/img-20191106-wa0017-e1573498890826.jpg\" target=\"_self\"><img src='https:\/\/www.infraestruturameioambiente.sp.gov.br\/institutodebotanica\/wp-content\/uploads\/sites\/235\/2019\/11\/img-20191106-wa0017-200x200.jpg' width='200' height='200' alt='' \/><\/a><\/div><\/div><div class='gallery-item item gallery-item-position-7 gallery-item-attachment-23070' style='width:200px'><div class='gallery-icon landscape'><a href=\"https:\/\/www.infraestruturameioambiente.sp.gov.br\/institutodebotanica\/wp-content\/uploads\/sites\/235\/2019\/11\/24347b71-6c71-47e5-8c9f-4d8687e26c57-e1573498994877.jpg\" target=\"_self\"><img src='https:\/\/www.infraestruturameioambiente.sp.gov.br\/institutodebotanica\/wp-content\/uploads\/sites\/235\/2019\/11\/24347b71-6c71-47e5-8c9f-4d8687e26c57-200x200.jpg' width='200' height='200' alt='' \/><\/a><\/div><\/div><div class='gallery-item item gallery-item-position-8 gallery-item-attachment-23074' style='width:200px'><div class='gallery-icon landscape'><a href=\"https:\/\/www.infraestruturameioambiente.sp.gov.br\/institutodebotanica\/wp-content\/uploads\/sites\/235\/2019\/11\/img-20191106-wa0014-e1573498924330.jpg\" target=\"_self\"><img src='https:\/\/www.infraestruturameioambiente.sp.gov.br\/institutodebotanica\/wp-content\/uploads\/sites\/235\/2019\/11\/img-20191106-wa0014-200x200.jpg' width='200' height='200' alt='' \/><\/a><\/div><\/div><div class='gallery-item item gallery-item-position-9 gallery-item-attachment-23075' style='width:200px'><div class='gallery-icon portrait'><a href=\"https:\/\/www.infraestruturameioambiente.sp.gov.br\/institutodebotanica\/wp-content\/uploads\/sites\/235\/2019\/11\/img-20191106-wa0015-e1573498909957.jpg\" target=\"_self\"><img src='https:\/\/www.infraestruturameioambiente.sp.gov.br\/institutodebotanica\/wp-content\/uploads\/sites\/235\/2019\/11\/img-20191106-wa0015-200x200.jpg' width='200' height='200' alt='' \/><\/a><\/div><\/div><div class='gallery-item item gallery-item-position-10 gallery-item-attachment-23063' style='width:200px'><div class='gallery-icon landscape'><a href=\"https:\/\/www.infraestruturameioambiente.sp.gov.br\/institutodebotanica\/wp-content\/uploads\/sites\/235\/2019\/11\/img-20191106-wa0010-e1573050385749.jpg\" target=\"_self\"><img src='https:\/\/www.infraestruturameioambiente.sp.gov.br\/institutodebotanica\/wp-content\/uploads\/sites\/235\/2019\/11\/img-20191106-wa0010-200x200.jpg' width='200' height='200' alt='' \/><\/a><\/div><\/div><div class='gallery-item item gallery-item-position-11 gallery-item-attachment-23072' style='width:200px'><div class='gallery-icon landscape'><a href=\"https:\/\/www.infraestruturameioambiente.sp.gov.br\/institutodebotanica\/wp-content\/uploads\/sites\/235\/2019\/11\/img-20191106-wa0009-e1573498960815.jpg\" target=\"_self\"><img src='https:\/\/www.infraestruturameioambiente.sp.gov.br\/institutodebotanica\/wp-content\/uploads\/sites\/235\/2019\/11\/img-20191106-wa0009-200x200.jpg' width='200' height='200' alt='' \/><\/a><\/div><\/div><div class='gallery-item item gallery-item-position-12 gallery-item-attachment-23073' style='width:200px'><div class='gallery-icon landscape'><a href=\"https:\/\/www.infraestruturameioambiente.sp.gov.br\/institutodebotanica\/wp-content\/uploads\/sites\/235\/2019\/11\/img-20191106-wa0012-e1573498944693.jpg\" target=\"_self\"><img src='https:\/\/www.infraestruturameioambiente.sp.gov.br\/institutodebotanica\/wp-content\/uploads\/sites\/235\/2019\/11\/img-20191106-wa0012-200x200.jpg' width='200' height='200' alt='' \/><\/a><\/div><\/div><div class='gallery-item item gallery-item-position-13 gallery-item-attachment-23082' style='width:200px'><div class='gallery-icon landscape'><a href=\"https:\/\/www.infraestruturameioambiente.sp.gov.br\/institutodebotanica\/wp-content\/uploads\/sites\/235\/2019\/11\/img-20191106-wa0024-e1573498808296.jpg\" target=\"_self\"><img src='https:\/\/www.infraestruturameioambiente.sp.gov.br\/institutodebotanica\/wp-content\/uploads\/sites\/235\/2019\/11\/img-20191106-wa0024-200x200.jpg' width='200' height='200' alt='' \/><\/a><\/div><\/div><div class='gallery-item item gallery-item-position-14 gallery-item-attachment-23084' style='width:200px'><div class='gallery-icon portrait'><a href=\"https:\/\/www.infraestruturameioambiente.sp.gov.br\/institutodebotanica\/wp-content\/uploads\/sites\/235\/2019\/11\/img-20191106-wa0026-e1573498776354.jpg\" target=\"_self\"><img src='https:\/\/www.infraestruturameioambiente.sp.gov.br\/institutodebotanica\/wp-content\/uploads\/sites\/235\/2019\/11\/img-20191106-wa0026-200x200.jpg' width='200' height='200' alt='' \/><\/a><\/div><\/div><div class='gallery-item item gallery-item-position-15 gallery-item-attachment-23083' style='width:200px'><div class='gallery-icon landscape'><a href=\"https:\/\/www.infraestruturameioambiente.sp.gov.br\/institutodebotanica\/wp-content\/uploads\/sites\/235\/2019\/11\/img-20191106-wa0025-e1573498792944.jpg\" target=\"_self\"><img src='https:\/\/www.infraestruturameioambiente.sp.gov.br\/institutodebotanica\/wp-content\/uploads\/sites\/235\/2019\/11\/img-20191106-wa0025-200x200.jpg' width='200' height='200' alt='' \/><\/a><\/div><\/div><\/div><\/div>\n<\/div>\n<p><strong>&#8211; VII Simp\u00f3sio de Restaura\u00e7\u00e3o Ecol\u00f3gica de 2017<\/strong><\/p>\n<div class=\"wc-gallery\"><div class='gallery wc-gallery-captions-onhover gallery-link-file wcowlautowidth wcowlcarousel wc-gallery-bottomspace-default wc-gallery-clear'><div id='gallery-2' class='owl-carousel' data-gutter-width='5' data-columns='1' data-hide-controls='false'><div class='gallery-item item gallery-item-position-1 gallery-item-attachment-16301' style='width:150px'><div class='gallery-icon landscape'><a href=\"https:\/\/www.infraestruturameioambiente.sp.gov.br\/institutodebotanica\/wp-content\/uploads\/sites\/235\/2013\/12\/7Foto_Cerad-20.jpg\" target=\"_self\"><img src='https:\/\/www.infraestruturameioambiente.sp.gov.br\/institutodebotanica\/wp-content\/uploads\/sites\/235\/2013\/12\/7Foto_Cerad-20-150x150.jpg' width='150' height='150' alt='' \/><\/a><\/div><\/div><div class='gallery-item item gallery-item-position-2 gallery-item-attachment-16314' style='width:150px'><div class='gallery-icon landscape'><a href=\"https:\/\/www.infraestruturameioambiente.sp.gov.br\/institutodebotanica\/wp-content\/uploads\/sites\/235\/2013\/12\/20Foto_Cerad-19.jpg\" target=\"_self\"><img src='https:\/\/www.infraestruturameioambiente.sp.gov.br\/institutodebotanica\/wp-content\/uploads\/sites\/235\/2013\/12\/20Foto_Cerad-19-150x150.jpg' width='150' height='150' alt='' \/><\/a><\/div><\/div><div class='gallery-item item gallery-item-position-3 gallery-item-attachment-16295' style='width:150px'><div class='gallery-icon landscape'><a href=\"https:\/\/www.infraestruturameioambiente.sp.gov.br\/institutodebotanica\/wp-content\/uploads\/sites\/235\/2013\/12\/1Foto-_Cerad-6.jpg\" target=\"_self\"><img src='https:\/\/www.infraestruturameioambiente.sp.gov.br\/institutodebotanica\/wp-content\/uploads\/sites\/235\/2013\/12\/1Foto-_Cerad-6-150x150.jpg' width='150' height='150' alt='' \/><\/a><\/div><\/div><div class='gallery-item item gallery-item-position-4 gallery-item-attachment-16297' style='width:150px'><div class='gallery-icon landscape'><a href=\"https:\/\/www.infraestruturameioambiente.sp.gov.br\/institutodebotanica\/wp-content\/uploads\/sites\/235\/2013\/12\/3Foto-_Cerad-7.jpg\" target=\"_self\"><img src='https:\/\/www.infraestruturameioambiente.sp.gov.br\/institutodebotanica\/wp-content\/uploads\/sites\/235\/2013\/12\/3Foto-_Cerad-7-150x150.jpg' width='150' height='150' alt='' \/><\/a><\/div><\/div><div class='gallery-item item gallery-item-position-5 gallery-item-attachment-16303' style='width:150px'><div class='gallery-icon portrait'><a href=\"https:\/\/www.infraestruturameioambiente.sp.gov.br\/institutodebotanica\/wp-content\/uploads\/sites\/235\/2013\/12\/9Foto_Cerad-3.jpg\" target=\"_self\"><img src='https:\/\/www.infraestruturameioambiente.sp.gov.br\/institutodebotanica\/wp-content\/uploads\/sites\/235\/2013\/12\/9Foto_Cerad-3-150x150.jpg' width='150' height='150' alt='' \/><\/a><\/div><\/div><div class='gallery-item item gallery-item-position-6 gallery-item-attachment-21271' style='width:150px'><div class='gallery-icon portrait'><a href=\"https:\/\/www.infraestruturameioambiente.sp.gov.br\/institutodebotanica\/wp-content\/uploads\/sites\/235\/2013\/10\/convite-lancamento-da-lista-de-especies-VII-SRE-2017-3-e1510580873777.jpg\" target=\"_self\"><img src='https:\/\/www.infraestruturameioambiente.sp.gov.br\/institutodebotanica\/wp-content\/uploads\/sites\/235\/2013\/10\/convite-lancamento-da-lista-de-especies-VII-SRE-2017-3-150x150.jpg' width='150' height='150' alt='' \/><\/a><\/div><\/div><div class='gallery-item item gallery-item-position-7 gallery-item-attachment-21269' style='width:150px'><div class='gallery-icon landscape'><a href=\"https:\/\/www.infraestruturameioambiente.sp.gov.br\/institutodebotanica\/wp-content\/uploads\/sites\/235\/2013\/10\/DSC_0394-e1510580714497.jpg\" target=\"_self\"><img src='https:\/\/www.infraestruturameioambiente.sp.gov.br\/institutodebotanica\/wp-content\/uploads\/sites\/235\/2013\/10\/DSC_0394-150x150.jpg' width='150' height='150' alt='' \/><\/a><\/div><\/div><div class='gallery-item item gallery-item-position-8 gallery-item-attachment-21268' style='width:150px'><div class='gallery-icon landscape'><a href=\"https:\/\/www.infraestruturameioambiente.sp.gov.br\/institutodebotanica\/wp-content\/uploads\/sites\/235\/2013\/10\/DSC_0366-e1510580726500.jpg\" target=\"_self\"><img src='https:\/\/www.infraestruturameioambiente.sp.gov.br\/institutodebotanica\/wp-content\/uploads\/sites\/235\/2013\/10\/DSC_0366-150x150.jpg' width='150' height='150' alt='' \/><\/a><\/div><\/div><div class='gallery-item item gallery-item-position-9 gallery-item-attachment-21267' style='width:150px'><div class='gallery-icon landscape'><a href=\"https:\/\/www.infraestruturameioambiente.sp.gov.br\/institutodebotanica\/wp-content\/uploads\/sites\/235\/2013\/10\/DSC_0339-e1510580632368.jpg\" target=\"_self\"><img src='https:\/\/www.infraestruturameioambiente.sp.gov.br\/institutodebotanica\/wp-content\/uploads\/sites\/235\/2013\/10\/DSC_0339-150x150.jpg' width='150' height='150' alt='' \/><\/a><\/div><\/div><div class='gallery-item item gallery-item-position-10 gallery-item-attachment-21266' style='width:150px'><div class='gallery-icon landscape'><a href=\"https:\/\/www.infraestruturameioambiente.sp.gov.br\/institutodebotanica\/wp-content\/uploads\/sites\/235\/2013\/10\/DSC_0304-e1510580645708.jpg\" target=\"_self\"><img src='https:\/\/www.infraestruturameioambiente.sp.gov.br\/institutodebotanica\/wp-content\/uploads\/sites\/235\/2013\/10\/DSC_0304-150x150.jpg' width='150' height='150' alt='' \/><\/a><\/div><\/div><div class='gallery-item item gallery-item-position-11 gallery-item-attachment-21265' style='width:150px'><div class='gallery-icon landscape'><a href=\"https:\/\/www.infraestruturameioambiente.sp.gov.br\/institutodebotanica\/wp-content\/uploads\/sites\/235\/2013\/10\/DSC_0296-e1510580452502.jpg\" target=\"_self\"><img src='https:\/\/www.infraestruturameioambiente.sp.gov.br\/institutodebotanica\/wp-content\/uploads\/sites\/235\/2013\/10\/DSC_0296-150x150.jpg' width='150' height='150' alt='' \/><\/a><\/div><\/div><div class='gallery-item item gallery-item-position-12 gallery-item-attachment-21264' style='width:150px'><div class='gallery-icon landscape'><a href=\"https:\/\/www.infraestruturameioambiente.sp.gov.br\/institutodebotanica\/wp-content\/uploads\/sites\/235\/2013\/10\/DSC_0284-e1510580440700.jpg\" target=\"_self\"><img src='https:\/\/www.infraestruturameioambiente.sp.gov.br\/institutodebotanica\/wp-content\/uploads\/sites\/235\/2013\/10\/DSC_0284-150x150.jpg' width='150' height='150' alt='' \/><\/a><\/div><\/div><div class='gallery-item item gallery-item-position-13 gallery-item-attachment-21263' style='width:150px'><div class='gallery-icon landscape'><a href=\"https:\/\/www.infraestruturameioambiente.sp.gov.br\/institutodebotanica\/wp-content\/uploads\/sites\/235\/2013\/10\/DSC_0280-e1510580429418.jpg\" target=\"_self\"><img src='https:\/\/www.infraestruturameioambiente.sp.gov.br\/institutodebotanica\/wp-content\/uploads\/sites\/235\/2013\/10\/DSC_0280-150x150.jpg' width='150' height='150' alt='' \/><\/a><\/div><\/div><div class='gallery-item item gallery-item-position-14 gallery-item-attachment-21262' style='width:150px'><div class='gallery-icon landscape'><a href=\"https:\/\/www.infraestruturameioambiente.sp.gov.br\/institutodebotanica\/wp-content\/uploads\/sites\/235\/2013\/10\/DSC_0279-e1510580417351.jpg\" target=\"_self\"><img src='https:\/\/www.infraestruturameioambiente.sp.gov.br\/institutodebotanica\/wp-content\/uploads\/sites\/235\/2013\/10\/DSC_0279-150x150.jpg' width='150' height='150' alt='' \/><\/a><\/div><\/div><div class='gallery-item item gallery-item-position-15 gallery-item-attachment-21261' style='width:150px'><div class='gallery-icon portrait'><a href=\"https:\/\/www.infraestruturameioambiente.sp.gov.br\/institutodebotanica\/wp-content\/uploads\/sites\/235\/2013\/10\/DSC_0275-e1510580403588.jpg\" target=\"_self\"><img src='https:\/\/www.infraestruturameioambiente.sp.gov.br\/institutodebotanica\/wp-content\/uploads\/sites\/235\/2013\/10\/DSC_0275-150x150.jpg' width='150' height='150' alt='' \/><\/a><\/div><\/div><\/div><\/div>\n<\/div>\n<p style=\"text-align: justify\">Participando do processo hist\u00f3rico de eventos cient\u00edficos na \u00e1rea da restaura\u00e7\u00e3o ecol\u00f3gica, o Instituto de Bot\u00e2nica organizou e realizou o 1\u00ba Simp\u00f3sio sobre Mata Ciliar, em abril de 1989. Desde ent\u00e3o, foram realizados mais de 20 eventos com a comunidade cient\u00edfica, al\u00e9m de muitos cursos de capacita\u00e7\u00e3o, abrangendo v\u00e1rios aspectos da restaura\u00e7\u00e3o ecol\u00f3gica de \u00e1reas degradadas. Estes eventos t\u00eam como principal objetivo promover a atualiza\u00e7\u00e3o e a troca de experi\u00eancias sobre restaura\u00e7\u00e3o ecol\u00f3gica, nos \u00e2mbitos nacional e internacional.<br \/>\nAl\u00e9m disso, orienta alunos e oferece, para cursos de p\u00f3s-gradua\u00e7\u00e3o, disciplinas espec\u00edficas sobre o tema, como \u201cPrinc\u00edpios, Ferramentas e A\u00e7\u00f5es para a Restaura\u00e7\u00e3o Ecol\u00f3gica de \u00c1reas Degradadas\u201d e \u201cBiologia de Sementes de Esp\u00e9cies Tropicais\u201d. Com corpo t\u00e9cnico de excel\u00eancia , participa ativamente na composi\u00e7\u00e3o de bancas examinadoras de p\u00f3s-gradua\u00e7\u00e3o e palestras em eventos cient\u00edficos.<\/p>\n<ul>\n<li><a href=\"https:\/\/www.infraestruturameioambiente.sp.gov.br\/institutodebotanica\/wp-content\/uploads\/sites\/235\/2019\/11\/anais_viii_simposio-de-restauracao-2019.pdf\" target=\"_blank\" rel=\"noopener noreferrer\">Palestras e Anais do VIII SIMP\u00d3SIO DE RESTAURA\u00c7\u00c3O ECOL\u00d3GICA &#8211; 2019<\/a><\/li>\n<li><a href=\"https:\/\/www.infraestruturameioambiente.sp.gov.br\/institutodebotanica\/palestras-e-anais-do-vii-simposio-de-restauracao-ecologica-2017\/\" target=\"_blank\" rel=\"noopener noreferrer\">Palestras e Anais do VII SIMP\u00d3SIO DE RESTAURA\u00c7\u00c3O ECOL\u00d3GICA &#8211; 2017<\/a><\/li>\n<li><a href=\"https:\/\/www.infraestruturameioambiente.sp.gov.br\/institutodebotanica\/?p=18717\" target=\"_blank\" rel=\"noopener noreferrer\">Palestras e Anais do VI SIMP\u00d3SIO DE RESTAURA\u00c7\u00c3O ECOL\u00d3GICA &#8211; 2015<\/a><\/li>\n<li><a href=\"https:\/\/www.infraestruturameioambiente.sp.gov.br\/institutodebotanica\/destaque-home-ibot\/palestras-do-v-simposio-de-restauracao-ecologica\/\" target=\"_blank\" rel=\"noopener noreferrer\">Palestras e Anais do V SIMP\u00d3SIO DE RESTAURA\u00c7\u00c3O ECOL\u00d3GICA &#8211; 2013<\/a><\/li>\n<\/ul>\n","protected":false},"excerpt":{"rendered":"<p>&#8211; VIII Simp\u00f3sio de Restaura\u00e7\u00e3o Ecol\u00f3gica de 2019 &#8211; VII Simp\u00f3sio de Restaura\u00e7\u00e3o Ecol\u00f3gica de 2017 Participando do processo hist\u00f3rico de eventos cient\u00edficos na \u00e1rea da restaura\u00e7\u00e3o ecol\u00f3gica, o Instituto de Bot\u00e2nica organizou e realizou o 1\u00ba Simp\u00f3sio sobre Mata Ciliar, em abril de 1989. Desde ent\u00e3o, foram realizados mais de 20 eventos com a [&hellip;]<\/p>\n","protected":false},"author":95,"featured_media":0,"parent":15874,"menu_order":3,"comment_status":"closed","ping_status":"closed","template":"","meta":[],"_links":{"self":[{"href":"https:\/\/www.infraestruturameioambiente.sp.gov.br\/institutodebotanica\/wp-json\/wp\/v2\/pages\/15890"}],"collection":[{"href":"https:\/\/www.infraestruturameioambiente.sp.gov.br\/institutodebotanica\/wp-json\/wp\/v2\/pages"}],"about":[{"href":"https:\/\/www.infraestruturameioambiente.sp.gov.br\/institutodebotanica\/wp-json\/wp\/v2\/types\/page"}],"author":[{"embeddable":true,"href":"https:\/\/www.infraestruturameioambiente.sp.gov.br\/institutodebotanica\/wp-json\/wp\/v2\/users\/95"}],"replies":[{"embeddable":true,"href":"https:\/\/www.infraestruturameioambiente.sp.gov.br\/institutodebotanica\/wp-json\/wp\/v2\/comments?post=15890"}],"version-history":[{"count":25,"href":"https:\/\/www.infraestruturameioambiente.sp.gov.br\/institutodebotanica\/wp-json\/wp\/v2\/pages\/15890\/revisions"}],"predecessor-version":[{"id":23126,"href":"https:\/\/www.infraestruturameioambiente.sp.gov.br\/institutodebotanica\/wp-json\/wp\/v2\/pages\/15890\/revisions\/23126"}],"up":[{"embeddable":true,"href":"https:\/\/www.infraestruturameioambiente.sp.gov.br\/institutodebotanica\/wp-json\/wp\/v2\/pages\/15874"}],"wp:attachment":[{"href":"https:\/\/www.infraestruturameioambiente.sp.gov.br\/institutodebotanica\/wp-json\/wp\/v2\/media?parent=15890"}],"curies":[{"name":"wp","href":"https:\/\/api.w.org\/{rel}","templated":true}]}}