{"id":15886,"date":"2013-10-02T14:27:54","date_gmt":"2013-10-02T17:27:54","guid":{"rendered":"https:\/\/www.infraestruturameioambiente.sp.gov.br\/institutodebotanica\/?page_id=15886"},"modified":"2013-12-13T12:08:56","modified_gmt":"2013-12-13T14:08:56","slug":"cerad-laboratorio-de-geoprocessamento","status":"publish","type":"page","link":"https:\/\/www.infraestruturameioambiente.sp.gov.br\/institutodebotanica\/cerad\/cerad-laboratorio-de-geoprocessamento\/","title":{"rendered":"CERAD &#8211; Laborat\u00f3rio de Geoprocessamento"},"content":{"rendered":"<div class=\"wc-gallery\"><div id='gallery-1' data-gutter-width='5' data-columns='1' class='gallery wc-gallery-captions-onhover gallery-link-file gallery-masonry galleryid-15886 gallery-columns-1 gallery-size-thumbnail wc-gallery-bottomspace-default wc-gallery-clear'><div class='gallery-item gallery-item-position-1 gallery-item-attachment-16304'>\n\t\t\t\t<div class='gallery-icon landscape'>\n\t\t\t\t\t<a href='https:\/\/www.infraestruturameioambiente.sp.gov.br\/institutodebotanica\/wp-content\/uploads\/sites\/235\/2013\/12\/10Foto_Cerad-4-600x600.jpg' title='' target='_self'><img width=\"150\" height=\"150\" src=\"https:\/\/www.infraestruturameioambiente.sp.gov.br\/institutodebotanica\/wp-content\/uploads\/sites\/235\/2013\/12\/10Foto_Cerad-4-150x150.jpg\" class=\"attachment-thumbnail size-thumbnail\" alt=\"\" decoding=\"async\" loading=\"lazy\" srcset=\"https:\/\/www.infraestruturameioambiente.sp.gov.br\/institutodebotanica\/wp-content\/uploads\/sites\/235\/2013\/12\/10Foto_Cerad-4-150x150.jpg 150w, https:\/\/www.infraestruturameioambiente.sp.gov.br\/institutodebotanica\/wp-content\/uploads\/sites\/235\/2013\/12\/10Foto_Cerad-4-600x600.jpg 600w\" sizes=\"(max-width: 150px) 100vw, 150px\" \/><\/a>\n\t\t\t\t<\/div><\/div><div class='gallery-item gallery-item-position-2 gallery-item-attachment-16305'>\n\t\t\t\t<div class='gallery-icon landscape'>\n\t\t\t\t\t<a href='https:\/\/www.infraestruturameioambiente.sp.gov.br\/institutodebotanica\/wp-content\/uploads\/sites\/235\/2013\/12\/11Foto_Cerad-5-600x560.jpg' title='' target='_self'><img width=\"150\" height=\"150\" src=\"https:\/\/www.infraestruturameioambiente.sp.gov.br\/institutodebotanica\/wp-content\/uploads\/sites\/235\/2013\/12\/11Foto_Cerad-5-150x150.jpg\" class=\"attachment-thumbnail size-thumbnail\" alt=\"\" decoding=\"async\" loading=\"lazy\" \/><\/a>\n\t\t\t\t<\/div><\/div><div class='gallery-item gallery-item-position-3 gallery-item-attachment-16302'>\n\t\t\t\t<div class='gallery-icon landscape'>\n\t\t\t\t\t<a href='https:\/\/www.infraestruturameioambiente.sp.gov.br\/institutodebotanica\/wp-content\/uploads\/sites\/235\/2013\/12\/8Foto_Cerad-1-600x600.jpg' title='' target='_self'><img width=\"150\" height=\"150\" src=\"https:\/\/www.infraestruturameioambiente.sp.gov.br\/institutodebotanica\/wp-content\/uploads\/sites\/235\/2013\/12\/8Foto_Cerad-1-150x150.jpg\" class=\"attachment-thumbnail size-thumbnail\" alt=\"\" decoding=\"async\" loading=\"lazy\" srcset=\"https:\/\/www.infraestruturameioambiente.sp.gov.br\/institutodebotanica\/wp-content\/uploads\/sites\/235\/2013\/12\/8Foto_Cerad-1-150x150.jpg 150w, https:\/\/www.infraestruturameioambiente.sp.gov.br\/institutodebotanica\/wp-content\/uploads\/sites\/235\/2013\/12\/8Foto_Cerad-1-600x600.jpg 600w\" sizes=\"(max-width: 150px) 100vw, 150px\" \/><\/a>\n\t\t\t\t<\/div><\/div><\/div>\n<\/div>\n<p style=\"text-align: justify\">Acompanhando a evolu\u00e7\u00e3o nos procedimentos investigativos e de divulga\u00e7\u00e3o de dados, especialmente informa\u00e7\u00f5es espaciais georreferenciadas, o Instituto de Bot\u00e2nica adquiriu uma s\u00e9rie de equipamentos de alta tecnologia e inaugurou, no dia 01 de abril de 2011, o Laborat\u00f3rio de Geoprocessamento (LabGeo) do CERAD. A iniciativa procura destacar a potencialidade deste laborat\u00f3rio, que permite a execu\u00e7\u00e3o de tarefas em todas as \u00e1reas de pesquisa e atua\u00e7\u00e3o do instituto, em especial aquelas relacionadas \u00e0 restaura\u00e7\u00e3o ecol\u00f3gica de \u00e1reas degradadas, envolvendo projetos com impactos ambientais, como o trecho sul do Rodoanel M\u00e1rio Covas, a manipula\u00e7\u00e3o e produ\u00e7\u00e3o de dados geogr\u00e1ficos das unidades de conserva\u00e7\u00e3o sob sua responsabilidade, monitoramento e avalia\u00e7\u00e3o de \u00e1reas em processo de restaura\u00e7\u00e3o, dados sobre a produ\u00e7\u00e3o de sementes e mudas no estado de S\u00e3o Paulo e outros estudos.<\/p>\n","protected":false},"excerpt":{"rendered":"<p>Acompanhando a evolu\u00e7\u00e3o nos procedimentos investigativos e de divulga\u00e7\u00e3o de dados, especialmente informa\u00e7\u00f5es espaciais georreferenciadas, o Instituto de Bot\u00e2nica adquiriu uma s\u00e9rie de equipamentos de alta tecnologia e inaugurou, no dia 01 de abril de 2011, o Laborat\u00f3rio de Geoprocessamento (LabGeo) do CERAD. A iniciativa procura destacar a potencialidade deste laborat\u00f3rio, que permite a execu\u00e7\u00e3o [&hellip;]<\/p>\n","protected":false},"author":39,"featured_media":0,"parent":15874,"menu_order":2,"comment_status":"closed","ping_status":"closed","template":"","meta":[],"_links":{"self":[{"href":"https:\/\/www.infraestruturameioambiente.sp.gov.br\/institutodebotanica\/wp-json\/wp\/v2\/pages\/15886"}],"collection":[{"href":"https:\/\/www.infraestruturameioambiente.sp.gov.br\/institutodebotanica\/wp-json\/wp\/v2\/pages"}],"about":[{"href":"https:\/\/www.infraestruturameioambiente.sp.gov.br\/institutodebotanica\/wp-json\/wp\/v2\/types\/page"}],"author":[{"embeddable":true,"href":"https:\/\/www.infraestruturameioambiente.sp.gov.br\/institutodebotanica\/wp-json\/wp\/v2\/users\/39"}],"replies":[{"embeddable":true,"href":"https:\/\/www.infraestruturameioambiente.sp.gov.br\/institutodebotanica\/wp-json\/wp\/v2\/comments?post=15886"}],"version-history":[{"count":3,"href":"https:\/\/www.infraestruturameioambiente.sp.gov.br\/institutodebotanica\/wp-json\/wp\/v2\/pages\/15886\/revisions"}],"predecessor-version":[{"id":16323,"href":"https:\/\/www.infraestruturameioambiente.sp.gov.br\/institutodebotanica\/wp-json\/wp\/v2\/pages\/15886\/revisions\/16323"}],"up":[{"embeddable":true,"href":"https:\/\/www.infraestruturameioambiente.sp.gov.br\/institutodebotanica\/wp-json\/wp\/v2\/pages\/15874"}],"wp:attachment":[{"href":"https:\/\/www.infraestruturameioambiente.sp.gov.br\/institutodebotanica\/wp-json\/wp\/v2\/media?parent=15886"}],"curies":[{"name":"wp","href":"https:\/\/api.w.org\/{rel}","templated":true}]}}